{"id":8337,"date":"2020-10-05T23:12:54","date_gmt":"2020-10-05T21:12:54","guid":{"rendered":"https:\/\/borserini.com\/product\/self-cleaning-filters-the-gap-type-filters-1\/"},"modified":"2023-09-12T21:47:38","modified_gmt":"2023-09-12T19:47:38","slug":"self-cleaning-filters-the-gap-type-filters-1","status":"publish","type":"product","link":"https:\/\/borserini.com\/it\/prodotto\/self-cleaning-filters-the-gap-type-filters-1\/","title":{"rendered":"Filtri autopulenti: i filtri di tipo Gap-1"},"content":{"rendered":"","protected":false},"excerpt":{"rendered":"<p><img fetchpriority=\"high\" decoding=\"async\" class=\"\" src=\"\/wp-content\/uploads\/varie2\/VARIOUS IMAGES\/LUID_TECHNOLOGY2.jpg\" alt=\"\" width=\"751\" height=\"192\" \/><\/p>\n<h1>FILTRO DI TIPO GAP<br \/>\nCollaudato mille volte e un vero classico<\/h1>\n<p>I filtri del tipo Plate Gap, Tube Gap e Wire Gap sono progettati per la filtrazione di fluidi ad alta e bassa viscosit\u00e0 fortemente contaminati come carburante, oli lubrificanti, vernici, poliolo, isocianato, lubrificanti di raffreddamento, ecc. Sono autopulenti e sono noti da decenni per essere estremamente affidabili e di facile utilizzo e manutenzione.<\/p>\n<p>Possono essere utilizzati in diversi campi come:<\/p>\n<ul>\n<li>Macchine a vapore e motori idromotori<br \/>\nPompe<br \/>\nSistemi idraulici<br \/>\nMacchine utensili<br \/>\nRiduttori<br \/>\nMotori a combustione di medie e grandi dimensioni<br \/>\nIndustria alimentare<br \/>\nDepurazione di acque e liquidi per processi chimici, industriali, ecc.<\/li>\n<\/ul>\n<p>I filtri di tipo gap possono essere utilizzati per il flusso completo e parziale.<br \/>\nLa direzione del flusso attraverso gli inserti filtranti \u00e8 dall&#8217;esterno verso l&#8217;interno.<br \/>\nLa finezza della filtrazione \u00e8 definita dall&#8217;ampiezza dello spazio.<br \/>\nSu richiesta, l&#8217;alloggiamento del filtro pu\u00f2 essere disponibile in acciaio, ghisa, alluminio e altri materiali.<\/p>\n<p>&nbsp;<\/p>\n<hr \/>\n<p><a href=\"https:\/\/borserini.com\/wp-content\/uploads\/Gap-Type-Applications_4210x2977-scaled.jpg\"><img decoding=\"async\" class=\"alignnone wp-image-3846\" src=\"https:\/\/borserini.com\/wp-content\/uploads\/Gap-Type-Applications_4210x2977-scaled.jpg\" alt=\"\" width=\"750\" height=\"530\" srcset=\"https:\/\/borserini.com\/wp-content\/uploads\/Gap-Type-Applications_4210x2977-scaled.jpg 2560w, https:\/\/borserini.com\/wp-content\/uploads\/Gap-Type-Applications_4210x2977-300x212.jpg 300w, https:\/\/borserini.com\/wp-content\/uploads\/Gap-Type-Applications_4210x2977-1024x724.jpg 1024w, https:\/\/borserini.com\/wp-content\/uploads\/Gap-Type-Applications_4210x2977-768x543.jpg 768w, https:\/\/borserini.com\/wp-content\/uploads\/Gap-Type-Applications_4210x2977-1536x1086.jpg 1536w, https:\/\/borserini.com\/wp-content\/uploads\/Gap-Type-Applications_4210x2977-2048x1448.jpg 2048w, https:\/\/borserini.com\/wp-content\/uploads\/Gap-Type-Applications_4210x2977-600x424.jpg 600w\" sizes=\"(max-width: 750px) 100vw, 750px\" \/><\/a><\/p>\n<p>&nbsp;<\/p>\n<hr \/>\n<h2>Diversi modelli di filtri di tipo Gap<br \/>\nTipo con intervallo di piastre<\/h2>\n<p><a href=\"https:\/\/borserini.com\/wp-content\/uploads\/Pagine-da-Flufi-catalogue_GAP_Type_en_3_Plate_1989x927.png\"><img decoding=\"async\" class=\"alignnone wp-image-3848\" src=\"https:\/\/borserini.com\/wp-content\/uploads\/Pagine-da-Flufi-catalogue_GAP_Type_en_3_Plate_1989x927.png\" alt=\"\" width=\"750\" height=\"350\" srcset=\"https:\/\/borserini.com\/wp-content\/uploads\/Pagine-da-Flufi-catalogue_GAP_Type_en_3_Plate_1989x927.png 1989w, https:\/\/borserini.com\/wp-content\/uploads\/Pagine-da-Flufi-catalogue_GAP_Type_en_3_Plate_1989x927-300x140.png 300w, https:\/\/borserini.com\/wp-content\/uploads\/Pagine-da-Flufi-catalogue_GAP_Type_en_3_Plate_1989x927-1024x477.png 1024w, https:\/\/borserini.com\/wp-content\/uploads\/Pagine-da-Flufi-catalogue_GAP_Type_en_3_Plate_1989x927-768x358.png 768w, https:\/\/borserini.com\/wp-content\/uploads\/Pagine-da-Flufi-catalogue_GAP_Type_en_3_Plate_1989x927-1536x716.png 1536w, https:\/\/borserini.com\/wp-content\/uploads\/Pagine-da-Flufi-catalogue_GAP_Type_en_3_Plate_1989x927-600x280.png 600w\" sizes=\"(max-width: 750px) 100vw, 750px\" \/><\/a><\/p>\n<hr \/>\n<h3>Tipo con interstizio tra tubi<\/h3>\n<p><a href=\"https:\/\/borserini.com\/wp-content\/uploads\/Pagine-da-Flufi-catalogue_GAP_Type_en_3_TUBE_2467x1028.jpg\"><img loading=\"lazy\" decoding=\"async\" class=\"wp-image-3849\" src=\"https:\/\/borserini.com\/wp-content\/uploads\/Pagine-da-Flufi-catalogue_GAP_Type_en_3_TUBE_2467x1028.jpg\" alt=\"\" width=\"750\" height=\"313\" srcset=\"https:\/\/borserini.com\/wp-content\/uploads\/Pagine-da-Flufi-catalogue_GAP_Type_en_3_TUBE_2467x1028.jpg 2467w, https:\/\/borserini.com\/wp-content\/uploads\/Pagine-da-Flufi-catalogue_GAP_Type_en_3_TUBE_2467x1028-300x125.jpg 300w, https:\/\/borserini.com\/wp-content\/uploads\/Pagine-da-Flufi-catalogue_GAP_Type_en_3_TUBE_2467x1028-1024x427.jpg 1024w, https:\/\/borserini.com\/wp-content\/uploads\/Pagine-da-Flufi-catalogue_GAP_Type_en_3_TUBE_2467x1028-768x320.jpg 768w, https:\/\/borserini.com\/wp-content\/uploads\/Pagine-da-Flufi-catalogue_GAP_Type_en_3_TUBE_2467x1028-1536x640.jpg 1536w, https:\/\/borserini.com\/wp-content\/uploads\/Pagine-da-Flufi-catalogue_GAP_Type_en_3_TUBE_2467x1028-2048x853.jpg 2048w, https:\/\/borserini.com\/wp-content\/uploads\/Pagine-da-Flufi-catalogue_GAP_Type_en_3_TUBE_2467x1028-600x250.jpg 600w\" sizes=\"(max-width: 750px) 100vw, 750px\" \/><\/a><\/p>\n<hr \/>\n<h3>Tipo con intervallo di filo<\/h3>\n<p><a href=\"https:\/\/borserini.com\/wp-content\/uploads\/Pagine-da-Flufi-catalogue_GAP_Type_en_3_Wire_2452x1119.jpg\"><img loading=\"lazy\" decoding=\"async\" class=\"wp-image-3850\" src=\"https:\/\/borserini.com\/wp-content\/uploads\/Pagine-da-Flufi-catalogue_GAP_Type_en_3_Wire_2452x1119.jpg\" alt=\"\" width=\"750\" height=\"342\" srcset=\"https:\/\/borserini.com\/wp-content\/uploads\/Pagine-da-Flufi-catalogue_GAP_Type_en_3_Wire_2452x1119.jpg 2452w, https:\/\/borserini.com\/wp-content\/uploads\/Pagine-da-Flufi-catalogue_GAP_Type_en_3_Wire_2452x1119-300x137.jpg 300w, https:\/\/borserini.com\/wp-content\/uploads\/Pagine-da-Flufi-catalogue_GAP_Type_en_3_Wire_2452x1119-1024x467.jpg 1024w, https:\/\/borserini.com\/wp-content\/uploads\/Pagine-da-Flufi-catalogue_GAP_Type_en_3_Wire_2452x1119-768x350.jpg 768w, https:\/\/borserini.com\/wp-content\/uploads\/Pagine-da-Flufi-catalogue_GAP_Type_en_3_Wire_2452x1119-1536x701.jpg 1536w, https:\/\/borserini.com\/wp-content\/uploads\/Pagine-da-Flufi-catalogue_GAP_Type_en_3_Wire_2452x1119-2048x935.jpg 2048w, https:\/\/borserini.com\/wp-content\/uploads\/Pagine-da-Flufi-catalogue_GAP_Type_en_3_Wire_2452x1119-600x274.jpg 600w\" sizes=\"(max-width: 750px) 100vw, 750px\" \/><\/a><\/p>\n","protected":false},"featured_media":4746,"template":"","meta":[],"product_brand":[],"product_cat":[856,858],"product_tag":[],"class_list":{"0":"post-8337","1":"product","2":"type-product","3":"status-publish","4":"has-post-thumbnail","6":"product_cat-filtri-automatici","7":"product_cat-filtri-autopulenti-gap-type","9":"first","10":"instock","11":"shipping-taxable","12":"product-type-simple"},"yoast_head":"<!-- This site is optimized with the Yoast SEO plugin v27.3 - https:\/\/yoast.com\/product\/yoast-seo-wordpress\/ -->\n<title>Filtri autopulenti: i filtri di tipo Gap-1 - Borserini<\/title>\n<meta name=\"robots\" content=\"index, follow, max-snippet:-1, max-image-preview:large, max-video-preview:-1\" \/>\n<link rel=\"canonical\" href=\"https:\/\/borserini.com\/it\/prodotto\/self-cleaning-filters-the-gap-type-filters-1\/\" \/>\n<meta property=\"og:locale\" content=\"it_IT\" \/>\n<meta property=\"og:type\" content=\"article\" \/>\n<meta property=\"og:title\" content=\"Filtri autopulenti: i filtri di tipo Gap-1 - Borserini\" \/>\n<meta property=\"og:description\" content=\"FILTRO DI TIPO GAP Collaudato mille volte e un vero classico I filtri del tipo Plate Gap, Tube Gap e Wire Gap sono progettati per la filtrazione di fluidi ad alta e bassa viscosit\u00e0 fortemente contaminati come carburante, oli lubrificanti, vernici, poliolo, isocianato, lubrificanti di raffreddamento, ecc. Sono autopulenti e sono noti da decenni per essere estremamente affidabili e di facile utilizzo e manutenzione.  Possono essere utilizzati in diversi campi come:   Macchine a vapore e motori idromotori Pompe Sistemi idraulici Macchine utensili Riduttori Motori a combustione di medie e grandi dimensioni Industria alimentare Depurazione di acque e liquidi per processi chimici, industriali, ecc.  I filtri di tipo gap possono essere utilizzati per il flusso completo e parziale. La direzione del flusso attraverso gli inserti filtranti \u00e8 dall&#039;esterno verso l&#039;interno. La finezza della filtrazione \u00e8 definita dall&#039;ampiezza dello spazio. Su richiesta, l&#039;alloggiamento del filtro pu\u00f2 essere disponibile in acciaio, ghisa, alluminio e altri materiali.  &nbsp;      &nbsp;    Diversi modelli di filtri di tipo Gap Tipo con intervallo di piastre     Tipo con interstizio tra tubi     Tipo con intervallo di filo\" \/>\n<meta property=\"og:url\" content=\"https:\/\/borserini.com\/it\/prodotto\/self-cleaning-filters-the-gap-type-filters-1\/\" \/>\n<meta property=\"og:site_name\" content=\"Borserini\" \/>\n<meta property=\"article:modified_time\" content=\"2023-09-12T19:47:38+00:00\" \/>\n<meta property=\"og:image\" content=\"https:\/\/borserini.com\/wp-content\/uploads\/fotoprodotti\/6800_APFILTERS_100x100.jpg\" \/>\n\t<meta property=\"og:image:width\" content=\"101\" \/>\n\t<meta property=\"og:image:height\" content=\"101\" \/>\n\t<meta property=\"og:image:type\" content=\"image\/jpeg\" \/>\n<meta name=\"twitter:card\" content=\"summary_large_image\" \/>\n<script type=\"application\/ld+json\" class=\"yoast-schema-graph\">{\"@context\":\"https:\\\/\\\/schema.org\",\"@graph\":[{\"@type\":\"WebPage\",\"@id\":\"https:\\\/\\\/borserini.com\\\/it\\\/prodotto\\\/self-cleaning-filters-the-gap-type-filters-1\\\/\",\"url\":\"https:\\\/\\\/borserini.com\\\/it\\\/prodotto\\\/self-cleaning-filters-the-gap-type-filters-1\\\/\",\"name\":\"Filtri autopulenti: i filtri di tipo Gap-1 - Borserini\",\"isPartOf\":{\"@id\":\"https:\\\/\\\/borserini.com\\\/it\\\/#website\"},\"primaryImageOfPage\":{\"@id\":\"https:\\\/\\\/borserini.com\\\/it\\\/prodotto\\\/self-cleaning-filters-the-gap-type-filters-1\\\/#primaryimage\"},\"image\":{\"@id\":\"https:\\\/\\\/borserini.com\\\/it\\\/prodotto\\\/self-cleaning-filters-the-gap-type-filters-1\\\/#primaryimage\"},\"thumbnailUrl\":\"https:\\\/\\\/borserini.com\\\/wp-content\\\/uploads\\\/fotoprodotti\\\/6800_APFILTERS_100x100.jpg\",\"datePublished\":\"2020-10-05T21:12:54+00:00\",\"dateModified\":\"2023-09-12T19:47:38+00:00\",\"breadcrumb\":{\"@id\":\"https:\\\/\\\/borserini.com\\\/it\\\/prodotto\\\/self-cleaning-filters-the-gap-type-filters-1\\\/#breadcrumb\"},\"inLanguage\":\"it-IT\",\"potentialAction\":[{\"@type\":\"ReadAction\",\"target\":[\"https:\\\/\\\/borserini.com\\\/it\\\/prodotto\\\/self-cleaning-filters-the-gap-type-filters-1\\\/\"]}]},{\"@type\":\"ImageObject\",\"inLanguage\":\"it-IT\",\"@id\":\"https:\\\/\\\/borserini.com\\\/it\\\/prodotto\\\/self-cleaning-filters-the-gap-type-filters-1\\\/#primaryimage\",\"url\":\"https:\\\/\\\/borserini.com\\\/wp-content\\\/uploads\\\/fotoprodotti\\\/6800_APFILTERS_100x100.jpg\",\"contentUrl\":\"https:\\\/\\\/borserini.com\\\/wp-content\\\/uploads\\\/fotoprodotti\\\/6800_APFILTERS_100x100.jpg\",\"width\":101,\"height\":101},{\"@type\":\"BreadcrumbList\",\"@id\":\"https:\\\/\\\/borserini.com\\\/it\\\/prodotto\\\/self-cleaning-filters-the-gap-type-filters-1\\\/#breadcrumb\",\"itemListElement\":[{\"@type\":\"ListItem\",\"position\":1,\"name\":\"Home\",\"item\":\"https:\\\/\\\/borserini.com\\\/it\\\/\"},{\"@type\":\"ListItem\",\"position\":2,\"name\":\"Cataloghi\",\"item\":\"https:\\\/\\\/borserini.com\\\/it\\\/cataloghi\\\/\"},{\"@type\":\"ListItem\",\"position\":3,\"name\":\"Filtri autopulenti: i filtri di tipo Gap-1\"}]},{\"@type\":\"WebSite\",\"@id\":\"https:\\\/\\\/borserini.com\\\/it\\\/#website\",\"url\":\"https:\\\/\\\/borserini.com\\\/it\\\/\",\"name\":\"Borserini\",\"description\":\"Technical and Filtration Solution\",\"publisher\":{\"@id\":\"https:\\\/\\\/borserini.com\\\/it\\\/#organization\"},\"potentialAction\":[{\"@type\":\"SearchAction\",\"target\":{\"@type\":\"EntryPoint\",\"urlTemplate\":\"https:\\\/\\\/borserini.com\\\/it\\\/?s={search_term_string}\"},\"query-input\":{\"@type\":\"PropertyValueSpecification\",\"valueRequired\":true,\"valueName\":\"search_term_string\"}}],\"inLanguage\":\"it-IT\"},{\"@type\":\"Organization\",\"@id\":\"https:\\\/\\\/borserini.com\\\/it\\\/#organization\",\"name\":\"BORSERINI SRL\",\"url\":\"https:\\\/\\\/borserini.com\\\/it\\\/\",\"logo\":{\"@type\":\"ImageObject\",\"inLanguage\":\"it-IT\",\"@id\":\"https:\\\/\\\/borserini.com\\\/it\\\/#\\\/schema\\\/logo\\\/image\\\/\",\"url\":\"https:\\\/\\\/borserini.com\\\/wp-content\\\/uploads\\\/logo-anim-h60-v2.gif\",\"contentUrl\":\"https:\\\/\\\/borserini.com\\\/wp-content\\\/uploads\\\/logo-anim-h60-v2.gif\",\"width\":300,\"height\":60,\"caption\":\"BORSERINI SRL\"},\"image\":{\"@id\":\"https:\\\/\\\/borserini.com\\\/it\\\/#\\\/schema\\\/logo\\\/image\\\/\"}}]}<\/script>\n<!-- \/ Yoast SEO plugin. -->","yoast_head_json":{"title":"Filtri autopulenti: i filtri di tipo Gap-1 - Borserini","robots":{"index":"index","follow":"follow","max-snippet":"max-snippet:-1","max-image-preview":"max-image-preview:large","max-video-preview":"max-video-preview:-1"},"canonical":"https:\/\/borserini.com\/it\/prodotto\/self-cleaning-filters-the-gap-type-filters-1\/","og_locale":"it_IT","og_type":"article","og_title":"Filtri autopulenti: i filtri di tipo Gap-1 - Borserini","og_description":"FILTRO DI TIPO GAP Collaudato mille volte e un vero classico I filtri del tipo Plate Gap, Tube Gap e Wire Gap sono progettati per la filtrazione di fluidi ad alta e bassa viscosit\u00e0 fortemente contaminati come carburante, oli lubrificanti, vernici, poliolo, isocianato, lubrificanti di raffreddamento, ecc. Sono autopulenti e sono noti da decenni per essere estremamente affidabili e di facile utilizzo e manutenzione.  Possono essere utilizzati in diversi campi come:   Macchine a vapore e motori idromotori Pompe Sistemi idraulici Macchine utensili Riduttori Motori a combustione di medie e grandi dimensioni Industria alimentare Depurazione di acque e liquidi per processi chimici, industriali, ecc.  I filtri di tipo gap possono essere utilizzati per il flusso completo e parziale. La direzione del flusso attraverso gli inserti filtranti \u00e8 dall'esterno verso l'interno. La finezza della filtrazione \u00e8 definita dall'ampiezza dello spazio. Su richiesta, l'alloggiamento del filtro pu\u00f2 essere disponibile in acciaio, ghisa, alluminio e altri materiali.  &nbsp;      &nbsp;    Diversi modelli di filtri di tipo Gap Tipo con intervallo di piastre     Tipo con interstizio tra tubi     Tipo con intervallo di filo","og_url":"https:\/\/borserini.com\/it\/prodotto\/self-cleaning-filters-the-gap-type-filters-1\/","og_site_name":"Borserini","article_modified_time":"2023-09-12T19:47:38+00:00","og_image":[{"width":101,"height":101,"url":"https:\/\/borserini.com\/wp-content\/uploads\/fotoprodotti\/6800_APFILTERS_100x100.jpg","type":"image\/jpeg"}],"twitter_card":"summary_large_image","schema":{"@context":"https:\/\/schema.org","@graph":[{"@type":"WebPage","@id":"https:\/\/borserini.com\/it\/prodotto\/self-cleaning-filters-the-gap-type-filters-1\/","url":"https:\/\/borserini.com\/it\/prodotto\/self-cleaning-filters-the-gap-type-filters-1\/","name":"Filtri autopulenti: i filtri di tipo Gap-1 - Borserini","isPartOf":{"@id":"https:\/\/borserini.com\/it\/#website"},"primaryImageOfPage":{"@id":"https:\/\/borserini.com\/it\/prodotto\/self-cleaning-filters-the-gap-type-filters-1\/#primaryimage"},"image":{"@id":"https:\/\/borserini.com\/it\/prodotto\/self-cleaning-filters-the-gap-type-filters-1\/#primaryimage"},"thumbnailUrl":"https:\/\/borserini.com\/wp-content\/uploads\/fotoprodotti\/6800_APFILTERS_100x100.jpg","datePublished":"2020-10-05T21:12:54+00:00","dateModified":"2023-09-12T19:47:38+00:00","breadcrumb":{"@id":"https:\/\/borserini.com\/it\/prodotto\/self-cleaning-filters-the-gap-type-filters-1\/#breadcrumb"},"inLanguage":"it-IT","potentialAction":[{"@type":"ReadAction","target":["https:\/\/borserini.com\/it\/prodotto\/self-cleaning-filters-the-gap-type-filters-1\/"]}]},{"@type":"ImageObject","inLanguage":"it-IT","@id":"https:\/\/borserini.com\/it\/prodotto\/self-cleaning-filters-the-gap-type-filters-1\/#primaryimage","url":"https:\/\/borserini.com\/wp-content\/uploads\/fotoprodotti\/6800_APFILTERS_100x100.jpg","contentUrl":"https:\/\/borserini.com\/wp-content\/uploads\/fotoprodotti\/6800_APFILTERS_100x100.jpg","width":101,"height":101},{"@type":"BreadcrumbList","@id":"https:\/\/borserini.com\/it\/prodotto\/self-cleaning-filters-the-gap-type-filters-1\/#breadcrumb","itemListElement":[{"@type":"ListItem","position":1,"name":"Home","item":"https:\/\/borserini.com\/it\/"},{"@type":"ListItem","position":2,"name":"Cataloghi","item":"https:\/\/borserini.com\/it\/cataloghi\/"},{"@type":"ListItem","position":3,"name":"Filtri autopulenti: i filtri di tipo Gap-1"}]},{"@type":"WebSite","@id":"https:\/\/borserini.com\/it\/#website","url":"https:\/\/borserini.com\/it\/","name":"Borserini","description":"Technical and Filtration Solution","publisher":{"@id":"https:\/\/borserini.com\/it\/#organization"},"potentialAction":[{"@type":"SearchAction","target":{"@type":"EntryPoint","urlTemplate":"https:\/\/borserini.com\/it\/?s={search_term_string}"},"query-input":{"@type":"PropertyValueSpecification","valueRequired":true,"valueName":"search_term_string"}}],"inLanguage":"it-IT"},{"@type":"Organization","@id":"https:\/\/borserini.com\/it\/#organization","name":"BORSERINI SRL","url":"https:\/\/borserini.com\/it\/","logo":{"@type":"ImageObject","inLanguage":"it-IT","@id":"https:\/\/borserini.com\/it\/#\/schema\/logo\/image\/","url":"https:\/\/borserini.com\/wp-content\/uploads\/logo-anim-h60-v2.gif","contentUrl":"https:\/\/borserini.com\/wp-content\/uploads\/logo-anim-h60-v2.gif","width":300,"height":60,"caption":"BORSERINI SRL"},"image":{"@id":"https:\/\/borserini.com\/it\/#\/schema\/logo\/image\/"}}]}},"_links":{"self":[{"href":"https:\/\/borserini.com\/it\/wp-json\/wp\/v2\/product\/8337","targetHints":{"allow":["GET"]}}],"collection":[{"href":"https:\/\/borserini.com\/it\/wp-json\/wp\/v2\/product"}],"about":[{"href":"https:\/\/borserini.com\/it\/wp-json\/wp\/v2\/types\/product"}],"version-history":[{"count":1,"href":"https:\/\/borserini.com\/it\/wp-json\/wp\/v2\/product\/8337\/revisions"}],"predecessor-version":[{"id":8338,"href":"https:\/\/borserini.com\/it\/wp-json\/wp\/v2\/product\/8337\/revisions\/8338"}],"wp:featuredmedia":[{"embeddable":true,"href":"https:\/\/borserini.com\/it\/wp-json\/wp\/v2\/media\/4746"}],"wp:attachment":[{"href":"https:\/\/borserini.com\/it\/wp-json\/wp\/v2\/media?parent=8337"}],"wp:term":[{"taxonomy":"product_brand","embeddable":true,"href":"https:\/\/borserini.com\/it\/wp-json\/wp\/v2\/product_brand?post=8337"},{"taxonomy":"product_cat","embeddable":true,"href":"https:\/\/borserini.com\/it\/wp-json\/wp\/v2\/product_cat?post=8337"},{"taxonomy":"product_tag","embeddable":true,"href":"https:\/\/borserini.com\/it\/wp-json\/wp\/v2\/product_tag?post=8337"}],"curies":[{"name":"wp","href":"https:\/\/api.w.org\/{rel}","templated":true}]}}