{"id":8115,"date":"2020-10-05T23:12:56","date_gmt":"2020-10-05T21:12:56","guid":{"rendered":"https:\/\/borserini.com\/product\/air-treatment-in-wwtp\/"},"modified":"2025-07-09T16:32:19","modified_gmt":"2025-07-09T14:32:19","slug":"trattamento-aria-negli-impianti-di-depurazione","status":"publish","type":"product","link":"https:\/\/borserini.com\/it\/prodotto\/trattamento-aria-negli-impianti-di-depurazione\/","title":{"rendered":"Trattamento Aria negli Impianti di Depurazione"},"content":{"rendered":"","protected":false},"excerpt":{"rendered":"<p style=\"font-size: 16px; font-style: normal; font-weight: 400; text-align: justify;\">Il lavoro negli impianti di depurazione delle acque reflue (WWTP) e in numerosi capannoni industriali e impianti di produzione rappresenta un potenziale pericolo, nel caso in cui si verifichino problemi legati ai cattivi odori. In passato i fastidiosi odori derivanti dai processi biologici venivano eliminati con l&#8217;utilizzo di filtri biologici. Tuttavia tali filtri non manifestavano un&#8217;elevata affidabilit\u00e0 operativa, erano voluminosi e richiedevano notevoli costi di esercizio. Oggi sono disponibili tecnologie fisico-chimiche affidabili che utilizzano la ionizzazione dell\u2019ossidazione fotocatalitica nel trattamento di questi gas di scarico.<\/p>\n<p style=\"text-align: justify;\">I metodi fisico-chimici sono molto efficaci e adatti ad eliminare gli odori sgradevoli, come H2S, NH3, (CH3)2S e VOC.<\/p>\n<p>&nbsp;<\/p>\n<h4><a href=\"http:\/\/www.asio.cz\/en\/photocatalytic-oxidation\" target=\"_blank\" rel=\"noopener noreferrer\">Ossidazione Fotocatalitica*<\/a><\/h4>\n<p><span style=\"font-size: 16px; font-style: normal; font-weight: 400; text-align: justify;\">Questo processo \u00e8 una combinazione di foto-ossidazione basata sull&#8217;effetto delle radiazioni UV e dell&#8217;ossidazione catalitica. Viene utilizzato prevalentemente in ambienti gravati da un&#8217;elevata quantit\u00e0 di sostanze odorose e organiche difficili da decomporre (ossidare).<\/span><\/p>\n<p>&nbsp;<\/p>\n<h4><a href=\"https:\/\/www.asio.cz\/en\/p\/151.photocatalytic-oxidation\" target=\"_blank\" rel=\"noopener noreferrer\">Ionizzazione*<\/a><\/h4>\n<p><span style=\"font-size: 16px; font-style: normal; font-weight: 400; text-align: justify;\">La produzione di ossigeno attivo \u00e8 un processo naturale che sterilizza e deodora l&#8217;atmosfera. <\/span><span style=\"font-size: 16px; font-style: normal; font-weight: 400; text-align: justify;\">\u00c8 risaputo che l&#8217;aria fresca e pulita dopo un temporale avviene quando l&#8217;atmosfera viene ripulita mediante processi fisico-chimici, ad esempio innescati da un fulmine.<\/span><br style=\"text-align: justify;\" \/><span style=\"font-size: 16px; font-style: normal; font-weight: 400; text-align: justify;\">Nell&#8217;unit\u00e0 di ionizzazione viene prodotto un forte campo elettrostatico.<\/span><br style=\"text-align: justify;\" \/><span style=\"font-size: 16px; font-style: normal; font-weight: 400; text-align: justify;\">Nell&#8217;aria che passa tra due elettrodi hanno inizio le reazioni chimiche. L&#8217;effetto che ne risulta \u00e8 che da un lato l&#8217;elettrone nell&#8217;atomo si sposta su una traccia con un potenziale energetico pi\u00f9 elevato e dall&#8217;altro si genera contemporaneamente un vero e proprio radicale di ossigeno. Ci\u00f2 significa che l&#8217;attivazione dell&#8217;ossigeno e la ionizzazione avvengono simultaneamente. L&#8217;ossigeno attivo \u00e8 quindi un forte agente ossidante. Rispetto all&#8217;ossidazione con ossigeno neutro, l&#8217;ossidazione con ossigeno attivo offre numerosi vantaggi. Le reazioni iniziano immediatamente e anche gli inquinanti pi\u00f9 forti vengono ossidati istantaneamente. Le sostanze odorose vengono ossidate in acqua, carbonio, ossidi e altri composti innocui.<\/span><\/p>\n<p>&nbsp;<\/p>\n<h4><a href=\"https:\/\/www.asio.cz\/en\/p\/8.as-anazon\" target=\"_blank\" rel=\"noopener noreferrer\">Biofiltri AS-BioAir*<\/a><\/h4>\n<p><span style=\"font-size: 16px; font-style: normal; font-weight: 400;\">Questa linea di biofiltri \u00e8 progettata per portate d&#8217;aria da 100 a 1.700 m3\/h. Il biofiltro \u00e8 composto da serbatoio, griglia, flange per il collegamento dell&#8217;aria di scarico e linee di distribuzione dell&#8217;acqua per la nebulizzazione del mezzo biofiltrante. Il biofiltro non \u00e8 dotato di tetto, stadio di pre-trattamento o riscaldamento dell&#8217;aria. Il gruppo filtro non include nemmeno gli aspiratori (ventilatori di scarico).<\/span><\/p>\n<p>&nbsp;<\/p>\n<p>&nbsp;<\/p>\n<p><strong><em>*Link cliccabili per maggiori informazioni.<\/em><\/strong><\/p>\n","protected":false},"featured_media":8704,"template":"","meta":[],"product_brand":[],"product_cat":[859],"product_tag":[],"class_list":{"0":"post-8115","1":"product","2":"type-product","3":"status-publish","4":"has-post-thumbnail","6":"product_cat-filtrazione-acqua-e-trattamento-reflui","8":"first","9":"instock","10":"shipping-taxable","11":"product-type-simple"},"yoast_head":"<!-- This site is optimized with the Yoast SEO plugin v27.3 - https:\/\/yoast.com\/product\/yoast-seo-wordpress\/ -->\n<title>Trattamento Aria negli Impianti di Depurazione - Borserini<\/title>\n<meta name=\"robots\" content=\"index, follow, max-snippet:-1, max-image-preview:large, max-video-preview:-1\" \/>\n<link rel=\"canonical\" href=\"https:\/\/borserini.com\/it\/prodotto\/trattamento-aria-negli-impianti-di-depurazione\/\" \/>\n<meta property=\"og:locale\" content=\"it_IT\" \/>\n<meta property=\"og:type\" content=\"article\" \/>\n<meta property=\"og:title\" content=\"Trattamento Aria negli Impianti di Depurazione - Borserini\" \/>\n<meta property=\"og:description\" content=\"Il lavoro negli impianti di depurazione delle acque reflue (WWTP) e in numerosi capannoni industriali e impianti di produzione rappresenta un potenziale pericolo, nel caso in cui si verifichino problemi legati ai cattivi odori. In passato i fastidiosi odori derivanti dai processi biologici venivano eliminati con l&#039;utilizzo di filtri biologici. Tuttavia tali filtri non manifestavano un&#039;elevata affidabilit\u00e0 operativa, erano voluminosi e richiedevano notevoli costi di esercizio. Oggi sono disponibili tecnologie fisico-chimiche affidabili che utilizzano la ionizzazione dell\u2019ossidazione fotocatalitica nel trattamento di questi gas di scarico. I metodi fisico-chimici sono molto efficaci e adatti ad eliminare gli odori sgradevoli, come H2S, NH3, (CH3)2S e VOC. &nbsp; Ossidazione Fotocatalitica* Questo processo \u00e8 una combinazione di foto-ossidazione basata sull&#039;effetto delle radiazioni UV e dell&#039;ossidazione catalitica. Viene utilizzato prevalentemente in ambienti gravati da un&#039;elevata quantit\u00e0 di sostanze odorose e organiche difficili da decomporre (ossidare).  &nbsp; Ionizzazione* La produzione di ossigeno attivo \u00e8 un processo naturale che sterilizza e deodora l&#039;atmosfera. \u00c8 risaputo che l&#039;aria fresca e pulita dopo un temporale avviene quando l&#039;atmosfera viene ripulita mediante processi fisico-chimici, ad esempio innescati da un fulmine.Nell&#039;unit\u00e0 di ionizzazione viene prodotto un forte campo elettrostatico.Nell&#039;aria che passa tra due elettrodi hanno inizio le reazioni chimiche. L&#039;effetto che ne risulta \u00e8 che da un lato l&#039;elettrone nell&#039;atomo si sposta su una traccia con un potenziale energetico pi\u00f9 elevato e dall&#039;altro si genera contemporaneamente un vero e proprio radicale di ossigeno. Ci\u00f2 significa che l&#039;attivazione dell&#039;ossigeno e la ionizzazione avvengono simultaneamente. L&#039;ossigeno attivo \u00e8 quindi un forte agente ossidante. Rispetto all&#039;ossidazione con ossigeno neutro, l&#039;ossidazione con ossigeno attivo offre numerosi vantaggi. Le reazioni iniziano immediatamente e anche gli inquinanti pi\u00f9 forti vengono ossidati istantaneamente. Le sostanze odorose vengono ossidate in acqua, carbonio, ossidi e altri composti innocui.  &nbsp; Biofiltri AS-BioAir* Questa linea di biofiltri \u00e8 progettata per portate d&#039;aria da 100 a 1.700 m3\/h. Il biofiltro \u00e8 composto da serbatoio, griglia, flange per il collegamento dell&#039;aria di scarico e linee di distribuzione dell&#039;acqua per la nebulizzazione del mezzo biofiltrante. Il biofiltro non \u00e8 dotato di tetto, stadio di pre-trattamento o riscaldamento dell&#039;aria. Il gruppo filtro non include nemmeno gli aspiratori (ventilatori di scarico).  &nbsp;  &nbsp;  *Link cliccabili per maggiori informazioni.\" \/>\n<meta property=\"og:url\" content=\"https:\/\/borserini.com\/it\/prodotto\/trattamento-aria-negli-impianti-di-depurazione\/\" \/>\n<meta property=\"og:site_name\" content=\"Borserini\" \/>\n<meta property=\"article:modified_time\" content=\"2025-07-09T14:32:19+00:00\" \/>\n<meta property=\"og:image\" content=\"https:\/\/borserini.com\/wp-content\/uploads\/scrubber-icon-industrial-air-treatment-atpenvironment.jpeg\" \/>\n\t<meta property=\"og:image:width\" content=\"1422\" \/>\n\t<meta property=\"og:image:height\" content=\"1140\" \/>\n\t<meta property=\"og:image:type\" content=\"image\/jpeg\" \/>\n<meta name=\"twitter:card\" content=\"summary_large_image\" \/>\n<script type=\"application\/ld+json\" class=\"yoast-schema-graph\">{\"@context\":\"https:\\\/\\\/schema.org\",\"@graph\":[{\"@type\":\"WebPage\",\"@id\":\"https:\\\/\\\/borserini.com\\\/it\\\/prodotto\\\/trattamento-aria-negli-impianti-di-depurazione\\\/\",\"url\":\"https:\\\/\\\/borserini.com\\\/it\\\/prodotto\\\/trattamento-aria-negli-impianti-di-depurazione\\\/\",\"name\":\"Trattamento Aria negli Impianti di Depurazione - Borserini\",\"isPartOf\":{\"@id\":\"https:\\\/\\\/borserini.com\\\/it\\\/#website\"},\"primaryImageOfPage\":{\"@id\":\"https:\\\/\\\/borserini.com\\\/it\\\/prodotto\\\/trattamento-aria-negli-impianti-di-depurazione\\\/#primaryimage\"},\"image\":{\"@id\":\"https:\\\/\\\/borserini.com\\\/it\\\/prodotto\\\/trattamento-aria-negli-impianti-di-depurazione\\\/#primaryimage\"},\"thumbnailUrl\":\"https:\\\/\\\/borserini.com\\\/wp-content\\\/uploads\\\/scrubber-icon-industrial-air-treatment-atpenvironment.jpeg\",\"datePublished\":\"2020-10-05T21:12:56+00:00\",\"dateModified\":\"2025-07-09T14:32:19+00:00\",\"breadcrumb\":{\"@id\":\"https:\\\/\\\/borserini.com\\\/it\\\/prodotto\\\/trattamento-aria-negli-impianti-di-depurazione\\\/#breadcrumb\"},\"inLanguage\":\"it-IT\",\"potentialAction\":[{\"@type\":\"ReadAction\",\"target\":[\"https:\\\/\\\/borserini.com\\\/it\\\/prodotto\\\/trattamento-aria-negli-impianti-di-depurazione\\\/\"]}]},{\"@type\":\"ImageObject\",\"inLanguage\":\"it-IT\",\"@id\":\"https:\\\/\\\/borserini.com\\\/it\\\/prodotto\\\/trattamento-aria-negli-impianti-di-depurazione\\\/#primaryimage\",\"url\":\"https:\\\/\\\/borserini.com\\\/wp-content\\\/uploads\\\/scrubber-icon-industrial-air-treatment-atpenvironment.jpeg\",\"contentUrl\":\"https:\\\/\\\/borserini.com\\\/wp-content\\\/uploads\\\/scrubber-icon-industrial-air-treatment-atpenvironment.jpeg\",\"width\":1422,\"height\":1140},{\"@type\":\"BreadcrumbList\",\"@id\":\"https:\\\/\\\/borserini.com\\\/it\\\/prodotto\\\/trattamento-aria-negli-impianti-di-depurazione\\\/#breadcrumb\",\"itemListElement\":[{\"@type\":\"ListItem\",\"position\":1,\"name\":\"Home\",\"item\":\"https:\\\/\\\/borserini.com\\\/it\\\/\"},{\"@type\":\"ListItem\",\"position\":2,\"name\":\"Cataloghi\",\"item\":\"https:\\\/\\\/borserini.com\\\/it\\\/cataloghi\\\/\"},{\"@type\":\"ListItem\",\"position\":3,\"name\":\"Trattamento Aria negli Impianti di Depurazione\"}]},{\"@type\":\"WebSite\",\"@id\":\"https:\\\/\\\/borserini.com\\\/it\\\/#website\",\"url\":\"https:\\\/\\\/borserini.com\\\/it\\\/\",\"name\":\"Borserini\",\"description\":\"Technical and Filtration Solution\",\"publisher\":{\"@id\":\"https:\\\/\\\/borserini.com\\\/it\\\/#organization\"},\"potentialAction\":[{\"@type\":\"SearchAction\",\"target\":{\"@type\":\"EntryPoint\",\"urlTemplate\":\"https:\\\/\\\/borserini.com\\\/it\\\/?s={search_term_string}\"},\"query-input\":{\"@type\":\"PropertyValueSpecification\",\"valueRequired\":true,\"valueName\":\"search_term_string\"}}],\"inLanguage\":\"it-IT\"},{\"@type\":\"Organization\",\"@id\":\"https:\\\/\\\/borserini.com\\\/it\\\/#organization\",\"name\":\"BORSERINI SRL\",\"url\":\"https:\\\/\\\/borserini.com\\\/it\\\/\",\"logo\":{\"@type\":\"ImageObject\",\"inLanguage\":\"it-IT\",\"@id\":\"https:\\\/\\\/borserini.com\\\/it\\\/#\\\/schema\\\/logo\\\/image\\\/\",\"url\":\"https:\\\/\\\/borserini.com\\\/wp-content\\\/uploads\\\/logo-anim-h60-v2.gif\",\"contentUrl\":\"https:\\\/\\\/borserini.com\\\/wp-content\\\/uploads\\\/logo-anim-h60-v2.gif\",\"width\":300,\"height\":60,\"caption\":\"BORSERINI SRL\"},\"image\":{\"@id\":\"https:\\\/\\\/borserini.com\\\/it\\\/#\\\/schema\\\/logo\\\/image\\\/\"}}]}<\/script>\n<!-- \/ Yoast SEO plugin. -->","yoast_head_json":{"title":"Trattamento Aria negli Impianti di Depurazione - Borserini","robots":{"index":"index","follow":"follow","max-snippet":"max-snippet:-1","max-image-preview":"max-image-preview:large","max-video-preview":"max-video-preview:-1"},"canonical":"https:\/\/borserini.com\/it\/prodotto\/trattamento-aria-negli-impianti-di-depurazione\/","og_locale":"it_IT","og_type":"article","og_title":"Trattamento Aria negli Impianti di Depurazione - Borserini","og_description":"Il lavoro negli impianti di depurazione delle acque reflue (WWTP) e in numerosi capannoni industriali e impianti di produzione rappresenta un potenziale pericolo, nel caso in cui si verifichino problemi legati ai cattivi odori. In passato i fastidiosi odori derivanti dai processi biologici venivano eliminati con l'utilizzo di filtri biologici. Tuttavia tali filtri non manifestavano un'elevata affidabilit\u00e0 operativa, erano voluminosi e richiedevano notevoli costi di esercizio. Oggi sono disponibili tecnologie fisico-chimiche affidabili che utilizzano la ionizzazione dell\u2019ossidazione fotocatalitica nel trattamento di questi gas di scarico. I metodi fisico-chimici sono molto efficaci e adatti ad eliminare gli odori sgradevoli, come H2S, NH3, (CH3)2S e VOC. &nbsp; Ossidazione Fotocatalitica* Questo processo \u00e8 una combinazione di foto-ossidazione basata sull'effetto delle radiazioni UV e dell'ossidazione catalitica. Viene utilizzato prevalentemente in ambienti gravati da un'elevata quantit\u00e0 di sostanze odorose e organiche difficili da decomporre (ossidare).  &nbsp; Ionizzazione* La produzione di ossigeno attivo \u00e8 un processo naturale che sterilizza e deodora l'atmosfera. \u00c8 risaputo che l'aria fresca e pulita dopo un temporale avviene quando l'atmosfera viene ripulita mediante processi fisico-chimici, ad esempio innescati da un fulmine.Nell'unit\u00e0 di ionizzazione viene prodotto un forte campo elettrostatico.Nell'aria che passa tra due elettrodi hanno inizio le reazioni chimiche. L'effetto che ne risulta \u00e8 che da un lato l'elettrone nell'atomo si sposta su una traccia con un potenziale energetico pi\u00f9 elevato e dall'altro si genera contemporaneamente un vero e proprio radicale di ossigeno. Ci\u00f2 significa che l'attivazione dell'ossigeno e la ionizzazione avvengono simultaneamente. L'ossigeno attivo \u00e8 quindi un forte agente ossidante. Rispetto all'ossidazione con ossigeno neutro, l'ossidazione con ossigeno attivo offre numerosi vantaggi. Le reazioni iniziano immediatamente e anche gli inquinanti pi\u00f9 forti vengono ossidati istantaneamente. Le sostanze odorose vengono ossidate in acqua, carbonio, ossidi e altri composti innocui.  &nbsp; Biofiltri AS-BioAir* Questa linea di biofiltri \u00e8 progettata per portate d'aria da 100 a 1.700 m3\/h. Il biofiltro \u00e8 composto da serbatoio, griglia, flange per il collegamento dell'aria di scarico e linee di distribuzione dell'acqua per la nebulizzazione del mezzo biofiltrante. Il biofiltro non \u00e8 dotato di tetto, stadio di pre-trattamento o riscaldamento dell'aria. Il gruppo filtro non include nemmeno gli aspiratori (ventilatori di scarico).  &nbsp;  &nbsp;  *Link cliccabili per maggiori informazioni.","og_url":"https:\/\/borserini.com\/it\/prodotto\/trattamento-aria-negli-impianti-di-depurazione\/","og_site_name":"Borserini","article_modified_time":"2025-07-09T14:32:19+00:00","og_image":[{"width":1422,"height":1140,"url":"https:\/\/borserini.com\/wp-content\/uploads\/scrubber-icon-industrial-air-treatment-atpenvironment.jpeg","type":"image\/jpeg"}],"twitter_card":"summary_large_image","schema":{"@context":"https:\/\/schema.org","@graph":[{"@type":"WebPage","@id":"https:\/\/borserini.com\/it\/prodotto\/trattamento-aria-negli-impianti-di-depurazione\/","url":"https:\/\/borserini.com\/it\/prodotto\/trattamento-aria-negli-impianti-di-depurazione\/","name":"Trattamento Aria negli Impianti di Depurazione - Borserini","isPartOf":{"@id":"https:\/\/borserini.com\/it\/#website"},"primaryImageOfPage":{"@id":"https:\/\/borserini.com\/it\/prodotto\/trattamento-aria-negli-impianti-di-depurazione\/#primaryimage"},"image":{"@id":"https:\/\/borserini.com\/it\/prodotto\/trattamento-aria-negli-impianti-di-depurazione\/#primaryimage"},"thumbnailUrl":"https:\/\/borserini.com\/wp-content\/uploads\/scrubber-icon-industrial-air-treatment-atpenvironment.jpeg","datePublished":"2020-10-05T21:12:56+00:00","dateModified":"2025-07-09T14:32:19+00:00","breadcrumb":{"@id":"https:\/\/borserini.com\/it\/prodotto\/trattamento-aria-negli-impianti-di-depurazione\/#breadcrumb"},"inLanguage":"it-IT","potentialAction":[{"@type":"ReadAction","target":["https:\/\/borserini.com\/it\/prodotto\/trattamento-aria-negli-impianti-di-depurazione\/"]}]},{"@type":"ImageObject","inLanguage":"it-IT","@id":"https:\/\/borserini.com\/it\/prodotto\/trattamento-aria-negli-impianti-di-depurazione\/#primaryimage","url":"https:\/\/borserini.com\/wp-content\/uploads\/scrubber-icon-industrial-air-treatment-atpenvironment.jpeg","contentUrl":"https:\/\/borserini.com\/wp-content\/uploads\/scrubber-icon-industrial-air-treatment-atpenvironment.jpeg","width":1422,"height":1140},{"@type":"BreadcrumbList","@id":"https:\/\/borserini.com\/it\/prodotto\/trattamento-aria-negli-impianti-di-depurazione\/#breadcrumb","itemListElement":[{"@type":"ListItem","position":1,"name":"Home","item":"https:\/\/borserini.com\/it\/"},{"@type":"ListItem","position":2,"name":"Cataloghi","item":"https:\/\/borserini.com\/it\/cataloghi\/"},{"@type":"ListItem","position":3,"name":"Trattamento Aria negli Impianti di Depurazione"}]},{"@type":"WebSite","@id":"https:\/\/borserini.com\/it\/#website","url":"https:\/\/borserini.com\/it\/","name":"Borserini","description":"Technical and Filtration Solution","publisher":{"@id":"https:\/\/borserini.com\/it\/#organization"},"potentialAction":[{"@type":"SearchAction","target":{"@type":"EntryPoint","urlTemplate":"https:\/\/borserini.com\/it\/?s={search_term_string}"},"query-input":{"@type":"PropertyValueSpecification","valueRequired":true,"valueName":"search_term_string"}}],"inLanguage":"it-IT"},{"@type":"Organization","@id":"https:\/\/borserini.com\/it\/#organization","name":"BORSERINI SRL","url":"https:\/\/borserini.com\/it\/","logo":{"@type":"ImageObject","inLanguage":"it-IT","@id":"https:\/\/borserini.com\/it\/#\/schema\/logo\/image\/","url":"https:\/\/borserini.com\/wp-content\/uploads\/logo-anim-h60-v2.gif","contentUrl":"https:\/\/borserini.com\/wp-content\/uploads\/logo-anim-h60-v2.gif","width":300,"height":60,"caption":"BORSERINI SRL"},"image":{"@id":"https:\/\/borserini.com\/it\/#\/schema\/logo\/image\/"}}]}},"_links":{"self":[{"href":"https:\/\/borserini.com\/it\/wp-json\/wp\/v2\/product\/8115","targetHints":{"allow":["GET"]}}],"collection":[{"href":"https:\/\/borserini.com\/it\/wp-json\/wp\/v2\/product"}],"about":[{"href":"https:\/\/borserini.com\/it\/wp-json\/wp\/v2\/types\/product"}],"version-history":[{"count":7,"href":"https:\/\/borserini.com\/it\/wp-json\/wp\/v2\/product\/8115\/revisions"}],"predecessor-version":[{"id":14358,"href":"https:\/\/borserini.com\/it\/wp-json\/wp\/v2\/product\/8115\/revisions\/14358"}],"wp:featuredmedia":[{"embeddable":true,"href":"https:\/\/borserini.com\/it\/wp-json\/wp\/v2\/media\/8704"}],"wp:attachment":[{"href":"https:\/\/borserini.com\/it\/wp-json\/wp\/v2\/media?parent=8115"}],"wp:term":[{"taxonomy":"product_brand","embeddable":true,"href":"https:\/\/borserini.com\/it\/wp-json\/wp\/v2\/product_brand?post=8115"},{"taxonomy":"product_cat","embeddable":true,"href":"https:\/\/borserini.com\/it\/wp-json\/wp\/v2\/product_cat?post=8115"},{"taxonomy":"product_tag","embeddable":true,"href":"https:\/\/borserini.com\/it\/wp-json\/wp\/v2\/product_tag?post=8115"}],"curies":[{"name":"wp","href":"https:\/\/api.w.org\/{rel}","templated":true}]}}