{"id":8113,"date":"2021-02-24T13:55:38","date_gmt":"2021-02-24T12:55:38","guid":{"rendered":"https:\/\/borserini.com\/product\/self-cleaning-filters-gap-type-filters\/"},"modified":"2025-07-07T15:30:14","modified_gmt":"2025-07-07T13:30:14","slug":"filtri-autopulenti-gap-type-filters","status":"publish","type":"product","link":"https:\/\/borserini.com\/it\/prodotto\/filtri-autopulenti-gap-type-filters\/","title":{"rendered":"Filtri Autopulenti \/ GAP-Type Filters"},"content":{"rendered":"","protected":false},"excerpt":{"rendered":"<p><img fetchpriority=\"high\" decoding=\"async\" class=\"\" src=\"\/wp-content\/uploads\/varie2\/VARIOUS IMAGES\/LUID_TECHNOLOGY2.jpg\" alt=\"\" width=\"751\" height=\"192\" \/><\/p>\n<h1>GAP-Type Filters<\/h1>\n<h3><strong>Collaudato mille volte e un vero classico<\/strong><\/h3>\n<p>I filtri del tipo Plate Gap, Tube Gap e Wire Gap sono progettati per la filtrazione di fluidi ad alta e bassa viscosit\u00e0 fortemente contaminati come carburante, oli lubrificanti, vernici, poliolo, isocianato, lubrificanti di raffreddamento, ecc. Sono autopulenti e sono noti da decenni per essere estremamente affidabili e facili da utilizzare e manutenere.<\/p>\n<p>Possono essere impiegati in diversi settori come:<\/p>\n<ul>\n<li>Motori a vapore e motori idraulici<\/li>\n<li>Pompe<\/li>\n<li>Sistemi idraulici<\/li>\n<li>Macchine utensili<\/li>\n<li>Riduttori<\/li>\n<li>Motori a combustione di medie e grandi dimensioni<\/li>\n<li>Industria alimentare<\/li>\n<li>Depurazione di acque e liquidi per processi chimici, industriali, ecc.<\/li>\n<\/ul>\n<p>I filtri di tipo gap possono essere utilizzati per il flusso totale e parziale.<br \/>\nLa direzione del flusso attraverso gli inserti filtranti \u00e8 dall&#8217;esterno verso l&#8217;interno.<br \/>\nLa finezza della filtrazione \u00e8 definita dalla larghezza dello spazio.<br \/>\nSu richiesta, l&#8217;alloggiamento del filtro pu\u00f2 essere disponibile in acciaio, ghisa, alluminio e altri materiali.<\/p>\n<p>&nbsp;<\/p>\n<hr \/>\n<p><a href=\"https:\/\/borserini.com\/wp-content\/uploads\/Gap-Type-Applications_4210x2977-scaled.jpg\"><img decoding=\"async\" class=\"alignnone wp-image-3846\" src=\"https:\/\/borserini.com\/wp-content\/uploads\/Gap-Type-Applications_4210x2977-scaled.jpg\" alt=\"\" width=\"750\" height=\"530\" srcset=\"https:\/\/borserini.com\/wp-content\/uploads\/Gap-Type-Applications_4210x2977-scaled.jpg 2560w, https:\/\/borserini.com\/wp-content\/uploads\/Gap-Type-Applications_4210x2977-300x212.jpg 300w, https:\/\/borserini.com\/wp-content\/uploads\/Gap-Type-Applications_4210x2977-1024x724.jpg 1024w, https:\/\/borserini.com\/wp-content\/uploads\/Gap-Type-Applications_4210x2977-768x543.jpg 768w, https:\/\/borserini.com\/wp-content\/uploads\/Gap-Type-Applications_4210x2977-1536x1086.jpg 1536w, https:\/\/borserini.com\/wp-content\/uploads\/Gap-Type-Applications_4210x2977-2048x1448.jpg 2048w, https:\/\/borserini.com\/wp-content\/uploads\/Gap-Type-Applications_4210x2977-600x424.jpg 600w\" sizes=\"(max-width: 750px) 100vw, 750px\" \/><\/a><\/p>\n<p>&nbsp;<\/p>\n<hr \/>\n<h2><strong><br \/>\nDiversi modelli di filtri di tipo Gap<\/strong><\/h2>\n<h3><strong>Tipo con intervallo di piastre<\/strong><\/h3>\n[caption id=\"attachment_3895\" align=\"alignright\" width=\"350\"]<a href=\"https:\/\/borserini.com\/wp-content\/uploads\/GAP_Type_Plate.jpg\"><img decoding=\"async\" class=\"wp-image-3895\" src=\"https:\/\/borserini.com\/wp-content\/uploads\/GAP_Type_Plate.jpg\" alt=\"\" width=\"350\" height=\"306\" srcset=\"https:\/\/borserini.com\/wp-content\/uploads\/GAP_Type_Plate.jpg 1929w, https:\/\/borserini.com\/wp-content\/uploads\/GAP_Type_Plate-300x262.jpg 300w, https:\/\/borserini.com\/wp-content\/uploads\/GAP_Type_Plate-1024x894.jpg 1024w, https:\/\/borserini.com\/wp-content\/uploads\/GAP_Type_Plate-768x671.jpg 768w, https:\/\/borserini.com\/wp-content\/uploads\/GAP_Type_Plate-1536x1342.jpg 1536w, https:\/\/borserini.com\/wp-content\/uploads\/GAP_Type_Plate-600x524.jpg 600w\" sizes=\"(max-width: 350px) 100vw, 350px\" \/><\/a> 01-Einleitung en[\/caption]\n<p><strong>Filtri a piastre a fessura per larghezze di fessura \u2265 0,1 mm <\/strong><\/p>\n<p style=\"text-align: justify;\">L&#8217;inserto filtrante a piastre \u00e8 costituito da dischi in acciaio a forma di anello impilati su un perno centrale. La larghezza dello spazio tra i dischi \u00e8 determinata dai distanziatori tra i dischi. Un dispositivo di pulizia stazionario attraversa ogni spazio.<br \/>\nMentre il liquido scorre tra i dischi, le particelle di sporco presenti nel liquido si depositano sulle superfici dell&#8217;intercapedine.<br \/>\nQuando si gira la maniglia dell&#8217;inserto filtrante, le particelle di sporco si raccolgono sulla fila di pulitori per fessure e affondano nella camera di raccolta dei fanghi dove i fanghi vengono scaricati aprendo una valvola a sfera.<\/p>\n<hr \/>\n<h3><strong>Tube<\/strong><strong>\u00a0Tipo Gap<\/strong><\/h3>\n<p><a href=\"https:\/\/borserini.com\/wp-content\/uploads\/GAP_Type_TUBE.jpg\"><img loading=\"lazy\" decoding=\"async\" class=\"alignleft wp-image-3896\" src=\"https:\/\/borserini.com\/wp-content\/uploads\/GAP_Type_TUBE.jpg\" alt=\"\" width=\"350\" height=\"316\" srcset=\"https:\/\/borserini.com\/wp-content\/uploads\/GAP_Type_TUBE.jpg 1917w, https:\/\/borserini.com\/wp-content\/uploads\/GAP_Type_TUBE-300x271.jpg 300w, https:\/\/borserini.com\/wp-content\/uploads\/GAP_Type_TUBE-1024x924.jpg 1024w, https:\/\/borserini.com\/wp-content\/uploads\/GAP_Type_TUBE-768x693.jpg 768w, https:\/\/borserini.com\/wp-content\/uploads\/GAP_Type_TUBE-1536x1386.jpg 1536w, https:\/\/borserini.com\/wp-content\/uploads\/GAP_Type_TUBE-600x541.jpg 600w\" sizes=\"(max-width: 350px) 100vw, 350px\" \/><\/a><strong>Filtri per tubi di tipo Gap per <\/strong><strong>larghezze degli spazi \u2265 0.03 mm<\/strong><\/p>\n<p style=\"text-align: justify;\">L&#8217;inserto filtrante a tubi di tipo gap \u00e8 costituito da un filo avvolto attorno ad aste longitudinali saldate insieme in ogni punto di incrocio.<br \/>\nLe aste longitudinali e il filo sono realizzati in acciaio inossidabile e ad alta resistenza. L&#8217;esatta posizione del filo d&#8217;acciaio sulle aste longitudinali garantisce spazi uguali.<br \/>\nMentre il liquido da filtrare scorre attraverso l&#8217;elemento filtrante, le particelle di sporco si depositano negli interstizi. Girando la maniglia dell&#8217;inserto filtrante, le particelle di sporco vengono rimosse da un raschiatore fisso e cadono nella camera di raccolta dei fanghi.<br \/>\nLo scarico dei fanghi avviene tramite l&#8217;apertura di una valvola a sfera.<\/p>\n<hr \/>\n<h3><strong>Tipo con intervallo di filo<\/strong><\/h3>\n<p style=\"text-align: justify;\"><a href=\"https:\/\/borserini.com\/wp-content\/uploads\/GAP_Type_Wire.jpg\"><img loading=\"lazy\" decoding=\"async\" class=\"alignleft wp-image-3897\" src=\"https:\/\/borserini.com\/wp-content\/uploads\/GAP_Type_Wire.jpg\" alt=\"\" width=\"350\" height=\"347\" srcset=\"https:\/\/borserini.com\/wp-content\/uploads\/GAP_Type_Wire.jpg 1722w, https:\/\/borserini.com\/wp-content\/uploads\/GAP_Type_Wire-300x297.jpg 300w, https:\/\/borserini.com\/wp-content\/uploads\/GAP_Type_Wire-1024x1014.jpg 1024w, https:\/\/borserini.com\/wp-content\/uploads\/GAP_Type_Wire-150x150.jpg 150w, https:\/\/borserini.com\/wp-content\/uploads\/GAP_Type_Wire-768x760.jpg 768w, https:\/\/borserini.com\/wp-content\/uploads\/GAP_Type_Wire-1536x1521.jpg 1536w, https:\/\/borserini.com\/wp-content\/uploads\/GAP_Type_Wire-600x594.jpg 600w, https:\/\/borserini.com\/wp-content\/uploads\/GAP_Type_Wire-100x100.jpg 100w\" sizes=\"(max-width: 350px) 100vw, 350px\" \/><\/a><strong>Filtri di tipo wire Gap per larghezze di Gap \u2265 0.03 mm<\/strong><br \/>\nL&#8217;inserto di tipo wire gap \u00e8 costituito da un filo di acciaio inossidabile e ad alta resistenza avvolto a spirale attorno a un telaio in alluminio. L&#8217;esatta posizione del filo d&#8217;acciaio sul telaio garantisce spazi uguali. Man mano che il liquido da filtrare attraversa l&#8217;inserto, negli interstizi si depositano particelle di sporco. Quando si gira la maniglia dell&#8217;inserto filtrante, le particelle di sporco vengono raschiate da un pulitore fisso e affondano nella camera di raccolta dei fanghi dove i fanghi vengono scaricati aprendo una valvola a sfera.<\/p>\n<hr \/>\n<p>&nbsp;<\/p>\n<p>&nbsp;<\/p>\n<p>&nbsp;<\/p>\n","protected":false},"featured_media":14198,"template":"","meta":[],"product_brand":[],"product_cat":[858,888,879],"product_tag":[],"class_list":{"0":"post-8113","1":"product","2":"type-product","3":"status-publish","4":"has-post-thumbnail","6":"product_cat-filtri-autopulenti-gap-type","7":"product_cat-metallurgia-e-lavorazione-dei-metalli","8":"product_cat-processi-industriali","10":"first","11":"instock","12":"shipping-taxable","13":"product-type-simple"},"yoast_head":"<!-- This site is optimized with the Yoast SEO plugin v27.3 - https:\/\/yoast.com\/product\/yoast-seo-wordpress\/ -->\n<title>Filtri Autopulenti \/ GAP-Type Filters - Borserini<\/title>\n<meta name=\"robots\" content=\"index, follow, max-snippet:-1, max-image-preview:large, max-video-preview:-1\" \/>\n<link rel=\"canonical\" href=\"https:\/\/borserini.com\/it\/prodotto\/filtri-autopulenti-gap-type-filters\/\" \/>\n<meta property=\"og:locale\" content=\"it_IT\" \/>\n<meta property=\"og:type\" content=\"article\" \/>\n<meta property=\"og:title\" content=\"Filtri Autopulenti \/ GAP-Type Filters - Borserini\" \/>\n<meta property=\"og:description\" content=\"GAP-Type Filters Collaudato mille volte e un vero classico I filtri del tipo Plate Gap, Tube Gap e Wire Gap sono progettati per la filtrazione di fluidi ad alta e bassa viscosit\u00e0 fortemente contaminati come carburante, oli lubrificanti, vernici, poliolo, isocianato, lubrificanti di raffreddamento, ecc. Sono autopulenti e sono noti da decenni per essere estremamente affidabili e facili da utilizzare e manutenere.  Possono essere impiegati in diversi settori come:   Motori a vapore e motori idraulici  Pompe  Sistemi idraulici  Macchine utensili  Riduttori  Motori a combustione di medie e grandi dimensioni  Industria alimentare  Depurazione di acque e liquidi per processi chimici, industriali, ecc.  I filtri di tipo gap possono essere utilizzati per il flusso totale e parziale. La direzione del flusso attraverso gli inserti filtranti \u00e8 dall&#039;esterno verso l&#039;interno. La finezza della filtrazione \u00e8 definita dalla larghezza dello spazio. Su richiesta, l&#039;alloggiamento del filtro pu\u00f2 essere disponibile in acciaio, ghisa, alluminio e altri materiali.  &nbsp;      &nbsp;     Diversi modelli di filtri di tipo Gap Tipo con intervallo di piastre   Filtri a piastre a fessura per larghezze di fessura \u2265 0,1 mm  L&#039;inserto filtrante a piastre \u00e8 costituito da dischi in acciaio a forma di anello impilati su un perno centrale. La larghezza dello spazio tra i dischi \u00e8 determinata dai distanziatori tra i dischi. Un dispositivo di pulizia stazionario attraversa ogni spazio. Mentre il liquido scorre tra i dischi, le particelle di sporco presenti nel liquido si depositano sulle superfici dell&#039;intercapedine. Quando si gira la maniglia dell&#039;inserto filtrante, le particelle di sporco si raccolgono sulla fila di pulitori per fessure e affondano nella camera di raccolta dei fanghi dove i fanghi vengono scaricati aprendo una valvola a sfera.     Tube\u00a0Tipo Gap Filtri per tubi di tipo Gap per larghezze degli spazi \u2265 0.03 mm L&#039;inserto filtrante a tubi di tipo gap \u00e8 costituito da un filo avvolto attorno ad aste longitudinali saldate insieme in ogni punto di incrocio. Le aste longitudinali e il filo sono realizzati in acciaio inossidabile e ad alta resistenza. L&#039;esatta posizione del filo d&#039;acciaio sulle aste longitudinali garantisce spazi uguali. Mentre il liquido da filtrare scorre attraverso l&#039;elemento filtrante, le particelle di sporco si depositano negli interstizi. Girando la maniglia dell&#039;inserto filtrante, le particelle di sporco vengono rimosse da un raschiatore fisso e cadono nella camera di raccolta dei fanghi. Lo scarico dei fanghi avviene tramite l&#039;apertura di una valvola a sfera.     Tipo con intervallo di filo Filtri di tipo wire Gap per larghezze di Gap \u2265 0.03 mm L&#039;inserto di tipo wire gap \u00e8 costituito da un filo di acciaio inossidabile e ad alta resistenza avvolto a spirale attorno a un telaio in alluminio. L&#039;esatta posizione del filo d&#039;acciaio sul telaio garantisce spazi uguali. Man mano che il liquido da filtrare attraversa l&#039;inserto, negli interstizi si depositano particelle di sporco. Quando si gira la maniglia dell&#039;inserto filtrante, le particelle di sporco vengono raschiate da un pulitore fisso e affondano nella camera di raccolta dei fanghi dove i fanghi vengono scaricati aprendo una valvola a sfera.     &nbsp;  &nbsp;  &nbsp;\" \/>\n<meta property=\"og:url\" content=\"https:\/\/borserini.com\/it\/prodotto\/filtri-autopulenti-gap-type-filters\/\" \/>\n<meta property=\"og:site_name\" content=\"Borserini\" \/>\n<meta property=\"article:modified_time\" content=\"2025-07-07T13:30:14+00:00\" \/>\n<meta property=\"og:image\" content=\"https:\/\/borserini.com\/wp-content\/uploads\/GAPFILTERS_250x242.jpg\" \/>\n\t<meta property=\"og:image:width\" content=\"250\" \/>\n\t<meta property=\"og:image:height\" content=\"242\" \/>\n\t<meta property=\"og:image:type\" content=\"image\/jpeg\" \/>\n<meta name=\"twitter:card\" content=\"summary_large_image\" \/>\n<script type=\"application\/ld+json\" class=\"yoast-schema-graph\">{\"@context\":\"https:\\\/\\\/schema.org\",\"@graph\":[{\"@type\":\"WebPage\",\"@id\":\"https:\\\/\\\/borserini.com\\\/it\\\/prodotto\\\/filtri-autopulenti-gap-type-filters\\\/\",\"url\":\"https:\\\/\\\/borserini.com\\\/it\\\/prodotto\\\/filtri-autopulenti-gap-type-filters\\\/\",\"name\":\"Filtri Autopulenti \\\/ GAP-Type Filters - Borserini\",\"isPartOf\":{\"@id\":\"https:\\\/\\\/borserini.com\\\/it\\\/#website\"},\"primaryImageOfPage\":{\"@id\":\"https:\\\/\\\/borserini.com\\\/it\\\/prodotto\\\/filtri-autopulenti-gap-type-filters\\\/#primaryimage\"},\"image\":{\"@id\":\"https:\\\/\\\/borserini.com\\\/it\\\/prodotto\\\/filtri-autopulenti-gap-type-filters\\\/#primaryimage\"},\"thumbnailUrl\":\"https:\\\/\\\/borserini.com\\\/wp-content\\\/uploads\\\/GAPFILTERS_250x242.jpg\",\"datePublished\":\"2021-02-24T12:55:38+00:00\",\"dateModified\":\"2025-07-07T13:30:14+00:00\",\"breadcrumb\":{\"@id\":\"https:\\\/\\\/borserini.com\\\/it\\\/prodotto\\\/filtri-autopulenti-gap-type-filters\\\/#breadcrumb\"},\"inLanguage\":\"it-IT\",\"potentialAction\":[{\"@type\":\"ReadAction\",\"target\":[\"https:\\\/\\\/borserini.com\\\/it\\\/prodotto\\\/filtri-autopulenti-gap-type-filters\\\/\"]}]},{\"@type\":\"ImageObject\",\"inLanguage\":\"it-IT\",\"@id\":\"https:\\\/\\\/borserini.com\\\/it\\\/prodotto\\\/filtri-autopulenti-gap-type-filters\\\/#primaryimage\",\"url\":\"https:\\\/\\\/borserini.com\\\/wp-content\\\/uploads\\\/GAPFILTERS_250x242.jpg\",\"contentUrl\":\"https:\\\/\\\/borserini.com\\\/wp-content\\\/uploads\\\/GAPFILTERS_250x242.jpg\",\"width\":250,\"height\":242},{\"@type\":\"BreadcrumbList\",\"@id\":\"https:\\\/\\\/borserini.com\\\/it\\\/prodotto\\\/filtri-autopulenti-gap-type-filters\\\/#breadcrumb\",\"itemListElement\":[{\"@type\":\"ListItem\",\"position\":1,\"name\":\"Home\",\"item\":\"https:\\\/\\\/borserini.com\\\/it\\\/\"},{\"@type\":\"ListItem\",\"position\":2,\"name\":\"Cataloghi\",\"item\":\"https:\\\/\\\/borserini.com\\\/it\\\/cataloghi\\\/\"},{\"@type\":\"ListItem\",\"position\":3,\"name\":\"Filtri Autopulenti \\\/ GAP-Type Filters\"}]},{\"@type\":\"WebSite\",\"@id\":\"https:\\\/\\\/borserini.com\\\/it\\\/#website\",\"url\":\"https:\\\/\\\/borserini.com\\\/it\\\/\",\"name\":\"Borserini\",\"description\":\"Technical and Filtration Solution\",\"publisher\":{\"@id\":\"https:\\\/\\\/borserini.com\\\/it\\\/#organization\"},\"potentialAction\":[{\"@type\":\"SearchAction\",\"target\":{\"@type\":\"EntryPoint\",\"urlTemplate\":\"https:\\\/\\\/borserini.com\\\/it\\\/?s={search_term_string}\"},\"query-input\":{\"@type\":\"PropertyValueSpecification\",\"valueRequired\":true,\"valueName\":\"search_term_string\"}}],\"inLanguage\":\"it-IT\"},{\"@type\":\"Organization\",\"@id\":\"https:\\\/\\\/borserini.com\\\/it\\\/#organization\",\"name\":\"BORSERINI SRL\",\"url\":\"https:\\\/\\\/borserini.com\\\/it\\\/\",\"logo\":{\"@type\":\"ImageObject\",\"inLanguage\":\"it-IT\",\"@id\":\"https:\\\/\\\/borserini.com\\\/it\\\/#\\\/schema\\\/logo\\\/image\\\/\",\"url\":\"https:\\\/\\\/borserini.com\\\/wp-content\\\/uploads\\\/logo-anim-h60-v2.gif\",\"contentUrl\":\"https:\\\/\\\/borserini.com\\\/wp-content\\\/uploads\\\/logo-anim-h60-v2.gif\",\"width\":300,\"height\":60,\"caption\":\"BORSERINI SRL\"},\"image\":{\"@id\":\"https:\\\/\\\/borserini.com\\\/it\\\/#\\\/schema\\\/logo\\\/image\\\/\"}}]}<\/script>\n<!-- \/ Yoast SEO plugin. -->","yoast_head_json":{"title":"Filtri Autopulenti \/ GAP-Type Filters - Borserini","robots":{"index":"index","follow":"follow","max-snippet":"max-snippet:-1","max-image-preview":"max-image-preview:large","max-video-preview":"max-video-preview:-1"},"canonical":"https:\/\/borserini.com\/it\/prodotto\/filtri-autopulenti-gap-type-filters\/","og_locale":"it_IT","og_type":"article","og_title":"Filtri Autopulenti \/ GAP-Type Filters - Borserini","og_description":"GAP-Type Filters Collaudato mille volte e un vero classico I filtri del tipo Plate Gap, Tube Gap e Wire Gap sono progettati per la filtrazione di fluidi ad alta e bassa viscosit\u00e0 fortemente contaminati come carburante, oli lubrificanti, vernici, poliolo, isocianato, lubrificanti di raffreddamento, ecc. Sono autopulenti e sono noti da decenni per essere estremamente affidabili e facili da utilizzare e manutenere.  Possono essere impiegati in diversi settori come:   Motori a vapore e motori idraulici  Pompe  Sistemi idraulici  Macchine utensili  Riduttori  Motori a combustione di medie e grandi dimensioni  Industria alimentare  Depurazione di acque e liquidi per processi chimici, industriali, ecc.  I filtri di tipo gap possono essere utilizzati per il flusso totale e parziale. La direzione del flusso attraverso gli inserti filtranti \u00e8 dall'esterno verso l'interno. La finezza della filtrazione \u00e8 definita dalla larghezza dello spazio. Su richiesta, l'alloggiamento del filtro pu\u00f2 essere disponibile in acciaio, ghisa, alluminio e altri materiali.  &nbsp;      &nbsp;     Diversi modelli di filtri di tipo Gap Tipo con intervallo di piastre   Filtri a piastre a fessura per larghezze di fessura \u2265 0,1 mm  L'inserto filtrante a piastre \u00e8 costituito da dischi in acciaio a forma di anello impilati su un perno centrale. La larghezza dello spazio tra i dischi \u00e8 determinata dai distanziatori tra i dischi. Un dispositivo di pulizia stazionario attraversa ogni spazio. Mentre il liquido scorre tra i dischi, le particelle di sporco presenti nel liquido si depositano sulle superfici dell'intercapedine. Quando si gira la maniglia dell'inserto filtrante, le particelle di sporco si raccolgono sulla fila di pulitori per fessure e affondano nella camera di raccolta dei fanghi dove i fanghi vengono scaricati aprendo una valvola a sfera.     Tube\u00a0Tipo Gap Filtri per tubi di tipo Gap per larghezze degli spazi \u2265 0.03 mm L'inserto filtrante a tubi di tipo gap \u00e8 costituito da un filo avvolto attorno ad aste longitudinali saldate insieme in ogni punto di incrocio. Le aste longitudinali e il filo sono realizzati in acciaio inossidabile e ad alta resistenza. L'esatta posizione del filo d'acciaio sulle aste longitudinali garantisce spazi uguali. Mentre il liquido da filtrare scorre attraverso l'elemento filtrante, le particelle di sporco si depositano negli interstizi. Girando la maniglia dell'inserto filtrante, le particelle di sporco vengono rimosse da un raschiatore fisso e cadono nella camera di raccolta dei fanghi. Lo scarico dei fanghi avviene tramite l'apertura di una valvola a sfera.     Tipo con intervallo di filo Filtri di tipo wire Gap per larghezze di Gap \u2265 0.03 mm L'inserto di tipo wire gap \u00e8 costituito da un filo di acciaio inossidabile e ad alta resistenza avvolto a spirale attorno a un telaio in alluminio. L'esatta posizione del filo d'acciaio sul telaio garantisce spazi uguali. Man mano che il liquido da filtrare attraversa l'inserto, negli interstizi si depositano particelle di sporco. Quando si gira la maniglia dell'inserto filtrante, le particelle di sporco vengono raschiate da un pulitore fisso e affondano nella camera di raccolta dei fanghi dove i fanghi vengono scaricati aprendo una valvola a sfera.     &nbsp;  &nbsp;  &nbsp;","og_url":"https:\/\/borserini.com\/it\/prodotto\/filtri-autopulenti-gap-type-filters\/","og_site_name":"Borserini","article_modified_time":"2025-07-07T13:30:14+00:00","og_image":[{"width":250,"height":242,"url":"https:\/\/borserini.com\/wp-content\/uploads\/GAPFILTERS_250x242.jpg","type":"image\/jpeg"}],"twitter_card":"summary_large_image","schema":{"@context":"https:\/\/schema.org","@graph":[{"@type":"WebPage","@id":"https:\/\/borserini.com\/it\/prodotto\/filtri-autopulenti-gap-type-filters\/","url":"https:\/\/borserini.com\/it\/prodotto\/filtri-autopulenti-gap-type-filters\/","name":"Filtri Autopulenti \/ GAP-Type Filters - Borserini","isPartOf":{"@id":"https:\/\/borserini.com\/it\/#website"},"primaryImageOfPage":{"@id":"https:\/\/borserini.com\/it\/prodotto\/filtri-autopulenti-gap-type-filters\/#primaryimage"},"image":{"@id":"https:\/\/borserini.com\/it\/prodotto\/filtri-autopulenti-gap-type-filters\/#primaryimage"},"thumbnailUrl":"https:\/\/borserini.com\/wp-content\/uploads\/GAPFILTERS_250x242.jpg","datePublished":"2021-02-24T12:55:38+00:00","dateModified":"2025-07-07T13:30:14+00:00","breadcrumb":{"@id":"https:\/\/borserini.com\/it\/prodotto\/filtri-autopulenti-gap-type-filters\/#breadcrumb"},"inLanguage":"it-IT","potentialAction":[{"@type":"ReadAction","target":["https:\/\/borserini.com\/it\/prodotto\/filtri-autopulenti-gap-type-filters\/"]}]},{"@type":"ImageObject","inLanguage":"it-IT","@id":"https:\/\/borserini.com\/it\/prodotto\/filtri-autopulenti-gap-type-filters\/#primaryimage","url":"https:\/\/borserini.com\/wp-content\/uploads\/GAPFILTERS_250x242.jpg","contentUrl":"https:\/\/borserini.com\/wp-content\/uploads\/GAPFILTERS_250x242.jpg","width":250,"height":242},{"@type":"BreadcrumbList","@id":"https:\/\/borserini.com\/it\/prodotto\/filtri-autopulenti-gap-type-filters\/#breadcrumb","itemListElement":[{"@type":"ListItem","position":1,"name":"Home","item":"https:\/\/borserini.com\/it\/"},{"@type":"ListItem","position":2,"name":"Cataloghi","item":"https:\/\/borserini.com\/it\/cataloghi\/"},{"@type":"ListItem","position":3,"name":"Filtri Autopulenti \/ GAP-Type Filters"}]},{"@type":"WebSite","@id":"https:\/\/borserini.com\/it\/#website","url":"https:\/\/borserini.com\/it\/","name":"Borserini","description":"Technical and Filtration Solution","publisher":{"@id":"https:\/\/borserini.com\/it\/#organization"},"potentialAction":[{"@type":"SearchAction","target":{"@type":"EntryPoint","urlTemplate":"https:\/\/borserini.com\/it\/?s={search_term_string}"},"query-input":{"@type":"PropertyValueSpecification","valueRequired":true,"valueName":"search_term_string"}}],"inLanguage":"it-IT"},{"@type":"Organization","@id":"https:\/\/borserini.com\/it\/#organization","name":"BORSERINI SRL","url":"https:\/\/borserini.com\/it\/","logo":{"@type":"ImageObject","inLanguage":"it-IT","@id":"https:\/\/borserini.com\/it\/#\/schema\/logo\/image\/","url":"https:\/\/borserini.com\/wp-content\/uploads\/logo-anim-h60-v2.gif","contentUrl":"https:\/\/borserini.com\/wp-content\/uploads\/logo-anim-h60-v2.gif","width":300,"height":60,"caption":"BORSERINI SRL"},"image":{"@id":"https:\/\/borserini.com\/it\/#\/schema\/logo\/image\/"}}]}},"_links":{"self":[{"href":"https:\/\/borserini.com\/it\/wp-json\/wp\/v2\/product\/8113","targetHints":{"allow":["GET"]}}],"collection":[{"href":"https:\/\/borserini.com\/it\/wp-json\/wp\/v2\/product"}],"about":[{"href":"https:\/\/borserini.com\/it\/wp-json\/wp\/v2\/types\/product"}],"version-history":[{"count":5,"href":"https:\/\/borserini.com\/it\/wp-json\/wp\/v2\/product\/8113\/revisions"}],"predecessor-version":[{"id":14203,"href":"https:\/\/borserini.com\/it\/wp-json\/wp\/v2\/product\/8113\/revisions\/14203"}],"wp:featuredmedia":[{"embeddable":true,"href":"https:\/\/borserini.com\/it\/wp-json\/wp\/v2\/media\/14198"}],"wp:attachment":[{"href":"https:\/\/borserini.com\/it\/wp-json\/wp\/v2\/media?parent=8113"}],"wp:term":[{"taxonomy":"product_brand","embeddable":true,"href":"https:\/\/borserini.com\/it\/wp-json\/wp\/v2\/product_brand?post=8113"},{"taxonomy":"product_cat","embeddable":true,"href":"https:\/\/borserini.com\/it\/wp-json\/wp\/v2\/product_cat?post=8113"},{"taxonomy":"product_tag","embeddable":true,"href":"https:\/\/borserini.com\/it\/wp-json\/wp\/v2\/product_tag?post=8113"}],"curies":[{"name":"wp","href":"https:\/\/api.w.org\/{rel}","templated":true}]}}