{"id":8111,"date":"2021-02-26T17:00:34","date_gmt":"2021-02-26T16:00:34","guid":{"rendered":"https:\/\/borserini.com\/product\/self-cleaning-filters-gap-type-filters-3\/"},"modified":"2025-04-11T16:22:27","modified_gmt":"2025-04-11T14:22:27","slug":"filtri-autopulenti-tipo-gap-filtri-3","status":"publish","type":"product","link":"https:\/\/borserini.com\/it\/prodotto\/filtri-autopulenti-tipo-gap-filtri-3\/","title":{"rendered":"Filtri autopulenti Filtri di tipo gap 3"},"content":{"rendered":"","protected":false},"excerpt":{"rendered":"<p><img fetchpriority=\"high\" decoding=\"async\" class=\"\" src=\"\/wp-content\/uploads\/varie2\/VARIOUS IMAGES\/LUID_TECHNOLOGY2.jpg\" alt=\"\" width=\"751\" height=\"192\" \/><\/p>\n<h1>GAP-TYPE FILTER<\/h1>\n<h3><strong>Collaudato mille volte e un vero classico<\/strong><\/h3>\n<p>I filtri del tipo Plate Gap, Tube Gap e Wire Gap sono progettati per la filtrazione di fluidi ad alta e bassa viscosit\u00e0 fortemente contaminati come carburante, oli lubrificanti, vernici, poliolo, isocianato, lubrificanti di raffreddamento, ecc.<br \/>\nSono autopulenti e sono noti da decenni per essere estremamente affidabili e di facile utilizzo e manutenzione.<\/p>\n<p>Possono essere utilizzati in diversi campi come:<\/p>\n<ul>\n<li>Macchine a vapore e motori idromotori<\/li>\n<li>Pompe<\/li>\n<li>Sistemi idraulici<\/li>\n<li>Macchine utensili<\/li>\n<li>Riduttori<\/li>\n<li>Motori a combustione di medie e grandi dimensioni<\/li>\n<li>Industria alimentare<\/li>\n<li>Depurazione di acque e liquidi per processi chimici, industriali, ecc.<\/li>\n<\/ul>\n<p>I filtri di tipo gap possono essere utilizzati per il flusso completo e parziale.<br \/>\nLa direzione del flusso attraverso gli inserti filtranti \u00e8 dall&#8217;esterno verso l&#8217;interno.<br \/>\nLa finezza della filtrazione \u00e8 definita dall&#8217;ampiezza dello spazio.<br \/>\nSu richiesta, l&#8217;alloggiamento del filtro pu\u00f2 essere disponibile in acciaio, ghisa, alluminio e altri materiali.<\/p>\n","protected":false},"featured_media":5485,"template":"","meta":[],"product_brand":[],"product_cat":[858],"product_tag":[],"class_list":{"0":"post-8111","1":"product","2":"type-product","3":"status-publish","4":"has-post-thumbnail","6":"product_cat-filtri-autopulenti-gap-type","8":"first","9":"instock","10":"shipping-taxable","11":"product-type-simple"},"yoast_head":"<!-- This site is optimized with the Yoast SEO plugin v27.3 - https:\/\/yoast.com\/product\/yoast-seo-wordpress\/ -->\n<title>Filtri autopulenti Filtri di tipo gap 3 - Borserini<\/title>\n<meta name=\"robots\" content=\"index, follow, max-snippet:-1, max-image-preview:large, max-video-preview:-1\" \/>\n<link rel=\"canonical\" href=\"https:\/\/borserini.com\/it\/prodotto\/filtri-autopulenti-tipo-gap-filtri-3\/\" \/>\n<meta property=\"og:locale\" content=\"it_IT\" \/>\n<meta property=\"og:type\" content=\"article\" \/>\n<meta property=\"og:title\" content=\"Filtri autopulenti Filtri di tipo gap 3 - Borserini\" \/>\n<meta property=\"og:description\" content=\"GAP-TYPE FILTER Collaudato mille volte e un vero classico I filtri del tipo Plate Gap, Tube Gap e Wire Gap sono progettati per la filtrazione di fluidi ad alta e bassa viscosit\u00e0 fortemente contaminati come carburante, oli lubrificanti, vernici, poliolo, isocianato, lubrificanti di raffreddamento, ecc.  Sono autopulenti e sono noti da decenni per essere estremamente affidabili e di facile utilizzo e manutenzione. Possono essere utilizzati in diversi campi come:  Macchine a vapore e motori idromotori Pompe Sistemi idraulici Macchine utensili Riduttori Motori a combustione di medie e grandi dimensioni Industria alimentare Depurazione di acque e liquidi per processi chimici, industriali, ecc.  I filtri di tipo gap possono essere utilizzati per il flusso completo e parziale. La direzione del flusso attraverso gli inserti filtranti \u00e8 dall&#039;esterno verso l&#039;interno. La finezza della filtrazione \u00e8 definita dall&#039;ampiezza dello spazio. Su richiesta, l&#039;alloggiamento del filtro pu\u00f2 essere disponibile in acciaio, ghisa, alluminio e altri materiali.\" \/>\n<meta property=\"og:url\" content=\"https:\/\/borserini.com\/it\/prodotto\/filtri-autopulenti-tipo-gap-filtri-3\/\" \/>\n<meta property=\"og:site_name\" content=\"Borserini\" \/>\n<meta property=\"article:modified_time\" content=\"2025-04-11T14:22:27+00:00\" \/>\n<meta property=\"og:image\" content=\"https:\/\/borserini.com\/wp-content\/uploads\/foto-nd.jpg\" \/>\n\t<meta property=\"og:image:width\" content=\"150\" \/>\n\t<meta property=\"og:image:height\" content=\"150\" \/>\n\t<meta property=\"og:image:type\" content=\"image\/jpeg\" \/>\n<meta name=\"twitter:card\" content=\"summary_large_image\" \/>\n<script type=\"application\/ld+json\" class=\"yoast-schema-graph\">{\"@context\":\"https:\\\/\\\/schema.org\",\"@graph\":[{\"@type\":\"WebPage\",\"@id\":\"https:\\\/\\\/borserini.com\\\/it\\\/prodotto\\\/filtri-autopulenti-tipo-gap-filtri-3\\\/\",\"url\":\"https:\\\/\\\/borserini.com\\\/it\\\/prodotto\\\/filtri-autopulenti-tipo-gap-filtri-3\\\/\",\"name\":\"Filtri autopulenti Filtri di tipo gap 3 - Borserini\",\"isPartOf\":{\"@id\":\"https:\\\/\\\/borserini.com\\\/it\\\/#website\"},\"primaryImageOfPage\":{\"@id\":\"https:\\\/\\\/borserini.com\\\/it\\\/prodotto\\\/filtri-autopulenti-tipo-gap-filtri-3\\\/#primaryimage\"},\"image\":{\"@id\":\"https:\\\/\\\/borserini.com\\\/it\\\/prodotto\\\/filtri-autopulenti-tipo-gap-filtri-3\\\/#primaryimage\"},\"thumbnailUrl\":\"https:\\\/\\\/borserini.com\\\/wp-content\\\/uploads\\\/foto-nd.jpg\",\"datePublished\":\"2021-02-26T16:00:34+00:00\",\"dateModified\":\"2025-04-11T14:22:27+00:00\",\"breadcrumb\":{\"@id\":\"https:\\\/\\\/borserini.com\\\/it\\\/prodotto\\\/filtri-autopulenti-tipo-gap-filtri-3\\\/#breadcrumb\"},\"inLanguage\":\"it-IT\",\"potentialAction\":[{\"@type\":\"ReadAction\",\"target\":[\"https:\\\/\\\/borserini.com\\\/it\\\/prodotto\\\/filtri-autopulenti-tipo-gap-filtri-3\\\/\"]}]},{\"@type\":\"ImageObject\",\"inLanguage\":\"it-IT\",\"@id\":\"https:\\\/\\\/borserini.com\\\/it\\\/prodotto\\\/filtri-autopulenti-tipo-gap-filtri-3\\\/#primaryimage\",\"url\":\"https:\\\/\\\/borserini.com\\\/wp-content\\\/uploads\\\/foto-nd.jpg\",\"contentUrl\":\"https:\\\/\\\/borserini.com\\\/wp-content\\\/uploads\\\/foto-nd.jpg\",\"width\":150,\"height\":150},{\"@type\":\"BreadcrumbList\",\"@id\":\"https:\\\/\\\/borserini.com\\\/it\\\/prodotto\\\/filtri-autopulenti-tipo-gap-filtri-3\\\/#breadcrumb\",\"itemListElement\":[{\"@type\":\"ListItem\",\"position\":1,\"name\":\"Home\",\"item\":\"https:\\\/\\\/borserini.com\\\/it\\\/\"},{\"@type\":\"ListItem\",\"position\":2,\"name\":\"Cataloghi\",\"item\":\"https:\\\/\\\/borserini.com\\\/it\\\/cataloghi\\\/\"},{\"@type\":\"ListItem\",\"position\":3,\"name\":\"Filtri autopulenti Filtri di tipo gap 3\"}]},{\"@type\":\"WebSite\",\"@id\":\"https:\\\/\\\/borserini.com\\\/it\\\/#website\",\"url\":\"https:\\\/\\\/borserini.com\\\/it\\\/\",\"name\":\"Borserini\",\"description\":\"Technical and Filtration Solution\",\"publisher\":{\"@id\":\"https:\\\/\\\/borserini.com\\\/it\\\/#organization\"},\"potentialAction\":[{\"@type\":\"SearchAction\",\"target\":{\"@type\":\"EntryPoint\",\"urlTemplate\":\"https:\\\/\\\/borserini.com\\\/it\\\/?s={search_term_string}\"},\"query-input\":{\"@type\":\"PropertyValueSpecification\",\"valueRequired\":true,\"valueName\":\"search_term_string\"}}],\"inLanguage\":\"it-IT\"},{\"@type\":\"Organization\",\"@id\":\"https:\\\/\\\/borserini.com\\\/it\\\/#organization\",\"name\":\"BORSERINI SRL\",\"url\":\"https:\\\/\\\/borserini.com\\\/it\\\/\",\"logo\":{\"@type\":\"ImageObject\",\"inLanguage\":\"it-IT\",\"@id\":\"https:\\\/\\\/borserini.com\\\/it\\\/#\\\/schema\\\/logo\\\/image\\\/\",\"url\":\"https:\\\/\\\/borserini.com\\\/wp-content\\\/uploads\\\/logo-anim-h60-v2.gif\",\"contentUrl\":\"https:\\\/\\\/borserini.com\\\/wp-content\\\/uploads\\\/logo-anim-h60-v2.gif\",\"width\":300,\"height\":60,\"caption\":\"BORSERINI SRL\"},\"image\":{\"@id\":\"https:\\\/\\\/borserini.com\\\/it\\\/#\\\/schema\\\/logo\\\/image\\\/\"}}]}<\/script>\n<!-- \/ Yoast SEO plugin. -->","yoast_head_json":{"title":"Filtri autopulenti Filtri di tipo gap 3 - Borserini","robots":{"index":"index","follow":"follow","max-snippet":"max-snippet:-1","max-image-preview":"max-image-preview:large","max-video-preview":"max-video-preview:-1"},"canonical":"https:\/\/borserini.com\/it\/prodotto\/filtri-autopulenti-tipo-gap-filtri-3\/","og_locale":"it_IT","og_type":"article","og_title":"Filtri autopulenti Filtri di tipo gap 3 - Borserini","og_description":"GAP-TYPE FILTER Collaudato mille volte e un vero classico I filtri del tipo Plate Gap, Tube Gap e Wire Gap sono progettati per la filtrazione di fluidi ad alta e bassa viscosit\u00e0 fortemente contaminati come carburante, oli lubrificanti, vernici, poliolo, isocianato, lubrificanti di raffreddamento, ecc.  Sono autopulenti e sono noti da decenni per essere estremamente affidabili e di facile utilizzo e manutenzione. Possono essere utilizzati in diversi campi come:  Macchine a vapore e motori idromotori Pompe Sistemi idraulici Macchine utensili Riduttori Motori a combustione di medie e grandi dimensioni Industria alimentare Depurazione di acque e liquidi per processi chimici, industriali, ecc.  I filtri di tipo gap possono essere utilizzati per il flusso completo e parziale. La direzione del flusso attraverso gli inserti filtranti \u00e8 dall'esterno verso l'interno. La finezza della filtrazione \u00e8 definita dall'ampiezza dello spazio. Su richiesta, l'alloggiamento del filtro pu\u00f2 essere disponibile in acciaio, ghisa, alluminio e altri materiali.","og_url":"https:\/\/borserini.com\/it\/prodotto\/filtri-autopulenti-tipo-gap-filtri-3\/","og_site_name":"Borserini","article_modified_time":"2025-04-11T14:22:27+00:00","og_image":[{"width":150,"height":150,"url":"https:\/\/borserini.com\/wp-content\/uploads\/foto-nd.jpg","type":"image\/jpeg"}],"twitter_card":"summary_large_image","schema":{"@context":"https:\/\/schema.org","@graph":[{"@type":"WebPage","@id":"https:\/\/borserini.com\/it\/prodotto\/filtri-autopulenti-tipo-gap-filtri-3\/","url":"https:\/\/borserini.com\/it\/prodotto\/filtri-autopulenti-tipo-gap-filtri-3\/","name":"Filtri autopulenti Filtri di tipo gap 3 - Borserini","isPartOf":{"@id":"https:\/\/borserini.com\/it\/#website"},"primaryImageOfPage":{"@id":"https:\/\/borserini.com\/it\/prodotto\/filtri-autopulenti-tipo-gap-filtri-3\/#primaryimage"},"image":{"@id":"https:\/\/borserini.com\/it\/prodotto\/filtri-autopulenti-tipo-gap-filtri-3\/#primaryimage"},"thumbnailUrl":"https:\/\/borserini.com\/wp-content\/uploads\/foto-nd.jpg","datePublished":"2021-02-26T16:00:34+00:00","dateModified":"2025-04-11T14:22:27+00:00","breadcrumb":{"@id":"https:\/\/borserini.com\/it\/prodotto\/filtri-autopulenti-tipo-gap-filtri-3\/#breadcrumb"},"inLanguage":"it-IT","potentialAction":[{"@type":"ReadAction","target":["https:\/\/borserini.com\/it\/prodotto\/filtri-autopulenti-tipo-gap-filtri-3\/"]}]},{"@type":"ImageObject","inLanguage":"it-IT","@id":"https:\/\/borserini.com\/it\/prodotto\/filtri-autopulenti-tipo-gap-filtri-3\/#primaryimage","url":"https:\/\/borserini.com\/wp-content\/uploads\/foto-nd.jpg","contentUrl":"https:\/\/borserini.com\/wp-content\/uploads\/foto-nd.jpg","width":150,"height":150},{"@type":"BreadcrumbList","@id":"https:\/\/borserini.com\/it\/prodotto\/filtri-autopulenti-tipo-gap-filtri-3\/#breadcrumb","itemListElement":[{"@type":"ListItem","position":1,"name":"Home","item":"https:\/\/borserini.com\/it\/"},{"@type":"ListItem","position":2,"name":"Cataloghi","item":"https:\/\/borserini.com\/it\/cataloghi\/"},{"@type":"ListItem","position":3,"name":"Filtri autopulenti Filtri di tipo gap 3"}]},{"@type":"WebSite","@id":"https:\/\/borserini.com\/it\/#website","url":"https:\/\/borserini.com\/it\/","name":"Borserini","description":"Technical and Filtration Solution","publisher":{"@id":"https:\/\/borserini.com\/it\/#organization"},"potentialAction":[{"@type":"SearchAction","target":{"@type":"EntryPoint","urlTemplate":"https:\/\/borserini.com\/it\/?s={search_term_string}"},"query-input":{"@type":"PropertyValueSpecification","valueRequired":true,"valueName":"search_term_string"}}],"inLanguage":"it-IT"},{"@type":"Organization","@id":"https:\/\/borserini.com\/it\/#organization","name":"BORSERINI SRL","url":"https:\/\/borserini.com\/it\/","logo":{"@type":"ImageObject","inLanguage":"it-IT","@id":"https:\/\/borserini.com\/it\/#\/schema\/logo\/image\/","url":"https:\/\/borserini.com\/wp-content\/uploads\/logo-anim-h60-v2.gif","contentUrl":"https:\/\/borserini.com\/wp-content\/uploads\/logo-anim-h60-v2.gif","width":300,"height":60,"caption":"BORSERINI SRL"},"image":{"@id":"https:\/\/borserini.com\/it\/#\/schema\/logo\/image\/"}}]}},"_links":{"self":[{"href":"https:\/\/borserini.com\/it\/wp-json\/wp\/v2\/product\/8111","targetHints":{"allow":["GET"]}}],"collection":[{"href":"https:\/\/borserini.com\/it\/wp-json\/wp\/v2\/product"}],"about":[{"href":"https:\/\/borserini.com\/it\/wp-json\/wp\/v2\/types\/product"}],"version-history":[{"count":1,"href":"https:\/\/borserini.com\/it\/wp-json\/wp\/v2\/product\/8111\/revisions"}],"predecessor-version":[{"id":8112,"href":"https:\/\/borserini.com\/it\/wp-json\/wp\/v2\/product\/8111\/revisions\/8112"}],"wp:featuredmedia":[{"embeddable":true,"href":"https:\/\/borserini.com\/it\/wp-json\/wp\/v2\/media\/5485"}],"wp:attachment":[{"href":"https:\/\/borserini.com\/it\/wp-json\/wp\/v2\/media?parent=8111"}],"wp:term":[{"taxonomy":"product_brand","embeddable":true,"href":"https:\/\/borserini.com\/it\/wp-json\/wp\/v2\/product_brand?post=8111"},{"taxonomy":"product_cat","embeddable":true,"href":"https:\/\/borserini.com\/it\/wp-json\/wp\/v2\/product_cat?post=8111"},{"taxonomy":"product_tag","embeddable":true,"href":"https:\/\/borserini.com\/it\/wp-json\/wp\/v2\/product_tag?post=8111"}],"curies":[{"name":"wp","href":"https:\/\/api.w.org\/{rel}","templated":true}]}}