{"id":8089,"date":"2020-10-05T23:12:54","date_gmt":"2020-10-05T21:12:54","guid":{"rendered":"https:\/\/borserini.com\/product\/eco-compact-collectors-atex-compliant\/"},"modified":"2025-07-30T11:41:02","modified_gmt":"2025-07-30T09:41:02","slug":"collettori-eco-compact-conformi-atex","status":"publish","type":"product","link":"https:\/\/borserini.com\/it\/prodotto\/collettori-eco-compact-conformi-atex\/","title":{"rendered":"Collettori ECO-COMPACT Conformi ATEX"},"content":{"rendered":"","protected":false},"excerpt":{"rendered":"<p>&nbsp;<\/p>\n<p>&nbsp;<\/p>\n<p>ATEX \u2013 sicurezza contro le esplosioni<\/p>\n<p>&nbsp;<\/p>\n<p><img decoding=\"async\" style=\"float: left; padding: 5px;\" src=\"\/wp-content\/uploads\/varie2\/PRODUCT IMAGES\/TRM FILTER\/Explosion safety.jpg\" alt=\"\" width=\"250\" height=\"178\" \/><\/p>\n<p>L&#8217;estrazione delle polveri in atmosfere potenzialmente esplosive richiede un approccio conforme alla Direttiva ATEX 94\/9\/CE.<\/p>\n<p>I depolveratori Atex ECO-COMPACT rappresentano il risultato di alta tecnologia della nostra azienda, che da un lato soddisfano i requisiti fissati dalle normative di legge, ma dall&#8217;altro rappresentano una risposta unica a tutte le crescenti esigenze del mercato di tali applicazioni.<\/p>\n<p>Sono disponibili tipologie Atex di depolveratori ECO-COMPACT <strong>per atmosfere polverose e ibride potenzialmente esplosive<\/strong>, ma a seconda dell&#8217;applicazione possiamo scegliere tra diverse possibilit\u00e0 di protezione antideflagrante. Per scegliere il tipo di protezione antideflagrante ottimale per la vostra applicazione, <a href=\"https:\/\/borserini.com\/it\/contatti\/\">contattate i nostri professionisti<\/a>.<\/p>\n<p>&nbsp;<\/p>\n<p>Numerose <strong>funzionalit\u00e0 e opzioni<\/strong> sono adatte all&#8217;utilizzo nelle operazioni pi\u00f9 impegnative.<\/p>\n<p>L&#8217;intera struttura \u00e8 protetta contro le esplosioni, ma il prodotto pi\u00f9 importante rimane comunque ROTATRONIC \u2013 un sistema unico di elementi filtranti nella tecnologia di pulizia e controllo\/monitoraggio, che consente la gestione completa del depolveratore.<\/p>\n<p>Opzioni<\/p>\n<p>\u2022 alloggiamento in acciaio inossidabile<\/p>\n<p>\u2022 sistema di sostituzione del filtro senza contatto \u201cbag in-bag out\u201d<\/p>\n<p>\u2022 svuotamento del contenitore delle polveri senza contatto con contaminanti<\/p>\n<p>\u2022 indicazione elettronica del livello di polvere nei contenitori della polvere<\/p>\n<p>\u2022 filtrazione secondaria disponibile (HEPA, carbone attivo,..)<\/p>\n<p>\u2022 vari sistemi che impediscono la propagazione di un&#8217;esplosione<\/p>\n<p>&nbsp;<\/p>\n<p>&nbsp;<\/p>\n<p>&nbsp;<\/p>\n","protected":false},"featured_media":8662,"template":"","meta":[],"product_brand":[],"product_cat":[877,850],"product_tag":[],"class_list":{"0":"post-8089","1":"product","2":"type-product","3":"status-publish","4":"has-post-thumbnail","6":"product_cat-filtrazione-aria-industriale","7":"product_cat-sistemi-filtranti-modulari-trm","9":"first","10":"instock","11":"shipping-taxable","12":"product-type-simple"},"yoast_head":"<!-- This site is optimized with the Yoast SEO plugin v27.3 - https:\/\/yoast.com\/product\/yoast-seo-wordpress\/ -->\n<title>Collettori ECO-COMPACT Conformi ATEX - Borserini<\/title>\n<meta name=\"robots\" content=\"index, follow, max-snippet:-1, max-image-preview:large, max-video-preview:-1\" \/>\n<link rel=\"canonical\" href=\"https:\/\/borserini.com\/it\/prodotto\/collettori-eco-compact-conformi-atex\/\" \/>\n<meta property=\"og:locale\" content=\"it_IT\" \/>\n<meta property=\"og:type\" content=\"article\" \/>\n<meta property=\"og:title\" content=\"Collettori ECO-COMPACT Conformi ATEX - Borserini\" \/>\n<meta property=\"og:description\" content=\"&nbsp;  &nbsp;  ATEX \u2013 sicurezza contro le esplosioni  &nbsp;    L&#039;estrazione delle polveri in atmosfere potenzialmente esplosive richiede un approccio conforme alla Direttiva ATEX 94\/9\/CE.  I depolveratori Atex ECO-COMPACT rappresentano il risultato di alta tecnologia della nostra azienda, che da un lato soddisfano i requisiti fissati dalle normative di legge, ma dall&#039;altro rappresentano una risposta unica a tutte le crescenti esigenze del mercato di tali applicazioni.  Sono disponibili tipologie Atex di depolveratori ECO-COMPACT per atmosfere polverose e ibride potenzialmente esplosive, ma a seconda dell&#039;applicazione possiamo scegliere tra diverse possibilit\u00e0 di protezione antideflagrante. Per scegliere il tipo di protezione antideflagrante ottimale per la vostra applicazione, contattate i nostri professionisti.  &nbsp;  Numerose funzionalit\u00e0 e opzioni sono adatte all&#039;utilizzo nelle operazioni pi\u00f9 impegnative.  L&#039;intera struttura \u00e8 protetta contro le esplosioni, ma il prodotto pi\u00f9 importante rimane comunque ROTATRONIC \u2013 un sistema unico di elementi filtranti nella tecnologia di pulizia e controllo\/monitoraggio, che consente la gestione completa del depolveratore.  Opzioni  \u2022 alloggiamento in acciaio inossidabile  \u2022 sistema di sostituzione del filtro senza contatto \u201cbag in-bag out\u201d  \u2022 svuotamento del contenitore delle polveri senza contatto con contaminanti  \u2022 indicazione elettronica del livello di polvere nei contenitori della polvere  \u2022 filtrazione secondaria disponibile (HEPA, carbone attivo,..)  \u2022 vari sistemi che impediscono la propagazione di un&#039;esplosione  &nbsp;  &nbsp;  &nbsp;\" \/>\n<meta property=\"og:url\" content=\"https:\/\/borserini.com\/it\/prodotto\/collettori-eco-compact-conformi-atex\/\" \/>\n<meta property=\"og:site_name\" content=\"Borserini\" \/>\n<meta property=\"article:modified_time\" content=\"2025-07-30T09:41:02+00:00\" \/>\n<meta property=\"og:image\" content=\"https:\/\/borserini.com\/wp-content\/uploads\/Explosion-safety.jpeg\" \/>\n\t<meta property=\"og:image:width\" content=\"1396\" \/>\n\t<meta property=\"og:image:height\" content=\"995\" \/>\n\t<meta property=\"og:image:type\" content=\"image\/jpeg\" \/>\n<meta name=\"twitter:card\" content=\"summary_large_image\" \/>\n<script type=\"application\/ld+json\" class=\"yoast-schema-graph\">{\"@context\":\"https:\\\/\\\/schema.org\",\"@graph\":[{\"@type\":\"WebPage\",\"@id\":\"https:\\\/\\\/borserini.com\\\/it\\\/prodotto\\\/collettori-eco-compact-conformi-atex\\\/\",\"url\":\"https:\\\/\\\/borserini.com\\\/it\\\/prodotto\\\/collettori-eco-compact-conformi-atex\\\/\",\"name\":\"Collettori ECO-COMPACT Conformi ATEX - Borserini\",\"isPartOf\":{\"@id\":\"https:\\\/\\\/borserini.com\\\/it\\\/#website\"},\"primaryImageOfPage\":{\"@id\":\"https:\\\/\\\/borserini.com\\\/it\\\/prodotto\\\/collettori-eco-compact-conformi-atex\\\/#primaryimage\"},\"image\":{\"@id\":\"https:\\\/\\\/borserini.com\\\/it\\\/prodotto\\\/collettori-eco-compact-conformi-atex\\\/#primaryimage\"},\"thumbnailUrl\":\"https:\\\/\\\/borserini.com\\\/wp-content\\\/uploads\\\/Explosion-safety.jpeg\",\"datePublished\":\"2020-10-05T21:12:54+00:00\",\"dateModified\":\"2025-07-30T09:41:02+00:00\",\"breadcrumb\":{\"@id\":\"https:\\\/\\\/borserini.com\\\/it\\\/prodotto\\\/collettori-eco-compact-conformi-atex\\\/#breadcrumb\"},\"inLanguage\":\"it-IT\",\"potentialAction\":[{\"@type\":\"ReadAction\",\"target\":[\"https:\\\/\\\/borserini.com\\\/it\\\/prodotto\\\/collettori-eco-compact-conformi-atex\\\/\"]}]},{\"@type\":\"ImageObject\",\"inLanguage\":\"it-IT\",\"@id\":\"https:\\\/\\\/borserini.com\\\/it\\\/prodotto\\\/collettori-eco-compact-conformi-atex\\\/#primaryimage\",\"url\":\"https:\\\/\\\/borserini.com\\\/wp-content\\\/uploads\\\/Explosion-safety.jpeg\",\"contentUrl\":\"https:\\\/\\\/borserini.com\\\/wp-content\\\/uploads\\\/Explosion-safety.jpeg\",\"width\":1396,\"height\":995},{\"@type\":\"BreadcrumbList\",\"@id\":\"https:\\\/\\\/borserini.com\\\/it\\\/prodotto\\\/collettori-eco-compact-conformi-atex\\\/#breadcrumb\",\"itemListElement\":[{\"@type\":\"ListItem\",\"position\":1,\"name\":\"Home\",\"item\":\"https:\\\/\\\/borserini.com\\\/it\\\/\"},{\"@type\":\"ListItem\",\"position\":2,\"name\":\"Cataloghi\",\"item\":\"https:\\\/\\\/borserini.com\\\/it\\\/cataloghi\\\/\"},{\"@type\":\"ListItem\",\"position\":3,\"name\":\"Collettori ECO-COMPACT Conformi ATEX\"}]},{\"@type\":\"WebSite\",\"@id\":\"https:\\\/\\\/borserini.com\\\/it\\\/#website\",\"url\":\"https:\\\/\\\/borserini.com\\\/it\\\/\",\"name\":\"Borserini\",\"description\":\"Technical and Filtration Solution\",\"publisher\":{\"@id\":\"https:\\\/\\\/borserini.com\\\/it\\\/#organization\"},\"potentialAction\":[{\"@type\":\"SearchAction\",\"target\":{\"@type\":\"EntryPoint\",\"urlTemplate\":\"https:\\\/\\\/borserini.com\\\/it\\\/?s={search_term_string}\"},\"query-input\":{\"@type\":\"PropertyValueSpecification\",\"valueRequired\":true,\"valueName\":\"search_term_string\"}}],\"inLanguage\":\"it-IT\"},{\"@type\":\"Organization\",\"@id\":\"https:\\\/\\\/borserini.com\\\/it\\\/#organization\",\"name\":\"BORSERINI SRL\",\"url\":\"https:\\\/\\\/borserini.com\\\/it\\\/\",\"logo\":{\"@type\":\"ImageObject\",\"inLanguage\":\"it-IT\",\"@id\":\"https:\\\/\\\/borserini.com\\\/it\\\/#\\\/schema\\\/logo\\\/image\\\/\",\"url\":\"https:\\\/\\\/borserini.com\\\/wp-content\\\/uploads\\\/logo-anim-h60-v2.gif\",\"contentUrl\":\"https:\\\/\\\/borserini.com\\\/wp-content\\\/uploads\\\/logo-anim-h60-v2.gif\",\"width\":300,\"height\":60,\"caption\":\"BORSERINI SRL\"},\"image\":{\"@id\":\"https:\\\/\\\/borserini.com\\\/it\\\/#\\\/schema\\\/logo\\\/image\\\/\"}}]}<\/script>\n<!-- \/ Yoast SEO plugin. -->","yoast_head_json":{"title":"Collettori ECO-COMPACT Conformi ATEX - Borserini","robots":{"index":"index","follow":"follow","max-snippet":"max-snippet:-1","max-image-preview":"max-image-preview:large","max-video-preview":"max-video-preview:-1"},"canonical":"https:\/\/borserini.com\/it\/prodotto\/collettori-eco-compact-conformi-atex\/","og_locale":"it_IT","og_type":"article","og_title":"Collettori ECO-COMPACT Conformi ATEX - Borserini","og_description":"&nbsp;  &nbsp;  ATEX \u2013 sicurezza contro le esplosioni  &nbsp;    L'estrazione delle polveri in atmosfere potenzialmente esplosive richiede un approccio conforme alla Direttiva ATEX 94\/9\/CE.  I depolveratori Atex ECO-COMPACT rappresentano il risultato di alta tecnologia della nostra azienda, che da un lato soddisfano i requisiti fissati dalle normative di legge, ma dall'altro rappresentano una risposta unica a tutte le crescenti esigenze del mercato di tali applicazioni.  Sono disponibili tipologie Atex di depolveratori ECO-COMPACT per atmosfere polverose e ibride potenzialmente esplosive, ma a seconda dell'applicazione possiamo scegliere tra diverse possibilit\u00e0 di protezione antideflagrante. Per scegliere il tipo di protezione antideflagrante ottimale per la vostra applicazione, contattate i nostri professionisti.  &nbsp;  Numerose funzionalit\u00e0 e opzioni sono adatte all'utilizzo nelle operazioni pi\u00f9 impegnative.  L'intera struttura \u00e8 protetta contro le esplosioni, ma il prodotto pi\u00f9 importante rimane comunque ROTATRONIC \u2013 un sistema unico di elementi filtranti nella tecnologia di pulizia e controllo\/monitoraggio, che consente la gestione completa del depolveratore.  Opzioni  \u2022 alloggiamento in acciaio inossidabile  \u2022 sistema di sostituzione del filtro senza contatto \u201cbag in-bag out\u201d  \u2022 svuotamento del contenitore delle polveri senza contatto con contaminanti  \u2022 indicazione elettronica del livello di polvere nei contenitori della polvere  \u2022 filtrazione secondaria disponibile (HEPA, carbone attivo,..)  \u2022 vari sistemi che impediscono la propagazione di un'esplosione  &nbsp;  &nbsp;  &nbsp;","og_url":"https:\/\/borserini.com\/it\/prodotto\/collettori-eco-compact-conformi-atex\/","og_site_name":"Borserini","article_modified_time":"2025-07-30T09:41:02+00:00","og_image":[{"width":1396,"height":995,"url":"https:\/\/borserini.com\/wp-content\/uploads\/Explosion-safety.jpeg","type":"image\/jpeg"}],"twitter_card":"summary_large_image","schema":{"@context":"https:\/\/schema.org","@graph":[{"@type":"WebPage","@id":"https:\/\/borserini.com\/it\/prodotto\/collettori-eco-compact-conformi-atex\/","url":"https:\/\/borserini.com\/it\/prodotto\/collettori-eco-compact-conformi-atex\/","name":"Collettori ECO-COMPACT Conformi ATEX - Borserini","isPartOf":{"@id":"https:\/\/borserini.com\/it\/#website"},"primaryImageOfPage":{"@id":"https:\/\/borserini.com\/it\/prodotto\/collettori-eco-compact-conformi-atex\/#primaryimage"},"image":{"@id":"https:\/\/borserini.com\/it\/prodotto\/collettori-eco-compact-conformi-atex\/#primaryimage"},"thumbnailUrl":"https:\/\/borserini.com\/wp-content\/uploads\/Explosion-safety.jpeg","datePublished":"2020-10-05T21:12:54+00:00","dateModified":"2025-07-30T09:41:02+00:00","breadcrumb":{"@id":"https:\/\/borserini.com\/it\/prodotto\/collettori-eco-compact-conformi-atex\/#breadcrumb"},"inLanguage":"it-IT","potentialAction":[{"@type":"ReadAction","target":["https:\/\/borserini.com\/it\/prodotto\/collettori-eco-compact-conformi-atex\/"]}]},{"@type":"ImageObject","inLanguage":"it-IT","@id":"https:\/\/borserini.com\/it\/prodotto\/collettori-eco-compact-conformi-atex\/#primaryimage","url":"https:\/\/borserini.com\/wp-content\/uploads\/Explosion-safety.jpeg","contentUrl":"https:\/\/borserini.com\/wp-content\/uploads\/Explosion-safety.jpeg","width":1396,"height":995},{"@type":"BreadcrumbList","@id":"https:\/\/borserini.com\/it\/prodotto\/collettori-eco-compact-conformi-atex\/#breadcrumb","itemListElement":[{"@type":"ListItem","position":1,"name":"Home","item":"https:\/\/borserini.com\/it\/"},{"@type":"ListItem","position":2,"name":"Cataloghi","item":"https:\/\/borserini.com\/it\/cataloghi\/"},{"@type":"ListItem","position":3,"name":"Collettori ECO-COMPACT Conformi ATEX"}]},{"@type":"WebSite","@id":"https:\/\/borserini.com\/it\/#website","url":"https:\/\/borserini.com\/it\/","name":"Borserini","description":"Technical and Filtration Solution","publisher":{"@id":"https:\/\/borserini.com\/it\/#organization"},"potentialAction":[{"@type":"SearchAction","target":{"@type":"EntryPoint","urlTemplate":"https:\/\/borserini.com\/it\/?s={search_term_string}"},"query-input":{"@type":"PropertyValueSpecification","valueRequired":true,"valueName":"search_term_string"}}],"inLanguage":"it-IT"},{"@type":"Organization","@id":"https:\/\/borserini.com\/it\/#organization","name":"BORSERINI SRL","url":"https:\/\/borserini.com\/it\/","logo":{"@type":"ImageObject","inLanguage":"it-IT","@id":"https:\/\/borserini.com\/it\/#\/schema\/logo\/image\/","url":"https:\/\/borserini.com\/wp-content\/uploads\/logo-anim-h60-v2.gif","contentUrl":"https:\/\/borserini.com\/wp-content\/uploads\/logo-anim-h60-v2.gif","width":300,"height":60,"caption":"BORSERINI SRL"},"image":{"@id":"https:\/\/borserini.com\/it\/#\/schema\/logo\/image\/"}}]}},"_links":{"self":[{"href":"https:\/\/borserini.com\/it\/wp-json\/wp\/v2\/product\/8089","targetHints":{"allow":["GET"]}}],"collection":[{"href":"https:\/\/borserini.com\/it\/wp-json\/wp\/v2\/product"}],"about":[{"href":"https:\/\/borserini.com\/it\/wp-json\/wp\/v2\/types\/product"}],"version-history":[{"count":2,"href":"https:\/\/borserini.com\/it\/wp-json\/wp\/v2\/product\/8089\/revisions"}],"predecessor-version":[{"id":14489,"href":"https:\/\/borserini.com\/it\/wp-json\/wp\/v2\/product\/8089\/revisions\/14489"}],"wp:featuredmedia":[{"embeddable":true,"href":"https:\/\/borserini.com\/it\/wp-json\/wp\/v2\/media\/8662"}],"wp:attachment":[{"href":"https:\/\/borserini.com\/it\/wp-json\/wp\/v2\/media?parent=8089"}],"wp:term":[{"taxonomy":"product_brand","embeddable":true,"href":"https:\/\/borserini.com\/it\/wp-json\/wp\/v2\/product_brand?post=8089"},{"taxonomy":"product_cat","embeddable":true,"href":"https:\/\/borserini.com\/it\/wp-json\/wp\/v2\/product_cat?post=8089"},{"taxonomy":"product_tag","embeddable":true,"href":"https:\/\/borserini.com\/it\/wp-json\/wp\/v2\/product_tag?post=8089"}],"curies":[{"name":"wp","href":"https:\/\/api.w.org\/{rel}","templated":true}]}}