{"id":7945,"date":"2020-10-05T23:12:53","date_gmt":"2020-10-05T21:12:53","guid":{"rendered":"https:\/\/borserini.com\/product\/hy-dry-desiccant-breather\/"},"modified":"2025-07-17T13:51:46","modified_gmt":"2025-07-17T11:51:46","slug":"hy-dry-essicante-aria-sfiati","status":"publish","type":"product","link":"https:\/\/borserini.com\/it\/prodotto\/hy-dry-essicante-aria-sfiati\/","title":{"rendered":"Hy-Dry Essiccante Aria Sfiati"},"content":{"rendered":"","protected":false},"excerpt":{"rendered":"<div class=\"row-fluid-wrapper row-depth-2 row-number-1 \">\n<div class=\"row-fluid \">\n<div class=\"span12 widget-span widget-type-header \" data-widget-type=\"header\" data-x=\"0\" data-w=\"12\">\n<div class=\"cell-wrapper layout-widget-wrapper\">\n<p><span style=\"font-size: 16px;\">Proteggi i tuoi tempi di attivit\u00e0, i sistemi idraulici e di manutenzione critici. risorse lubrificanti e vita fluida. <a href=\"https:\/\/www.hyprofiltration.com\/blog\/starting-the-process-of-total-system-cleanliness-breathers\">Hy-Dry Breathers<\/a> sono fondamentali nell&#8217;approccio alla pulizia totale del sistema di Hy-Pro in quanto barriera che impedisce alle particelle sospese nell&#8217;aria e all&#8217;acqua di entrare nei serbatoi e nei riduttori.<\/span><\/p>\n<\/div>\n<\/div>\n<\/div>\n<\/div>\n<div class=\"row-fluid-wrapper row-depth-2 row-number-2 \">\n<div class=\"row-fluid \">\n<div class=\"span12 widget-span widget-type-rich_text \" data-widget-type=\"rich_text\" data-x=\"0\" data-w=\"12\">\n<div class=\"cell-wrapper layout-widget-wrapper\">\n<hr \/>\n<\/div>\n<\/div>\n<\/div>\n<\/div>\n<div class=\"row-fluid-wrapper row-depth-1 row-number-5 \">\n<div class=\"row-fluid \">\n<div class=\"span12 widget-span widget-type-custom_widget padding5tb\" data-widget-type=\"custom_widget\" data-x=\"0\" data-w=\"12\">\n<div id=\"hs_cos_wrapper_module_15271808744521740\" class=\"hs_cos_wrapper hs_cos_wrapper_widget hs_cos_wrapper_type_module widget-type-header widget-type-header\" data-hs-cos-general-type=\"widget\" data-hs-cos-type=\"module\">\n<h2><a href=\"https:\/\/borserini.com\/wp-content\/uploads\/HPB-109_020415-1.jpg\"><img fetchpriority=\"high\" decoding=\"async\" class=\"alignleft wp-image-3864\" src=\"https:\/\/borserini.com\/wp-content\/uploads\/\/HPB-109_020415-1-300x208.jpg\" alt=\"\" width=\"350\" height=\"242\" srcset=\"https:\/\/borserini.com\/wp-content\/uploads\/HPB-109_020415-1-300x208.jpg 300w, https:\/\/borserini.com\/wp-content\/uploads\/HPB-109_020415-1.jpg 600w\" sizes=\"(max-width: 350px) 100vw, 350px\" \/><\/a>Una boccata d&#8217;aria fresca.<\/h2>\n<p>&nbsp;<\/p>\n<p><span style=\"font-size: 16px;\">L&#8217;umidit\u00e0 atmosferica rappresenta una minaccia continua per il funzionamento efficiente delle vostre apparecchiature e macchinari. Gli sfiatatoi Hy-Dry utilizzano gel di silice ad alta capacit\u00e0 per rimuovere l&#8217;acqua dall&#8217;aria prima che possa entrare nelle vostre apparecchiature, proteggendo il vostro investimento e aiutando a prevenire la rottura dei fluidi.<\/span><\/p>\n<hr \/>\n<hr \/>\n<div class=\"row-fluid-wrapper row-depth-1 row-number-9 \">\n<div class=\"row-fluid \">\n<div class=\"span12 widget-span widget-type-custom_widget padding5tb\" data-widget-type=\"custom_widget\" data-x=\"0\" data-w=\"12\">\n<div id=\"hs_cos_wrapper_module_15271808861441756\" class=\"hs_cos_wrapper hs_cos_wrapper_widget hs_cos_wrapper_type_module widget-type-header widget-type-header\" data-hs-cos-general-type=\"widget\" data-hs-cos-type=\"module\">\n<h2>Rimozione dell&#8217;acqua inconfondibile.<a href=\"https:\/\/borserini.com\/wp-content\/uploads\/Hy-Dry-Label_111715.jpg\"><img decoding=\"async\" class=\"alignright wp-image-3866\" src=\"https:\/\/borserini.com\/wp-content\/uploads\/Hy-Dry-Label_111715.jpg\" alt=\"\" width=\"350\" height=\"251\" srcset=\"https:\/\/borserini.com\/wp-content\/uploads\/Hy-Dry-Label_111715.jpg 336w, https:\/\/borserini.com\/wp-content\/uploads\/Hy-Dry-Label_111715-300x215.jpg 300w\" sizes=\"(max-width: 350px) 100vw, 350px\" \/><\/a><\/h2>\n<\/div>\n<\/div>\n<\/div>\n<\/div>\n<div class=\"row-fluid-wrapper row-depth-1 row-number-10 \">\n<div class=\"row-fluid \">\n<div class=\"span12 widget-span widget-type-rich_text padding5tb\" data-widget-type=\"rich_text\" data-x=\"0\" data-w=\"12\">\n<div class=\"cell-wrapper layout-widget-wrapper\">\n<p>&nbsp;<\/p>\n<p>Mentre gli respiratori Hy-Dry assorbono l&#8217;umidit\u00e0 dall&#8217;aria che entra nel tuo sistema, il gel di silice dorato cambia gradualmente colore per farti sapere che funziona in modo efficace e anche per ricordarti quando \u00e8 il momento di sostituirlo.<\/p>\n<hr \/>\n<hr \/>\n<h2>Prevenzione della doppia contaminazione.<a href=\"https:\/\/borserini.com\/wp-content\/uploads\/HPBCR121_020415_03.jpg\"><img decoding=\"async\" class=\"alignleft wp-image-3867\" src=\"https:\/\/borserini.com\/wp-content\/uploads\/HPBCR121_020415_03.jpg\" alt=\"\" width=\"350\" height=\"233\" srcset=\"https:\/\/borserini.com\/wp-content\/uploads\/HPBCR121_020415_03.jpg 600w, https:\/\/borserini.com\/wp-content\/uploads\/HPBCR121_020415_03-300x200.jpg 300w\" sizes=\"(max-width: 350px) 100vw, 350px\" \/><\/a><\/h2>\n<div class=\"row-fluid-wrapper row-depth-1 row-number-13 \">\n<div class=\"row-fluid \">\n<div class=\"span12 widget-span widget-type-custom_widget padding5tb\" data-widget-type=\"custom_widget\" data-x=\"0\" data-w=\"12\">\n<div id=\"hs_cos_wrapper_module_15271808837451753\" class=\"hs_cos_wrapper hs_cos_wrapper_widget hs_cos_wrapper_type_module widget-type-header widget-type-header\" data-hs-cos-general-type=\"widget\" data-hs-cos-type=\"module\">\n<p>&nbsp;<\/p>\n<p>Ciascun respiratore Hy-Dry \u00e8 dotato di un filtro antiparticolato interno da 2 micron su entrambe le estremit\u00e0 della camera di silice per proteggere il sistema dalla contaminazione trasportata dall&#8217;aria. Come ulteriore vantaggio, lo scarico del serbatoio scarica il particolato intrappolato dal filtro esterno e lo reimmette nell&#8217;atmosfera, rendendo il tuo Hy-Dry un potente sistema autopulente per la prevenzione della contaminazione.<\/p>\n<\/div>\n<\/div>\n<\/div>\n<\/div>\n<div class=\"row-fluid-wrapper row-depth-1 row-number-14 \">\n<div class=\"row-fluid \">\n<div class=\"span12 widget-span widget-type-rich_text padding5tb\" data-widget-type=\"rich_text\" data-x=\"0\" data-w=\"12\">\n<div class=\"cell-wrapper layout-widget-wrapper\">\n<hr \/>\n<hr \/>\n<div class=\"row-fluid-wrapper row-depth-1 row-number-17 \">\n<div class=\"row-fluid \">\n<div class=\"span12 widget-span widget-type-custom_widget padding5tb\" data-widget-type=\"custom_widget\" data-x=\"0\" data-w=\"12\">\n<div id=\"hs_cos_wrapper_module_15271808834281750\" class=\"hs_cos_wrapper hs_cos_wrapper_widget hs_cos_wrapper_type_module widget-type-header widget-type-header\" data-hs-cos-general-type=\"widget\" data-hs-cos-type=\"module\">\n<h3><\/h3>\n<h2>Tieni sotto controllo la contaminazione.<a href=\"https:\/\/borserini.com\/wp-content\/uploads\/BC-102-2.jpg\"><img loading=\"lazy\" decoding=\"async\" class=\"alignright wp-image-3873\" src=\"https:\/\/borserini.com\/wp-content\/uploads\/BC-102-2.jpg\" alt=\"\" width=\"350\" height=\"308\" \/><\/a><\/h2>\n<\/div>\n<\/div>\n<\/div>\n<\/div>\n<div class=\"row-fluid-wrapper row-depth-1 row-number-18 \">\n<div class=\"row-fluid \">\n<div class=\"span12 widget-span widget-type-rich_text padding5tb\" data-widget-type=\"rich_text\" data-x=\"0\" data-w=\"12\">\n<div class=\"cell-wrapper layout-widget-wrapper\">\n<p>&nbsp;<\/p>\n<p>Alcuni modelli di sfiatatoi Hy-Dry sono dotati di doppie valvole di ritegno (0,1 psi\/0,007 bar standard) per impedire l&#8217;ingresso di umidit\u00e0 esterna e prolungare notevolmente la durata dello sfiatatoio.<span class=\"Apple-converted-space\">\u00a0<\/span><\/p>\n<hr \/>\n<hr \/>\n<div class=\"row-fluid-wrapper row-depth-1 row-number-21 \">\n<div class=\"row-fluid \">\n<div class=\"span12 widget-span widget-type-custom_widget padding5tb\" data-widget-type=\"custom_widget\" data-x=\"0\" data-w=\"12\">\n<div id=\"hs_cos_wrapper_module_15271809273591798\" class=\"hs_cos_wrapper hs_cos_wrapper_widget hs_cos_wrapper_type_module widget-type-header widget-type-header\" data-hs-cos-general-type=\"widget\" data-hs-cos-type=\"module\">\n<h2>La soluzione perfetta per il tuo sistema.<a href=\"https:\/\/borserini.com\/wp-content\/uploads\/Hy-Dry_Connections.jpg\"><img loading=\"lazy\" decoding=\"async\" class=\"alignleft wp-image-3874\" src=\"https:\/\/borserini.com\/wp-content\/uploads\/\/Hy-Dry_Connections-300x203.jpg\" alt=\"\" width=\"350\" height=\"237\" srcset=\"https:\/\/borserini.com\/wp-content\/uploads\/Hy-Dry_Connections-300x203.jpg 300w, https:\/\/borserini.com\/wp-content\/uploads\/Hy-Dry_Connections.jpg 600w\" sizes=\"(max-width: 350px) 100vw, 350px\" \/><\/a><\/h2>\n<\/div>\n<\/div>\n<\/div>\n<\/div>\n<div class=\"row-fluid-wrapper row-depth-1 row-number-22 \">\n<div class=\"row-fluid \">\n<div class=\"span12 widget-span widget-type-rich_text ppadding5tb\" data-widget-type=\"rich_text\" data-x=\"0\" data-w=\"12\">\n<div class=\"cell-wrapper layout-widget-wrapper\">\n<p>&nbsp;<\/p>\n<p>Gli sfiatatoi Hy-Dry sono disponibili in una variet\u00e0 di dimensioni, connessioni e altre opzioni progettate per innumerevoli applicazioni. Che tu stia installando su un piccolo serbatoio del cambio o a bordo di un&#8217;applicazione mobile ad alte vibrazioni, c&#8217;\u00e8 uno sfiatatoio Hy-Dry adatto perfettamente alle tue esigenze.<\/p>\n<hr \/>\n<hr \/>\n<div class=\"row-fluid-wrapper row-depth-1 row-number-25 \">\n<div class=\"row-fluid \">\n<div class=\"span12 widget-span widget-type-custom_widget padding5tb\" data-widget-type=\"custom_widget\" data-x=\"0\" data-w=\"12\">\n<div id=\"hs_cos_wrapper_module_15271809379691814\" class=\"hs_cos_wrapper hs_cos_wrapper_widget hs_cos_wrapper_type_module widget-type-header widget-type-header\" data-hs-cos-general-type=\"widget\" data-hs-cos-type=\"module\">\n<h2>Pulizia totale dei sistemi<a href=\"https:\/\/borserini.com\/wp-content\/uploads\/CFUD212SB-3MB_102814_Gearbox2_1.jpg\"><img loading=\"lazy\" decoding=\"async\" class=\"alignright wp-image-3875\" src=\"https:\/\/borserini.com\/wp-content\/uploads\/\/CFUD212SB-3MB_102814_Gearbox2_1-300x189.jpg\" alt=\"\" width=\"350\" height=\"221\" srcset=\"https:\/\/borserini.com\/wp-content\/uploads\/CFUD212SB-3MB_102814_Gearbox2_1-300x189.jpg 300w, https:\/\/borserini.com\/wp-content\/uploads\/CFUD212SB-3MB_102814_Gearbox2_1.jpg 566w\" sizes=\"(max-width: 350px) 100vw, 350px\" \/><\/a><\/h2>\n<\/div>\n<\/div>\n<\/div>\n<\/div>\n<div class=\"row-fluid-wrapper row-depth-1 row-number-26 \">\n<div class=\"row-fluid \">\n<div class=\"span12 widget-span widget-type-rich_text padding5tb\" data-widget-type=\"rich_text\" data-x=\"0\" data-w=\"12\">\n<div class=\"cell-wrapper layout-widget-wrapper\">\n<p>&nbsp;<\/p>\n<p>Utilizzati insieme a un filtraggio antiparticolato pi\u00f9 robusto, gli sfiatatoi Hy-Dry sono un componente fondamentale per ottenere la pulizia totale dei sistemi e garantire che le vostre apparecchiature siano protette da tutte le forme di contaminazione.<\/p>\n<hr \/>\n<hr \/>\n<p>&nbsp;<\/p>\n<\/div>\n<\/div>\n<\/div>\n<\/div>\n<\/div>\n<\/div>\n<\/div>\n<\/div>\n<\/div>\n<\/div>\n<\/div>\n<\/div>\n<\/div>\n<\/div>\n<\/div>\n<\/div>\n<\/div>\n<\/div>\n<\/div>\n<\/div>\n<\/div>\n<\/div>\n<\/div>\n<\/div>\n","protected":false},"featured_media":6804,"template":"","meta":[],"product_brand":[],"product_cat":[842],"product_tag":[],"class_list":{"0":"post-7945","1":"product","2":"type-product","3":"status-publish","4":"has-post-thumbnail","6":"product_cat-filtri-idraulici-di-lubrificazione","8":"first","9":"instock","10":"shipping-taxable","11":"product-type-simple"},"yoast_head":"<!-- This site is optimized with the Yoast SEO plugin v27.3 - https:\/\/yoast.com\/product\/yoast-seo-wordpress\/ -->\n<title>Hy-Dry Essiccante Aria Sfiati - Borserini<\/title>\n<meta name=\"robots\" content=\"index, follow, max-snippet:-1, max-image-preview:large, max-video-preview:-1\" \/>\n<link rel=\"canonical\" href=\"https:\/\/borserini.com\/it\/prodotto\/hy-dry-essicante-aria-sfiati\/\" \/>\n<meta property=\"og:locale\" content=\"it_IT\" \/>\n<meta property=\"og:type\" content=\"article\" \/>\n<meta property=\"og:title\" content=\"Hy-Dry Essiccante Aria Sfiati - Borserini\" \/>\n<meta property=\"og:description\" content=\"Proteggi i tuoi tempi di attivit\u00e0, i sistemi idraulici e di manutenzione critici. risorse lubrificanti e vita fluida. Hy-Dry Breathers sono fondamentali nell&#039;approccio alla pulizia totale del sistema di Hy-Pro in quanto barriera che impedisce alle particelle sospese nell&#039;aria e all&#039;acqua di entrare nei serbatoi e nei riduttori.                     Una boccata d&#039;aria fresca. &nbsp;  L&#039;umidit\u00e0 atmosferica rappresenta una minaccia continua per il funzionamento efficiente delle vostre apparecchiature e macchinari. Gli sfiatatoi Hy-Dry utilizzano gel di silice ad alta capacit\u00e0 per rimuovere l&#039;acqua dall&#039;aria prima che possa entrare nelle vostre apparecchiature, proteggendo il vostro investimento e aiutando a prevenire la rottura dei fluidi.            Rimozione dell&#039;acqua inconfondibile.          &nbsp;  Mentre gli respiratori Hy-Dry assorbono l&#039;umidit\u00e0 dall&#039;aria che entra nel tuo sistema, il gel di silice dorato cambia gradualmente colore per farti sapere che funziona in modo efficace e anche per ricordarti quando \u00e8 il momento di sostituirlo.        Prevenzione della doppia contaminazione.      &nbsp;  Ciascun respiratore Hy-Dry \u00e8 dotato di un filtro antiparticolato interno da 2 micron su entrambe le estremit\u00e0 della camera di silice per proteggere il sistema dalla contaminazione trasportata dall&#039;aria. Come ulteriore vantaggio, lo scarico del serbatoio scarica il particolato intrappolato dal filtro esterno e lo reimmette nell&#039;atmosfera, rendendo il tuo Hy-Dry un potente sistema autopulente per la prevenzione della contaminazione.                      Tieni sotto controllo la contaminazione.          &nbsp;  Alcuni modelli di sfiatatoi Hy-Dry sono dotati di doppie valvole di ritegno (0,1 psi\/0,007 bar standard) per impedire l&#039;ingresso di umidit\u00e0 esterna e prolungare notevolmente la durata dello sfiatatoio.\u00a0            La soluzione perfetta per il tuo sistema.          &nbsp;  Gli sfiatatoi Hy-Dry sono disponibili in una variet\u00e0 di dimensioni, connessioni e altre opzioni progettate per innumerevoli applicazioni. Che tu stia installando su un piccolo serbatoio del cambio o a bordo di un&#039;applicazione mobile ad alte vibrazioni, c&#039;\u00e8 uno sfiatatoio Hy-Dry adatto perfettamente alle tue esigenze.            Pulizia totale dei sistemi          &nbsp;  Utilizzati insieme a un filtraggio antiparticolato pi\u00f9 robusto, gli sfiatatoi Hy-Dry sono un componente fondamentale per ottenere la pulizia totale dei sistemi e garantire che le vostre apparecchiature siano protette da tutte le forme di contaminazione.        &nbsp;\" \/>\n<meta property=\"og:url\" content=\"https:\/\/borserini.com\/it\/prodotto\/hy-dry-essicante-aria-sfiati\/\" \/>\n<meta property=\"og:site_name\" content=\"Borserini\" \/>\n<meta property=\"article:modified_time\" content=\"2025-07-17T11:51:46+00:00\" \/>\n<meta property=\"og:image\" content=\"https:\/\/borserini.com\/wp-content\/uploads\/HYDRY_740x740.jpg\" \/>\n\t<meta property=\"og:image:width\" content=\"740\" \/>\n\t<meta property=\"og:image:height\" content=\"740\" \/>\n\t<meta property=\"og:image:type\" content=\"image\/jpeg\" \/>\n<meta name=\"twitter:card\" content=\"summary_large_image\" \/>\n<script type=\"application\/ld+json\" class=\"yoast-schema-graph\">{\"@context\":\"https:\\\/\\\/schema.org\",\"@graph\":[{\"@type\":\"WebPage\",\"@id\":\"https:\\\/\\\/borserini.com\\\/it\\\/prodotto\\\/hy-dry-essicante-aria-sfiati\\\/\",\"url\":\"https:\\\/\\\/borserini.com\\\/it\\\/prodotto\\\/hy-dry-essicante-aria-sfiati\\\/\",\"name\":\"Hy-Dry Essiccante Aria Sfiati - Borserini\",\"isPartOf\":{\"@id\":\"https:\\\/\\\/borserini.com\\\/it\\\/#website\"},\"primaryImageOfPage\":{\"@id\":\"https:\\\/\\\/borserini.com\\\/it\\\/prodotto\\\/hy-dry-essicante-aria-sfiati\\\/#primaryimage\"},\"image\":{\"@id\":\"https:\\\/\\\/borserini.com\\\/it\\\/prodotto\\\/hy-dry-essicante-aria-sfiati\\\/#primaryimage\"},\"thumbnailUrl\":\"https:\\\/\\\/borserini.com\\\/wp-content\\\/uploads\\\/HYDRY_740x740.jpg\",\"datePublished\":\"2020-10-05T21:12:53+00:00\",\"dateModified\":\"2025-07-17T11:51:46+00:00\",\"breadcrumb\":{\"@id\":\"https:\\\/\\\/borserini.com\\\/it\\\/prodotto\\\/hy-dry-essicante-aria-sfiati\\\/#breadcrumb\"},\"inLanguage\":\"it-IT\",\"potentialAction\":[{\"@type\":\"ReadAction\",\"target\":[\"https:\\\/\\\/borserini.com\\\/it\\\/prodotto\\\/hy-dry-essicante-aria-sfiati\\\/\"]}]},{\"@type\":\"ImageObject\",\"inLanguage\":\"it-IT\",\"@id\":\"https:\\\/\\\/borserini.com\\\/it\\\/prodotto\\\/hy-dry-essicante-aria-sfiati\\\/#primaryimage\",\"url\":\"https:\\\/\\\/borserini.com\\\/wp-content\\\/uploads\\\/HYDRY_740x740.jpg\",\"contentUrl\":\"https:\\\/\\\/borserini.com\\\/wp-content\\\/uploads\\\/HYDRY_740x740.jpg\",\"width\":740,\"height\":740},{\"@type\":\"BreadcrumbList\",\"@id\":\"https:\\\/\\\/borserini.com\\\/it\\\/prodotto\\\/hy-dry-essicante-aria-sfiati\\\/#breadcrumb\",\"itemListElement\":[{\"@type\":\"ListItem\",\"position\":1,\"name\":\"Home\",\"item\":\"https:\\\/\\\/borserini.com\\\/it\\\/\"},{\"@type\":\"ListItem\",\"position\":2,\"name\":\"Cataloghi\",\"item\":\"https:\\\/\\\/borserini.com\\\/it\\\/cataloghi\\\/\"},{\"@type\":\"ListItem\",\"position\":3,\"name\":\"Hy-Dry Essiccante Aria Sfiati\"}]},{\"@type\":\"WebSite\",\"@id\":\"https:\\\/\\\/borserini.com\\\/it\\\/#website\",\"url\":\"https:\\\/\\\/borserini.com\\\/it\\\/\",\"name\":\"Borserini\",\"description\":\"Technical and Filtration Solution\",\"publisher\":{\"@id\":\"https:\\\/\\\/borserini.com\\\/it\\\/#organization\"},\"potentialAction\":[{\"@type\":\"SearchAction\",\"target\":{\"@type\":\"EntryPoint\",\"urlTemplate\":\"https:\\\/\\\/borserini.com\\\/it\\\/?s={search_term_string}\"},\"query-input\":{\"@type\":\"PropertyValueSpecification\",\"valueRequired\":true,\"valueName\":\"search_term_string\"}}],\"inLanguage\":\"it-IT\"},{\"@type\":\"Organization\",\"@id\":\"https:\\\/\\\/borserini.com\\\/it\\\/#organization\",\"name\":\"BORSERINI SRL\",\"url\":\"https:\\\/\\\/borserini.com\\\/it\\\/\",\"logo\":{\"@type\":\"ImageObject\",\"inLanguage\":\"it-IT\",\"@id\":\"https:\\\/\\\/borserini.com\\\/it\\\/#\\\/schema\\\/logo\\\/image\\\/\",\"url\":\"https:\\\/\\\/borserini.com\\\/wp-content\\\/uploads\\\/logo-anim-h60-v2.gif\",\"contentUrl\":\"https:\\\/\\\/borserini.com\\\/wp-content\\\/uploads\\\/logo-anim-h60-v2.gif\",\"width\":300,\"height\":60,\"caption\":\"BORSERINI SRL\"},\"image\":{\"@id\":\"https:\\\/\\\/borserini.com\\\/it\\\/#\\\/schema\\\/logo\\\/image\\\/\"}}]}<\/script>\n<!-- \/ Yoast SEO plugin. -->","yoast_head_json":{"title":"Hy-Dry Essiccante Aria Sfiati - Borserini","robots":{"index":"index","follow":"follow","max-snippet":"max-snippet:-1","max-image-preview":"max-image-preview:large","max-video-preview":"max-video-preview:-1"},"canonical":"https:\/\/borserini.com\/it\/prodotto\/hy-dry-essicante-aria-sfiati\/","og_locale":"it_IT","og_type":"article","og_title":"Hy-Dry Essiccante Aria Sfiati - Borserini","og_description":"Proteggi i tuoi tempi di attivit\u00e0, i sistemi idraulici e di manutenzione critici. risorse lubrificanti e vita fluida. Hy-Dry Breathers sono fondamentali nell'approccio alla pulizia totale del sistema di Hy-Pro in quanto barriera che impedisce alle particelle sospese nell'aria e all'acqua di entrare nei serbatoi e nei riduttori.                     Una boccata d'aria fresca. &nbsp;  L'umidit\u00e0 atmosferica rappresenta una minaccia continua per il funzionamento efficiente delle vostre apparecchiature e macchinari. Gli sfiatatoi Hy-Dry utilizzano gel di silice ad alta capacit\u00e0 per rimuovere l'acqua dall'aria prima che possa entrare nelle vostre apparecchiature, proteggendo il vostro investimento e aiutando a prevenire la rottura dei fluidi.            Rimozione dell'acqua inconfondibile.          &nbsp;  Mentre gli respiratori Hy-Dry assorbono l'umidit\u00e0 dall'aria che entra nel tuo sistema, il gel di silice dorato cambia gradualmente colore per farti sapere che funziona in modo efficace e anche per ricordarti quando \u00e8 il momento di sostituirlo.        Prevenzione della doppia contaminazione.      &nbsp;  Ciascun respiratore Hy-Dry \u00e8 dotato di un filtro antiparticolato interno da 2 micron su entrambe le estremit\u00e0 della camera di silice per proteggere il sistema dalla contaminazione trasportata dall'aria. Come ulteriore vantaggio, lo scarico del serbatoio scarica il particolato intrappolato dal filtro esterno e lo reimmette nell'atmosfera, rendendo il tuo Hy-Dry un potente sistema autopulente per la prevenzione della contaminazione.                      Tieni sotto controllo la contaminazione.          &nbsp;  Alcuni modelli di sfiatatoi Hy-Dry sono dotati di doppie valvole di ritegno (0,1 psi\/0,007 bar standard) per impedire l'ingresso di umidit\u00e0 esterna e prolungare notevolmente la durata dello sfiatatoio.\u00a0            La soluzione perfetta per il tuo sistema.          &nbsp;  Gli sfiatatoi Hy-Dry sono disponibili in una variet\u00e0 di dimensioni, connessioni e altre opzioni progettate per innumerevoli applicazioni. Che tu stia installando su un piccolo serbatoio del cambio o a bordo di un'applicazione mobile ad alte vibrazioni, c'\u00e8 uno sfiatatoio Hy-Dry adatto perfettamente alle tue esigenze.            Pulizia totale dei sistemi          &nbsp;  Utilizzati insieme a un filtraggio antiparticolato pi\u00f9 robusto, gli sfiatatoi Hy-Dry sono un componente fondamentale per ottenere la pulizia totale dei sistemi e garantire che le vostre apparecchiature siano protette da tutte le forme di contaminazione.        &nbsp;","og_url":"https:\/\/borserini.com\/it\/prodotto\/hy-dry-essicante-aria-sfiati\/","og_site_name":"Borserini","article_modified_time":"2025-07-17T11:51:46+00:00","og_image":[{"width":740,"height":740,"url":"https:\/\/borserini.com\/wp-content\/uploads\/HYDRY_740x740.jpg","type":"image\/jpeg"}],"twitter_card":"summary_large_image","schema":{"@context":"https:\/\/schema.org","@graph":[{"@type":"WebPage","@id":"https:\/\/borserini.com\/it\/prodotto\/hy-dry-essicante-aria-sfiati\/","url":"https:\/\/borserini.com\/it\/prodotto\/hy-dry-essicante-aria-sfiati\/","name":"Hy-Dry Essiccante Aria Sfiati - Borserini","isPartOf":{"@id":"https:\/\/borserini.com\/it\/#website"},"primaryImageOfPage":{"@id":"https:\/\/borserini.com\/it\/prodotto\/hy-dry-essicante-aria-sfiati\/#primaryimage"},"image":{"@id":"https:\/\/borserini.com\/it\/prodotto\/hy-dry-essicante-aria-sfiati\/#primaryimage"},"thumbnailUrl":"https:\/\/borserini.com\/wp-content\/uploads\/HYDRY_740x740.jpg","datePublished":"2020-10-05T21:12:53+00:00","dateModified":"2025-07-17T11:51:46+00:00","breadcrumb":{"@id":"https:\/\/borserini.com\/it\/prodotto\/hy-dry-essicante-aria-sfiati\/#breadcrumb"},"inLanguage":"it-IT","potentialAction":[{"@type":"ReadAction","target":["https:\/\/borserini.com\/it\/prodotto\/hy-dry-essicante-aria-sfiati\/"]}]},{"@type":"ImageObject","inLanguage":"it-IT","@id":"https:\/\/borserini.com\/it\/prodotto\/hy-dry-essicante-aria-sfiati\/#primaryimage","url":"https:\/\/borserini.com\/wp-content\/uploads\/HYDRY_740x740.jpg","contentUrl":"https:\/\/borserini.com\/wp-content\/uploads\/HYDRY_740x740.jpg","width":740,"height":740},{"@type":"BreadcrumbList","@id":"https:\/\/borserini.com\/it\/prodotto\/hy-dry-essicante-aria-sfiati\/#breadcrumb","itemListElement":[{"@type":"ListItem","position":1,"name":"Home","item":"https:\/\/borserini.com\/it\/"},{"@type":"ListItem","position":2,"name":"Cataloghi","item":"https:\/\/borserini.com\/it\/cataloghi\/"},{"@type":"ListItem","position":3,"name":"Hy-Dry Essiccante Aria Sfiati"}]},{"@type":"WebSite","@id":"https:\/\/borserini.com\/it\/#website","url":"https:\/\/borserini.com\/it\/","name":"Borserini","description":"Technical and Filtration Solution","publisher":{"@id":"https:\/\/borserini.com\/it\/#organization"},"potentialAction":[{"@type":"SearchAction","target":{"@type":"EntryPoint","urlTemplate":"https:\/\/borserini.com\/it\/?s={search_term_string}"},"query-input":{"@type":"PropertyValueSpecification","valueRequired":true,"valueName":"search_term_string"}}],"inLanguage":"it-IT"},{"@type":"Organization","@id":"https:\/\/borserini.com\/it\/#organization","name":"BORSERINI SRL","url":"https:\/\/borserini.com\/it\/","logo":{"@type":"ImageObject","inLanguage":"it-IT","@id":"https:\/\/borserini.com\/it\/#\/schema\/logo\/image\/","url":"https:\/\/borserini.com\/wp-content\/uploads\/logo-anim-h60-v2.gif","contentUrl":"https:\/\/borserini.com\/wp-content\/uploads\/logo-anim-h60-v2.gif","width":300,"height":60,"caption":"BORSERINI SRL"},"image":{"@id":"https:\/\/borserini.com\/it\/#\/schema\/logo\/image\/"}}]}},"_links":{"self":[{"href":"https:\/\/borserini.com\/it\/wp-json\/wp\/v2\/product\/7945","targetHints":{"allow":["GET"]}}],"collection":[{"href":"https:\/\/borserini.com\/it\/wp-json\/wp\/v2\/product"}],"about":[{"href":"https:\/\/borserini.com\/it\/wp-json\/wp\/v2\/types\/product"}],"version-history":[{"count":5,"href":"https:\/\/borserini.com\/it\/wp-json\/wp\/v2\/product\/7945\/revisions"}],"predecessor-version":[{"id":14716,"href":"https:\/\/borserini.com\/it\/wp-json\/wp\/v2\/product\/7945\/revisions\/14716"}],"wp:featuredmedia":[{"embeddable":true,"href":"https:\/\/borserini.com\/it\/wp-json\/wp\/v2\/media\/6804"}],"wp:attachment":[{"href":"https:\/\/borserini.com\/it\/wp-json\/wp\/v2\/media?parent=7945"}],"wp:term":[{"taxonomy":"product_brand","embeddable":true,"href":"https:\/\/borserini.com\/it\/wp-json\/wp\/v2\/product_brand?post=7945"},{"taxonomy":"product_cat","embeddable":true,"href":"https:\/\/borserini.com\/it\/wp-json\/wp\/v2\/product_cat?post=7945"},{"taxonomy":"product_tag","embeddable":true,"href":"https:\/\/borserini.com\/it\/wp-json\/wp\/v2\/product_tag?post=7945"}],"curies":[{"name":"wp","href":"https:\/\/api.w.org\/{rel}","templated":true}]}}