{"id":7904,"date":"2020-10-05T23:12:50","date_gmt":"2020-10-05T21:12:50","guid":{"rendered":"https:\/\/borserini.com\/product\/fp-2000\/"},"modified":"2025-07-07T18:12:37","modified_gmt":"2025-07-07T16:12:37","slug":"fp-2000","status":"publish","type":"product","link":"https:\/\/borserini.com\/it\/prodotto\/fp-2000\/","title":{"rendered":"FP 2000"},"content":{"rendered":"","protected":false},"excerpt":{"rendered":"<p>&nbsp;<\/p>\n<table style=\"width: 720px;\" cellspacing=\"1\" cellpadding=\"1\">\n<tbody>\n<tr>\n<td style=\"width: 200px; text-align: center; vertical-align: top;\"><img decoding=\"async\" style=\"width: 180px; height: 403px;\" src=\"\/wp-content\/uploads\/varie2\/Fuel%20Purifiers\/FP-2000-425.png\" alt=\"\" \/><\/td>\n<td>\n<h1 class=\"product_title entry-title\" style=\"box-sizing: border-box; margin: 0px 0px 0.1em; padding: 0px; border: 0px; outline: 0px; background: 0px 0px #ffffff; font-size: 36px; vertical-align: baseline; text-size-adjust: 100%; color: #242424; line-height: 1.1em; font-family: 'Droid Serif', Georgia, 'Times New Roman', serif; clear: none;\">FP 2000<\/h1>\n<div style=\"box-sizing: border-box; margin: 0px; padding: 0px; border: 0px; outline: 0px; background: 0px 0px #ffffff; font-size: 16px; vertical-align: baseline; text-size-adjust: 100%; color: #5e5e5e; font-family: 'Droid Sans', Helvetica, Arial, Lucida, sans-serif;\">\n<p style=\"box-sizing: border-box; margin: 0px; padding-bottom: 1em; border: 0px; outline: 0px; background: 0px 0px; vertical-align: baseline; text-size-adjust: 100%;\">Il purificatore di carburante brevettato da RCI Technologies \u00e8 un&#8217;unit\u00e0 monofase che rimuove fino al 99,8% di acqua libera e fino al 95% di altri contaminanti pesanti presenti nel carburante diesel. Anche il carburante diesel \u201cpulito\u201d di oggi viene facilmente contaminato durante il trasporto e lo stoccaggio. A differenza di molti altri prodotti sul mercato, il purificatore di carburante RCI Technologies svolge questa funzione senza l&#8217;uso di un elemento filtrante o di una cartuccia sostituibile, intercambiabile o pulibile. Rimuovendo la contaminazione immediatamente prima che il carburante entri nel sistema di filtraggio del motore, puoi mantenere il carburante pulito, preservarne la qualit\u00e0 e prolungare la durata della tua attrezzatura.<\/p>\n<p style=\"box-sizing: border-box; margin: 0px; border: 0px; outline: 0px; background: 0px 0px; vertical-align: baseline; text-size-adjust: 100%;\">L&#8217;FP 2000 \u00e8 progettato per stazioni di pompaggio di carburante diesel pi\u00f9 grandi, rifornimento di aeromobili, banchine di rifornimento e motori mobili, fissi e marini per carichi pesanti.<br \/>\nContiene circa 4 litri di acqua e contaminanti e impiega circa 25 secondi per drenare completamente. **Valvola di scarico opzionale da 1\u2033 venduta separatamente**<\/p>\n<\/div>\n<div id=\"rci-specs\" style=\"box-sizing: border-box; margin: 16.6875px 0px 0px; padding: 0px; border: 0px; outline: 0px; background: 0px 0px #ffffff; font-size: 16px; vertical-align: baseline; text-size-adjust: 100%; color: #5e5e5e; font-family: 'Droid Sans', Helvetica, Arial, Lucida, sans-serif;\">\n<div class=\"col-sm-6x\" style=\"box-sizing: border-box; margin: 0px; padding: 0px; border: 0px; outline: 0px; background: 0px 0px; vertical-align: baseline; text-size-adjust: 100%;\">\n<h3 style=\"box-sizing: border-box; margin: 0px 0px 0.1em; padding: 0px 0px 10px; border: 0px; outline: 0px; background: 0px 0px; font-size: 26px; vertical-align: baseline; text-size-adjust: 100%; color: #dddddd; font-weight: 500; line-height: 1.1em; font-family: 'Droid Serif', Georgia, 'Times New Roman', serif;\"><strong>SPECIFICHE<\/strong><\/h3>\n<ul class=\"specs\" style=\"box-sizing: border-box; margin: 0px; padding: 0px; border: 0px; outline: 0px; background: 0px 0px; vertical-align: baseline; text-size-adjust: 100%; list-style: none; line-height: 26px;\">\n<li style=\"box-sizing: border-box; margin: 0px; padding: 4px 0px; border-width: 0px 0px 1px; border-image: initial; outline: 0px; background: 0px 0px; vertical-align: baseline; text-size-adjust: 100%; border-color: initial initial #dddddd initial; border-style: initial initial solid initial;\"><span class=\"titles\" style=\"box-sizing: border-box; margin: 0px; padding: 0px; border: 0px; outline: 0px; background: 0px 0px; font-size: inherit; vertical-align: baseline; text-size-adjust: 100%; color: #666666; line-height: 1.1em; text-transform: uppercase;\">PORTATA:<\/span><span class=\"values\" style=\"box-sizing: border-box; margin: 0px; padding: 0px 0px 0px 2%; border: 0px; outline: 0px; background: 0px 0px; font-size: inherit; vertical-align: baseline; text-size-adjust: 100%; color: #000000; line-height: 1.1em;\">100 gal\/min | 378.5 lts\/min<\/span><\/li>\n<li style=\"box-sizing: border-box; margin: 0px; padding: 4px 0px; border-width: 0px 0px 1px; border-image: initial; outline: 0px; background: 0px 0px; vertical-align: baseline; text-size-adjust: 100%; border-color: initial initial #dddddd initial; border-style: initial initial solid initial;\"><span class=\"titles\" style=\"box-sizing: border-box; margin: 0px; padding: 0px; border: 0px; outline: 0px; background: 0px 0px; font-size: inherit; vertical-align: baseline; text-size-adjust: 100%; color: #666666; line-height: 1.1em; text-transform: uppercase;\">DIMENSIONE DELLA CONNESSIONE:<\/span><span class=\"values\" style=\"box-sizing: border-box; margin: 0px; padding: 0px 0px 0px 2%; border: 0px; outline: 0px; background: 0px 0px; font-size: inherit; vertical-align: baseline; text-size-adjust: 100%; color: #000000; line-height: 1.1em;\">2&#8243; NPT<\/span><span class=\"titles\" style=\"box-sizing: border-box; margin: 0px; padding: 0px; border: 0px; outline: 0px; background: 0px 0px; font-size: inherit; vertical-align: baseline; text-size-adjust: 100%; color: #666666; line-height: 1.1em; text-transform: uppercase;\"><br \/>\nDIMENSIONI:<\/span><span class=\"values\" style=\"box-sizing: border-box; margin: 0px; padding: 0px 0px 0px 2%; border: 0px; outline: 0px; background: 0px 0px; font-size: inherit; vertical-align: baseline; text-size-adjust: 100%; color: #000000; line-height: 1.1em;\">42.5&#8243; H x 15&#8243; W<\/span><\/li>\n<li style=\"box-sizing: border-box; margin: 0px; padding: 4px 0px; border-width: 0px 0px 1px; border-image: initial; outline: 0px; background: 0px 0px; vertical-align: baseline; text-size-adjust: 100%; border-color: initial initial #dddddd initial; border-style: initial initial solid initial;\"><span class=\"titles\" style=\"box-sizing: border-box; margin: 0px; padding: 0px; border: 0px; outline: 0px; background: 0px 0px; font-size: inherit; vertical-align: baseline; text-size-adjust: 100%; color: #666666; line-height: 1.1em; text-transform: uppercase;\">PESO LORDO:<\/span><span class=\"values\" style=\"box-sizing: border-box; margin: 0px; padding: 0px 0px 0px 2%; border: 0px; outline: 0px; background: 0px 0px; font-size: inherit; vertical-align: baseline; text-size-adjust: 100%; color: #000000; line-height: 1.1em;\">124 lbs.<\/span><\/li>\n<li style=\"box-sizing: border-box; margin: 0px; padding: 4px 0px; border-width: 0px 0px 1px; border-image: initial; outline: 0px; background: 0px 0px; vertical-align: baseline; text-size-adjust: 100%; border-color: initial initial #dddddd initial; border-style: initial initial solid initial;\"><span class=\"titles\" style=\"box-sizing: border-box; margin: 0px; padding: 0px; border: 0px; outline: 0px; background: 0px 0px; font-size: inherit; vertical-align: baseline; text-size-adjust: 100%; color: #666666; line-height: 1.1em; text-transform: uppercase;\">APPLICAZIONI:<\/span><span class=\"values\" style=\"box-sizing: border-box; margin: 0px; padding: 0px 0px 0px 2%; border: 0px; outline: 0px; background: 0px 0px; font-size: inherit; vertical-align: baseline; text-size-adjust: 100%; color: #000000; line-height: 1.1em;\"><br \/>\nStazioni di pompaggio pi\u00f9 grandi, rifornimento di aeromobili, banchine di rifornimento, motori mobili, fissi e marini per impieghi gravosi<\/span><\/li>\n<li style=\"box-sizing: border-box; margin: 0px; padding: 4px 0px; border-width: 0px 0px 1px; border-image: initial; outline: 0px; background: 0px 0px; vertical-align: baseline; text-size-adjust: 100%; border-color: initial initial #dddddd initial; border-style: initial initial solid initial;\"><span class=\"titles\" style=\"box-sizing: border-box; margin: 0px; padding: 0px; border: 0px; outline: 0px; background: 0px 0px; font-size: inherit; vertical-align: baseline; text-size-adjust: 100%; color: #666666; line-height: 1.1em; text-transform: uppercase;\">PORTA SUPERIORE:<\/span><span class=\"values\" style=\"box-sizing: border-box; margin: 0px; padding: 0px 0px 0px 2%; border: 0px; outline: 0px; background: 0px 0px; font-size: inherit; vertical-align: baseline; text-size-adjust: 100%; color: #000000; line-height: 1.1em;\">1&#8243; NPT<\/span><span class=\"titles\" style=\"box-sizing: border-box; margin: 0px; padding: 0px; border: 0px; outline: 0px; background: 0px 0px; font-size: inherit; vertical-align: baseline; text-size-adjust: 100%; color: #666666; line-height: 1.1em; text-transform: uppercase;\"><br \/>\nPORTA SENSORE:<\/span><span class=\"values\" style=\"box-sizing: border-box; margin: 0px; padding: 0px 0px 0px 2%; border: 0px; outline: 0px; background: 0px 0px; font-size: inherit; vertical-align: baseline; text-size-adjust: 100%; color: #000000; line-height: 1.1em;\">1\/2&#8243; &#8211; 20 Straight Thread<\/span><span class=\"titles\" style=\"box-sizing: border-box; margin: 0px; padding: 0px; border: 0px; outline: 0px; background: 0px 0px; font-size: inherit; vertical-align: baseline; text-size-adjust: 100%; color: #666666; line-height: 1.1em; text-transform: uppercase;\"><br \/>\nPRESSIONE MASSIMA DI ESERCIZIO:<\/span><span class=\"values\" style=\"box-sizing: border-box; margin: 0px; padding: 0px 0px 0px 2%; border: 0px; outline: 0px; background: 0px 0px; font-size: inherit; vertical-align: baseline; text-size-adjust: 100%; color: #000000; line-height: 1.1em;\">50 psi<\/span><\/li>\n<li style=\"box-sizing: border-box; margin: 0px; padding: 4px 0px; border-width: 0px 0px 1px; border-image: initial; outline: 0px; background: 0px 0px; vertical-align: baseline; text-size-adjust: 100%; border-color: initial initial #dddddd initial; border-style: initial initial solid initial;\"><span class=\"titles\" style=\"box-sizing: border-box; margin: 0px; padding: 0px; border: 0px; outline: 0px; background: 0px 0px; font-size: inherit; vertical-align: baseline; text-size-adjust: 100%; color: #666666; line-height: 1.1em; text-transform: uppercase;\">FINITURA:<\/span><span class=\"values\" style=\"box-sizing: border-box; margin: 0px; padding: 0px 0px 0px 2%; border: 0px; outline: 0px; background: 0px 0px; font-size: inherit; vertical-align: baseline; text-size-adjust: 100%; color: #000000; line-height: 1.1em;\">Rivestimento in polvere nera di poliestere &#8211; da 35 a 40 gloss<\/span><\/li>\n<\/ul>\n<\/div>\n<\/div>\n<\/td>\n<\/tr>\n<tr>\n<td><\/td>\n<td><\/td>\n<\/tr>\n<tr>\n<td><\/td>\n<td><\/td>\n<\/tr>\n<\/tbody>\n<\/table>\n<p>&nbsp;<\/p>\n<p>&nbsp;<\/p>\n","protected":false},"featured_media":5616,"template":"","meta":[],"product_brand":[],"product_cat":[841],"product_tag":[961],"class_list":{"0":"post-7904","1":"product","2":"type-product","3":"status-publish","4":"has-post-thumbnail","6":"product_cat-depuratori-combustibile","7":"product_tag-pdf-it","9":"first","10":"instock","11":"shipping-taxable","12":"product-type-simple"},"yoast_head":"<!-- This site is optimized with the Yoast SEO plugin v27.3 - https:\/\/yoast.com\/product\/yoast-seo-wordpress\/ -->\n<title>FP 2000 - Borserini<\/title>\n<meta name=\"robots\" content=\"index, follow, max-snippet:-1, max-image-preview:large, max-video-preview:-1\" \/>\n<link rel=\"canonical\" href=\"https:\/\/borserini.com\/it\/prodotto\/fp-2000\/\" \/>\n<meta property=\"og:locale\" content=\"it_IT\" \/>\n<meta property=\"og:type\" content=\"article\" \/>\n<meta property=\"og:title\" content=\"FP 2000 - Borserini\" \/>\n<meta property=\"og:description\" content=\"&nbsp;      FP 2000  Il purificatore di carburante brevettato da RCI Technologies \u00e8 un&#039;unit\u00e0 monofase che rimuove fino al 99,8% di acqua libera e fino al 95% di altri contaminanti pesanti presenti nel carburante diesel. Anche il carburante diesel \u201cpulito\u201d di oggi viene facilmente contaminato durante il trasporto e lo stoccaggio. A differenza di molti altri prodotti sul mercato, il purificatore di carburante RCI Technologies svolge questa funzione senza l&#039;uso di un elemento filtrante o di una cartuccia sostituibile, intercambiabile o pulibile. Rimuovendo la contaminazione immediatamente prima che il carburante entri nel sistema di filtraggio del motore, puoi mantenere il carburante pulito, preservarne la qualit\u00e0 e prolungare la durata della tua attrezzatura. L&#039;FP 2000 \u00e8 progettato per stazioni di pompaggio di carburante diesel pi\u00f9 grandi, rifornimento di aeromobili, banchine di rifornimento e motori mobili, fissi e marini per carichi pesanti. Contiene circa 4 litri di acqua e contaminanti e impiega circa 25 secondi per drenare completamente. **Valvola di scarico opzionale da 1\u2033 venduta separatamente**     SPECIFICHE   PORTATA:100 gal\/min | 378.5 lts\/min  DIMENSIONE DELLA CONNESSIONE:2&quot; NPT DIMENSIONI:42.5&quot; H x 15&quot; W  PESO LORDO:124 lbs.  APPLICAZIONI: Stazioni di pompaggio pi\u00f9 grandi, rifornimento di aeromobili, banchine di rifornimento, motori mobili, fissi e marini per impieghi gravosi  PORTA SUPERIORE:1&quot; NPT PORTA SENSORE:1\/2&quot; - 20 Straight Thread PRESSIONE MASSIMA DI ESERCIZIO:50 psi  FINITURA:Rivestimento in polvere nera di poliestere - da 35 a 40 gloss               &nbsp;  &nbsp;\" \/>\n<meta property=\"og:url\" content=\"https:\/\/borserini.com\/it\/prodotto\/fp-2000\/\" \/>\n<meta property=\"og:site_name\" content=\"Borserini\" \/>\n<meta property=\"article:modified_time\" content=\"2025-07-07T16:12:37+00:00\" \/>\n<meta property=\"og:image\" content=\"https:\/\/borserini.com\/wp-content\/uploads\/FP-2000-425x425-1.png\" \/>\n\t<meta property=\"og:image:width\" content=\"426\" \/>\n\t<meta property=\"og:image:height\" content=\"425\" \/>\n\t<meta property=\"og:image:type\" content=\"image\/png\" \/>\n<meta name=\"twitter:card\" content=\"summary_large_image\" \/>\n<script type=\"application\/ld+json\" class=\"yoast-schema-graph\">{\"@context\":\"https:\\\/\\\/schema.org\",\"@graph\":[{\"@type\":\"WebPage\",\"@id\":\"https:\\\/\\\/borserini.com\\\/it\\\/prodotto\\\/fp-2000\\\/\",\"url\":\"https:\\\/\\\/borserini.com\\\/it\\\/prodotto\\\/fp-2000\\\/\",\"name\":\"FP 2000 - Borserini\",\"isPartOf\":{\"@id\":\"https:\\\/\\\/borserini.com\\\/it\\\/#website\"},\"primaryImageOfPage\":{\"@id\":\"https:\\\/\\\/borserini.com\\\/it\\\/prodotto\\\/fp-2000\\\/#primaryimage\"},\"image\":{\"@id\":\"https:\\\/\\\/borserini.com\\\/it\\\/prodotto\\\/fp-2000\\\/#primaryimage\"},\"thumbnailUrl\":\"https:\\\/\\\/borserini.com\\\/wp-content\\\/uploads\\\/FP-2000-425x425-1.png\",\"datePublished\":\"2020-10-05T21:12:50+00:00\",\"dateModified\":\"2025-07-07T16:12:37+00:00\",\"breadcrumb\":{\"@id\":\"https:\\\/\\\/borserini.com\\\/it\\\/prodotto\\\/fp-2000\\\/#breadcrumb\"},\"inLanguage\":\"it-IT\",\"potentialAction\":[{\"@type\":\"ReadAction\",\"target\":[\"https:\\\/\\\/borserini.com\\\/it\\\/prodotto\\\/fp-2000\\\/\"]}]},{\"@type\":\"ImageObject\",\"inLanguage\":\"it-IT\",\"@id\":\"https:\\\/\\\/borserini.com\\\/it\\\/prodotto\\\/fp-2000\\\/#primaryimage\",\"url\":\"https:\\\/\\\/borserini.com\\\/wp-content\\\/uploads\\\/FP-2000-425x425-1.png\",\"contentUrl\":\"https:\\\/\\\/borserini.com\\\/wp-content\\\/uploads\\\/FP-2000-425x425-1.png\",\"width\":426,\"height\":425},{\"@type\":\"BreadcrumbList\",\"@id\":\"https:\\\/\\\/borserini.com\\\/it\\\/prodotto\\\/fp-2000\\\/#breadcrumb\",\"itemListElement\":[{\"@type\":\"ListItem\",\"position\":1,\"name\":\"Home\",\"item\":\"https:\\\/\\\/borserini.com\\\/it\\\/\"},{\"@type\":\"ListItem\",\"position\":2,\"name\":\"Cataloghi\",\"item\":\"https:\\\/\\\/borserini.com\\\/it\\\/cataloghi\\\/\"},{\"@type\":\"ListItem\",\"position\":3,\"name\":\"FP 2000\"}]},{\"@type\":\"WebSite\",\"@id\":\"https:\\\/\\\/borserini.com\\\/it\\\/#website\",\"url\":\"https:\\\/\\\/borserini.com\\\/it\\\/\",\"name\":\"Borserini\",\"description\":\"Technical and Filtration Solution\",\"publisher\":{\"@id\":\"https:\\\/\\\/borserini.com\\\/it\\\/#organization\"},\"potentialAction\":[{\"@type\":\"SearchAction\",\"target\":{\"@type\":\"EntryPoint\",\"urlTemplate\":\"https:\\\/\\\/borserini.com\\\/it\\\/?s={search_term_string}\"},\"query-input\":{\"@type\":\"PropertyValueSpecification\",\"valueRequired\":true,\"valueName\":\"search_term_string\"}}],\"inLanguage\":\"it-IT\"},{\"@type\":\"Organization\",\"@id\":\"https:\\\/\\\/borserini.com\\\/it\\\/#organization\",\"name\":\"BORSERINI SRL\",\"url\":\"https:\\\/\\\/borserini.com\\\/it\\\/\",\"logo\":{\"@type\":\"ImageObject\",\"inLanguage\":\"it-IT\",\"@id\":\"https:\\\/\\\/borserini.com\\\/it\\\/#\\\/schema\\\/logo\\\/image\\\/\",\"url\":\"https:\\\/\\\/borserini.com\\\/wp-content\\\/uploads\\\/logo-anim-h60-v2.gif\",\"contentUrl\":\"https:\\\/\\\/borserini.com\\\/wp-content\\\/uploads\\\/logo-anim-h60-v2.gif\",\"width\":300,\"height\":60,\"caption\":\"BORSERINI SRL\"},\"image\":{\"@id\":\"https:\\\/\\\/borserini.com\\\/it\\\/#\\\/schema\\\/logo\\\/image\\\/\"}}]}<\/script>\n<!-- \/ Yoast SEO plugin. -->","yoast_head_json":{"title":"FP 2000 - Borserini","robots":{"index":"index","follow":"follow","max-snippet":"max-snippet:-1","max-image-preview":"max-image-preview:large","max-video-preview":"max-video-preview:-1"},"canonical":"https:\/\/borserini.com\/it\/prodotto\/fp-2000\/","og_locale":"it_IT","og_type":"article","og_title":"FP 2000 - Borserini","og_description":"&nbsp;      FP 2000  Il purificatore di carburante brevettato da RCI Technologies \u00e8 un'unit\u00e0 monofase che rimuove fino al 99,8% di acqua libera e fino al 95% di altri contaminanti pesanti presenti nel carburante diesel. Anche il carburante diesel \u201cpulito\u201d di oggi viene facilmente contaminato durante il trasporto e lo stoccaggio. A differenza di molti altri prodotti sul mercato, il purificatore di carburante RCI Technologies svolge questa funzione senza l'uso di un elemento filtrante o di una cartuccia sostituibile, intercambiabile o pulibile. Rimuovendo la contaminazione immediatamente prima che il carburante entri nel sistema di filtraggio del motore, puoi mantenere il carburante pulito, preservarne la qualit\u00e0 e prolungare la durata della tua attrezzatura. L'FP 2000 \u00e8 progettato per stazioni di pompaggio di carburante diesel pi\u00f9 grandi, rifornimento di aeromobili, banchine di rifornimento e motori mobili, fissi e marini per carichi pesanti. Contiene circa 4 litri di acqua e contaminanti e impiega circa 25 secondi per drenare completamente. **Valvola di scarico opzionale da 1\u2033 venduta separatamente**     SPECIFICHE   PORTATA:100 gal\/min | 378.5 lts\/min  DIMENSIONE DELLA CONNESSIONE:2\" NPT DIMENSIONI:42.5\" H x 15\" W  PESO LORDO:124 lbs.  APPLICAZIONI: Stazioni di pompaggio pi\u00f9 grandi, rifornimento di aeromobili, banchine di rifornimento, motori mobili, fissi e marini per impieghi gravosi  PORTA SUPERIORE:1\" NPT PORTA SENSORE:1\/2\" - 20 Straight Thread PRESSIONE MASSIMA DI ESERCIZIO:50 psi  FINITURA:Rivestimento in polvere nera di poliestere - da 35 a 40 gloss               &nbsp;  &nbsp;","og_url":"https:\/\/borserini.com\/it\/prodotto\/fp-2000\/","og_site_name":"Borserini","article_modified_time":"2025-07-07T16:12:37+00:00","og_image":[{"width":426,"height":425,"url":"https:\/\/borserini.com\/wp-content\/uploads\/FP-2000-425x425-1.png","type":"image\/png"}],"twitter_card":"summary_large_image","schema":{"@context":"https:\/\/schema.org","@graph":[{"@type":"WebPage","@id":"https:\/\/borserini.com\/it\/prodotto\/fp-2000\/","url":"https:\/\/borserini.com\/it\/prodotto\/fp-2000\/","name":"FP 2000 - Borserini","isPartOf":{"@id":"https:\/\/borserini.com\/it\/#website"},"primaryImageOfPage":{"@id":"https:\/\/borserini.com\/it\/prodotto\/fp-2000\/#primaryimage"},"image":{"@id":"https:\/\/borserini.com\/it\/prodotto\/fp-2000\/#primaryimage"},"thumbnailUrl":"https:\/\/borserini.com\/wp-content\/uploads\/FP-2000-425x425-1.png","datePublished":"2020-10-05T21:12:50+00:00","dateModified":"2025-07-07T16:12:37+00:00","breadcrumb":{"@id":"https:\/\/borserini.com\/it\/prodotto\/fp-2000\/#breadcrumb"},"inLanguage":"it-IT","potentialAction":[{"@type":"ReadAction","target":["https:\/\/borserini.com\/it\/prodotto\/fp-2000\/"]}]},{"@type":"ImageObject","inLanguage":"it-IT","@id":"https:\/\/borserini.com\/it\/prodotto\/fp-2000\/#primaryimage","url":"https:\/\/borserini.com\/wp-content\/uploads\/FP-2000-425x425-1.png","contentUrl":"https:\/\/borserini.com\/wp-content\/uploads\/FP-2000-425x425-1.png","width":426,"height":425},{"@type":"BreadcrumbList","@id":"https:\/\/borserini.com\/it\/prodotto\/fp-2000\/#breadcrumb","itemListElement":[{"@type":"ListItem","position":1,"name":"Home","item":"https:\/\/borserini.com\/it\/"},{"@type":"ListItem","position":2,"name":"Cataloghi","item":"https:\/\/borserini.com\/it\/cataloghi\/"},{"@type":"ListItem","position":3,"name":"FP 2000"}]},{"@type":"WebSite","@id":"https:\/\/borserini.com\/it\/#website","url":"https:\/\/borserini.com\/it\/","name":"Borserini","description":"Technical and Filtration Solution","publisher":{"@id":"https:\/\/borserini.com\/it\/#organization"},"potentialAction":[{"@type":"SearchAction","target":{"@type":"EntryPoint","urlTemplate":"https:\/\/borserini.com\/it\/?s={search_term_string}"},"query-input":{"@type":"PropertyValueSpecification","valueRequired":true,"valueName":"search_term_string"}}],"inLanguage":"it-IT"},{"@type":"Organization","@id":"https:\/\/borserini.com\/it\/#organization","name":"BORSERINI SRL","url":"https:\/\/borserini.com\/it\/","logo":{"@type":"ImageObject","inLanguage":"it-IT","@id":"https:\/\/borserini.com\/it\/#\/schema\/logo\/image\/","url":"https:\/\/borserini.com\/wp-content\/uploads\/logo-anim-h60-v2.gif","contentUrl":"https:\/\/borserini.com\/wp-content\/uploads\/logo-anim-h60-v2.gif","width":300,"height":60,"caption":"BORSERINI SRL"},"image":{"@id":"https:\/\/borserini.com\/it\/#\/schema\/logo\/image\/"}}]}},"_links":{"self":[{"href":"https:\/\/borserini.com\/it\/wp-json\/wp\/v2\/product\/7904","targetHints":{"allow":["GET"]}}],"collection":[{"href":"https:\/\/borserini.com\/it\/wp-json\/wp\/v2\/product"}],"about":[{"href":"https:\/\/borserini.com\/it\/wp-json\/wp\/v2\/types\/product"}],"version-history":[{"count":4,"href":"https:\/\/borserini.com\/it\/wp-json\/wp\/v2\/product\/7904\/revisions"}],"predecessor-version":[{"id":14234,"href":"https:\/\/borserini.com\/it\/wp-json\/wp\/v2\/product\/7904\/revisions\/14234"}],"wp:featuredmedia":[{"embeddable":true,"href":"https:\/\/borserini.com\/it\/wp-json\/wp\/v2\/media\/5616"}],"wp:attachment":[{"href":"https:\/\/borserini.com\/it\/wp-json\/wp\/v2\/media?parent=7904"}],"wp:term":[{"taxonomy":"product_brand","embeddable":true,"href":"https:\/\/borserini.com\/it\/wp-json\/wp\/v2\/product_brand?post=7904"},{"taxonomy":"product_cat","embeddable":true,"href":"https:\/\/borserini.com\/it\/wp-json\/wp\/v2\/product_cat?post=7904"},{"taxonomy":"product_tag","embeddable":true,"href":"https:\/\/borserini.com\/it\/wp-json\/wp\/v2\/product_tag?post=7904"}],"curies":[{"name":"wp","href":"https:\/\/api.w.org\/{rel}","templated":true}]}}