{"id":7869,"date":"2020-10-05T23:12:53","date_gmt":"2020-10-05T21:12:53","guid":{"rendered":"https:\/\/borserini.com\/product\/filtrazione-off-line-dedicata-fsl\/"},"modified":"2025-07-17T11:52:01","modified_gmt":"2025-07-17T09:52:01","slug":"fsl-filtrazione-off-line-dedicata","status":"publish","type":"product","link":"https:\/\/borserini.com\/it\/prodotto\/fsl-filtrazione-off-line-dedicata\/","title":{"rendered":"FSL  Filtrazione Off-Line Dedicata"},"content":{"rendered":"","protected":false},"excerpt":{"rendered":"<p><img decoding=\"async\" style=\"width: 750px; height: 103px;\" src=\"\/wp-content\/uploads\/varie2\/Hy-Pro\/heading-1.jpg\" alt=\"\" \/><\/p>\n<p>&nbsp;<\/p>\n<p><img fetchpriority=\"high\" decoding=\"async\" class=\"alignleft\" style=\"width: 300px; height: 400px;\" src=\"\/wp-content\/uploads\/varie2\/Hy-Pro\/FSL.jpg\" alt=\"\" width=\"720\" height=\"960\" \/><\/p>\n<p>&nbsp;<\/p>\n<p>&nbsp;<\/p>\n<p><span style=\"font-size: 16px;\"><span style=\"background-color: #ffffff; color: #222222; font-family: Arial, 'Trebuchet MS', sans-serif; font-variant-numeric: normal; font-variant-east-asian: normal;\">I <b>sistemi di filtrazione off-line dedicati FSL<\/b> sono dotati di un elemento filtrante di grandi dimensioni, ideale per il condizionamento di <b>oli lubrificanti ad alta viscosit\u00e0<\/b>. Offrono opzioni di media filtrante ad alta efficienza, con capacit\u00e0 di filtrazione fino a <b>1 micron assoluto<\/b>, oltre alla rimozione dell&#8217;acqua e l&#8217;utilizzo di rete metallica in acciaio inossidabile.<\/span><\/span><\/p>\n<p><span style=\"font-size: 16px;\"><span style=\"background-color: #ffffff; color: #222222; font-family: Arial, 'Trebuchet MS', sans-serif; font-variant-numeric: normal; font-variant-east-asian: normal;\">Questi sistemi sono perfetti per applicazioni in <b>mulini a carbone<\/b> e altre <b>applicazioni con riduttori<\/b>, nonch\u00e9 per la pulizia e il trasferimento di <b>fluidi ad alta viscosit\u00e0<\/b>. Vantano elevate portate e una gamma versatile di opzioni di potenza.<\/span><\/span><\/p>\n<p><span style=\"font-size: 16px;\"><span style=\"background-color: #ffffff; color: #222222; font-family: Arial, 'Trebuchet MS', sans-serif; font-variant-numeric: normal; font-variant-east-asian: normal;\">Le <b>unit\u00e0 FSL a doppio stadio<\/b> offrono la flessibilit\u00e0 di utilizzare elementi per la rimozione dell&#8217;acqua e media ad alta efficienza fino a <b>1 micron assoluto<\/b>, garantendo una pulizia del fluido eccezionale.<br \/>\n<\/span><\/span><\/p>\n<p>&nbsp;<\/p>\n","protected":false},"featured_media":5636,"template":"","meta":[],"product_brand":[],"product_cat":[839],"product_tag":[],"class_list":{"0":"post-7869","1":"product","2":"type-product","3":"status-publish","4":"has-post-thumbnail","6":"product_cat-condizionamento-del-combustibile","8":"first","9":"instock","10":"shipping-taxable","11":"product-type-simple"},"yoast_head":"<!-- This site is optimized with the Yoast SEO plugin v27.3 - https:\/\/yoast.com\/product\/yoast-seo-wordpress\/ -->\n<title>FSL Filtrazione Off-Line Dedicata - Borserini<\/title>\n<meta name=\"robots\" content=\"index, follow, max-snippet:-1, max-image-preview:large, max-video-preview:-1\" \/>\n<link rel=\"canonical\" href=\"https:\/\/borserini.com\/it\/prodotto\/fsl-filtrazione-off-line-dedicata\/\" \/>\n<meta property=\"og:locale\" content=\"it_IT\" \/>\n<meta property=\"og:type\" content=\"article\" \/>\n<meta property=\"og:title\" content=\"FSL Filtrazione Off-Line Dedicata - Borserini\" \/>\n<meta property=\"og:description\" content=\"&nbsp;    &nbsp;  &nbsp;  I sistemi di filtrazione off-line dedicati FSL sono dotati di un elemento filtrante di grandi dimensioni, ideale per il condizionamento di oli lubrificanti ad alta viscosit\u00e0. Offrono opzioni di media filtrante ad alta efficienza, con capacit\u00e0 di filtrazione fino a 1 micron assoluto, oltre alla rimozione dell&#039;acqua e l&#039;utilizzo di rete metallica in acciaio inossidabile.  Questi sistemi sono perfetti per applicazioni in mulini a carbone e altre applicazioni con riduttori, nonch\u00e9 per la pulizia e il trasferimento di fluidi ad alta viscosit\u00e0. Vantano elevate portate e una gamma versatile di opzioni di potenza.  Le unit\u00e0 FSL a doppio stadio offrono la flessibilit\u00e0 di utilizzare elementi per la rimozione dell&#039;acqua e media ad alta efficienza fino a 1 micron assoluto, garantendo una pulizia del fluido eccezionale.   &nbsp;\" \/>\n<meta property=\"og:url\" content=\"https:\/\/borserini.com\/it\/prodotto\/fsl-filtrazione-off-line-dedicata\/\" \/>\n<meta property=\"og:site_name\" content=\"Borserini\" \/>\n<meta property=\"article:modified_time\" content=\"2025-07-17T09:52:01+00:00\" \/>\n<meta property=\"og:image\" content=\"https:\/\/borserini.com\/wp-content\/uploads\/FSL_972x972.jpg\" \/>\n\t<meta property=\"og:image:width\" content=\"972\" \/>\n\t<meta property=\"og:image:height\" content=\"972\" \/>\n\t<meta property=\"og:image:type\" content=\"image\/jpeg\" \/>\n<meta name=\"twitter:card\" content=\"summary_large_image\" \/>\n<script type=\"application\/ld+json\" class=\"yoast-schema-graph\">{\"@context\":\"https:\\\/\\\/schema.org\",\"@graph\":[{\"@type\":\"WebPage\",\"@id\":\"https:\\\/\\\/borserini.com\\\/it\\\/prodotto\\\/fsl-filtrazione-off-line-dedicata\\\/\",\"url\":\"https:\\\/\\\/borserini.com\\\/it\\\/prodotto\\\/fsl-filtrazione-off-line-dedicata\\\/\",\"name\":\"FSL Filtrazione Off-Line Dedicata - Borserini\",\"isPartOf\":{\"@id\":\"https:\\\/\\\/borserini.com\\\/it\\\/#website\"},\"primaryImageOfPage\":{\"@id\":\"https:\\\/\\\/borserini.com\\\/it\\\/prodotto\\\/fsl-filtrazione-off-line-dedicata\\\/#primaryimage\"},\"image\":{\"@id\":\"https:\\\/\\\/borserini.com\\\/it\\\/prodotto\\\/fsl-filtrazione-off-line-dedicata\\\/#primaryimage\"},\"thumbnailUrl\":\"https:\\\/\\\/borserini.com\\\/wp-content\\\/uploads\\\/FSL_972x972.jpg\",\"datePublished\":\"2020-10-05T21:12:53+00:00\",\"dateModified\":\"2025-07-17T09:52:01+00:00\",\"breadcrumb\":{\"@id\":\"https:\\\/\\\/borserini.com\\\/it\\\/prodotto\\\/fsl-filtrazione-off-line-dedicata\\\/#breadcrumb\"},\"inLanguage\":\"it-IT\",\"potentialAction\":[{\"@type\":\"ReadAction\",\"target\":[\"https:\\\/\\\/borserini.com\\\/it\\\/prodotto\\\/fsl-filtrazione-off-line-dedicata\\\/\"]}]},{\"@type\":\"ImageObject\",\"inLanguage\":\"it-IT\",\"@id\":\"https:\\\/\\\/borserini.com\\\/it\\\/prodotto\\\/fsl-filtrazione-off-line-dedicata\\\/#primaryimage\",\"url\":\"https:\\\/\\\/borserini.com\\\/wp-content\\\/uploads\\\/FSL_972x972.jpg\",\"contentUrl\":\"https:\\\/\\\/borserini.com\\\/wp-content\\\/uploads\\\/FSL_972x972.jpg\",\"width\":972,\"height\":972},{\"@type\":\"BreadcrumbList\",\"@id\":\"https:\\\/\\\/borserini.com\\\/it\\\/prodotto\\\/fsl-filtrazione-off-line-dedicata\\\/#breadcrumb\",\"itemListElement\":[{\"@type\":\"ListItem\",\"position\":1,\"name\":\"Home\",\"item\":\"https:\\\/\\\/borserini.com\\\/it\\\/\"},{\"@type\":\"ListItem\",\"position\":2,\"name\":\"Cataloghi\",\"item\":\"https:\\\/\\\/borserini.com\\\/it\\\/cataloghi\\\/\"},{\"@type\":\"ListItem\",\"position\":3,\"name\":\"FSL Filtrazione Off-Line Dedicata\"}]},{\"@type\":\"WebSite\",\"@id\":\"https:\\\/\\\/borserini.com\\\/it\\\/#website\",\"url\":\"https:\\\/\\\/borserini.com\\\/it\\\/\",\"name\":\"Borserini\",\"description\":\"Technical and Filtration Solution\",\"publisher\":{\"@id\":\"https:\\\/\\\/borserini.com\\\/it\\\/#organization\"},\"potentialAction\":[{\"@type\":\"SearchAction\",\"target\":{\"@type\":\"EntryPoint\",\"urlTemplate\":\"https:\\\/\\\/borserini.com\\\/it\\\/?s={search_term_string}\"},\"query-input\":{\"@type\":\"PropertyValueSpecification\",\"valueRequired\":true,\"valueName\":\"search_term_string\"}}],\"inLanguage\":\"it-IT\"},{\"@type\":\"Organization\",\"@id\":\"https:\\\/\\\/borserini.com\\\/it\\\/#organization\",\"name\":\"BORSERINI SRL\",\"url\":\"https:\\\/\\\/borserini.com\\\/it\\\/\",\"logo\":{\"@type\":\"ImageObject\",\"inLanguage\":\"it-IT\",\"@id\":\"https:\\\/\\\/borserini.com\\\/it\\\/#\\\/schema\\\/logo\\\/image\\\/\",\"url\":\"https:\\\/\\\/borserini.com\\\/wp-content\\\/uploads\\\/logo-anim-h60-v2.gif\",\"contentUrl\":\"https:\\\/\\\/borserini.com\\\/wp-content\\\/uploads\\\/logo-anim-h60-v2.gif\",\"width\":300,\"height\":60,\"caption\":\"BORSERINI SRL\"},\"image\":{\"@id\":\"https:\\\/\\\/borserini.com\\\/it\\\/#\\\/schema\\\/logo\\\/image\\\/\"}}]}<\/script>\n<!-- \/ Yoast SEO plugin. -->","yoast_head_json":{"title":"FSL Filtrazione Off-Line Dedicata - Borserini","robots":{"index":"index","follow":"follow","max-snippet":"max-snippet:-1","max-image-preview":"max-image-preview:large","max-video-preview":"max-video-preview:-1"},"canonical":"https:\/\/borserini.com\/it\/prodotto\/fsl-filtrazione-off-line-dedicata\/","og_locale":"it_IT","og_type":"article","og_title":"FSL Filtrazione Off-Line Dedicata - Borserini","og_description":"&nbsp;    &nbsp;  &nbsp;  I sistemi di filtrazione off-line dedicati FSL sono dotati di un elemento filtrante di grandi dimensioni, ideale per il condizionamento di oli lubrificanti ad alta viscosit\u00e0. Offrono opzioni di media filtrante ad alta efficienza, con capacit\u00e0 di filtrazione fino a 1 micron assoluto, oltre alla rimozione dell'acqua e l'utilizzo di rete metallica in acciaio inossidabile.  Questi sistemi sono perfetti per applicazioni in mulini a carbone e altre applicazioni con riduttori, nonch\u00e9 per la pulizia e il trasferimento di fluidi ad alta viscosit\u00e0. Vantano elevate portate e una gamma versatile di opzioni di potenza.  Le unit\u00e0 FSL a doppio stadio offrono la flessibilit\u00e0 di utilizzare elementi per la rimozione dell'acqua e media ad alta efficienza fino a 1 micron assoluto, garantendo una pulizia del fluido eccezionale.   &nbsp;","og_url":"https:\/\/borserini.com\/it\/prodotto\/fsl-filtrazione-off-line-dedicata\/","og_site_name":"Borserini","article_modified_time":"2025-07-17T09:52:01+00:00","og_image":[{"width":972,"height":972,"url":"https:\/\/borserini.com\/wp-content\/uploads\/FSL_972x972.jpg","type":"image\/jpeg"}],"twitter_card":"summary_large_image","schema":{"@context":"https:\/\/schema.org","@graph":[{"@type":"WebPage","@id":"https:\/\/borserini.com\/it\/prodotto\/fsl-filtrazione-off-line-dedicata\/","url":"https:\/\/borserini.com\/it\/prodotto\/fsl-filtrazione-off-line-dedicata\/","name":"FSL Filtrazione Off-Line Dedicata - Borserini","isPartOf":{"@id":"https:\/\/borserini.com\/it\/#website"},"primaryImageOfPage":{"@id":"https:\/\/borserini.com\/it\/prodotto\/fsl-filtrazione-off-line-dedicata\/#primaryimage"},"image":{"@id":"https:\/\/borserini.com\/it\/prodotto\/fsl-filtrazione-off-line-dedicata\/#primaryimage"},"thumbnailUrl":"https:\/\/borserini.com\/wp-content\/uploads\/FSL_972x972.jpg","datePublished":"2020-10-05T21:12:53+00:00","dateModified":"2025-07-17T09:52:01+00:00","breadcrumb":{"@id":"https:\/\/borserini.com\/it\/prodotto\/fsl-filtrazione-off-line-dedicata\/#breadcrumb"},"inLanguage":"it-IT","potentialAction":[{"@type":"ReadAction","target":["https:\/\/borserini.com\/it\/prodotto\/fsl-filtrazione-off-line-dedicata\/"]}]},{"@type":"ImageObject","inLanguage":"it-IT","@id":"https:\/\/borserini.com\/it\/prodotto\/fsl-filtrazione-off-line-dedicata\/#primaryimage","url":"https:\/\/borserini.com\/wp-content\/uploads\/FSL_972x972.jpg","contentUrl":"https:\/\/borserini.com\/wp-content\/uploads\/FSL_972x972.jpg","width":972,"height":972},{"@type":"BreadcrumbList","@id":"https:\/\/borserini.com\/it\/prodotto\/fsl-filtrazione-off-line-dedicata\/#breadcrumb","itemListElement":[{"@type":"ListItem","position":1,"name":"Home","item":"https:\/\/borserini.com\/it\/"},{"@type":"ListItem","position":2,"name":"Cataloghi","item":"https:\/\/borserini.com\/it\/cataloghi\/"},{"@type":"ListItem","position":3,"name":"FSL Filtrazione Off-Line Dedicata"}]},{"@type":"WebSite","@id":"https:\/\/borserini.com\/it\/#website","url":"https:\/\/borserini.com\/it\/","name":"Borserini","description":"Technical and Filtration Solution","publisher":{"@id":"https:\/\/borserini.com\/it\/#organization"},"potentialAction":[{"@type":"SearchAction","target":{"@type":"EntryPoint","urlTemplate":"https:\/\/borserini.com\/it\/?s={search_term_string}"},"query-input":{"@type":"PropertyValueSpecification","valueRequired":true,"valueName":"search_term_string"}}],"inLanguage":"it-IT"},{"@type":"Organization","@id":"https:\/\/borserini.com\/it\/#organization","name":"BORSERINI SRL","url":"https:\/\/borserini.com\/it\/","logo":{"@type":"ImageObject","inLanguage":"it-IT","@id":"https:\/\/borserini.com\/it\/#\/schema\/logo\/image\/","url":"https:\/\/borserini.com\/wp-content\/uploads\/logo-anim-h60-v2.gif","contentUrl":"https:\/\/borserini.com\/wp-content\/uploads\/logo-anim-h60-v2.gif","width":300,"height":60,"caption":"BORSERINI SRL"},"image":{"@id":"https:\/\/borserini.com\/it\/#\/schema\/logo\/image\/"}}]}},"_links":{"self":[{"href":"https:\/\/borserini.com\/it\/wp-json\/wp\/v2\/product\/7869","targetHints":{"allow":["GET"]}}],"collection":[{"href":"https:\/\/borserini.com\/it\/wp-json\/wp\/v2\/product"}],"about":[{"href":"https:\/\/borserini.com\/it\/wp-json\/wp\/v2\/types\/product"}],"version-history":[{"count":3,"href":"https:\/\/borserini.com\/it\/wp-json\/wp\/v2\/product\/7869\/revisions"}],"predecessor-version":[{"id":14706,"href":"https:\/\/borserini.com\/it\/wp-json\/wp\/v2\/product\/7869\/revisions\/14706"}],"wp:featuredmedia":[{"embeddable":true,"href":"https:\/\/borserini.com\/it\/wp-json\/wp\/v2\/media\/5636"}],"wp:attachment":[{"href":"https:\/\/borserini.com\/it\/wp-json\/wp\/v2\/media?parent=7869"}],"wp:term":[{"taxonomy":"product_brand","embeddable":true,"href":"https:\/\/borserini.com\/it\/wp-json\/wp\/v2\/product_brand?post=7869"},{"taxonomy":"product_cat","embeddable":true,"href":"https:\/\/borserini.com\/it\/wp-json\/wp\/v2\/product_cat?post=7869"},{"taxonomy":"product_tag","embeddable":true,"href":"https:\/\/borserini.com\/it\/wp-json\/wp\/v2\/product_tag?post=7869"}],"curies":[{"name":"wp","href":"https:\/\/api.w.org\/{rel}","templated":true}]}}