{"id":7867,"date":"2021-07-17T10:48:48","date_gmt":"2021-07-17T08:48:48","guid":{"rendered":"https:\/\/borserini.com\/product\/fclcod-carrello-filtro-di-condizionamento-diesel\/"},"modified":"2025-07-30T11:52:09","modified_gmt":"2025-07-30T09:52:09","slug":"fclcod-carrello-per-filtrazione-diesel","status":"publish","type":"product","link":"https:\/\/borserini.com\/it\/prodotto\/fclcod-carrello-per-filtrazione-diesel\/","title":{"rendered":"FCLCOD Carrello per Filtrazione Diesel"},"content":{"rendered":"","protected":false},"excerpt":{"rendered":"<h1>FCLCOD\u00a0<a href=\"https:\/\/borserini.com\/wp-content\/uploads\/FCLCOD-0.jpg\"><img fetchpriority=\"high\" decoding=\"async\" class=\"alignleft wp-image-7110\" style=\"font-size: 16px; font-weight: 400;\" src=\"https:\/\/borserini.com\/wp-content\/uploads\/FCLCOD-0.jpg\" alt=\"\" width=\"304\" height=\"304\" srcset=\"https:\/\/borserini.com\/wp-content\/uploads\/FCLCOD-0.jpg 1000w, https:\/\/borserini.com\/wp-content\/uploads\/FCLCOD-0-300x300.jpg 300w, https:\/\/borserini.com\/wp-content\/uploads\/FCLCOD-0-150x150.jpg 150w, https:\/\/borserini.com\/wp-content\/uploads\/FCLCOD-0-768x768.jpg 768w, https:\/\/borserini.com\/wp-content\/uploads\/FCLCOD-0-600x600.jpg 600w, https:\/\/borserini.com\/wp-content\/uploads\/FCLCOD-0-100x100.jpg 100w\" sizes=\"(max-width: 304px) 100vw, 304px\" \/><\/a><br \/>\nCarrello di Filtrazione per il Condizionamento Diesel<\/h1>\n<p>Per rimuovere acqua e particolato ed estendere la vita degli iniettori di carburante e aumentare l&#8217;efficienza del carburante nei motori a combustione.<\/p>\n<p>Ideale per serbatoi diesel stazionari di servizio e applicazioni marine.<\/p>\n<p>&nbsp;<\/p>\n<hr \/>\n<p>&nbsp;<\/p>\n<p>&nbsp;<\/p>\n<h3><strong>Prendi il controllo dei tuoi sistemi.<\/strong><\/h3>\n<p><img decoding=\"async\" class=\"wp-image-7089 alignright\" src=\"https:\/\/borserini.com\/wp-content\/uploads\/FCLCOD-2.jpg\" alt=\"\" width=\"320\" height=\"162\" srcset=\"https:\/\/borserini.com\/wp-content\/uploads\/FCLCOD-2.jpg 522w, https:\/\/borserini.com\/wp-content\/uploads\/FCLCOD-2-300x152.jpg 300w\" sizes=\"(max-width: 320px) 100vw, 320px\" \/><\/p>\n<p>I carrelli filtranti FCLCOD sono costruiti per essere potenti, affidabili e facili da usare.<br \/>\nSia che tu abbia pi\u00f9 serbatoi diesel o semplicemente hai bisogno della tua filtrazione in movimento, condizionare i tuoi carburanti non \u00e8 mai stato cos\u00ec facile. Aggiungi lo scarico automatico dell&#8217;acqua e il tuo FCLCOD diventa una centrale elettrica che fa il lavoro per te.<\/p>\n<p>&nbsp;<\/p>\n<p>&nbsp;<\/p>\n<hr \/>\n<h3><strong>La filtrazione inizia con il filtro(i).<\/strong><\/h3>\n<p><a href=\"https:\/\/borserini.com\/wp-content\/uploads\/FCLCOD-3.jpg\"><img decoding=\"async\" class=\"alignleft wp-image-7098\" src=\"https:\/\/borserini.com\/wp-content\/uploads\/FCLCOD-3.jpg\" alt=\"\" width=\"350\" height=\"177\" srcset=\"https:\/\/borserini.com\/wp-content\/uploads\/FCLCOD-3.jpg 522w, https:\/\/borserini.com\/wp-content\/uploads\/FCLCOD-3-300x152.jpg 300w\" sizes=\"(max-width: 350px) 100vw, 350px\" \/><\/a><br \/>\n<strong>FCLCOD combina la rimozione di particolato e acqua ad alta efficienza in un singolo passaggio<\/strong><br \/>\nper garantire che il carburante sia sempre conforme alle specifiche, eliminando i guasti prematuri degli iniettori e i tempi di inattivit\u00e0.<br \/>\nCon i filtri antiparticolato classificati DFE e gli elementi di coalescenza\/separazione 100% sintetici che rimuovono tutta l&#8217;acqua libera ed emulsionata fino a 50 ppm, il rail del carburante e gli iniettori ad alta pressione saranno protetti e funzioneranno in modo pi\u00f9 efficiente che mai.<\/p>\n<hr \/>\n<p>&nbsp;<\/p>\n<p>&nbsp;<\/p>\n<h3><strong>Non smette mai di funzionare.<\/strong><\/h3>\n<p><a href=\"https:\/\/borserini.com\/wp-content\/uploads\/FCLCOD-4.jpg\"><img loading=\"lazy\" decoding=\"async\" class=\"wp-image-7100 alignright\" src=\"https:\/\/borserini.com\/wp-content\/uploads\/FCLCOD-4.jpg\" alt=\"\" width=\"350\" height=\"177\" srcset=\"https:\/\/borserini.com\/wp-content\/uploads\/FCLCOD-4.jpg 522w, https:\/\/borserini.com\/wp-content\/uploads\/FCLCOD-4-300x152.jpg 300w\" sizes=\"(max-width: 350px) 100vw, 350px\" \/><\/a><br \/>\nProgettati per il funzionamento non presidiato 24 ore su 24, 7 giorni su 7, gli FCLCOD con tecnologie di scarico automatico dell&#8217;acqua, disponibili con alimentazione elettrica o meccanica, offrono la sicurezza e la protezione necessarie per sapere che il diesel \u00e8 pulito e asciutto anche quando sei fuori orario.<\/p>\n<p>&nbsp;<\/p>\n<hr \/>\n<h3><\/h3>\n<h3><strong>Insuperabile in movimento.<\/strong><\/h3>\n<h3><a href=\"https:\/\/borserini.com\/wp-content\/uploads\/FCLCOD-5.jpg\"><img loading=\"lazy\" decoding=\"async\" class=\"alignleft wp-image-7102\" src=\"https:\/\/borserini.com\/wp-content\/uploads\/FCLCOD-5.jpg\" alt=\"\" width=\"350\" height=\"179\" srcset=\"https:\/\/borserini.com\/wp-content\/uploads\/FCLCOD-5.jpg 523w, https:\/\/borserini.com\/wp-content\/uploads\/FCLCOD-5-300x154.jpg 300w\" sizes=\"(max-width: 350px) 100vw, 350px\" \/><\/a><\/h3>\n<p>Ruote anti-sgretolamento, pneumatici per impieghi gravosi fuoristrada opzionali e design del carrello facile da manovrare<br \/>\ncon impugnatura ergonomica significa che ottieni una filtrazione potente esattamente quando e dove ne hai bisogno.<\/p>\n<p>&nbsp;<\/p>\n<hr \/>\n<h3><\/h3>\n<h3><\/h3>\n<h3><strong>Aumentare l&#8217;efficienza del carburante, ridurre le emissioni.<\/strong><\/h3>\n<p><img loading=\"lazy\" decoding=\"async\" class=\"alignright\" src=\"https:\/\/borserini.com\/wp-content\/uploads\/FCLCOD-6.jpg\" alt=\"FCLCOD-6.jpg (522\u00d7268)\" width=\"392\" height=\"201\" \/><br \/>\nIl carburante pi\u00f9 pulito funziona in modo pi\u00f9 efficiente e con emissioni inferiori, offrendo migliori prestazioni e durata dell&#8217;iniettore e pu\u00f2 anche portare a un minore consumo di carburante che si traduce in redditivit\u00e0 e un impatto ambientale drasticamente inferiore.<br \/>\nMonitora le condizioni dei tuoi carburanti con una posizione corretta porte prima del prefiltro e dopo la coalescenza fase e sapere sempre come sta eseguendo la filtrazione del campione<\/p>\n<p>&nbsp;<\/p>\n<hr \/>\n<h3><\/h3>\n<h3><strong>Completamente personalizzabile.<\/strong><\/h3>\n<p>&nbsp;<\/p>\n<p><a style=\"font-size: 16px; font-style: normal; font-weight: 400; color: #3a3a3a;\" href=\"https:\/\/borserini.com\/wp-contenuti\/caricamenti\/FCLCOD-7.jpg\"><img loading=\"lazy\" decoding=\"async\" class=\"alignleft size-full wp-image-7106\" src=\"https:\/\/borserini.com\/wp-content\/uploads\/FCLCOD-7.jpg\" alt=\"\" width=\"522\" height=\"266\" srcset=\"https:\/\/borserini.com\/wp-content\/uploads\/FCLCOD-7.jpg 522w, https:\/\/borserini.com\/wp-content\/uploads\/FCLCOD-7-300x153.jpg 300w\" sizes=\"(max-width: 522px) 100vw, 522px\" \/><\/a>Dimensioni flessibili e disposizione del processo sono disponibili con ogni FCLCOD in modo da ottenere la soluzione di contaminazione perfetta per il sistema di erogazione del carburante. Puoi persino scegliere tra\u00a0modelli antideflagranti e colori coordinati per adattarsi perfettamente ai tuoi standard di sicurezza esistenti per il sistema mobile definitivo per il condizionamento diesel.<\/p>\n<p>&nbsp;<\/p>\n<p>&nbsp;<\/p>\n<p>&nbsp;<\/p>\n<p>&nbsp;<\/p>\n","protected":false},"featured_media":7111,"template":"","meta":[],"product_brand":[],"product_cat":[839,878,881],"product_tag":[],"class_list":{"0":"post-7867","1":"product","2":"type-product","3":"status-publish","4":"has-post-thumbnail","6":"product_cat-condizionamento-del-combustibile","7":"product_cat-motori-industriali","8":"product_cat-navale","10":"first","11":"instock","12":"shipping-taxable","13":"product-type-simple"},"yoast_head":"<!-- This site is optimized with the Yoast SEO plugin v27.3 - https:\/\/yoast.com\/product\/yoast-seo-wordpress\/ -->\n<title>FCLCOD Carrello per Filtrazione Diesel - Borserini<\/title>\n<meta name=\"robots\" content=\"index, follow, max-snippet:-1, max-image-preview:large, max-video-preview:-1\" \/>\n<link rel=\"canonical\" href=\"https:\/\/borserini.com\/it\/prodotto\/fclcod-carrello-per-filtrazione-diesel\/\" \/>\n<meta property=\"og:locale\" content=\"it_IT\" \/>\n<meta property=\"og:type\" content=\"article\" \/>\n<meta property=\"og:title\" content=\"FCLCOD Carrello per Filtrazione Diesel - Borserini\" \/>\n<meta property=\"og:description\" content=\"FCLCOD\u00a0 Carrello di Filtrazione per il Condizionamento Diesel Per rimuovere acqua e particolato ed estendere la vita degli iniettori di carburante e aumentare l&#039;efficienza del carburante nei motori a combustione.  Ideale per serbatoi diesel stazionari di servizio e applicazioni marine.  &nbsp;    &nbsp;  &nbsp; Prendi il controllo dei tuoi sistemi.   I carrelli filtranti FCLCOD sono costruiti per essere potenti, affidabili e facili da usare. Sia che tu abbia pi\u00f9 serbatoi diesel o semplicemente hai bisogno della tua filtrazione in movimento, condizionare i tuoi carburanti non \u00e8 mai stato cos\u00ec facile. Aggiungi lo scarico automatico dell&#039;acqua e il tuo FCLCOD diventa una centrale elettrica che fa il lavoro per te.  &nbsp;  &nbsp;    La filtrazione inizia con il filtro(i).  FCLCOD combina la rimozione di particolato e acqua ad alta efficienza in un singolo passaggio per garantire che il carburante sia sempre conforme alle specifiche, eliminando i guasti prematuri degli iniettori e i tempi di inattivit\u00e0. Con i filtri antiparticolato classificati DFE e gli elementi di coalescenza\/separazione 100% sintetici che rimuovono tutta l&#039;acqua libera ed emulsionata fino a 50 ppm, il rail del carburante e gli iniettori ad alta pressione saranno protetti e funzioneranno in modo pi\u00f9 efficiente che mai.    &nbsp;  &nbsp; Non smette mai di funzionare.  Progettati per il funzionamento non presidiato 24 ore su 24, 7 giorni su 7, gli FCLCOD con tecnologie di scarico automatico dell&#039;acqua, disponibili con alimentazione elettrica o meccanica, offrono la sicurezza e la protezione necessarie per sapere che il diesel \u00e8 pulito e asciutto anche quando sei fuori orario.  &nbsp;     Insuperabile in movimento.  Ruote anti-sgretolamento, pneumatici per impieghi gravosi fuoristrada opzionali e design del carrello facile da manovrare con impugnatura ergonomica significa che ottieni una filtrazione potente esattamente quando e dove ne hai bisogno.  &nbsp;      Aumentare l&#039;efficienza del carburante, ridurre le emissioni.  Il carburante pi\u00f9 pulito funziona in modo pi\u00f9 efficiente e con emissioni inferiori, offrendo migliori prestazioni e durata dell&#039;iniettore e pu\u00f2 anche portare a un minore consumo di carburante che si traduce in redditivit\u00e0 e un impatto ambientale drasticamente inferiore. Monitora le condizioni dei tuoi carburanti con una posizione corretta porte prima del prefiltro e dopo la coalescenza fase e sapere sempre come sta eseguendo la filtrazione del campione  &nbsp;     Completamente personalizzabile. &nbsp;  Dimensioni flessibili e disposizione del processo sono disponibili con ogni FCLCOD in modo da ottenere la soluzione di contaminazione perfetta per il sistema di erogazione del carburante. Puoi persino scegliere tra\u00a0modelli antideflagranti e colori coordinati per adattarsi perfettamente ai tuoi standard di sicurezza esistenti per il sistema mobile definitivo per il condizionamento diesel.  &nbsp;  &nbsp;  &nbsp;  &nbsp;\" \/>\n<meta property=\"og:url\" content=\"https:\/\/borserini.com\/it\/prodotto\/fclcod-carrello-per-filtrazione-diesel\/\" \/>\n<meta property=\"og:site_name\" content=\"Borserini\" \/>\n<meta property=\"article:modified_time\" content=\"2025-07-30T09:52:09+00:00\" \/>\n<meta property=\"og:image\" content=\"https:\/\/borserini.com\/wp-content\/uploads\/FCLCOD-0.jpg\" \/>\n\t<meta property=\"og:image:width\" content=\"1000\" \/>\n\t<meta property=\"og:image:height\" content=\"1000\" \/>\n\t<meta property=\"og:image:type\" content=\"image\/jpeg\" \/>\n<meta name=\"twitter:card\" content=\"summary_large_image\" \/>\n<script type=\"application\/ld+json\" class=\"yoast-schema-graph\">{\"@context\":\"https:\\\/\\\/schema.org\",\"@graph\":[{\"@type\":\"WebPage\",\"@id\":\"https:\\\/\\\/borserini.com\\\/it\\\/prodotto\\\/fclcod-carrello-per-filtrazione-diesel\\\/\",\"url\":\"https:\\\/\\\/borserini.com\\\/it\\\/prodotto\\\/fclcod-carrello-per-filtrazione-diesel\\\/\",\"name\":\"FCLCOD Carrello per Filtrazione Diesel - Borserini\",\"isPartOf\":{\"@id\":\"https:\\\/\\\/borserini.com\\\/it\\\/#website\"},\"primaryImageOfPage\":{\"@id\":\"https:\\\/\\\/borserini.com\\\/it\\\/prodotto\\\/fclcod-carrello-per-filtrazione-diesel\\\/#primaryimage\"},\"image\":{\"@id\":\"https:\\\/\\\/borserini.com\\\/it\\\/prodotto\\\/fclcod-carrello-per-filtrazione-diesel\\\/#primaryimage\"},\"thumbnailUrl\":\"https:\\\/\\\/borserini.com\\\/wp-content\\\/uploads\\\/FCLCOD-0.jpg\",\"datePublished\":\"2021-07-17T08:48:48+00:00\",\"dateModified\":\"2025-07-30T09:52:09+00:00\",\"breadcrumb\":{\"@id\":\"https:\\\/\\\/borserini.com\\\/it\\\/prodotto\\\/fclcod-carrello-per-filtrazione-diesel\\\/#breadcrumb\"},\"inLanguage\":\"it-IT\",\"potentialAction\":[{\"@type\":\"ReadAction\",\"target\":[\"https:\\\/\\\/borserini.com\\\/it\\\/prodotto\\\/fclcod-carrello-per-filtrazione-diesel\\\/\"]}]},{\"@type\":\"ImageObject\",\"inLanguage\":\"it-IT\",\"@id\":\"https:\\\/\\\/borserini.com\\\/it\\\/prodotto\\\/fclcod-carrello-per-filtrazione-diesel\\\/#primaryimage\",\"url\":\"https:\\\/\\\/borserini.com\\\/wp-content\\\/uploads\\\/FCLCOD-0.jpg\",\"contentUrl\":\"https:\\\/\\\/borserini.com\\\/wp-content\\\/uploads\\\/FCLCOD-0.jpg\",\"width\":1000,\"height\":1000},{\"@type\":\"BreadcrumbList\",\"@id\":\"https:\\\/\\\/borserini.com\\\/it\\\/prodotto\\\/fclcod-carrello-per-filtrazione-diesel\\\/#breadcrumb\",\"itemListElement\":[{\"@type\":\"ListItem\",\"position\":1,\"name\":\"Home\",\"item\":\"https:\\\/\\\/borserini.com\\\/it\\\/\"},{\"@type\":\"ListItem\",\"position\":2,\"name\":\"Cataloghi\",\"item\":\"https:\\\/\\\/borserini.com\\\/it\\\/cataloghi\\\/\"},{\"@type\":\"ListItem\",\"position\":3,\"name\":\"FCLCOD Carrello per Filtrazione Diesel\"}]},{\"@type\":\"WebSite\",\"@id\":\"https:\\\/\\\/borserini.com\\\/it\\\/#website\",\"url\":\"https:\\\/\\\/borserini.com\\\/it\\\/\",\"name\":\"Borserini\",\"description\":\"Technical and Filtration Solution\",\"publisher\":{\"@id\":\"https:\\\/\\\/borserini.com\\\/it\\\/#organization\"},\"potentialAction\":[{\"@type\":\"SearchAction\",\"target\":{\"@type\":\"EntryPoint\",\"urlTemplate\":\"https:\\\/\\\/borserini.com\\\/it\\\/?s={search_term_string}\"},\"query-input\":{\"@type\":\"PropertyValueSpecification\",\"valueRequired\":true,\"valueName\":\"search_term_string\"}}],\"inLanguage\":\"it-IT\"},{\"@type\":\"Organization\",\"@id\":\"https:\\\/\\\/borserini.com\\\/it\\\/#organization\",\"name\":\"BORSERINI SRL\",\"url\":\"https:\\\/\\\/borserini.com\\\/it\\\/\",\"logo\":{\"@type\":\"ImageObject\",\"inLanguage\":\"it-IT\",\"@id\":\"https:\\\/\\\/borserini.com\\\/it\\\/#\\\/schema\\\/logo\\\/image\\\/\",\"url\":\"https:\\\/\\\/borserini.com\\\/wp-content\\\/uploads\\\/logo-anim-h60-v2.gif\",\"contentUrl\":\"https:\\\/\\\/borserini.com\\\/wp-content\\\/uploads\\\/logo-anim-h60-v2.gif\",\"width\":300,\"height\":60,\"caption\":\"BORSERINI SRL\"},\"image\":{\"@id\":\"https:\\\/\\\/borserini.com\\\/it\\\/#\\\/schema\\\/logo\\\/image\\\/\"}}]}<\/script>\n<!-- \/ Yoast SEO plugin. -->","yoast_head_json":{"title":"FCLCOD Carrello per Filtrazione Diesel - Borserini","robots":{"index":"index","follow":"follow","max-snippet":"max-snippet:-1","max-image-preview":"max-image-preview:large","max-video-preview":"max-video-preview:-1"},"canonical":"https:\/\/borserini.com\/it\/prodotto\/fclcod-carrello-per-filtrazione-diesel\/","og_locale":"it_IT","og_type":"article","og_title":"FCLCOD Carrello per Filtrazione Diesel - Borserini","og_description":"FCLCOD\u00a0 Carrello di Filtrazione per il Condizionamento Diesel Per rimuovere acqua e particolato ed estendere la vita degli iniettori di carburante e aumentare l'efficienza del carburante nei motori a combustione.  Ideale per serbatoi diesel stazionari di servizio e applicazioni marine.  &nbsp;    &nbsp;  &nbsp; Prendi il controllo dei tuoi sistemi.   I carrelli filtranti FCLCOD sono costruiti per essere potenti, affidabili e facili da usare. Sia che tu abbia pi\u00f9 serbatoi diesel o semplicemente hai bisogno della tua filtrazione in movimento, condizionare i tuoi carburanti non \u00e8 mai stato cos\u00ec facile. Aggiungi lo scarico automatico dell'acqua e il tuo FCLCOD diventa una centrale elettrica che fa il lavoro per te.  &nbsp;  &nbsp;    La filtrazione inizia con il filtro(i).  FCLCOD combina la rimozione di particolato e acqua ad alta efficienza in un singolo passaggio per garantire che il carburante sia sempre conforme alle specifiche, eliminando i guasti prematuri degli iniettori e i tempi di inattivit\u00e0. Con i filtri antiparticolato classificati DFE e gli elementi di coalescenza\/separazione 100% sintetici che rimuovono tutta l'acqua libera ed emulsionata fino a 50 ppm, il rail del carburante e gli iniettori ad alta pressione saranno protetti e funzioneranno in modo pi\u00f9 efficiente che mai.    &nbsp;  &nbsp; Non smette mai di funzionare.  Progettati per il funzionamento non presidiato 24 ore su 24, 7 giorni su 7, gli FCLCOD con tecnologie di scarico automatico dell'acqua, disponibili con alimentazione elettrica o meccanica, offrono la sicurezza e la protezione necessarie per sapere che il diesel \u00e8 pulito e asciutto anche quando sei fuori orario.  &nbsp;     Insuperabile in movimento.  Ruote anti-sgretolamento, pneumatici per impieghi gravosi fuoristrada opzionali e design del carrello facile da manovrare con impugnatura ergonomica significa che ottieni una filtrazione potente esattamente quando e dove ne hai bisogno.  &nbsp;      Aumentare l'efficienza del carburante, ridurre le emissioni.  Il carburante pi\u00f9 pulito funziona in modo pi\u00f9 efficiente e con emissioni inferiori, offrendo migliori prestazioni e durata dell'iniettore e pu\u00f2 anche portare a un minore consumo di carburante che si traduce in redditivit\u00e0 e un impatto ambientale drasticamente inferiore. Monitora le condizioni dei tuoi carburanti con una posizione corretta porte prima del prefiltro e dopo la coalescenza fase e sapere sempre come sta eseguendo la filtrazione del campione  &nbsp;     Completamente personalizzabile. &nbsp;  Dimensioni flessibili e disposizione del processo sono disponibili con ogni FCLCOD in modo da ottenere la soluzione di contaminazione perfetta per il sistema di erogazione del carburante. Puoi persino scegliere tra\u00a0modelli antideflagranti e colori coordinati per adattarsi perfettamente ai tuoi standard di sicurezza esistenti per il sistema mobile definitivo per il condizionamento diesel.  &nbsp;  &nbsp;  &nbsp;  &nbsp;","og_url":"https:\/\/borserini.com\/it\/prodotto\/fclcod-carrello-per-filtrazione-diesel\/","og_site_name":"Borserini","article_modified_time":"2025-07-30T09:52:09+00:00","og_image":[{"width":1000,"height":1000,"url":"https:\/\/borserini.com\/wp-content\/uploads\/FCLCOD-0.jpg","type":"image\/jpeg"}],"twitter_card":"summary_large_image","schema":{"@context":"https:\/\/schema.org","@graph":[{"@type":"WebPage","@id":"https:\/\/borserini.com\/it\/prodotto\/fclcod-carrello-per-filtrazione-diesel\/","url":"https:\/\/borserini.com\/it\/prodotto\/fclcod-carrello-per-filtrazione-diesel\/","name":"FCLCOD Carrello per Filtrazione Diesel - Borserini","isPartOf":{"@id":"https:\/\/borserini.com\/it\/#website"},"primaryImageOfPage":{"@id":"https:\/\/borserini.com\/it\/prodotto\/fclcod-carrello-per-filtrazione-diesel\/#primaryimage"},"image":{"@id":"https:\/\/borserini.com\/it\/prodotto\/fclcod-carrello-per-filtrazione-diesel\/#primaryimage"},"thumbnailUrl":"https:\/\/borserini.com\/wp-content\/uploads\/FCLCOD-0.jpg","datePublished":"2021-07-17T08:48:48+00:00","dateModified":"2025-07-30T09:52:09+00:00","breadcrumb":{"@id":"https:\/\/borserini.com\/it\/prodotto\/fclcod-carrello-per-filtrazione-diesel\/#breadcrumb"},"inLanguage":"it-IT","potentialAction":[{"@type":"ReadAction","target":["https:\/\/borserini.com\/it\/prodotto\/fclcod-carrello-per-filtrazione-diesel\/"]}]},{"@type":"ImageObject","inLanguage":"it-IT","@id":"https:\/\/borserini.com\/it\/prodotto\/fclcod-carrello-per-filtrazione-diesel\/#primaryimage","url":"https:\/\/borserini.com\/wp-content\/uploads\/FCLCOD-0.jpg","contentUrl":"https:\/\/borserini.com\/wp-content\/uploads\/FCLCOD-0.jpg","width":1000,"height":1000},{"@type":"BreadcrumbList","@id":"https:\/\/borserini.com\/it\/prodotto\/fclcod-carrello-per-filtrazione-diesel\/#breadcrumb","itemListElement":[{"@type":"ListItem","position":1,"name":"Home","item":"https:\/\/borserini.com\/it\/"},{"@type":"ListItem","position":2,"name":"Cataloghi","item":"https:\/\/borserini.com\/it\/cataloghi\/"},{"@type":"ListItem","position":3,"name":"FCLCOD Carrello per Filtrazione Diesel"}]},{"@type":"WebSite","@id":"https:\/\/borserini.com\/it\/#website","url":"https:\/\/borserini.com\/it\/","name":"Borserini","description":"Technical and Filtration Solution","publisher":{"@id":"https:\/\/borserini.com\/it\/#organization"},"potentialAction":[{"@type":"SearchAction","target":{"@type":"EntryPoint","urlTemplate":"https:\/\/borserini.com\/it\/?s={search_term_string}"},"query-input":{"@type":"PropertyValueSpecification","valueRequired":true,"valueName":"search_term_string"}}],"inLanguage":"it-IT"},{"@type":"Organization","@id":"https:\/\/borserini.com\/it\/#organization","name":"BORSERINI SRL","url":"https:\/\/borserini.com\/it\/","logo":{"@type":"ImageObject","inLanguage":"it-IT","@id":"https:\/\/borserini.com\/it\/#\/schema\/logo\/image\/","url":"https:\/\/borserini.com\/wp-content\/uploads\/logo-anim-h60-v2.gif","contentUrl":"https:\/\/borserini.com\/wp-content\/uploads\/logo-anim-h60-v2.gif","width":300,"height":60,"caption":"BORSERINI SRL"},"image":{"@id":"https:\/\/borserini.com\/it\/#\/schema\/logo\/image\/"}}]}},"_links":{"self":[{"href":"https:\/\/borserini.com\/it\/wp-json\/wp\/v2\/product\/7867","targetHints":{"allow":["GET"]}}],"collection":[{"href":"https:\/\/borserini.com\/it\/wp-json\/wp\/v2\/product"}],"about":[{"href":"https:\/\/borserini.com\/it\/wp-json\/wp\/v2\/types\/product"}],"version-history":[{"count":26,"href":"https:\/\/borserini.com\/it\/wp-json\/wp\/v2\/product\/7867\/revisions"}],"predecessor-version":[{"id":14705,"href":"https:\/\/borserini.com\/it\/wp-json\/wp\/v2\/product\/7867\/revisions\/14705"}],"wp:featuredmedia":[{"embeddable":true,"href":"https:\/\/borserini.com\/it\/wp-json\/wp\/v2\/media\/7111"}],"wp:attachment":[{"href":"https:\/\/borserini.com\/it\/wp-json\/wp\/v2\/media?parent=7867"}],"wp:term":[{"taxonomy":"product_brand","embeddable":true,"href":"https:\/\/borserini.com\/it\/wp-json\/wp\/v2\/product_brand?post=7867"},{"taxonomy":"product_cat","embeddable":true,"href":"https:\/\/borserini.com\/it\/wp-json\/wp\/v2\/product_cat?post=7867"},{"taxonomy":"product_tag","embeddable":true,"href":"https:\/\/borserini.com\/it\/wp-json\/wp\/v2\/product_tag?post=7867"}],"curies":[{"name":"wp","href":"https:\/\/api.w.org\/{rel}","templated":true}]}}