{"id":7860,"date":"2020-10-05T23:12:53","date_gmt":"2020-10-05T21:12:53","guid":{"rendered":"https:\/\/borserini.com\/product\/skid-di-condizionamento-del-carburante-diesel-cod\/"},"modified":"2025-07-17T11:39:30","modified_gmt":"2025-07-17T09:39:30","slug":"cod-skid-di-condizionamento-carburante-diesel","status":"publish","type":"product","link":"https:\/\/borserini.com\/it\/prodotto\/cod-skid-di-condizionamento-carburante-diesel\/","title":{"rendered":"COD  Skid di Condizionamento Carburante Diesel"},"content":{"rendered":"","protected":false},"excerpt":{"rendered":"<p><img decoding=\"async\" style=\"width: 750px; height: 103px;\" src=\"\/wp-content\/uploads\/varie2\/Hy-Pro\/heading-1.jpg\" alt=\"\" \/><\/p>\n<p>&nbsp;<\/p>\n<p><img decoding=\"async\" class=\"alignleft\" style=\"color: #222222; width: 250px; height: 350px;\" src=\"\/wp-content\/uploads\/varie2\/Hy-Pro\/CO.jpg\" alt=\"\" width=\"150\" height=\"210\" \/><\/p>\n<p>&nbsp;<\/p>\n<p>&nbsp;<\/p>\n<p>&nbsp;<\/p>\n<p>Gli <strong>S<\/strong><b>kid di Coalescenza COD<\/b>\u00a0rimuovono rapidamente l&#8217;acqua dal carburante diesel, offrendo un&#8217;efficienza di rimozione dell&#8217;acqua <b>superiore al 99% in un singolo passaggio<\/b> e una <b>filtrazione di particolato ad alta efficienza<\/b>.<\/p>\n<p>Queste unit\u00e0 sono disponibili con portate <b>fino a 750 litri al minuto (200 galloni al minuto)<\/b> per il trattamento di grandi volumi di carburante nei serbatoi di stoccaggio diesel. Le applicazioni tipiche includono il condizionamento di fluidi sfusi nei <b>depositi di carburante diesel<\/b>, il trasferimento e la filtrazione per il <b>riempimento di autocisterne<\/b>, i <b>serbatoi di stoccaggio diesel di riserva<\/b> (per ospedali, risposta alle emergenze) e altro ancora.<\/p>\n<p>La pulizia del carburante diesel \u00e8 pi\u00f9 cruciale che mai, data l&#8217;aumento delle pressioni di combustione e la sensibilit\u00e0 degli iniettori di carburante. Mantieni i fluidi diesel puliti per un funzionamento del motore <b>affidabile ed efficiente in termini di consumo di carburante<\/b>, e per avere le <b>riserve di carburante di emergenza sempre pronte all&#8217;uso<\/b>.<\/p>\n<p style=\"background-attachment: scroll; background-clip: border-box; background-image: none; background-origin: padding-box; background-position: 0% 0%; background-repeat: repeat; background-size: auto; border: 0px none currentcolor; color: #222222; font-size: 100%; font-variant-numeric: normal; font-variant-east-asian: normal; margin: 0px 0px 20px; outline-style: none; outline-width: 0px; vertical-align: baseline;\">\n","protected":false},"featured_media":8952,"template":"","meta":[],"product_brand":[],"product_cat":[839],"product_tag":[],"class_list":{"0":"post-7860","1":"product","2":"type-product","3":"status-publish","4":"has-post-thumbnail","6":"product_cat-condizionamento-del-combustibile","8":"first","9":"instock","10":"shipping-taxable","11":"product-type-simple"},"yoast_head":"<!-- This site is optimized with the Yoast SEO plugin v27.3 - https:\/\/yoast.com\/product\/yoast-seo-wordpress\/ -->\n<title>COD Skid di Condizionamento Carburante Diesel - Borserini<\/title>\n<meta name=\"robots\" content=\"index, follow, max-snippet:-1, max-image-preview:large, max-video-preview:-1\" \/>\n<link rel=\"canonical\" href=\"https:\/\/borserini.com\/it\/prodotto\/cod-skid-di-condizionamento-carburante-diesel\/\" \/>\n<meta property=\"og:locale\" content=\"it_IT\" \/>\n<meta property=\"og:type\" content=\"article\" \/>\n<meta property=\"og:title\" content=\"COD Skid di Condizionamento Carburante Diesel - Borserini\" \/>\n<meta property=\"og:description\" content=\"&nbsp;    &nbsp;  &nbsp;  &nbsp;  Gli Skid di Coalescenza COD\u00a0rimuovono rapidamente l&#039;acqua dal carburante diesel, offrendo un&#039;efficienza di rimozione dell&#039;acqua superiore al 99% in un singolo passaggio e una filtrazione di particolato ad alta efficienza.  Queste unit\u00e0 sono disponibili con portate fino a 750 litri al minuto (200 galloni al minuto) per il trattamento di grandi volumi di carburante nei serbatoi di stoccaggio diesel. Le applicazioni tipiche includono il condizionamento di fluidi sfusi nei depositi di carburante diesel, il trasferimento e la filtrazione per il riempimento di autocisterne, i serbatoi di stoccaggio diesel di riserva (per ospedali, risposta alle emergenze) e altro ancora.  La pulizia del carburante diesel \u00e8 pi\u00f9 cruciale che mai, data l&#039;aumento delle pressioni di combustione e la sensibilit\u00e0 degli iniettori di carburante. Mantieni i fluidi diesel puliti per un funzionamento del motore affidabile ed efficiente in termini di consumo di carburante, e per avere le riserve di carburante di emergenza sempre pronte all&#039;uso.\" \/>\n<meta property=\"og:url\" content=\"https:\/\/borserini.com\/it\/prodotto\/cod-skid-di-condizionamento-carburante-diesel\/\" \/>\n<meta property=\"og:site_name\" content=\"Borserini\" \/>\n<meta property=\"article:modified_time\" content=\"2025-07-17T09:39:30+00:00\" \/>\n<meta property=\"og:image\" content=\"https:\/\/borserini.com\/wp-content\/uploads\/HY-PRO-COD-diesel-1-1.jpg\" \/>\n\t<meta property=\"og:image:width\" content=\"405\" \/>\n\t<meta property=\"og:image:height\" content=\"400\" \/>\n\t<meta property=\"og:image:type\" content=\"image\/jpeg\" \/>\n<meta name=\"twitter:card\" content=\"summary_large_image\" \/>\n<script type=\"application\/ld+json\" class=\"yoast-schema-graph\">{\"@context\":\"https:\\\/\\\/schema.org\",\"@graph\":[{\"@type\":\"WebPage\",\"@id\":\"https:\\\/\\\/borserini.com\\\/it\\\/prodotto\\\/cod-skid-di-condizionamento-carburante-diesel\\\/\",\"url\":\"https:\\\/\\\/borserini.com\\\/it\\\/prodotto\\\/cod-skid-di-condizionamento-carburante-diesel\\\/\",\"name\":\"COD Skid di Condizionamento Carburante Diesel - Borserini\",\"isPartOf\":{\"@id\":\"https:\\\/\\\/borserini.com\\\/it\\\/#website\"},\"primaryImageOfPage\":{\"@id\":\"https:\\\/\\\/borserini.com\\\/it\\\/prodotto\\\/cod-skid-di-condizionamento-carburante-diesel\\\/#primaryimage\"},\"image\":{\"@id\":\"https:\\\/\\\/borserini.com\\\/it\\\/prodotto\\\/cod-skid-di-condizionamento-carburante-diesel\\\/#primaryimage\"},\"thumbnailUrl\":\"https:\\\/\\\/borserini.com\\\/wp-content\\\/uploads\\\/HY-PRO-COD-diesel-1-1.jpg\",\"datePublished\":\"2020-10-05T21:12:53+00:00\",\"dateModified\":\"2025-07-17T09:39:30+00:00\",\"breadcrumb\":{\"@id\":\"https:\\\/\\\/borserini.com\\\/it\\\/prodotto\\\/cod-skid-di-condizionamento-carburante-diesel\\\/#breadcrumb\"},\"inLanguage\":\"it-IT\",\"potentialAction\":[{\"@type\":\"ReadAction\",\"target\":[\"https:\\\/\\\/borserini.com\\\/it\\\/prodotto\\\/cod-skid-di-condizionamento-carburante-diesel\\\/\"]}]},{\"@type\":\"ImageObject\",\"inLanguage\":\"it-IT\",\"@id\":\"https:\\\/\\\/borserini.com\\\/it\\\/prodotto\\\/cod-skid-di-condizionamento-carburante-diesel\\\/#primaryimage\",\"url\":\"https:\\\/\\\/borserini.com\\\/wp-content\\\/uploads\\\/HY-PRO-COD-diesel-1-1.jpg\",\"contentUrl\":\"https:\\\/\\\/borserini.com\\\/wp-content\\\/uploads\\\/HY-PRO-COD-diesel-1-1.jpg\",\"width\":405,\"height\":400},{\"@type\":\"BreadcrumbList\",\"@id\":\"https:\\\/\\\/borserini.com\\\/it\\\/prodotto\\\/cod-skid-di-condizionamento-carburante-diesel\\\/#breadcrumb\",\"itemListElement\":[{\"@type\":\"ListItem\",\"position\":1,\"name\":\"Home\",\"item\":\"https:\\\/\\\/borserini.com\\\/it\\\/\"},{\"@type\":\"ListItem\",\"position\":2,\"name\":\"Cataloghi\",\"item\":\"https:\\\/\\\/borserini.com\\\/it\\\/cataloghi\\\/\"},{\"@type\":\"ListItem\",\"position\":3,\"name\":\"COD Skid di Condizionamento Carburante Diesel\"}]},{\"@type\":\"WebSite\",\"@id\":\"https:\\\/\\\/borserini.com\\\/it\\\/#website\",\"url\":\"https:\\\/\\\/borserini.com\\\/it\\\/\",\"name\":\"Borserini\",\"description\":\"Technical and Filtration Solution\",\"publisher\":{\"@id\":\"https:\\\/\\\/borserini.com\\\/it\\\/#organization\"},\"potentialAction\":[{\"@type\":\"SearchAction\",\"target\":{\"@type\":\"EntryPoint\",\"urlTemplate\":\"https:\\\/\\\/borserini.com\\\/it\\\/?s={search_term_string}\"},\"query-input\":{\"@type\":\"PropertyValueSpecification\",\"valueRequired\":true,\"valueName\":\"search_term_string\"}}],\"inLanguage\":\"it-IT\"},{\"@type\":\"Organization\",\"@id\":\"https:\\\/\\\/borserini.com\\\/it\\\/#organization\",\"name\":\"BORSERINI SRL\",\"url\":\"https:\\\/\\\/borserini.com\\\/it\\\/\",\"logo\":{\"@type\":\"ImageObject\",\"inLanguage\":\"it-IT\",\"@id\":\"https:\\\/\\\/borserini.com\\\/it\\\/#\\\/schema\\\/logo\\\/image\\\/\",\"url\":\"https:\\\/\\\/borserini.com\\\/wp-content\\\/uploads\\\/logo-anim-h60-v2.gif\",\"contentUrl\":\"https:\\\/\\\/borserini.com\\\/wp-content\\\/uploads\\\/logo-anim-h60-v2.gif\",\"width\":300,\"height\":60,\"caption\":\"BORSERINI SRL\"},\"image\":{\"@id\":\"https:\\\/\\\/borserini.com\\\/it\\\/#\\\/schema\\\/logo\\\/image\\\/\"}}]}<\/script>\n<!-- \/ Yoast SEO plugin. -->","yoast_head_json":{"title":"COD Skid di Condizionamento Carburante Diesel - Borserini","robots":{"index":"index","follow":"follow","max-snippet":"max-snippet:-1","max-image-preview":"max-image-preview:large","max-video-preview":"max-video-preview:-1"},"canonical":"https:\/\/borserini.com\/it\/prodotto\/cod-skid-di-condizionamento-carburante-diesel\/","og_locale":"it_IT","og_type":"article","og_title":"COD Skid di Condizionamento Carburante Diesel - Borserini","og_description":"&nbsp;    &nbsp;  &nbsp;  &nbsp;  Gli Skid di Coalescenza COD\u00a0rimuovono rapidamente l'acqua dal carburante diesel, offrendo un'efficienza di rimozione dell'acqua superiore al 99% in un singolo passaggio e una filtrazione di particolato ad alta efficienza.  Queste unit\u00e0 sono disponibili con portate fino a 750 litri al minuto (200 galloni al minuto) per il trattamento di grandi volumi di carburante nei serbatoi di stoccaggio diesel. Le applicazioni tipiche includono il condizionamento di fluidi sfusi nei depositi di carburante diesel, il trasferimento e la filtrazione per il riempimento di autocisterne, i serbatoi di stoccaggio diesel di riserva (per ospedali, risposta alle emergenze) e altro ancora.  La pulizia del carburante diesel \u00e8 pi\u00f9 cruciale che mai, data l'aumento delle pressioni di combustione e la sensibilit\u00e0 degli iniettori di carburante. Mantieni i fluidi diesel puliti per un funzionamento del motore affidabile ed efficiente in termini di consumo di carburante, e per avere le riserve di carburante di emergenza sempre pronte all'uso.","og_url":"https:\/\/borserini.com\/it\/prodotto\/cod-skid-di-condizionamento-carburante-diesel\/","og_site_name":"Borserini","article_modified_time":"2025-07-17T09:39:30+00:00","og_image":[{"width":405,"height":400,"url":"https:\/\/borserini.com\/wp-content\/uploads\/HY-PRO-COD-diesel-1-1.jpg","type":"image\/jpeg"}],"twitter_card":"summary_large_image","schema":{"@context":"https:\/\/schema.org","@graph":[{"@type":"WebPage","@id":"https:\/\/borserini.com\/it\/prodotto\/cod-skid-di-condizionamento-carburante-diesel\/","url":"https:\/\/borserini.com\/it\/prodotto\/cod-skid-di-condizionamento-carburante-diesel\/","name":"COD Skid di Condizionamento Carburante Diesel - Borserini","isPartOf":{"@id":"https:\/\/borserini.com\/it\/#website"},"primaryImageOfPage":{"@id":"https:\/\/borserini.com\/it\/prodotto\/cod-skid-di-condizionamento-carburante-diesel\/#primaryimage"},"image":{"@id":"https:\/\/borserini.com\/it\/prodotto\/cod-skid-di-condizionamento-carburante-diesel\/#primaryimage"},"thumbnailUrl":"https:\/\/borserini.com\/wp-content\/uploads\/HY-PRO-COD-diesel-1-1.jpg","datePublished":"2020-10-05T21:12:53+00:00","dateModified":"2025-07-17T09:39:30+00:00","breadcrumb":{"@id":"https:\/\/borserini.com\/it\/prodotto\/cod-skid-di-condizionamento-carburante-diesel\/#breadcrumb"},"inLanguage":"it-IT","potentialAction":[{"@type":"ReadAction","target":["https:\/\/borserini.com\/it\/prodotto\/cod-skid-di-condizionamento-carburante-diesel\/"]}]},{"@type":"ImageObject","inLanguage":"it-IT","@id":"https:\/\/borserini.com\/it\/prodotto\/cod-skid-di-condizionamento-carburante-diesel\/#primaryimage","url":"https:\/\/borserini.com\/wp-content\/uploads\/HY-PRO-COD-diesel-1-1.jpg","contentUrl":"https:\/\/borserini.com\/wp-content\/uploads\/HY-PRO-COD-diesel-1-1.jpg","width":405,"height":400},{"@type":"BreadcrumbList","@id":"https:\/\/borserini.com\/it\/prodotto\/cod-skid-di-condizionamento-carburante-diesel\/#breadcrumb","itemListElement":[{"@type":"ListItem","position":1,"name":"Home","item":"https:\/\/borserini.com\/it\/"},{"@type":"ListItem","position":2,"name":"Cataloghi","item":"https:\/\/borserini.com\/it\/cataloghi\/"},{"@type":"ListItem","position":3,"name":"COD Skid di Condizionamento Carburante Diesel"}]},{"@type":"WebSite","@id":"https:\/\/borserini.com\/it\/#website","url":"https:\/\/borserini.com\/it\/","name":"Borserini","description":"Technical and Filtration Solution","publisher":{"@id":"https:\/\/borserini.com\/it\/#organization"},"potentialAction":[{"@type":"SearchAction","target":{"@type":"EntryPoint","urlTemplate":"https:\/\/borserini.com\/it\/?s={search_term_string}"},"query-input":{"@type":"PropertyValueSpecification","valueRequired":true,"valueName":"search_term_string"}}],"inLanguage":"it-IT"},{"@type":"Organization","@id":"https:\/\/borserini.com\/it\/#organization","name":"BORSERINI SRL","url":"https:\/\/borserini.com\/it\/","logo":{"@type":"ImageObject","inLanguage":"it-IT","@id":"https:\/\/borserini.com\/it\/#\/schema\/logo\/image\/","url":"https:\/\/borserini.com\/wp-content\/uploads\/logo-anim-h60-v2.gif","contentUrl":"https:\/\/borserini.com\/wp-content\/uploads\/logo-anim-h60-v2.gif","width":300,"height":60,"caption":"BORSERINI SRL"},"image":{"@id":"https:\/\/borserini.com\/it\/#\/schema\/logo\/image\/"}}]}},"_links":{"self":[{"href":"https:\/\/borserini.com\/it\/wp-json\/wp\/v2\/product\/7860","targetHints":{"allow":["GET"]}}],"collection":[{"href":"https:\/\/borserini.com\/it\/wp-json\/wp\/v2\/product"}],"about":[{"href":"https:\/\/borserini.com\/it\/wp-json\/wp\/v2\/types\/product"}],"version-history":[{"count":8,"href":"https:\/\/borserini.com\/it\/wp-json\/wp\/v2\/product\/7860\/revisions"}],"predecessor-version":[{"id":14704,"href":"https:\/\/borserini.com\/it\/wp-json\/wp\/v2\/product\/7860\/revisions\/14704"}],"wp:featuredmedia":[{"embeddable":true,"href":"https:\/\/borserini.com\/it\/wp-json\/wp\/v2\/media\/8952"}],"wp:attachment":[{"href":"https:\/\/borserini.com\/it\/wp-json\/wp\/v2\/media?parent=7860"}],"wp:term":[{"taxonomy":"product_brand","embeddable":true,"href":"https:\/\/borserini.com\/it\/wp-json\/wp\/v2\/product_brand?post=7860"},{"taxonomy":"product_cat","embeddable":true,"href":"https:\/\/borserini.com\/it\/wp-json\/wp\/v2\/product_cat?post=7860"},{"taxonomy":"product_tag","embeddable":true,"href":"https:\/\/borserini.com\/it\/wp-json\/wp\/v2\/product_tag?post=7860"}],"curies":[{"name":"wp","href":"https:\/\/api.w.org\/{rel}","templated":true}]}}