{"id":7812,"date":"2020-10-05T23:12:53","date_gmt":"2020-10-05T21:12:53","guid":{"rendered":"https:\/\/borserini.com\/product\/flex-n-line\/"},"modified":"2025-08-06T15:45:13","modified_gmt":"2025-08-06T13:45:13","slug":"turbo-iii-flex-n-line-prefiltro","status":"publish","type":"product","link":"https:\/\/borserini.com\/it\/prodotto\/turbo-iii-flex-n-line-prefiltro\/","title":{"rendered":"TURBO\u00ae III FLEX N LINE &#8211; Prefiltro"},"content":{"rendered":"","protected":false},"excerpt":{"rendered":"<h3 style=\"text-align: justify;\"><span style=\"widows: 2; text-transform: none; text-indent: 0px; border-collapse: separate; font: medium 'Times New Roman'; white-space: normal; orphans: 2; letter-spacing: normal; color: #000000; word-spacing: 0px; -webkit-text-size-adjust: auto; -webkit-border-horizontal-spacing: 0px; -webkit-border-vertical-spacing: 0px; -webkit-text-decorations-in-effect: none; -webkit-text-stroke-width: 0px;\"><span style=\"font-family: Verdana, Arial, Helvetica, sans-serif; color: #666666; font-size: 12px; -webkit-border-horizontal-spacing: 5px; -webkit-border-vertical-spacing: 5px;\"><span class=\"style36\" style=\"font-size: 14px; font-weight: bold;\"><strong>Panoramica di Flex-N-line &#8211;\u00a0<\/strong><\/span><\/span><\/span><span style=\"widows: 2; text-transform: none; text-indent: 0px; border-collapse: separate; font: medium 'Times New Roman'; white-space: normal; orphans: 2; letter-spacing: normal; color: #000000; word-spacing: 0px; -webkit-text-size-adjust: auto; -webkit-border-horizontal-spacing: 0px; -webkit-border-vertical-spacing: 0px; -webkit-text-decorations-in-effect: none; -webkit-text-stroke-width: 0px;\"><span style=\"font-family: Verdana, Arial, Helvetica, sans-serif; color: #666666; font-size: 12px; -webkit-border-horizontal-spacing: 5px; -webkit-border-vertical-spacing: 5px;\"><span class=\"style36\" style=\"font-size: 14px; font-weight: bold;\"><strong>Soluzioni Compatte per Spazi Ristretti<\/strong><\/span><\/span><\/span><\/h3>\n<p>&nbsp;<\/p>\n<h3 style=\"text-align: justify;\"><img fetchpriority=\"high\" decoding=\"async\" class=\"alignleft\" style=\"font-size: 16px; font-weight: inherit;\" src=\"\/wp-content\/uploads\/varie2\/PRODUCT IMAGES\/urboFLEXNLINE.jpg\" alt=\"\" width=\"320\" height=\"302\" \/><\/h3>\n<p><span class=\"citation-3\">Quando lo <\/span><strong><span class=\"citation-3\">spazio \u00e8 limitato<\/span><\/strong><span class=\"citation-3\">, il pre-filtro <\/span><strong><span class=\"citation-3\">Flex-N-line installabile sotto-cofano<\/span><\/strong><span class=\"citation-3 citation-end-3\"> si rivela la soluzione ideale!<\/span><\/p>\n<p><span class=\"citation-2 interactive-span-hovered\">Questo pre-filtro, <\/span><strong><span class=\"citation-2 interactive-span-hovered\">alimentato dallo stesso rotore fluido ed efficiente del nostro Turbo III<\/span><\/strong><span class=\"citation-2 interactive-span-hovered\">, offre a progettisti e installatori il vantaggio di un <\/span><strong><span class=\"citation-2 interactive-span-hovered\">pre-filtro rotativo ad espulsione<\/span><\/strong><span class=\"citation-2 citation-end-2 interactive-span-hovered\"> con prestazioni ottimali per operare efficacemente sotto il cofano del veicolo.<\/span><img decoding=\"async\" class=\"alignleft\" src=\"\/wp-content\/uploads\/varie2\/VARIOUS IMAGES\/flex-n-line02_254x183.jpg\" alt=\"\" width=\"300\" height=\"216\" \/><\/p>\n<p><span class=\"citation-1\">Caratterizzato da una <\/span><strong><span class=\"citation-1\">bassa restrizione<\/span><\/strong><span class=\"citation-1\"> e un&#8217;<\/span><strong><span class=\"citation-1\">elevata efficienza su un ampio intervallo di funzionamento<\/span><\/strong><span class=\"citation-1\">, il Flex-N-line \u00e8 l&#8217;opzione perfetta per macchine <\/span><strong><span class=\"citation-1\">off-highway<\/span><\/strong><span class=\"citation-1\"> come <\/span><strong><span class=\"citation-1\">gru, sollevatori telescopici, pale compatte<\/span><\/strong><span class=\"citation-1 citation-end-1\"> e altri macchinari dove lo spazio \u00e8 un fattore critico.<\/span><\/p>\n<p>&nbsp;<\/p>\n<p><span class=\"citation-0\">Disponibile in <\/span><strong><span class=\"citation-0\">due dimensioni<\/span><\/strong><span class=\"citation-0 citation-end-0\"> per coprire un&#8217;ampia gamma di flussi d&#8217;aria, Flex-N-line \u00e8 la risposta quando l&#8217;ingombro \u00e8 un problema.<\/span><\/p>\n<p>Flex-N-line offre a progettisti e installatori il vantaggio di essere un <strong>pre-filtro rotativo ad espulsione<\/strong> compatto, con prestazioni ottimali per funzionare in modo efficiente <strong>sotto il cofano<\/strong>. Con una <strong>bassa restrizione<\/strong> e un&#8217;<strong>elevata efficienza su un ampio intervallo di funzionamento<\/strong>, \u00e8 la soluzione ideale quando lo spazio \u00e8 limitato.<\/p>\n<p>&nbsp;<\/p>\n<p>&nbsp;<\/p>\n<table style=\"text-align: left; widows: 2; text-transform: none; text-indent: 0px; width: 587px; font: bold 12px Verdana, Arial, Helvetica, sans-serif; white-space: normal; orphans: 2; letter-spacing: normal; color: #666666; word-spacing: 0px; -webkit-text-size-adjust: auto; -webkit-text-stroke-width: 0px;\" border=\"0\" cellspacing=\"5\" cellpadding=\"5\">\n<tbody>\n<tr>\n<td style=\"font-family: Verdana, Arial, Helvetica, sans-serif; color: #666666; font-size: 12px;\" colspan=\"2\" align=\"middle\" valign=\"top\">\n<table style=\"text-align: left; width: 99%; border: #efefef 1px solid;\" border=\"1\" cellspacing=\"2\" cellpadding=\"2\" align=\"left\">\n<colgroup>\n<col span=\"2\" width=\"80\" \/>\n<col width=\"101\" \/>\n<col width=\"80\" \/>\n<col width=\"95\" \/>\n<col width=\"113\" \/>\n<col span=\"2\" width=\"80\" \/><\/colgroup>\n<tbody>\n<tr>\n<td colspan=\"8\" height=\"20\">Specifiche del prefiltro dell&#8217;aria di aspirazione del motore per impieghi gravosi Turbo \u00ae Flex-N-Line<\/td>\n<\/tr>\n<tr>\n<td rowspan=\"9\" width=\"1\"><\/td>\n<td width=\"99\" height=\"20\"><\/td>\n<td width=\"73\">\n<div>Gamma del flusso d&#8217;aria<\/div>\n<\/td>\n<td width=\"63\"><\/td>\n<td width=\"68\">Base dim. ingresso<\/td>\n<td width=\"71\"><\/td>\n<td width=\"61\">\n<div>Base della dim. della presa<\/div>\n<\/td>\n<td width=\"57\"><\/td>\n<\/tr>\n<tr>\n<td height=\"20\">\n<div>Modello<\/div>\n<\/td>\n<td>\n<div>CFM<\/div>\n<\/td>\n<td>\n<div>m3\/min<\/div>\n<\/td>\n<td>Pollici<\/td>\n<td>\n<div>mm<\/div>\n<\/td>\n<td>Pollici<\/td>\n<td>\n<div>mm<\/div>\n<\/td>\n<\/tr>\n<tr>\n<td height=\"20\">\n<div>50-3<\/div>\n<\/td>\n<td>\n<div>75-225<\/div>\n<\/td>\n<td>\n<div>2.1-6.3<\/div>\n<\/td>\n<td>\n<div>3&#8243;<\/div>\n<\/td>\n<td>\n<div>76<\/div>\n<\/td>\n<td>\n<div>3.46&#8243;<\/div>\n<\/td>\n<td>\n<div>87.7<\/div>\n<\/td>\n<\/tr>\n<tr>\n<td height=\"20\">\n<div>200-4.5<\/div>\n<\/td>\n<td>\n<div>200-475<\/div>\n<\/td>\n<td>\n<div>5.6-13.3<\/div>\n<\/td>\n<td>\n<div>4.5&#8243;<\/div>\n<\/td>\n<td>\n<div>11.4<\/div>\n<\/td>\n<td>\n<div>4.97&#8243;<\/div>\n<\/td>\n<td>\n<div>12.6<\/div>\n<\/td>\n<\/tr>\n<tr>\n<td height=\"20\"><\/td>\n<td><\/td>\n<td><\/td>\n<td><\/td>\n<td><\/td>\n<td><\/td>\n<td><\/td>\n<\/tr>\n<tr>\n<td height=\"20\"><\/td>\n<td>\n<div>O.D.<\/div>\n<\/td>\n<td><\/td>\n<td>Altezza<\/td>\n<td><\/td>\n<td>Peso<\/td>\n<td><\/td>\n<\/tr>\n<tr>\n<td height=\"20\">\n<div>Modello<\/div>\n<\/td>\n<td>\n<div>Pollici<\/div>\n<\/td>\n<td>\n<div>mm<\/div>\n<\/td>\n<td>Pollici<\/td>\n<td>\n<div>mm<\/div>\n<\/td>\n<td>\n<div>LBS<\/div>\n<\/td>\n<td>\n<div>kg<\/div>\n<\/td>\n<\/tr>\n<tr>\n<td height=\"20\">\n<div>50<\/div>\n<\/td>\n<td>\n<div>5.27<\/div>\n<\/td>\n<td>\n<div>134<\/div>\n<\/td>\n<td>\n<div>10.7&#8243;<\/div>\n<\/td>\n<td>\n<div>271<\/div>\n<\/td>\n<td><\/td>\n<td><\/td>\n<\/tr>\n<tr>\n<td height=\"20\">\n<div>200<\/div>\n<\/td>\n<td>\n<div>7.5<\/div>\n<\/td>\n<td>\n<div>190<\/div>\n<\/td>\n<td>\n<div>12.88&#8243;<\/div>\n<\/td>\n<td class=\"bodytextV10\" style=\"font-family: Verdana, Arial, Helvetica, sans-serif; color: #666666; font-size: 10px; font-weight: normal;\">\n<div><strong>327<\/strong><\/div>\n<\/td>\n<td class=\"bodytextV10\" style=\"font-family: Verdana, Arial, Helvetica, sans-serif; color: #666666; font-size: 10px; font-weight: normal;\"><\/td>\n<td class=\"bodytextV10\" style=\"font-family: Verdana, Arial, Helvetica, sans-serif; color: #666666; font-size: 10px; font-weight: normal;\"><\/td>\n<\/tr>\n<\/tbody>\n<\/table>\n<\/td>\n<\/tr>\n<\/tbody>\n<\/table>\n<p>&nbsp;<\/p>\n<p>&nbsp;<\/p>\n<table style=\"width: 350px; cursor: default; border: #bbbbbb 1px dashed;\" border=\"0\" cellspacing=\"5\">\n<tbody>\n<tr>\n<td style=\"margin: 8px; font-family: Verdana, Arial, Helvetica, sans-serif; color: #000000; font-size: 10px; cursor: text; border: #bbbbbb 1px dashed;\">BROCHURES<\/td>\n<td style=\"margin: 8px; font-family: Verdana, Arial, Helvetica, sans-serif; color: #000000; font-size: 10px; cursor: text; border: #bbbbbb 1px dashed;\"><\/td>\n<\/tr>\n<tr>\n<td style=\"margin: 8px; font-family: Verdana, Arial, Helvetica, sans-serif; color: #000000; font-size: 10px; cursor: text; border: #bbbbbb 1px dashed;\"><a href=\"\/wp-content\/uploads\/varie2\/CATALOGUES\/TPC_Flex-N-Line_Brochure1-BRS.pdf\">TURBO FLEX-N-LINE<\/a><\/td>\n<td style=\"margin: 8px; font-family: Verdana, Arial, Helvetica, sans-serif; color: #000000; font-size: 10px; cursor: text; border: #bbbbbb 1px dashed;\"><a href=\"\/wp-content\/uploads\/varie2\/CATALOGUES\/turbo_sizing_datasheet-BRS EN.pdf\" target=\"_blank\" rel=\"noopener noreferrer\">TURBO SIZING<\/a><\/td>\n<\/tr>\n<tr>\n<td style=\"margin: 8px; font-family: Verdana, Arial, Helvetica, sans-serif; color: #000000; font-size: 10px; cursor: text; border: #bbbbbb 1px dashed;\"><a href=\"\/wp-content\/uploads\/varie2\/CATALOGUES\/turbo-precleaner-overview_1IT BRS-LR.pdf\">TURBO PRECLEANER OVERVIEW<\/a><\/td>\n<td style=\"margin: 8px; font-family: Verdana, Arial, Helvetica, sans-serif; color: #000000; font-size: 10px; cursor: text; border: #bbbbbb 1px dashed;\"><\/td>\n<\/tr>\n<\/tbody>\n<\/table>\n<p>&nbsp;<\/p>\n<p>&nbsp;<\/p>\n<p>&nbsp;<\/p>\n","protected":false},"featured_media":7124,"template":"","meta":[],"product_brand":[],"product_cat":[877,826],"product_tag":[961],"class_list":{"0":"post-7812","1":"product","2":"type-product","3":"status-publish","4":"has-post-thumbnail","6":"product_cat-filtrazione-aria-industriale","7":"product_cat-prefiltri-turbo","8":"product_tag-pdf-it","10":"first","11":"instock","12":"shipping-taxable","13":"product-type-simple"},"yoast_head":"<!-- This site is optimized with the Yoast SEO plugin v27.3 - https:\/\/yoast.com\/product\/yoast-seo-wordpress\/ -->\n<title>TURBO\u00ae III FLEX N LINE - Prefiltro - Borserini<\/title>\n<meta name=\"robots\" content=\"index, follow, max-snippet:-1, max-image-preview:large, max-video-preview:-1\" \/>\n<link rel=\"canonical\" href=\"https:\/\/borserini.com\/it\/prodotto\/turbo-iii-flex-n-line-prefiltro\/\" \/>\n<meta property=\"og:locale\" content=\"it_IT\" \/>\n<meta property=\"og:type\" content=\"article\" \/>\n<meta property=\"og:title\" content=\"TURBO\u00ae III FLEX N LINE - Prefiltro - Borserini\" \/>\n<meta property=\"og:description\" content=\"Panoramica di Flex-N-line -\u00a0Soluzioni Compatte per Spazi Ristretti &nbsp;  Quando lo spazio \u00e8 limitato, il pre-filtro Flex-N-line installabile sotto-cofano si rivela la soluzione ideale!  Questo pre-filtro, alimentato dallo stesso rotore fluido ed efficiente del nostro Turbo III, offre a progettisti e installatori il vantaggio di un pre-filtro rotativo ad espulsione con prestazioni ottimali per operare efficacemente sotto il cofano del veicolo.  Caratterizzato da una bassa restrizione e un&#039;elevata efficienza su un ampio intervallo di funzionamento, il Flex-N-line \u00e8 l&#039;opzione perfetta per macchine off-highway come gru, sollevatori telescopici, pale compatte e altri macchinari dove lo spazio \u00e8 un fattore critico.  &nbsp;  Disponibile in due dimensioni per coprire un&#039;ampia gamma di flussi d&#039;aria, Flex-N-line \u00e8 la risposta quando l&#039;ingombro \u00e8 un problema.  Flex-N-line offre a progettisti e installatori il vantaggio di essere un pre-filtro rotativo ad espulsione compatto, con prestazioni ottimali per funzionare in modo efficiente sotto il cofano. Con una bassa restrizione e un&#039;elevata efficienza su un ampio intervallo di funzionamento, \u00e8 la soluzione ideale quando lo spazio \u00e8 limitato.  &nbsp;  &nbsp;           Specifiche del prefiltro dell&#039;aria di aspirazione del motore per impieghi gravosi Turbo \u00ae Flex-N-Line      Gamma del flusso d&#039;aria  Base dim. ingresso   Base della dim. della presa     Modello  CFM  m3\/min Pollici  mm Pollici  mm    50-3  75-225  2.1-6.3  3&quot;  76  3.46&quot;  87.7    200-4.5  200-475  5.6-13.3  4.5&quot;  11.4  4.97&quot;  12.6              O.D.  Altezza  Peso     Modello  Pollici  mm Pollici  mm  LBS  kg    50  5.27  134  10.7&quot;  271      200  7.5  190  12.88&quot;  327          &nbsp;  &nbsp;    BROCHURES    TURBO FLEX-N-LINE TURBO SIZING   TURBO PRECLEANER OVERVIEW     &nbsp;  &nbsp;  &nbsp;\" \/>\n<meta property=\"og:url\" content=\"https:\/\/borserini.com\/it\/prodotto\/turbo-iii-flex-n-line-prefiltro\/\" \/>\n<meta property=\"og:site_name\" content=\"Borserini\" \/>\n<meta property=\"article:modified_time\" content=\"2025-08-06T13:45:13+00:00\" \/>\n<meta property=\"og:image\" content=\"https:\/\/borserini.com\/wp-content\/uploads\/image004_1430x1430.png\" \/>\n\t<meta property=\"og:image:width\" content=\"1432\" \/>\n\t<meta property=\"og:image:height\" content=\"1434\" \/>\n\t<meta property=\"og:image:type\" content=\"image\/png\" \/>\n<meta name=\"twitter:card\" content=\"summary_large_image\" \/>\n<script type=\"application\/ld+json\" class=\"yoast-schema-graph\">{\"@context\":\"https:\\\/\\\/schema.org\",\"@graph\":[{\"@type\":\"WebPage\",\"@id\":\"https:\\\/\\\/borserini.com\\\/it\\\/prodotto\\\/turbo-iii-flex-n-line-prefiltro\\\/\",\"url\":\"https:\\\/\\\/borserini.com\\\/it\\\/prodotto\\\/turbo-iii-flex-n-line-prefiltro\\\/\",\"name\":\"TURBO\u00ae III FLEX N LINE - Prefiltro - Borserini\",\"isPartOf\":{\"@id\":\"https:\\\/\\\/borserini.com\\\/it\\\/#website\"},\"primaryImageOfPage\":{\"@id\":\"https:\\\/\\\/borserini.com\\\/it\\\/prodotto\\\/turbo-iii-flex-n-line-prefiltro\\\/#primaryimage\"},\"image\":{\"@id\":\"https:\\\/\\\/borserini.com\\\/it\\\/prodotto\\\/turbo-iii-flex-n-line-prefiltro\\\/#primaryimage\"},\"thumbnailUrl\":\"https:\\\/\\\/borserini.com\\\/wp-content\\\/uploads\\\/image004_1430x1430.png\",\"datePublished\":\"2020-10-05T21:12:53+00:00\",\"dateModified\":\"2025-08-06T13:45:13+00:00\",\"breadcrumb\":{\"@id\":\"https:\\\/\\\/borserini.com\\\/it\\\/prodotto\\\/turbo-iii-flex-n-line-prefiltro\\\/#breadcrumb\"},\"inLanguage\":\"it-IT\",\"potentialAction\":[{\"@type\":\"ReadAction\",\"target\":[\"https:\\\/\\\/borserini.com\\\/it\\\/prodotto\\\/turbo-iii-flex-n-line-prefiltro\\\/\"]}]},{\"@type\":\"ImageObject\",\"inLanguage\":\"it-IT\",\"@id\":\"https:\\\/\\\/borserini.com\\\/it\\\/prodotto\\\/turbo-iii-flex-n-line-prefiltro\\\/#primaryimage\",\"url\":\"https:\\\/\\\/borserini.com\\\/wp-content\\\/uploads\\\/image004_1430x1430.png\",\"contentUrl\":\"https:\\\/\\\/borserini.com\\\/wp-content\\\/uploads\\\/image004_1430x1430.png\",\"width\":1432,\"height\":1434},{\"@type\":\"BreadcrumbList\",\"@id\":\"https:\\\/\\\/borserini.com\\\/it\\\/prodotto\\\/turbo-iii-flex-n-line-prefiltro\\\/#breadcrumb\",\"itemListElement\":[{\"@type\":\"ListItem\",\"position\":1,\"name\":\"Home\",\"item\":\"https:\\\/\\\/borserini.com\\\/it\\\/\"},{\"@type\":\"ListItem\",\"position\":2,\"name\":\"Cataloghi\",\"item\":\"https:\\\/\\\/borserini.com\\\/it\\\/cataloghi\\\/\"},{\"@type\":\"ListItem\",\"position\":3,\"name\":\"TURBO\u00ae III FLEX N LINE &#8211; Prefiltro\"}]},{\"@type\":\"WebSite\",\"@id\":\"https:\\\/\\\/borserini.com\\\/it\\\/#website\",\"url\":\"https:\\\/\\\/borserini.com\\\/it\\\/\",\"name\":\"Borserini\",\"description\":\"Technical and Filtration Solution\",\"publisher\":{\"@id\":\"https:\\\/\\\/borserini.com\\\/it\\\/#organization\"},\"potentialAction\":[{\"@type\":\"SearchAction\",\"target\":{\"@type\":\"EntryPoint\",\"urlTemplate\":\"https:\\\/\\\/borserini.com\\\/it\\\/?s={search_term_string}\"},\"query-input\":{\"@type\":\"PropertyValueSpecification\",\"valueRequired\":true,\"valueName\":\"search_term_string\"}}],\"inLanguage\":\"it-IT\"},{\"@type\":\"Organization\",\"@id\":\"https:\\\/\\\/borserini.com\\\/it\\\/#organization\",\"name\":\"BORSERINI SRL\",\"url\":\"https:\\\/\\\/borserini.com\\\/it\\\/\",\"logo\":{\"@type\":\"ImageObject\",\"inLanguage\":\"it-IT\",\"@id\":\"https:\\\/\\\/borserini.com\\\/it\\\/#\\\/schema\\\/logo\\\/image\\\/\",\"url\":\"https:\\\/\\\/borserini.com\\\/wp-content\\\/uploads\\\/logo-anim-h60-v2.gif\",\"contentUrl\":\"https:\\\/\\\/borserini.com\\\/wp-content\\\/uploads\\\/logo-anim-h60-v2.gif\",\"width\":300,\"height\":60,\"caption\":\"BORSERINI SRL\"},\"image\":{\"@id\":\"https:\\\/\\\/borserini.com\\\/it\\\/#\\\/schema\\\/logo\\\/image\\\/\"}}]}<\/script>\n<!-- \/ Yoast SEO plugin. -->","yoast_head_json":{"title":"TURBO\u00ae III FLEX N LINE - Prefiltro - Borserini","robots":{"index":"index","follow":"follow","max-snippet":"max-snippet:-1","max-image-preview":"max-image-preview:large","max-video-preview":"max-video-preview:-1"},"canonical":"https:\/\/borserini.com\/it\/prodotto\/turbo-iii-flex-n-line-prefiltro\/","og_locale":"it_IT","og_type":"article","og_title":"TURBO\u00ae III FLEX N LINE - Prefiltro - Borserini","og_description":"Panoramica di Flex-N-line -\u00a0Soluzioni Compatte per Spazi Ristretti &nbsp;  Quando lo spazio \u00e8 limitato, il pre-filtro Flex-N-line installabile sotto-cofano si rivela la soluzione ideale!  Questo pre-filtro, alimentato dallo stesso rotore fluido ed efficiente del nostro Turbo III, offre a progettisti e installatori il vantaggio di un pre-filtro rotativo ad espulsione con prestazioni ottimali per operare efficacemente sotto il cofano del veicolo.  Caratterizzato da una bassa restrizione e un'elevata efficienza su un ampio intervallo di funzionamento, il Flex-N-line \u00e8 l'opzione perfetta per macchine off-highway come gru, sollevatori telescopici, pale compatte e altri macchinari dove lo spazio \u00e8 un fattore critico.  &nbsp;  Disponibile in due dimensioni per coprire un'ampia gamma di flussi d'aria, Flex-N-line \u00e8 la risposta quando l'ingombro \u00e8 un problema.  Flex-N-line offre a progettisti e installatori il vantaggio di essere un pre-filtro rotativo ad espulsione compatto, con prestazioni ottimali per funzionare in modo efficiente sotto il cofano. Con una bassa restrizione e un'elevata efficienza su un ampio intervallo di funzionamento, \u00e8 la soluzione ideale quando lo spazio \u00e8 limitato.  &nbsp;  &nbsp;           Specifiche del prefiltro dell'aria di aspirazione del motore per impieghi gravosi Turbo \u00ae Flex-N-Line      Gamma del flusso d'aria  Base dim. ingresso   Base della dim. della presa     Modello  CFM  m3\/min Pollici  mm Pollici  mm    50-3  75-225  2.1-6.3  3\"  76  3.46\"  87.7    200-4.5  200-475  5.6-13.3  4.5\"  11.4  4.97\"  12.6              O.D.  Altezza  Peso     Modello  Pollici  mm Pollici  mm  LBS  kg    50  5.27  134  10.7\"  271      200  7.5  190  12.88\"  327          &nbsp;  &nbsp;    BROCHURES    TURBO FLEX-N-LINE TURBO SIZING   TURBO PRECLEANER OVERVIEW     &nbsp;  &nbsp;  &nbsp;","og_url":"https:\/\/borserini.com\/it\/prodotto\/turbo-iii-flex-n-line-prefiltro\/","og_site_name":"Borserini","article_modified_time":"2025-08-06T13:45:13+00:00","og_image":[{"width":1432,"height":1434,"url":"https:\/\/borserini.com\/wp-content\/uploads\/image004_1430x1430.png","type":"image\/png"}],"twitter_card":"summary_large_image","schema":{"@context":"https:\/\/schema.org","@graph":[{"@type":"WebPage","@id":"https:\/\/borserini.com\/it\/prodotto\/turbo-iii-flex-n-line-prefiltro\/","url":"https:\/\/borserini.com\/it\/prodotto\/turbo-iii-flex-n-line-prefiltro\/","name":"TURBO\u00ae III FLEX N LINE - Prefiltro - Borserini","isPartOf":{"@id":"https:\/\/borserini.com\/it\/#website"},"primaryImageOfPage":{"@id":"https:\/\/borserini.com\/it\/prodotto\/turbo-iii-flex-n-line-prefiltro\/#primaryimage"},"image":{"@id":"https:\/\/borserini.com\/it\/prodotto\/turbo-iii-flex-n-line-prefiltro\/#primaryimage"},"thumbnailUrl":"https:\/\/borserini.com\/wp-content\/uploads\/image004_1430x1430.png","datePublished":"2020-10-05T21:12:53+00:00","dateModified":"2025-08-06T13:45:13+00:00","breadcrumb":{"@id":"https:\/\/borserini.com\/it\/prodotto\/turbo-iii-flex-n-line-prefiltro\/#breadcrumb"},"inLanguage":"it-IT","potentialAction":[{"@type":"ReadAction","target":["https:\/\/borserini.com\/it\/prodotto\/turbo-iii-flex-n-line-prefiltro\/"]}]},{"@type":"ImageObject","inLanguage":"it-IT","@id":"https:\/\/borserini.com\/it\/prodotto\/turbo-iii-flex-n-line-prefiltro\/#primaryimage","url":"https:\/\/borserini.com\/wp-content\/uploads\/image004_1430x1430.png","contentUrl":"https:\/\/borserini.com\/wp-content\/uploads\/image004_1430x1430.png","width":1432,"height":1434},{"@type":"BreadcrumbList","@id":"https:\/\/borserini.com\/it\/prodotto\/turbo-iii-flex-n-line-prefiltro\/#breadcrumb","itemListElement":[{"@type":"ListItem","position":1,"name":"Home","item":"https:\/\/borserini.com\/it\/"},{"@type":"ListItem","position":2,"name":"Cataloghi","item":"https:\/\/borserini.com\/it\/cataloghi\/"},{"@type":"ListItem","position":3,"name":"TURBO\u00ae III FLEX N LINE &#8211; Prefiltro"}]},{"@type":"WebSite","@id":"https:\/\/borserini.com\/it\/#website","url":"https:\/\/borserini.com\/it\/","name":"Borserini","description":"Technical and Filtration Solution","publisher":{"@id":"https:\/\/borserini.com\/it\/#organization"},"potentialAction":[{"@type":"SearchAction","target":{"@type":"EntryPoint","urlTemplate":"https:\/\/borserini.com\/it\/?s={search_term_string}"},"query-input":{"@type":"PropertyValueSpecification","valueRequired":true,"valueName":"search_term_string"}}],"inLanguage":"it-IT"},{"@type":"Organization","@id":"https:\/\/borserini.com\/it\/#organization","name":"BORSERINI SRL","url":"https:\/\/borserini.com\/it\/","logo":{"@type":"ImageObject","inLanguage":"it-IT","@id":"https:\/\/borserini.com\/it\/#\/schema\/logo\/image\/","url":"https:\/\/borserini.com\/wp-content\/uploads\/logo-anim-h60-v2.gif","contentUrl":"https:\/\/borserini.com\/wp-content\/uploads\/logo-anim-h60-v2.gif","width":300,"height":60,"caption":"BORSERINI SRL"},"image":{"@id":"https:\/\/borserini.com\/it\/#\/schema\/logo\/image\/"}}]}},"_links":{"self":[{"href":"https:\/\/borserini.com\/it\/wp-json\/wp\/v2\/product\/7812","targetHints":{"allow":["GET"]}}],"collection":[{"href":"https:\/\/borserini.com\/it\/wp-json\/wp\/v2\/product"}],"about":[{"href":"https:\/\/borserini.com\/it\/wp-json\/wp\/v2\/types\/product"}],"version-history":[{"count":10,"href":"https:\/\/borserini.com\/it\/wp-json\/wp\/v2\/product\/7812\/revisions"}],"predecessor-version":[{"id":14256,"href":"https:\/\/borserini.com\/it\/wp-json\/wp\/v2\/product\/7812\/revisions\/14256"}],"wp:featuredmedia":[{"embeddable":true,"href":"https:\/\/borserini.com\/it\/wp-json\/wp\/v2\/media\/7124"}],"wp:attachment":[{"href":"https:\/\/borserini.com\/it\/wp-json\/wp\/v2\/media?parent=7812"}],"wp:term":[{"taxonomy":"product_brand","embeddable":true,"href":"https:\/\/borserini.com\/it\/wp-json\/wp\/v2\/product_brand?post=7812"},{"taxonomy":"product_cat","embeddable":true,"href":"https:\/\/borserini.com\/it\/wp-json\/wp\/v2\/product_cat?post=7812"},{"taxonomy":"product_tag","embeddable":true,"href":"https:\/\/borserini.com\/it\/wp-json\/wp\/v2\/product_tag?post=7812"}],"curies":[{"name":"wp","href":"https:\/\/api.w.org\/{rel}","templated":true}]}}