{"id":7809,"date":"2020-10-05T23:12:36","date_gmt":"2020-10-05T21:12:36","guid":{"rendered":"https:\/\/borserini.com\/product\/multi-tubes-precleaners-for-heavyduty-applications\/"},"modified":"2025-08-06T09:48:30","modified_gmt":"2025-08-06T07:48:30","slug":"pre-filtri-a-tubi-multipli-per-applicazioni-gravose","status":"publish","type":"product","link":"https:\/\/borserini.com\/it\/prodotto\/pre-filtri-a-tubi-multipli-per-applicazioni-gravose\/","title":{"rendered":"Pre-filtri a Tubi Multipli per Applicazioni Gravose"},"content":{"rendered":"","protected":false},"excerpt":{"rendered":"<p><img fetchpriority=\"high\" decoding=\"async\" class=\"alignright\" style=\"width: 320px; height: 221px;\" src=\"\/wp-content\/uploads\/varie2\/VARIOUS%20IMAGES\/DSC_2147%20tubes%20359x248.jpg\" alt=\"\" width=\"359\" height=\"248\" \/><strong>Massima protezione per ambienti estremi:<\/strong> per rispondere alle esigenze di ambienti estremamente polverosi come quelli di <strong>miniere<\/strong>, <strong>raccolta agricola<\/strong> e <strong>settore della difesa<\/strong>, offriamo soluzioni basate su <strong>tecnologia centrifuga<\/strong> che prolungano la vita utile del filtro dell&#8217;aria.<\/p>\n<p><span style=\"font-size: 16px;\"><strong>Soluzioni disponibili:<\/strong> proponiamo sistemi con e senza <strong>scavenging<\/strong> (pulizia automatica delle polveri separate). Utilizziamo diversi tipi di tubi, adattandoci alle specifiche necessit\u00e0 e allo spazio disponibile.\u00a0<\/span><\/p>\n<p style=\"text-align: left;\"><img decoding=\"async\" class=\"alignleft\" style=\"width: 307px; height: 230px;\" src=\"\/wp-content\/uploads\/varie2\/VARIOUS%20IMAGES\/P1000674-307x230.jpg\" alt=\"\" width=\"307\" height=\"230\" \/><span style=\"font-size: 16px;\"><strong>Efficienza e personalizzazione:<\/strong> con le nostre soluzioni, possiamo raggiungere un&#8217;efficienza di <strong>pre-separazione fino al 96% con scavenging<\/strong> e <strong>fino al 90% senza scavenging<\/strong>, dati basati su test con polvere grossa ISO. Siamo in grado di creare <strong>soluzioni su misura<\/strong> per soddisfare anche i requisiti pi\u00f9 severi.<\/span><\/p>\n<p style=\"text-align: left;\"><strong>Materiali e realizzazioni: <\/strong>telai possono essere realizzati in <strong>acciaio<\/strong>, <strong>alluminio<\/strong>, <strong>acciaio inossidabile<\/strong> o con <strong>materiali ibridi<\/strong>. Abbiamo gi\u00e0 realizzato diverse soluzioni, e le relative immagini possono essere fornite su richiesta. Grafici dettagliati sulle performance e sull&#8217;efficienza di separazione sono anch&#8217;essi disponibili su richiesta.<\/p>\n<h2><\/h2>\n<h2><\/h2>\n<h2 style=\"text-align: left;\">Di seguito alcune soluzioni gi\u00e0 pronte.<\/h2>\n<h3 style=\"text-align: left;\">Un pre-separatore esterno su un trattore John Deere<\/h3>\n<h5><a href=\"https:\/\/borserini.com\/wp-content\/uploads\/P1000309.jpg\"><img decoding=\"async\" class=\"alignright wp-image-4454\" src=\"https:\/\/borserini.com\/wp-content\/uploads\/P1000309.jpg\" alt=\"\" width=\"427\" height=\"320\" srcset=\"https:\/\/borserini.com\/wp-content\/uploads\/P1000309.jpg 2560w, https:\/\/borserini.com\/wp-content\/uploads\/P1000309-300x225.jpg 300w, https:\/\/borserini.com\/wp-content\/uploads\/P1000309-1024x768.jpg 1024w, https:\/\/borserini.com\/wp-content\/uploads\/P1000309-768x576.jpg 768w, https:\/\/borserini.com\/wp-content\/uploads\/P1000309-1536x1152.jpg 1536w, https:\/\/borserini.com\/wp-content\/uploads\/P1000309-2048x1536.jpg 2048w, https:\/\/borserini.com\/wp-content\/uploads\/P1000309-600x450.jpg 600w\" sizes=\"(max-width: 427px) 100vw, 427px\" \/><\/a>\u00a0<a href=\"https:\/\/borserini.com\/wp-content\/uploads\/P1000304_1498x1997.jpg\"><img loading=\"lazy\" decoding=\"async\" class=\"alignleft wp-image-4458\" src=\"https:\/\/borserini.com\/wp-content\/uploads\/P1000304_1498x1997.jpg\" alt=\"\" width=\"240\" height=\"320\" srcset=\"https:\/\/borserini.com\/wp-content\/uploads\/P1000304_1498x1997.jpg 1498w, https:\/\/borserini.com\/wp-content\/uploads\/P1000304_1498x1997-225x300.jpg 225w, https:\/\/borserini.com\/wp-content\/uploads\/P1000304_1498x1997-768x1024.jpg 768w, https:\/\/borserini.com\/wp-content\/uploads\/P1000304_1498x1997-1152x1536.jpg 1152w, https:\/\/borserini.com\/wp-content\/uploads\/P1000304_1498x1997-600x800.jpg 600w\" sizes=\"(max-width: 240px) 100vw, 240px\" \/><\/a><\/h5>\n<p>&nbsp;<\/p>\n<h3>Soluzione per apripista komatsu 375 A<\/h3>\n<p><img decoding=\"async\" class=\"alignleft\" style=\"width: 307px; height: 230px;\" src=\"\/wp-content\/uploads\/varie2\/VARIOUS%20IMAGES\/P1000106-307x230.jpg\" alt=\"\" \/><img decoding=\"async\" style=\"width: 307px; height: 230px;\" src=\"\/wp-content\/uploads\/varie2\/VARIOUS%20IMAGES\/P1000105-307x230.jpg\" alt=\"\" \/><\/p>\n<p><img loading=\"lazy\" decoding=\"async\" class=\"alignleft\" style=\"width: 307px; height: 230px;\" src=\"\/wp-content\/uploads\/varie2\/VARIOUS%20IMAGES\/P1000102-307x230.jpg\" alt=\"\" width=\"307\" height=\"230\" \/> Le immagini mostrano il preseparatore montato su un filtro dell&#8217;aria Donaldson FRG<\/p>\n<h3>Soluzione per Komatsu HD 785<\/h3>\n<p style=\"text-align: left;\">Una singola unit\u00e0 con 138 tubi serve 3 filtri aria Donaldson.<br \/>\nQuesta soluzione \u00e8 senza scavenging e richiede il periodico svuotamento del collettore di polvere.<br \/>\n\u00c8 disponibile anche una versione simile assistita da un aspiratore elettrico.<\/p>\n<p><img decoding=\"async\" style=\"width: 307px; height: 230px;\" src=\"\/wp-content\/uploads\/varie2\/VARIOUS%20IMAGES\/Komatsu%20HD%20785.3.W.Truck-307x230.jpg\" alt=\"\" \/> <img decoding=\"async\" style=\"width: 307px; height: 230px;\" src=\"\/wp-content\/uploads\/varie2\/VARIOUS%20IMAGES\/Komatsu%20HD%20785.2-307x230.jpg\" alt=\"\" \/><\/p>\n<p><img decoding=\"async\" style=\"width: 307px; height: 230px; line-height: 1.53em; font-size: 0.92em;\" src=\"\/wp-content\/uploads\/varie2\/VARIOUS%20IMAGES\/Komatsu%20HD%20785.3-307x230.jpg\" alt=\"\" \/><\/p>\n<h3>Applicazione in un veicolo della Difesa<\/h3>\n<p>Ecco una soluzione su misura per il mercato della difesa che utilizza elementi filtranti dell&#8217;aria standard e un sistema di pre-separazione integrato.<br \/>\nL&#8217;aspirazione della polvere \u00e8 qui ottenuta utilizzando un soffiatore ad alte prestazioni.<br \/>\nSiamo in grado di offrire una soluzione completa in base alle esigenze del cliente e siamo in grado di rispettare tutte le specifiche attuali.<\/p>\n<p><img decoding=\"async\" style=\"width: 307px; height: 230px;\" src=\"\/wp-content\/uploads\/varie2\/VARIOUS%20IMAGES\/IMG_7283-307x230.jpg\" alt=\"\" \/> <img decoding=\"async\" style=\"width: 307px; height: 230px;\" src=\"\/wp-content\/uploads\/varie2\/VARIOUS%20IMAGES\/IMG_7479-304x228.jpg\" alt=\"\" \/><\/p>\n","protected":false},"featured_media":14967,"template":"","meta":[],"product_brand":[],"product_cat":[877,889,833,828],"product_tag":[],"class_list":{"0":"post-7809","1":"product","2":"type-product","3":"status-publish","4":"has-post-thumbnail","6":"product_cat-filtrazione-aria-industriale","7":"product_cat-militare-e-difesa","8":"product_cat-pre-separatori-a-celle-multiple","9":"product_cat-pre-separatori-per-filtri-aria","11":"first","12":"instock","13":"shipping-taxable","14":"product-type-simple"},"yoast_head":"<!-- This site is optimized with the Yoast SEO plugin v27.3 - https:\/\/yoast.com\/product\/yoast-seo-wordpress\/ -->\n<title>Pre-filtri a Tubi Multipli per Applicazioni Gravose - Borserini<\/title>\n<meta name=\"robots\" content=\"index, follow, max-snippet:-1, max-image-preview:large, max-video-preview:-1\" \/>\n<link rel=\"canonical\" href=\"https:\/\/borserini.com\/it\/prodotto\/pre-filtri-a-tubi-multipli-per-applicazioni-gravose\/\" \/>\n<meta property=\"og:locale\" content=\"it_IT\" \/>\n<meta property=\"og:type\" content=\"article\" \/>\n<meta property=\"og:title\" content=\"Pre-filtri a Tubi Multipli per Applicazioni Gravose - Borserini\" \/>\n<meta property=\"og:description\" content=\"Massima protezione per ambienti estremi: per rispondere alle esigenze di ambienti estremamente polverosi come quelli di miniere, raccolta agricola e settore della difesa, offriamo soluzioni basate su tecnologia centrifuga che prolungano la vita utile del filtro dell&#039;aria.  Soluzioni disponibili: proponiamo sistemi con e senza scavenging (pulizia automatica delle polveri separate). Utilizziamo diversi tipi di tubi, adattandoci alle specifiche necessit\u00e0 e allo spazio disponibile.\u00a0 Efficienza e personalizzazione: con le nostre soluzioni, possiamo raggiungere un&#039;efficienza di pre-separazione fino al 96% con scavenging e fino al 90% senza scavenging, dati basati su test con polvere grossa ISO. Siamo in grado di creare soluzioni su misura per soddisfare anche i requisiti pi\u00f9 severi. Materiali e realizzazioni: telai possono essere realizzati in acciaio, alluminio, acciaio inossidabile o con materiali ibridi. Abbiamo gi\u00e0 realizzato diverse soluzioni, e le relative immagini possono essere fornite su richiesta. Grafici dettagliati sulle performance e sull&#039;efficienza di separazione sono anch&#039;essi disponibili su richiesta.    Di seguito alcune soluzioni gi\u00e0 pronte. Un pre-separatore esterno su un trattore John Deere \u00a0 &nbsp; Soluzione per apripista komatsu 375 A    Le immagini mostrano il preseparatore montato su un filtro dell&#039;aria Donaldson FRG Soluzione per Komatsu HD 785 Una singola unit\u00e0 con 138 tubi serve 3 filtri aria Donaldson. Questa soluzione \u00e8 senza scavenging e richiede il periodico svuotamento del collettore di polvere. \u00c8 disponibile anche una versione simile assistita da un aspiratore elettrico.     Applicazione in un veicolo della Difesa Ecco una soluzione su misura per il mercato della difesa che utilizza elementi filtranti dell&#039;aria standard e un sistema di pre-separazione integrato. L&#039;aspirazione della polvere \u00e8 qui ottenuta utilizzando un soffiatore ad alte prestazioni. Siamo in grado di offrire una soluzione completa in base alle esigenze del cliente e siamo in grado di rispettare tutte le specifiche attuali.\" \/>\n<meta property=\"og:url\" content=\"https:\/\/borserini.com\/it\/prodotto\/pre-filtri-a-tubi-multipli-per-applicazioni-gravose\/\" \/>\n<meta property=\"og:site_name\" content=\"Borserini\" \/>\n<meta property=\"article:modified_time\" content=\"2025-08-06T07:48:30+00:00\" \/>\n<meta property=\"og:image\" content=\"https:\/\/borserini.com\/wp-content\/uploads\/P1000674-307x230-1.jpg\" \/>\n\t<meta property=\"og:image:width\" content=\"500\" \/>\n\t<meta property=\"og:image:height\" content=\"500\" \/>\n\t<meta property=\"og:image:type\" content=\"image\/jpeg\" \/>\n<meta name=\"twitter:card\" content=\"summary_large_image\" \/>\n<meta name=\"twitter:label1\" content=\"Tempo di lettura stimato\" \/>\n\t<meta name=\"twitter:data1\" content=\"1 minuto\" \/>\n<script type=\"application\/ld+json\" class=\"yoast-schema-graph\">{\"@context\":\"https:\\\/\\\/schema.org\",\"@graph\":[{\"@type\":\"WebPage\",\"@id\":\"https:\\\/\\\/borserini.com\\\/it\\\/prodotto\\\/pre-filtri-a-tubi-multipli-per-applicazioni-gravose\\\/\",\"url\":\"https:\\\/\\\/borserini.com\\\/it\\\/prodotto\\\/pre-filtri-a-tubi-multipli-per-applicazioni-gravose\\\/\",\"name\":\"Pre-filtri a Tubi Multipli per Applicazioni Gravose - Borserini\",\"isPartOf\":{\"@id\":\"https:\\\/\\\/borserini.com\\\/it\\\/#website\"},\"primaryImageOfPage\":{\"@id\":\"https:\\\/\\\/borserini.com\\\/it\\\/prodotto\\\/pre-filtri-a-tubi-multipli-per-applicazioni-gravose\\\/#primaryimage\"},\"image\":{\"@id\":\"https:\\\/\\\/borserini.com\\\/it\\\/prodotto\\\/pre-filtri-a-tubi-multipli-per-applicazioni-gravose\\\/#primaryimage\"},\"thumbnailUrl\":\"https:\\\/\\\/borserini.com\\\/wp-content\\\/uploads\\\/P1000674-307x230-1.jpg\",\"datePublished\":\"2020-10-05T21:12:36+00:00\",\"dateModified\":\"2025-08-06T07:48:30+00:00\",\"breadcrumb\":{\"@id\":\"https:\\\/\\\/borserini.com\\\/it\\\/prodotto\\\/pre-filtri-a-tubi-multipli-per-applicazioni-gravose\\\/#breadcrumb\"},\"inLanguage\":\"it-IT\",\"potentialAction\":[{\"@type\":\"ReadAction\",\"target\":[\"https:\\\/\\\/borserini.com\\\/it\\\/prodotto\\\/pre-filtri-a-tubi-multipli-per-applicazioni-gravose\\\/\"]}]},{\"@type\":\"ImageObject\",\"inLanguage\":\"it-IT\",\"@id\":\"https:\\\/\\\/borserini.com\\\/it\\\/prodotto\\\/pre-filtri-a-tubi-multipli-per-applicazioni-gravose\\\/#primaryimage\",\"url\":\"https:\\\/\\\/borserini.com\\\/wp-content\\\/uploads\\\/P1000674-307x230-1.jpg\",\"contentUrl\":\"https:\\\/\\\/borserini.com\\\/wp-content\\\/uploads\\\/P1000674-307x230-1.jpg\",\"width\":500,\"height\":500},{\"@type\":\"BreadcrumbList\",\"@id\":\"https:\\\/\\\/borserini.com\\\/it\\\/prodotto\\\/pre-filtri-a-tubi-multipli-per-applicazioni-gravose\\\/#breadcrumb\",\"itemListElement\":[{\"@type\":\"ListItem\",\"position\":1,\"name\":\"Home\",\"item\":\"https:\\\/\\\/borserini.com\\\/it\\\/\"},{\"@type\":\"ListItem\",\"position\":2,\"name\":\"Cataloghi\",\"item\":\"https:\\\/\\\/borserini.com\\\/it\\\/cataloghi\\\/\"},{\"@type\":\"ListItem\",\"position\":3,\"name\":\"Pre-filtri a Tubi Multipli per Applicazioni Gravose\"}]},{\"@type\":\"WebSite\",\"@id\":\"https:\\\/\\\/borserini.com\\\/it\\\/#website\",\"url\":\"https:\\\/\\\/borserini.com\\\/it\\\/\",\"name\":\"Borserini\",\"description\":\"Technical and Filtration Solution\",\"publisher\":{\"@id\":\"https:\\\/\\\/borserini.com\\\/it\\\/#organization\"},\"potentialAction\":[{\"@type\":\"SearchAction\",\"target\":{\"@type\":\"EntryPoint\",\"urlTemplate\":\"https:\\\/\\\/borserini.com\\\/it\\\/?s={search_term_string}\"},\"query-input\":{\"@type\":\"PropertyValueSpecification\",\"valueRequired\":true,\"valueName\":\"search_term_string\"}}],\"inLanguage\":\"it-IT\"},{\"@type\":\"Organization\",\"@id\":\"https:\\\/\\\/borserini.com\\\/it\\\/#organization\",\"name\":\"BORSERINI SRL\",\"url\":\"https:\\\/\\\/borserini.com\\\/it\\\/\",\"logo\":{\"@type\":\"ImageObject\",\"inLanguage\":\"it-IT\",\"@id\":\"https:\\\/\\\/borserini.com\\\/it\\\/#\\\/schema\\\/logo\\\/image\\\/\",\"url\":\"https:\\\/\\\/borserini.com\\\/wp-content\\\/uploads\\\/logo-anim-h60-v2.gif\",\"contentUrl\":\"https:\\\/\\\/borserini.com\\\/wp-content\\\/uploads\\\/logo-anim-h60-v2.gif\",\"width\":300,\"height\":60,\"caption\":\"BORSERINI SRL\"},\"image\":{\"@id\":\"https:\\\/\\\/borserini.com\\\/it\\\/#\\\/schema\\\/logo\\\/image\\\/\"}}]}<\/script>\n<!-- \/ Yoast SEO plugin. -->","yoast_head_json":{"title":"Pre-filtri a Tubi Multipli per Applicazioni Gravose - Borserini","robots":{"index":"index","follow":"follow","max-snippet":"max-snippet:-1","max-image-preview":"max-image-preview:large","max-video-preview":"max-video-preview:-1"},"canonical":"https:\/\/borserini.com\/it\/prodotto\/pre-filtri-a-tubi-multipli-per-applicazioni-gravose\/","og_locale":"it_IT","og_type":"article","og_title":"Pre-filtri a Tubi Multipli per Applicazioni Gravose - Borserini","og_description":"Massima protezione per ambienti estremi: per rispondere alle esigenze di ambienti estremamente polverosi come quelli di miniere, raccolta agricola e settore della difesa, offriamo soluzioni basate su tecnologia centrifuga che prolungano la vita utile del filtro dell'aria.  Soluzioni disponibili: proponiamo sistemi con e senza scavenging (pulizia automatica delle polveri separate). Utilizziamo diversi tipi di tubi, adattandoci alle specifiche necessit\u00e0 e allo spazio disponibile.\u00a0 Efficienza e personalizzazione: con le nostre soluzioni, possiamo raggiungere un'efficienza di pre-separazione fino al 96% con scavenging e fino al 90% senza scavenging, dati basati su test con polvere grossa ISO. Siamo in grado di creare soluzioni su misura per soddisfare anche i requisiti pi\u00f9 severi. Materiali e realizzazioni: telai possono essere realizzati in acciaio, alluminio, acciaio inossidabile o con materiali ibridi. Abbiamo gi\u00e0 realizzato diverse soluzioni, e le relative immagini possono essere fornite su richiesta. Grafici dettagliati sulle performance e sull'efficienza di separazione sono anch'essi disponibili su richiesta.    Di seguito alcune soluzioni gi\u00e0 pronte. Un pre-separatore esterno su un trattore John Deere \u00a0 &nbsp; Soluzione per apripista komatsu 375 A    Le immagini mostrano il preseparatore montato su un filtro dell'aria Donaldson FRG Soluzione per Komatsu HD 785 Una singola unit\u00e0 con 138 tubi serve 3 filtri aria Donaldson. Questa soluzione \u00e8 senza scavenging e richiede il periodico svuotamento del collettore di polvere. \u00c8 disponibile anche una versione simile assistita da un aspiratore elettrico.     Applicazione in un veicolo della Difesa Ecco una soluzione su misura per il mercato della difesa che utilizza elementi filtranti dell'aria standard e un sistema di pre-separazione integrato. L'aspirazione della polvere \u00e8 qui ottenuta utilizzando un soffiatore ad alte prestazioni. Siamo in grado di offrire una soluzione completa in base alle esigenze del cliente e siamo in grado di rispettare tutte le specifiche attuali.","og_url":"https:\/\/borserini.com\/it\/prodotto\/pre-filtri-a-tubi-multipli-per-applicazioni-gravose\/","og_site_name":"Borserini","article_modified_time":"2025-08-06T07:48:30+00:00","og_image":[{"width":500,"height":500,"url":"https:\/\/borserini.com\/wp-content\/uploads\/P1000674-307x230-1.jpg","type":"image\/jpeg"}],"twitter_card":"summary_large_image","twitter_misc":{"Tempo di lettura stimato":"1 minuto"},"schema":{"@context":"https:\/\/schema.org","@graph":[{"@type":"WebPage","@id":"https:\/\/borserini.com\/it\/prodotto\/pre-filtri-a-tubi-multipli-per-applicazioni-gravose\/","url":"https:\/\/borserini.com\/it\/prodotto\/pre-filtri-a-tubi-multipli-per-applicazioni-gravose\/","name":"Pre-filtri a Tubi Multipli per Applicazioni Gravose - Borserini","isPartOf":{"@id":"https:\/\/borserini.com\/it\/#website"},"primaryImageOfPage":{"@id":"https:\/\/borserini.com\/it\/prodotto\/pre-filtri-a-tubi-multipli-per-applicazioni-gravose\/#primaryimage"},"image":{"@id":"https:\/\/borserini.com\/it\/prodotto\/pre-filtri-a-tubi-multipli-per-applicazioni-gravose\/#primaryimage"},"thumbnailUrl":"https:\/\/borserini.com\/wp-content\/uploads\/P1000674-307x230-1.jpg","datePublished":"2020-10-05T21:12:36+00:00","dateModified":"2025-08-06T07:48:30+00:00","breadcrumb":{"@id":"https:\/\/borserini.com\/it\/prodotto\/pre-filtri-a-tubi-multipli-per-applicazioni-gravose\/#breadcrumb"},"inLanguage":"it-IT","potentialAction":[{"@type":"ReadAction","target":["https:\/\/borserini.com\/it\/prodotto\/pre-filtri-a-tubi-multipli-per-applicazioni-gravose\/"]}]},{"@type":"ImageObject","inLanguage":"it-IT","@id":"https:\/\/borserini.com\/it\/prodotto\/pre-filtri-a-tubi-multipli-per-applicazioni-gravose\/#primaryimage","url":"https:\/\/borserini.com\/wp-content\/uploads\/P1000674-307x230-1.jpg","contentUrl":"https:\/\/borserini.com\/wp-content\/uploads\/P1000674-307x230-1.jpg","width":500,"height":500},{"@type":"BreadcrumbList","@id":"https:\/\/borserini.com\/it\/prodotto\/pre-filtri-a-tubi-multipli-per-applicazioni-gravose\/#breadcrumb","itemListElement":[{"@type":"ListItem","position":1,"name":"Home","item":"https:\/\/borserini.com\/it\/"},{"@type":"ListItem","position":2,"name":"Cataloghi","item":"https:\/\/borserini.com\/it\/cataloghi\/"},{"@type":"ListItem","position":3,"name":"Pre-filtri a Tubi Multipli per Applicazioni Gravose"}]},{"@type":"WebSite","@id":"https:\/\/borserini.com\/it\/#website","url":"https:\/\/borserini.com\/it\/","name":"Borserini","description":"Technical and Filtration Solution","publisher":{"@id":"https:\/\/borserini.com\/it\/#organization"},"potentialAction":[{"@type":"SearchAction","target":{"@type":"EntryPoint","urlTemplate":"https:\/\/borserini.com\/it\/?s={search_term_string}"},"query-input":{"@type":"PropertyValueSpecification","valueRequired":true,"valueName":"search_term_string"}}],"inLanguage":"it-IT"},{"@type":"Organization","@id":"https:\/\/borserini.com\/it\/#organization","name":"BORSERINI SRL","url":"https:\/\/borserini.com\/it\/","logo":{"@type":"ImageObject","inLanguage":"it-IT","@id":"https:\/\/borserini.com\/it\/#\/schema\/logo\/image\/","url":"https:\/\/borserini.com\/wp-content\/uploads\/logo-anim-h60-v2.gif","contentUrl":"https:\/\/borserini.com\/wp-content\/uploads\/logo-anim-h60-v2.gif","width":300,"height":60,"caption":"BORSERINI SRL"},"image":{"@id":"https:\/\/borserini.com\/it\/#\/schema\/logo\/image\/"}}]}},"_links":{"self":[{"href":"https:\/\/borserini.com\/it\/wp-json\/wp\/v2\/product\/7809","targetHints":{"allow":["GET"]}}],"collection":[{"href":"https:\/\/borserini.com\/it\/wp-json\/wp\/v2\/product"}],"about":[{"href":"https:\/\/borserini.com\/it\/wp-json\/wp\/v2\/types\/product"}],"version-history":[{"count":11,"href":"https:\/\/borserini.com\/it\/wp-json\/wp\/v2\/product\/7809\/revisions"}],"predecessor-version":[{"id":14247,"href":"https:\/\/borserini.com\/it\/wp-json\/wp\/v2\/product\/7809\/revisions\/14247"}],"wp:featuredmedia":[{"embeddable":true,"href":"https:\/\/borserini.com\/it\/wp-json\/wp\/v2\/media\/14967"}],"wp:attachment":[{"href":"https:\/\/borserini.com\/it\/wp-json\/wp\/v2\/media?parent=7809"}],"wp:term":[{"taxonomy":"product_brand","embeddable":true,"href":"https:\/\/borserini.com\/it\/wp-json\/wp\/v2\/product_brand?post=7809"},{"taxonomy":"product_cat","embeddable":true,"href":"https:\/\/borserini.com\/it\/wp-json\/wp\/v2\/product_cat?post=7809"},{"taxonomy":"product_tag","embeddable":true,"href":"https:\/\/borserini.com\/it\/wp-json\/wp\/v2\/product_tag?post=7809"}],"curies":[{"name":"wp","href":"https:\/\/api.w.org\/{rel}","templated":true}]}}