{"id":7688,"date":"2021-01-24T18:42:28","date_gmt":"2021-01-24T17:42:28","guid":{"rendered":"https:\/\/borserini.com\/product\/supra-heavy-duty-hose-clamp-stainless-steel-w2-w4\/"},"modified":"2025-07-09T14:32:01","modified_gmt":"2025-07-09T12:32:01","slug":"supra-heavy-fascetta-stringitubo-per-impieghi-gravosi-acciaio-inox-w2-w4","status":"publish","type":"product","link":"https:\/\/borserini.com\/it\/prodotto\/supra-heavy-fascetta-stringitubo-per-impieghi-gravosi-acciaio-inox-w2-w4\/","title":{"rendered":"Supra Heavy &#8211; Fascetta Stringitubo per Impieghi Gravosi &#8211; Acciaio inox W2\/W4"},"content":{"rendered":"","protected":false},"excerpt":{"rendered":"<p><a href=\"https:\/\/borserini.com\/wp-content\/uploads\/Abraz-SUPRA-W4-INOX_InPixio.jpg\"><img fetchpriority=\"high\" decoding=\"async\" class=\"alignleft wp-image-3448 size-medium\" src=\"https:\/\/borserini.com\/wp-content\/uploads\/\/Abraz-SUPRA-W4-INOX_InPixio-300x300.jpg\" alt=\"\" width=\"300\" height=\"300\" srcset=\"https:\/\/borserini.com\/wp-content\/uploads\/Abraz-SUPRA-W4-INOX_InPixio-300x300.jpg 300w, https:\/\/borserini.com\/wp-content\/uploads\/Abraz-SUPRA-W4-INOX_InPixio-1024x1024.jpg 1024w, https:\/\/borserini.com\/wp-content\/uploads\/Abraz-SUPRA-W4-INOX_InPixio-150x150.jpg 150w, https:\/\/borserini.com\/wp-content\/uploads\/Abraz-SUPRA-W4-INOX_InPixio-768x768.jpg 768w, https:\/\/borserini.com\/wp-content\/uploads\/Abraz-SUPRA-W4-INOX_InPixio-1536x1536.jpg 1536w, https:\/\/borserini.com\/wp-content\/uploads\/Abraz-SUPRA-W4-INOX_InPixio-600x600.jpg 600w, https:\/\/borserini.com\/wp-content\/uploads\/Abraz-SUPRA-W4-INOX_InPixio-100x100.jpg 100w, https:\/\/borserini.com\/wp-content\/uploads\/Abraz-SUPRA-W4-INOX_InPixio.jpg 1736w\" sizes=\"(max-width: 300px) 100vw, 300px\" \/><\/a><\/p>\n<p><a href=\"https:\/\/borserini.com\/wp-content\/uploads\/Abraz-SUPRA-W4-INOX_InPixio.jpg\">La gamma Supra \u00e8 la naturale evoluzione della fascetta Super W1. Grazie al suo rivoluzionario ponte girevole, la Supra W2 pu\u00f2 essere montata nelle applicazioni pi\u00f9 difficili senza dover rimuovere il tubo. Pu\u00f2 essere aperta e fissata nuovamente in posizione senza smontare altre parti della fascetta, rendendo l&#8217;assemblaggio molto pi\u00f9 semplice.<\/a><\/p>\n<p><a href=\"https:\/\/borserini.com\/wp-content\/uploads\/Abraz-SUPRA-W4-INOX_InPixio.jpg\"><br \/>\nGrazie ai bordi smussati, il tubo \u00e8 protetto da eventuali danni. La fascetta Supra W2 \u00e8 pienamente conforme alla direttiva RoHs EU 20032\/95\/CE del 1\u00b0 luglio 2006. Il bullone ad alta resistenza, progettato e fabbricato da Mikalor specificamente per questa fascetta, insieme al dado imperdibile e al sistema di distanziale consentono di serrare anche i raccordi per tubi pi\u00f9 esigenti. Questa \u00e8 la fascetta preferita dai professionisti nei settori dei tubi industriali, automobilistico e delle macchine agricole, nonch\u00e9 in tutte le applicazioni industriali dove \u00e8 richiesta una fascetta per impieghi gravosi eccezionale e soprattutto affidabile.<\/a><\/p>\n<p>&nbsp;<\/p>\n<p><a href=\"https:\/\/borserini.com\/wp-content\/uploads\/Abraz-SUPRA-W4-INOX_InPixio.jpg\"><br \/>\n* Dimensioni speciali sono disponibili su richiesta.<br \/>\n* La pressione massima di applicazione pu\u00f2 variare in funzione del tipo di tubo utilizzato e della geometria del raccordo.<\/a><\/p>\n<p><a href=\"https:\/\/borserini.com\/wp-content\/uploads\/Abraz-SUPRA-W4-INOX_InPixio.jpg\"><br \/>\nBrevettato in tutto il mondo.<\/a><\/p>\n","protected":false},"featured_media":5587,"template":"","meta":[],"product_brand":[],"product_cat":[822,816],"product_tag":[],"class_list":{"0":"post-7688","1":"product","2":"type-product","3":"status-publish","4":"has-post-thumbnail","6":"product_cat-alta-pressione","7":"product_cat-prodotti","9":"first","10":"instock","11":"shipping-taxable","12":"product-type-simple"},"yoast_head":"<!-- This site is optimized with the Yoast SEO plugin v27.3 - https:\/\/yoast.com\/product\/yoast-seo-wordpress\/ -->\n<title>Supra Heavy - Fascetta Stringitubo per Impieghi Gravosi - Acciaio inox W2\/W4 - Borserini<\/title>\n<meta name=\"robots\" content=\"index, follow, max-snippet:-1, max-image-preview:large, max-video-preview:-1\" \/>\n<link rel=\"canonical\" href=\"https:\/\/borserini.com\/it\/prodotto\/supra-heavy-fascetta-stringitubo-per-impieghi-gravosi-acciaio-inox-w2-w4\/\" \/>\n<meta property=\"og:locale\" content=\"it_IT\" \/>\n<meta property=\"og:type\" content=\"article\" \/>\n<meta property=\"og:title\" content=\"Supra Heavy - Fascetta Stringitubo per Impieghi Gravosi - Acciaio inox W2\/W4 - Borserini\" \/>\n<meta property=\"og:description\" content=\"La gamma Supra \u00e8 la naturale evoluzione della fascetta Super W1. Grazie al suo rivoluzionario ponte girevole, la Supra W2 pu\u00f2 essere montata nelle applicazioni pi\u00f9 difficili senza dover rimuovere il tubo. Pu\u00f2 essere aperta e fissata nuovamente in posizione senza smontare altre parti della fascetta, rendendo l&#039;assemblaggio molto pi\u00f9 semplice.   Grazie ai bordi smussati, il tubo \u00e8 protetto da eventuali danni. La fascetta Supra W2 \u00e8 pienamente conforme alla direttiva RoHs EU 20032\/95\/CE del 1\u00b0 luglio 2006. Il bullone ad alta resistenza, progettato e fabbricato da Mikalor specificamente per questa fascetta, insieme al dado imperdibile e al sistema di distanziale consentono di serrare anche i raccordi per tubi pi\u00f9 esigenti. Questa \u00e8 la fascetta preferita dai professionisti nei settori dei tubi industriali, automobilistico e delle macchine agricole, nonch\u00e9 in tutte le applicazioni industriali dove \u00e8 richiesta una fascetta per impieghi gravosi eccezionale e soprattutto affidabile.  &nbsp;   * Dimensioni speciali sono disponibili su richiesta. * La pressione massima di applicazione pu\u00f2 variare in funzione del tipo di tubo utilizzato e della geometria del raccordo.   Brevettato in tutto il mondo.\" \/>\n<meta property=\"og:url\" content=\"https:\/\/borserini.com\/it\/prodotto\/supra-heavy-fascetta-stringitubo-per-impieghi-gravosi-acciaio-inox-w2-w4\/\" \/>\n<meta property=\"og:site_name\" content=\"Borserini\" \/>\n<meta property=\"article:modified_time\" content=\"2025-07-09T12:32:01+00:00\" \/>\n<meta property=\"og:image\" content=\"https:\/\/borserini.com\/wp-content\/uploads\/Abraz-SUPRA-W4-INOX_InPixio.jpg\" \/>\n\t<meta property=\"og:image:width\" content=\"1736\" \/>\n\t<meta property=\"og:image:height\" content=\"1736\" \/>\n\t<meta property=\"og:image:type\" content=\"image\/jpeg\" \/>\n<meta name=\"twitter:card\" content=\"summary_large_image\" \/>\n<script type=\"application\/ld+json\" class=\"yoast-schema-graph\">{\"@context\":\"https:\\\/\\\/schema.org\",\"@graph\":[{\"@type\":\"WebPage\",\"@id\":\"https:\\\/\\\/borserini.com\\\/it\\\/prodotto\\\/supra-heavy-fascetta-stringitubo-per-impieghi-gravosi-acciaio-inox-w2-w4\\\/\",\"url\":\"https:\\\/\\\/borserini.com\\\/it\\\/prodotto\\\/supra-heavy-fascetta-stringitubo-per-impieghi-gravosi-acciaio-inox-w2-w4\\\/\",\"name\":\"Supra Heavy - Fascetta Stringitubo per Impieghi Gravosi - Acciaio inox W2\\\/W4 - Borserini\",\"isPartOf\":{\"@id\":\"https:\\\/\\\/borserini.com\\\/it\\\/#website\"},\"primaryImageOfPage\":{\"@id\":\"https:\\\/\\\/borserini.com\\\/it\\\/prodotto\\\/supra-heavy-fascetta-stringitubo-per-impieghi-gravosi-acciaio-inox-w2-w4\\\/#primaryimage\"},\"image\":{\"@id\":\"https:\\\/\\\/borserini.com\\\/it\\\/prodotto\\\/supra-heavy-fascetta-stringitubo-per-impieghi-gravosi-acciaio-inox-w2-w4\\\/#primaryimage\"},\"thumbnailUrl\":\"https:\\\/\\\/borserini.com\\\/wp-content\\\/uploads\\\/Abraz-SUPRA-W4-INOX_InPixio.jpg\",\"datePublished\":\"2021-01-24T17:42:28+00:00\",\"dateModified\":\"2025-07-09T12:32:01+00:00\",\"breadcrumb\":{\"@id\":\"https:\\\/\\\/borserini.com\\\/it\\\/prodotto\\\/supra-heavy-fascetta-stringitubo-per-impieghi-gravosi-acciaio-inox-w2-w4\\\/#breadcrumb\"},\"inLanguage\":\"it-IT\",\"potentialAction\":[{\"@type\":\"ReadAction\",\"target\":[\"https:\\\/\\\/borserini.com\\\/it\\\/prodotto\\\/supra-heavy-fascetta-stringitubo-per-impieghi-gravosi-acciaio-inox-w2-w4\\\/\"]}]},{\"@type\":\"ImageObject\",\"inLanguage\":\"it-IT\",\"@id\":\"https:\\\/\\\/borserini.com\\\/it\\\/prodotto\\\/supra-heavy-fascetta-stringitubo-per-impieghi-gravosi-acciaio-inox-w2-w4\\\/#primaryimage\",\"url\":\"https:\\\/\\\/borserini.com\\\/wp-content\\\/uploads\\\/Abraz-SUPRA-W4-INOX_InPixio.jpg\",\"contentUrl\":\"https:\\\/\\\/borserini.com\\\/wp-content\\\/uploads\\\/Abraz-SUPRA-W4-INOX_InPixio.jpg\",\"width\":1736,\"height\":1736},{\"@type\":\"BreadcrumbList\",\"@id\":\"https:\\\/\\\/borserini.com\\\/it\\\/prodotto\\\/supra-heavy-fascetta-stringitubo-per-impieghi-gravosi-acciaio-inox-w2-w4\\\/#breadcrumb\",\"itemListElement\":[{\"@type\":\"ListItem\",\"position\":1,\"name\":\"Home\",\"item\":\"https:\\\/\\\/borserini.com\\\/it\\\/\"},{\"@type\":\"ListItem\",\"position\":2,\"name\":\"Cataloghi\",\"item\":\"https:\\\/\\\/borserini.com\\\/it\\\/cataloghi\\\/\"},{\"@type\":\"ListItem\",\"position\":3,\"name\":\"Supra Heavy &#8211; Fascetta Stringitubo per Impieghi Gravosi &#8211; Acciaio inox W2\\\/W4\"}]},{\"@type\":\"WebSite\",\"@id\":\"https:\\\/\\\/borserini.com\\\/it\\\/#website\",\"url\":\"https:\\\/\\\/borserini.com\\\/it\\\/\",\"name\":\"Borserini\",\"description\":\"Technical and Filtration Solution\",\"publisher\":{\"@id\":\"https:\\\/\\\/borserini.com\\\/it\\\/#organization\"},\"potentialAction\":[{\"@type\":\"SearchAction\",\"target\":{\"@type\":\"EntryPoint\",\"urlTemplate\":\"https:\\\/\\\/borserini.com\\\/it\\\/?s={search_term_string}\"},\"query-input\":{\"@type\":\"PropertyValueSpecification\",\"valueRequired\":true,\"valueName\":\"search_term_string\"}}],\"inLanguage\":\"it-IT\"},{\"@type\":\"Organization\",\"@id\":\"https:\\\/\\\/borserini.com\\\/it\\\/#organization\",\"name\":\"BORSERINI SRL\",\"url\":\"https:\\\/\\\/borserini.com\\\/it\\\/\",\"logo\":{\"@type\":\"ImageObject\",\"inLanguage\":\"it-IT\",\"@id\":\"https:\\\/\\\/borserini.com\\\/it\\\/#\\\/schema\\\/logo\\\/image\\\/\",\"url\":\"https:\\\/\\\/borserini.com\\\/wp-content\\\/uploads\\\/logo-anim-h60-v2.gif\",\"contentUrl\":\"https:\\\/\\\/borserini.com\\\/wp-content\\\/uploads\\\/logo-anim-h60-v2.gif\",\"width\":300,\"height\":60,\"caption\":\"BORSERINI SRL\"},\"image\":{\"@id\":\"https:\\\/\\\/borserini.com\\\/it\\\/#\\\/schema\\\/logo\\\/image\\\/\"}}]}<\/script>\n<!-- \/ Yoast SEO plugin. -->","yoast_head_json":{"title":"Supra Heavy - Fascetta Stringitubo per Impieghi Gravosi - Acciaio inox W2\/W4 - Borserini","robots":{"index":"index","follow":"follow","max-snippet":"max-snippet:-1","max-image-preview":"max-image-preview:large","max-video-preview":"max-video-preview:-1"},"canonical":"https:\/\/borserini.com\/it\/prodotto\/supra-heavy-fascetta-stringitubo-per-impieghi-gravosi-acciaio-inox-w2-w4\/","og_locale":"it_IT","og_type":"article","og_title":"Supra Heavy - Fascetta Stringitubo per Impieghi Gravosi - Acciaio inox W2\/W4 - Borserini","og_description":"La gamma Supra \u00e8 la naturale evoluzione della fascetta Super W1. Grazie al suo rivoluzionario ponte girevole, la Supra W2 pu\u00f2 essere montata nelle applicazioni pi\u00f9 difficili senza dover rimuovere il tubo. Pu\u00f2 essere aperta e fissata nuovamente in posizione senza smontare altre parti della fascetta, rendendo l'assemblaggio molto pi\u00f9 semplice.   Grazie ai bordi smussati, il tubo \u00e8 protetto da eventuali danni. La fascetta Supra W2 \u00e8 pienamente conforme alla direttiva RoHs EU 20032\/95\/CE del 1\u00b0 luglio 2006. Il bullone ad alta resistenza, progettato e fabbricato da Mikalor specificamente per questa fascetta, insieme al dado imperdibile e al sistema di distanziale consentono di serrare anche i raccordi per tubi pi\u00f9 esigenti. Questa \u00e8 la fascetta preferita dai professionisti nei settori dei tubi industriali, automobilistico e delle macchine agricole, nonch\u00e9 in tutte le applicazioni industriali dove \u00e8 richiesta una fascetta per impieghi gravosi eccezionale e soprattutto affidabile.  &nbsp;   * Dimensioni speciali sono disponibili su richiesta. * La pressione massima di applicazione pu\u00f2 variare in funzione del tipo di tubo utilizzato e della geometria del raccordo.   Brevettato in tutto il mondo.","og_url":"https:\/\/borserini.com\/it\/prodotto\/supra-heavy-fascetta-stringitubo-per-impieghi-gravosi-acciaio-inox-w2-w4\/","og_site_name":"Borserini","article_modified_time":"2025-07-09T12:32:01+00:00","og_image":[{"width":1736,"height":1736,"url":"https:\/\/borserini.com\/wp-content\/uploads\/Abraz-SUPRA-W4-INOX_InPixio.jpg","type":"image\/jpeg"}],"twitter_card":"summary_large_image","schema":{"@context":"https:\/\/schema.org","@graph":[{"@type":"WebPage","@id":"https:\/\/borserini.com\/it\/prodotto\/supra-heavy-fascetta-stringitubo-per-impieghi-gravosi-acciaio-inox-w2-w4\/","url":"https:\/\/borserini.com\/it\/prodotto\/supra-heavy-fascetta-stringitubo-per-impieghi-gravosi-acciaio-inox-w2-w4\/","name":"Supra Heavy - Fascetta Stringitubo per Impieghi Gravosi - Acciaio inox W2\/W4 - Borserini","isPartOf":{"@id":"https:\/\/borserini.com\/it\/#website"},"primaryImageOfPage":{"@id":"https:\/\/borserini.com\/it\/prodotto\/supra-heavy-fascetta-stringitubo-per-impieghi-gravosi-acciaio-inox-w2-w4\/#primaryimage"},"image":{"@id":"https:\/\/borserini.com\/it\/prodotto\/supra-heavy-fascetta-stringitubo-per-impieghi-gravosi-acciaio-inox-w2-w4\/#primaryimage"},"thumbnailUrl":"https:\/\/borserini.com\/wp-content\/uploads\/Abraz-SUPRA-W4-INOX_InPixio.jpg","datePublished":"2021-01-24T17:42:28+00:00","dateModified":"2025-07-09T12:32:01+00:00","breadcrumb":{"@id":"https:\/\/borserini.com\/it\/prodotto\/supra-heavy-fascetta-stringitubo-per-impieghi-gravosi-acciaio-inox-w2-w4\/#breadcrumb"},"inLanguage":"it-IT","potentialAction":[{"@type":"ReadAction","target":["https:\/\/borserini.com\/it\/prodotto\/supra-heavy-fascetta-stringitubo-per-impieghi-gravosi-acciaio-inox-w2-w4\/"]}]},{"@type":"ImageObject","inLanguage":"it-IT","@id":"https:\/\/borserini.com\/it\/prodotto\/supra-heavy-fascetta-stringitubo-per-impieghi-gravosi-acciaio-inox-w2-w4\/#primaryimage","url":"https:\/\/borserini.com\/wp-content\/uploads\/Abraz-SUPRA-W4-INOX_InPixio.jpg","contentUrl":"https:\/\/borserini.com\/wp-content\/uploads\/Abraz-SUPRA-W4-INOX_InPixio.jpg","width":1736,"height":1736},{"@type":"BreadcrumbList","@id":"https:\/\/borserini.com\/it\/prodotto\/supra-heavy-fascetta-stringitubo-per-impieghi-gravosi-acciaio-inox-w2-w4\/#breadcrumb","itemListElement":[{"@type":"ListItem","position":1,"name":"Home","item":"https:\/\/borserini.com\/it\/"},{"@type":"ListItem","position":2,"name":"Cataloghi","item":"https:\/\/borserini.com\/it\/cataloghi\/"},{"@type":"ListItem","position":3,"name":"Supra Heavy &#8211; Fascetta Stringitubo per Impieghi Gravosi &#8211; Acciaio inox W2\/W4"}]},{"@type":"WebSite","@id":"https:\/\/borserini.com\/it\/#website","url":"https:\/\/borserini.com\/it\/","name":"Borserini","description":"Technical and Filtration Solution","publisher":{"@id":"https:\/\/borserini.com\/it\/#organization"},"potentialAction":[{"@type":"SearchAction","target":{"@type":"EntryPoint","urlTemplate":"https:\/\/borserini.com\/it\/?s={search_term_string}"},"query-input":{"@type":"PropertyValueSpecification","valueRequired":true,"valueName":"search_term_string"}}],"inLanguage":"it-IT"},{"@type":"Organization","@id":"https:\/\/borserini.com\/it\/#organization","name":"BORSERINI SRL","url":"https:\/\/borserini.com\/it\/","logo":{"@type":"ImageObject","inLanguage":"it-IT","@id":"https:\/\/borserini.com\/it\/#\/schema\/logo\/image\/","url":"https:\/\/borserini.com\/wp-content\/uploads\/logo-anim-h60-v2.gif","contentUrl":"https:\/\/borserini.com\/wp-content\/uploads\/logo-anim-h60-v2.gif","width":300,"height":60,"caption":"BORSERINI SRL"},"image":{"@id":"https:\/\/borserini.com\/it\/#\/schema\/logo\/image\/"}}]}},"_links":{"self":[{"href":"https:\/\/borserini.com\/it\/wp-json\/wp\/v2\/product\/7688","targetHints":{"allow":["GET"]}}],"collection":[{"href":"https:\/\/borserini.com\/it\/wp-json\/wp\/v2\/product"}],"about":[{"href":"https:\/\/borserini.com\/it\/wp-json\/wp\/v2\/types\/product"}],"version-history":[{"count":10,"href":"https:\/\/borserini.com\/it\/wp-json\/wp\/v2\/product\/7688\/revisions"}],"predecessor-version":[{"id":13599,"href":"https:\/\/borserini.com\/it\/wp-json\/wp\/v2\/product\/7688\/revisions\/13599"}],"wp:featuredmedia":[{"embeddable":true,"href":"https:\/\/borserini.com\/it\/wp-json\/wp\/v2\/media\/5587"}],"wp:attachment":[{"href":"https:\/\/borserini.com\/it\/wp-json\/wp\/v2\/media?parent=7688"}],"wp:term":[{"taxonomy":"product_brand","embeddable":true,"href":"https:\/\/borserini.com\/it\/wp-json\/wp\/v2\/product_brand?post=7688"},{"taxonomy":"product_cat","embeddable":true,"href":"https:\/\/borserini.com\/it\/wp-json\/wp\/v2\/product_cat?post=7688"},{"taxonomy":"product_tag","embeddable":true,"href":"https:\/\/borserini.com\/it\/wp-json\/wp\/v2\/product_tag?post=7688"}],"curies":[{"name":"wp","href":"https:\/\/api.w.org\/{rel}","templated":true}]}}