{"id":7679,"date":"2020-10-05T23:12:48","date_gmt":"2020-10-05T21:12:48","guid":{"rendered":"https:\/\/borserini.com\/product\/din-3021-heavy-duty-spring-band-clip\/"},"modified":"2025-08-07T18:21:35","modified_gmt":"2025-08-07T16:21:35","slug":"din-3021-fascetta-a-molla","status":"publish","type":"product","link":"https:\/\/borserini.com\/it\/prodotto\/din-3021-fascetta-a-molla\/","title":{"rendered":"DIN 3021 Fascetta a molla"},"content":{"rendered":"","protected":false},"excerpt":{"rendered":"<p><a href=\"https:\/\/borserini.com\/wp-content\/uploads\/fotoprodotti\/Clamps_Damesa\/AB-MUELLE-DIN-3021.jpg\"><img fetchpriority=\"high\" decoding=\"async\" class=\"alignleft wp-image-692\" src=\"https:\/\/borserini.com\/wp-content\/uploads\/fotoprodotti\/Clamps_Damesa\/AB-MUELLE-DIN-3021.jpg\" alt=\"\" width=\"292\" height=\"300\" \/><\/a><\/p>\n<p data-sourcepos=\"7:1-7:101\"><span class=\"citation-6\">Questa <\/span><strong><span class=\"citation-6\">fascetta a molla heavy-duty<\/span><\/strong><span class=\"citation-6\"> \u00e8 prodotta in conformit\u00e0 alla norma <\/span><strong><span class=\"citation-6\">DIN 3021<\/span><\/strong><span class=\"citation-6 citation-end-6\">.<\/span><\/p>\n<p data-sourcepos=\"9:1-9:260\">\u00c8 particolarmente raccomandata per applicazioni in cui la temperatura pu\u00f2 variare significativamente, da <strong>-40\u00baC a +120\u00baC<\/strong>. <span class=\"citation-5\">Il design di questa fascetta le permette di mantenere la <\/span><strong><span class=\"citation-5\">stessa forza radiale<\/span><\/strong><span class=\"citation-5 citation-end-5\"> nonostante queste fluttuazioni termiche.<\/span><\/p>\n<p data-sourcepos=\"11:1-11:76\"><span class=\"citation-4\">\u00c8 <\/span><strong><span class=\"citation-4\">rapida e facile da montare<\/span><\/strong><span class=\"citation-4\"> ed \u00e8 anche <\/span><strong><span class=\"citation-4\">riutilizzabile<\/span><\/strong><span class=\"citation-4 citation-end-4\">.<\/span><\/p>\n<p><strong>* S = <\/strong>spessore prima del trattamento superficiale.<\/p>\n<p><span class=\"citation-3\"><strong>*<\/strong> Disponibile anche con <\/span><strong><span class=\"citation-3\">larghezza di banda da 15 mm<\/span><\/strong><span class=\"citation-3 citation-end-3\">.<\/span><\/p>\n<p><strong>*<\/strong> Per ulteriori informazioni sugli strumenti di applicazione, si prega di consultare la brochure dedicata.<\/p>\n<p>&nbsp;<\/p>\n<p>&nbsp;<\/p>\n","protected":false},"featured_media":4823,"template":"","meta":[],"product_brand":[],"product_cat":[867,874,819],"product_tag":[],"class_list":{"0":"post-7679","1":"product","2":"type-product","3":"status-publish","4":"has-post-thumbnail","6":"product_cat-industria-automobilistica","7":"product_cat-industria-generale","8":"product_cat-versioni-speciali-per-settore-auto-e-industria","10":"first","11":"instock","12":"shipping-taxable","13":"product-type-simple"},"yoast_head":"<!-- This site is optimized with the Yoast SEO plugin v27.3 - https:\/\/yoast.com\/product\/yoast-seo-wordpress\/ -->\n<title>DIN 3021 Fascetta a molla - Borserini<\/title>\n<meta name=\"robots\" content=\"index, follow, max-snippet:-1, max-image-preview:large, max-video-preview:-1\" \/>\n<link rel=\"canonical\" href=\"https:\/\/borserini.com\/it\/prodotto\/din-3021-fascetta-a-molla\/\" \/>\n<meta property=\"og:locale\" content=\"it_IT\" \/>\n<meta property=\"og:type\" content=\"article\" \/>\n<meta property=\"og:title\" content=\"DIN 3021 Fascetta a molla - Borserini\" \/>\n<meta property=\"og:description\" content=\"Questa fascetta a molla heavy-duty \u00e8 prodotta in conformit\u00e0 alla norma DIN 3021. \u00c8 particolarmente raccomandata per applicazioni in cui la temperatura pu\u00f2 variare significativamente, da -40\u00baC a +120\u00baC. Il design di questa fascetta le permette di mantenere la stessa forza radiale nonostante queste fluttuazioni termiche. \u00c8 rapida e facile da montare ed \u00e8 anche riutilizzabile. * S = spessore prima del trattamento superficiale.  * Disponibile anche con larghezza di banda da 15 mm.  * Per ulteriori informazioni sugli strumenti di applicazione, si prega di consultare la brochure dedicata.  &nbsp;  &nbsp;\" \/>\n<meta property=\"og:url\" content=\"https:\/\/borserini.com\/it\/prodotto\/din-3021-fascetta-a-molla\/\" \/>\n<meta property=\"og:site_name\" content=\"Borserini\" \/>\n<meta property=\"article:modified_time\" content=\"2025-08-07T16:21:35+00:00\" \/>\n<meta property=\"og:image\" content=\"https:\/\/borserini.com\/wp-content\/uploads\/fotoprodotti\/Clamps_Damesa\/AB-MUELLE-DIN-3021.jpg\" \/>\n\t<meta property=\"og:image:width\" content=\"263\" \/>\n\t<meta property=\"og:image:height\" content=\"270\" \/>\n\t<meta property=\"og:image:type\" content=\"image\/jpeg\" \/>\n<meta name=\"twitter:card\" content=\"summary_large_image\" \/>\n<script type=\"application\/ld+json\" class=\"yoast-schema-graph\">{\"@context\":\"https:\\\/\\\/schema.org\",\"@graph\":[{\"@type\":\"WebPage\",\"@id\":\"https:\\\/\\\/borserini.com\\\/it\\\/prodotto\\\/din-3021-fascetta-a-molla\\\/\",\"url\":\"https:\\\/\\\/borserini.com\\\/it\\\/prodotto\\\/din-3021-fascetta-a-molla\\\/\",\"name\":\"DIN 3021 Fascetta a molla - Borserini\",\"isPartOf\":{\"@id\":\"https:\\\/\\\/borserini.com\\\/it\\\/#website\"},\"primaryImageOfPage\":{\"@id\":\"https:\\\/\\\/borserini.com\\\/it\\\/prodotto\\\/din-3021-fascetta-a-molla\\\/#primaryimage\"},\"image\":{\"@id\":\"https:\\\/\\\/borserini.com\\\/it\\\/prodotto\\\/din-3021-fascetta-a-molla\\\/#primaryimage\"},\"thumbnailUrl\":\"https:\\\/\\\/borserini.com\\\/wp-content\\\/uploads\\\/fotoprodotti\\\/Clamps_Damesa\\\/AB-MUELLE-DIN-3021.jpg\",\"datePublished\":\"2020-10-05T21:12:48+00:00\",\"dateModified\":\"2025-08-07T16:21:35+00:00\",\"breadcrumb\":{\"@id\":\"https:\\\/\\\/borserini.com\\\/it\\\/prodotto\\\/din-3021-fascetta-a-molla\\\/#breadcrumb\"},\"inLanguage\":\"it-IT\",\"potentialAction\":[{\"@type\":\"ReadAction\",\"target\":[\"https:\\\/\\\/borserini.com\\\/it\\\/prodotto\\\/din-3021-fascetta-a-molla\\\/\"]}]},{\"@type\":\"ImageObject\",\"inLanguage\":\"it-IT\",\"@id\":\"https:\\\/\\\/borserini.com\\\/it\\\/prodotto\\\/din-3021-fascetta-a-molla\\\/#primaryimage\",\"url\":\"https:\\\/\\\/borserini.com\\\/wp-content\\\/uploads\\\/fotoprodotti\\\/Clamps_Damesa\\\/AB-MUELLE-DIN-3021.jpg\",\"contentUrl\":\"https:\\\/\\\/borserini.com\\\/wp-content\\\/uploads\\\/fotoprodotti\\\/Clamps_Damesa\\\/AB-MUELLE-DIN-3021.jpg\",\"width\":263,\"height\":270},{\"@type\":\"BreadcrumbList\",\"@id\":\"https:\\\/\\\/borserini.com\\\/it\\\/prodotto\\\/din-3021-fascetta-a-molla\\\/#breadcrumb\",\"itemListElement\":[{\"@type\":\"ListItem\",\"position\":1,\"name\":\"Home\",\"item\":\"https:\\\/\\\/borserini.com\\\/it\\\/\"},{\"@type\":\"ListItem\",\"position\":2,\"name\":\"Cataloghi\",\"item\":\"https:\\\/\\\/borserini.com\\\/it\\\/cataloghi\\\/\"},{\"@type\":\"ListItem\",\"position\":3,\"name\":\"DIN 3021 Fascetta a molla\"}]},{\"@type\":\"WebSite\",\"@id\":\"https:\\\/\\\/borserini.com\\\/it\\\/#website\",\"url\":\"https:\\\/\\\/borserini.com\\\/it\\\/\",\"name\":\"Borserini\",\"description\":\"Technical and Filtration Solution\",\"publisher\":{\"@id\":\"https:\\\/\\\/borserini.com\\\/it\\\/#organization\"},\"potentialAction\":[{\"@type\":\"SearchAction\",\"target\":{\"@type\":\"EntryPoint\",\"urlTemplate\":\"https:\\\/\\\/borserini.com\\\/it\\\/?s={search_term_string}\"},\"query-input\":{\"@type\":\"PropertyValueSpecification\",\"valueRequired\":true,\"valueName\":\"search_term_string\"}}],\"inLanguage\":\"it-IT\"},{\"@type\":\"Organization\",\"@id\":\"https:\\\/\\\/borserini.com\\\/it\\\/#organization\",\"name\":\"BORSERINI SRL\",\"url\":\"https:\\\/\\\/borserini.com\\\/it\\\/\",\"logo\":{\"@type\":\"ImageObject\",\"inLanguage\":\"it-IT\",\"@id\":\"https:\\\/\\\/borserini.com\\\/it\\\/#\\\/schema\\\/logo\\\/image\\\/\",\"url\":\"https:\\\/\\\/borserini.com\\\/wp-content\\\/uploads\\\/logo-anim-h60-v2.gif\",\"contentUrl\":\"https:\\\/\\\/borserini.com\\\/wp-content\\\/uploads\\\/logo-anim-h60-v2.gif\",\"width\":300,\"height\":60,\"caption\":\"BORSERINI SRL\"},\"image\":{\"@id\":\"https:\\\/\\\/borserini.com\\\/it\\\/#\\\/schema\\\/logo\\\/image\\\/\"}}]}<\/script>\n<!-- \/ Yoast SEO plugin. -->","yoast_head_json":{"title":"DIN 3021 Fascetta a molla - Borserini","robots":{"index":"index","follow":"follow","max-snippet":"max-snippet:-1","max-image-preview":"max-image-preview:large","max-video-preview":"max-video-preview:-1"},"canonical":"https:\/\/borserini.com\/it\/prodotto\/din-3021-fascetta-a-molla\/","og_locale":"it_IT","og_type":"article","og_title":"DIN 3021 Fascetta a molla - Borserini","og_description":"Questa fascetta a molla heavy-duty \u00e8 prodotta in conformit\u00e0 alla norma DIN 3021. \u00c8 particolarmente raccomandata per applicazioni in cui la temperatura pu\u00f2 variare significativamente, da -40\u00baC a +120\u00baC. Il design di questa fascetta le permette di mantenere la stessa forza radiale nonostante queste fluttuazioni termiche. \u00c8 rapida e facile da montare ed \u00e8 anche riutilizzabile. * S = spessore prima del trattamento superficiale.  * Disponibile anche con larghezza di banda da 15 mm.  * Per ulteriori informazioni sugli strumenti di applicazione, si prega di consultare la brochure dedicata.  &nbsp;  &nbsp;","og_url":"https:\/\/borserini.com\/it\/prodotto\/din-3021-fascetta-a-molla\/","og_site_name":"Borserini","article_modified_time":"2025-08-07T16:21:35+00:00","og_image":[{"width":263,"height":270,"url":"https:\/\/borserini.com\/wp-content\/uploads\/fotoprodotti\/Clamps_Damesa\/AB-MUELLE-DIN-3021.jpg","type":"image\/jpeg"}],"twitter_card":"summary_large_image","schema":{"@context":"https:\/\/schema.org","@graph":[{"@type":"WebPage","@id":"https:\/\/borserini.com\/it\/prodotto\/din-3021-fascetta-a-molla\/","url":"https:\/\/borserini.com\/it\/prodotto\/din-3021-fascetta-a-molla\/","name":"DIN 3021 Fascetta a molla - Borserini","isPartOf":{"@id":"https:\/\/borserini.com\/it\/#website"},"primaryImageOfPage":{"@id":"https:\/\/borserini.com\/it\/prodotto\/din-3021-fascetta-a-molla\/#primaryimage"},"image":{"@id":"https:\/\/borserini.com\/it\/prodotto\/din-3021-fascetta-a-molla\/#primaryimage"},"thumbnailUrl":"https:\/\/borserini.com\/wp-content\/uploads\/fotoprodotti\/Clamps_Damesa\/AB-MUELLE-DIN-3021.jpg","datePublished":"2020-10-05T21:12:48+00:00","dateModified":"2025-08-07T16:21:35+00:00","breadcrumb":{"@id":"https:\/\/borserini.com\/it\/prodotto\/din-3021-fascetta-a-molla\/#breadcrumb"},"inLanguage":"it-IT","potentialAction":[{"@type":"ReadAction","target":["https:\/\/borserini.com\/it\/prodotto\/din-3021-fascetta-a-molla\/"]}]},{"@type":"ImageObject","inLanguage":"it-IT","@id":"https:\/\/borserini.com\/it\/prodotto\/din-3021-fascetta-a-molla\/#primaryimage","url":"https:\/\/borserini.com\/wp-content\/uploads\/fotoprodotti\/Clamps_Damesa\/AB-MUELLE-DIN-3021.jpg","contentUrl":"https:\/\/borserini.com\/wp-content\/uploads\/fotoprodotti\/Clamps_Damesa\/AB-MUELLE-DIN-3021.jpg","width":263,"height":270},{"@type":"BreadcrumbList","@id":"https:\/\/borserini.com\/it\/prodotto\/din-3021-fascetta-a-molla\/#breadcrumb","itemListElement":[{"@type":"ListItem","position":1,"name":"Home","item":"https:\/\/borserini.com\/it\/"},{"@type":"ListItem","position":2,"name":"Cataloghi","item":"https:\/\/borserini.com\/it\/cataloghi\/"},{"@type":"ListItem","position":3,"name":"DIN 3021 Fascetta a molla"}]},{"@type":"WebSite","@id":"https:\/\/borserini.com\/it\/#website","url":"https:\/\/borserini.com\/it\/","name":"Borserini","description":"Technical and Filtration Solution","publisher":{"@id":"https:\/\/borserini.com\/it\/#organization"},"potentialAction":[{"@type":"SearchAction","target":{"@type":"EntryPoint","urlTemplate":"https:\/\/borserini.com\/it\/?s={search_term_string}"},"query-input":{"@type":"PropertyValueSpecification","valueRequired":true,"valueName":"search_term_string"}}],"inLanguage":"it-IT"},{"@type":"Organization","@id":"https:\/\/borserini.com\/it\/#organization","name":"BORSERINI SRL","url":"https:\/\/borserini.com\/it\/","logo":{"@type":"ImageObject","inLanguage":"it-IT","@id":"https:\/\/borserini.com\/it\/#\/schema\/logo\/image\/","url":"https:\/\/borserini.com\/wp-content\/uploads\/logo-anim-h60-v2.gif","contentUrl":"https:\/\/borserini.com\/wp-content\/uploads\/logo-anim-h60-v2.gif","width":300,"height":60,"caption":"BORSERINI SRL"},"image":{"@id":"https:\/\/borserini.com\/it\/#\/schema\/logo\/image\/"}}]}},"_links":{"self":[{"href":"https:\/\/borserini.com\/it\/wp-json\/wp\/v2\/product\/7679","targetHints":{"allow":["GET"]}}],"collection":[{"href":"https:\/\/borserini.com\/it\/wp-json\/wp\/v2\/product"}],"about":[{"href":"https:\/\/borserini.com\/it\/wp-json\/wp\/v2\/types\/product"}],"version-history":[{"count":8,"href":"https:\/\/borserini.com\/it\/wp-json\/wp\/v2\/product\/7679\/revisions"}],"predecessor-version":[{"id":13581,"href":"https:\/\/borserini.com\/it\/wp-json\/wp\/v2\/product\/7679\/revisions\/13581"}],"wp:featuredmedia":[{"embeddable":true,"href":"https:\/\/borserini.com\/it\/wp-json\/wp\/v2\/media\/4823"}],"wp:attachment":[{"href":"https:\/\/borserini.com\/it\/wp-json\/wp\/v2\/media?parent=7679"}],"wp:term":[{"taxonomy":"product_brand","embeddable":true,"href":"https:\/\/borserini.com\/it\/wp-json\/wp\/v2\/product_brand?post=7679"},{"taxonomy":"product_cat","embeddable":true,"href":"https:\/\/borserini.com\/it\/wp-json\/wp\/v2\/product_cat?post=7679"},{"taxonomy":"product_tag","embeddable":true,"href":"https:\/\/borserini.com\/it\/wp-json\/wp\/v2\/product_tag?post=7679"}],"curies":[{"name":"wp","href":"https:\/\/api.w.org\/{rel}","templated":true}]}}