{"id":7671,"date":"2020-10-05T23:12:49","date_gmt":"2020-10-05T21:12:49","guid":{"rendered":"https:\/\/borserini.com\/product\/fixed-diameter-s-clamp\/"},"modified":"2025-08-07T18:18:27","modified_gmt":"2025-08-07T16:18:27","slug":"s-clamp-fascetta-a-diametro-fisso","status":"publish","type":"product","link":"https:\/\/borserini.com\/it\/prodotto\/s-clamp-fascetta-a-diametro-fisso\/","title":{"rendered":"S-Clamp Fascetta a Diametro Fisso"},"content":{"rendered":"","protected":false},"excerpt":{"rendered":"<p style=\"box-sizing: border-box; margin: 15px 0px; color: #555555; font-family: Raleway, sans-serif; font-size: 14px; background-color: #ffffff;\"><a href=\"https:\/\/borserini.com\/wp-content\/uploads\/fotoprodotti\/Clamps_Damesa\/AB-DIAM-FIJO_0.jpg\"><img fetchpriority=\"high\" decoding=\"async\" class=\"alignleft wp-image-715 size-medium\" src=\"https:\/\/borserini.com\/wp-content\/uploads\/fotoprodotti\/Clamps_Damesa\/AB-DIAM-FIJO_0-291x300.jpg\" alt=\"\" width=\"291\" height=\"300\" srcset=\"https:\/\/borserini.com\/wp-content\/uploads\/fotoprodotti\/Clamps_Damesa\/AB-DIAM-FIJO_0-291x300.jpg 291w, https:\/\/borserini.com\/wp-content\/uploads\/fotoprodotti\/Clamps_Damesa\/AB-DIAM-FIJO_0.jpg 555w\" sizes=\"(max-width: 291px) 100vw, 291px\" \/><\/a>La fascetta a diametro fisso S-Clamp \u00e8 stata progettata per garantire la migliore aderenza possibile di tubo e raccordo.<\/p>\n<p style=\"box-sizing: border-box; margin: 15px 0px; color: #555555; font-family: Raleway, sans-serif; font-size: 14px; background-color: #ffffff;\">Ci\u00f2 si ottiene grazie al fatto che una volta che il morsetto \u00e8 stato montato e serrato, si adatta esattamente al diametro desiderato.Il design di questa fascetta consente di utilizzarla con tubi montati su giunti metallici o in plastica.<\/p>\n<p style=\"box-sizing: border-box; margin: 15px 0px; color: #555555; font-family: Raleway, sans-serif; font-size: 14px; background-color: #ffffff;\">\u00c8 particolarmente indicato per alcuni settori che vanno dalla produzione di macchinari medici all&#8217;industria automobilistica.<\/p>\n<p style=\"box-sizing: border-box; margin: 15px 0px; color: #555555; font-family: Raleway, sans-serif; font-size: 14px; background-color: #ffffff;\">* Questo morsetto pu\u00f2 essere fornito in diametri fino a 120 mm e in larghezze di banda fino a 20 mm.<\/p>\n<div><\/div>\n<p>&nbsp;<\/p>\n","protected":false},"featured_media":4840,"template":"","meta":[],"product_brand":[],"product_cat":[867,887,824],"product_tag":[961],"class_list":{"0":"post-7671","1":"product","2":"type-product","3":"status-publish","4":"has-post-thumbnail","6":"product_cat-industria-automobilistica","7":"product_cat-industria-medicale","8":"product_cat-media-pressione","9":"product_tag-pdf-it","11":"first","12":"instock","13":"shipping-taxable","14":"product-type-simple"},"yoast_head":"<!-- This site is optimized with the Yoast SEO plugin v27.3 - https:\/\/yoast.com\/product\/yoast-seo-wordpress\/ -->\n<title>S-Clamp Fascetta a Diametro Fisso - Borserini<\/title>\n<meta name=\"robots\" content=\"index, follow, max-snippet:-1, max-image-preview:large, max-video-preview:-1\" \/>\n<link rel=\"canonical\" href=\"https:\/\/borserini.com\/it\/prodotto\/s-clamp-fascetta-a-diametro-fisso\/\" \/>\n<meta property=\"og:locale\" content=\"it_IT\" \/>\n<meta property=\"og:type\" content=\"article\" \/>\n<meta property=\"og:title\" content=\"S-Clamp Fascetta a Diametro Fisso - Borserini\" \/>\n<meta property=\"og:description\" content=\"La fascetta a diametro fisso S-Clamp \u00e8 stata progettata per garantire la migliore aderenza possibile di tubo e raccordo. Ci\u00f2 si ottiene grazie al fatto che una volta che il morsetto \u00e8 stato montato e serrato, si adatta esattamente al diametro desiderato.Il design di questa fascetta consente di utilizzarla con tubi montati su giunti metallici o in plastica. \u00c8 particolarmente indicato per alcuni settori che vanno dalla produzione di macchinari medici all&#039;industria automobilistica. * Questo morsetto pu\u00f2 essere fornito in diametri fino a 120 mm e in larghezze di banda fino a 20 mm.   &nbsp;\" \/>\n<meta property=\"og:url\" content=\"https:\/\/borserini.com\/it\/prodotto\/s-clamp-fascetta-a-diametro-fisso\/\" \/>\n<meta property=\"og:site_name\" content=\"Borserini\" \/>\n<meta property=\"article:modified_time\" content=\"2025-08-07T16:18:27+00:00\" \/>\n<meta property=\"og:image\" content=\"https:\/\/borserini.com\/wp-content\/uploads\/fotoprodotti\/Clamps_Damesa\/AB-DIAM-FIJO_0.jpg\" \/>\n\t<meta property=\"og:image:width\" content=\"555\" \/>\n\t<meta property=\"og:image:height\" content=\"572\" \/>\n\t<meta property=\"og:image:type\" content=\"image\/jpeg\" \/>\n<meta name=\"twitter:card\" content=\"summary_large_image\" \/>\n<script type=\"application\/ld+json\" class=\"yoast-schema-graph\">{\"@context\":\"https:\\\/\\\/schema.org\",\"@graph\":[{\"@type\":\"WebPage\",\"@id\":\"https:\\\/\\\/borserini.com\\\/it\\\/prodotto\\\/s-clamp-fascetta-a-diametro-fisso\\\/\",\"url\":\"https:\\\/\\\/borserini.com\\\/it\\\/prodotto\\\/s-clamp-fascetta-a-diametro-fisso\\\/\",\"name\":\"S-Clamp Fascetta a Diametro Fisso - Borserini\",\"isPartOf\":{\"@id\":\"https:\\\/\\\/borserini.com\\\/it\\\/#website\"},\"primaryImageOfPage\":{\"@id\":\"https:\\\/\\\/borserini.com\\\/it\\\/prodotto\\\/s-clamp-fascetta-a-diametro-fisso\\\/#primaryimage\"},\"image\":{\"@id\":\"https:\\\/\\\/borserini.com\\\/it\\\/prodotto\\\/s-clamp-fascetta-a-diametro-fisso\\\/#primaryimage\"},\"thumbnailUrl\":\"https:\\\/\\\/borserini.com\\\/wp-content\\\/uploads\\\/fotoprodotti\\\/Clamps_Damesa\\\/AB-DIAM-FIJO_0.jpg\",\"datePublished\":\"2020-10-05T21:12:49+00:00\",\"dateModified\":\"2025-08-07T16:18:27+00:00\",\"breadcrumb\":{\"@id\":\"https:\\\/\\\/borserini.com\\\/it\\\/prodotto\\\/s-clamp-fascetta-a-diametro-fisso\\\/#breadcrumb\"},\"inLanguage\":\"it-IT\",\"potentialAction\":[{\"@type\":\"ReadAction\",\"target\":[\"https:\\\/\\\/borserini.com\\\/it\\\/prodotto\\\/s-clamp-fascetta-a-diametro-fisso\\\/\"]}]},{\"@type\":\"ImageObject\",\"inLanguage\":\"it-IT\",\"@id\":\"https:\\\/\\\/borserini.com\\\/it\\\/prodotto\\\/s-clamp-fascetta-a-diametro-fisso\\\/#primaryimage\",\"url\":\"https:\\\/\\\/borserini.com\\\/wp-content\\\/uploads\\\/fotoprodotti\\\/Clamps_Damesa\\\/AB-DIAM-FIJO_0.jpg\",\"contentUrl\":\"https:\\\/\\\/borserini.com\\\/wp-content\\\/uploads\\\/fotoprodotti\\\/Clamps_Damesa\\\/AB-DIAM-FIJO_0.jpg\",\"width\":555,\"height\":572},{\"@type\":\"BreadcrumbList\",\"@id\":\"https:\\\/\\\/borserini.com\\\/it\\\/prodotto\\\/s-clamp-fascetta-a-diametro-fisso\\\/#breadcrumb\",\"itemListElement\":[{\"@type\":\"ListItem\",\"position\":1,\"name\":\"Home\",\"item\":\"https:\\\/\\\/borserini.com\\\/it\\\/\"},{\"@type\":\"ListItem\",\"position\":2,\"name\":\"Cataloghi\",\"item\":\"https:\\\/\\\/borserini.com\\\/it\\\/cataloghi\\\/\"},{\"@type\":\"ListItem\",\"position\":3,\"name\":\"S-Clamp Fascetta a Diametro Fisso\"}]},{\"@type\":\"WebSite\",\"@id\":\"https:\\\/\\\/borserini.com\\\/it\\\/#website\",\"url\":\"https:\\\/\\\/borserini.com\\\/it\\\/\",\"name\":\"Borserini\",\"description\":\"Technical and Filtration Solution\",\"publisher\":{\"@id\":\"https:\\\/\\\/borserini.com\\\/it\\\/#organization\"},\"potentialAction\":[{\"@type\":\"SearchAction\",\"target\":{\"@type\":\"EntryPoint\",\"urlTemplate\":\"https:\\\/\\\/borserini.com\\\/it\\\/?s={search_term_string}\"},\"query-input\":{\"@type\":\"PropertyValueSpecification\",\"valueRequired\":true,\"valueName\":\"search_term_string\"}}],\"inLanguage\":\"it-IT\"},{\"@type\":\"Organization\",\"@id\":\"https:\\\/\\\/borserini.com\\\/it\\\/#organization\",\"name\":\"BORSERINI SRL\",\"url\":\"https:\\\/\\\/borserini.com\\\/it\\\/\",\"logo\":{\"@type\":\"ImageObject\",\"inLanguage\":\"it-IT\",\"@id\":\"https:\\\/\\\/borserini.com\\\/it\\\/#\\\/schema\\\/logo\\\/image\\\/\",\"url\":\"https:\\\/\\\/borserini.com\\\/wp-content\\\/uploads\\\/logo-anim-h60-v2.gif\",\"contentUrl\":\"https:\\\/\\\/borserini.com\\\/wp-content\\\/uploads\\\/logo-anim-h60-v2.gif\",\"width\":300,\"height\":60,\"caption\":\"BORSERINI SRL\"},\"image\":{\"@id\":\"https:\\\/\\\/borserini.com\\\/it\\\/#\\\/schema\\\/logo\\\/image\\\/\"}}]}<\/script>\n<!-- \/ Yoast SEO plugin. -->","yoast_head_json":{"title":"S-Clamp Fascetta a Diametro Fisso - Borserini","robots":{"index":"index","follow":"follow","max-snippet":"max-snippet:-1","max-image-preview":"max-image-preview:large","max-video-preview":"max-video-preview:-1"},"canonical":"https:\/\/borserini.com\/it\/prodotto\/s-clamp-fascetta-a-diametro-fisso\/","og_locale":"it_IT","og_type":"article","og_title":"S-Clamp Fascetta a Diametro Fisso - Borserini","og_description":"La fascetta a diametro fisso S-Clamp \u00e8 stata progettata per garantire la migliore aderenza possibile di tubo e raccordo. Ci\u00f2 si ottiene grazie al fatto che una volta che il morsetto \u00e8 stato montato e serrato, si adatta esattamente al diametro desiderato.Il design di questa fascetta consente di utilizzarla con tubi montati su giunti metallici o in plastica. \u00c8 particolarmente indicato per alcuni settori che vanno dalla produzione di macchinari medici all'industria automobilistica. * Questo morsetto pu\u00f2 essere fornito in diametri fino a 120 mm e in larghezze di banda fino a 20 mm.   &nbsp;","og_url":"https:\/\/borserini.com\/it\/prodotto\/s-clamp-fascetta-a-diametro-fisso\/","og_site_name":"Borserini","article_modified_time":"2025-08-07T16:18:27+00:00","og_image":[{"width":555,"height":572,"url":"https:\/\/borserini.com\/wp-content\/uploads\/fotoprodotti\/Clamps_Damesa\/AB-DIAM-FIJO_0.jpg","type":"image\/jpeg"}],"twitter_card":"summary_large_image","schema":{"@context":"https:\/\/schema.org","@graph":[{"@type":"WebPage","@id":"https:\/\/borserini.com\/it\/prodotto\/s-clamp-fascetta-a-diametro-fisso\/","url":"https:\/\/borserini.com\/it\/prodotto\/s-clamp-fascetta-a-diametro-fisso\/","name":"S-Clamp Fascetta a Diametro Fisso - Borserini","isPartOf":{"@id":"https:\/\/borserini.com\/it\/#website"},"primaryImageOfPage":{"@id":"https:\/\/borserini.com\/it\/prodotto\/s-clamp-fascetta-a-diametro-fisso\/#primaryimage"},"image":{"@id":"https:\/\/borserini.com\/it\/prodotto\/s-clamp-fascetta-a-diametro-fisso\/#primaryimage"},"thumbnailUrl":"https:\/\/borserini.com\/wp-content\/uploads\/fotoprodotti\/Clamps_Damesa\/AB-DIAM-FIJO_0.jpg","datePublished":"2020-10-05T21:12:49+00:00","dateModified":"2025-08-07T16:18:27+00:00","breadcrumb":{"@id":"https:\/\/borserini.com\/it\/prodotto\/s-clamp-fascetta-a-diametro-fisso\/#breadcrumb"},"inLanguage":"it-IT","potentialAction":[{"@type":"ReadAction","target":["https:\/\/borserini.com\/it\/prodotto\/s-clamp-fascetta-a-diametro-fisso\/"]}]},{"@type":"ImageObject","inLanguage":"it-IT","@id":"https:\/\/borserini.com\/it\/prodotto\/s-clamp-fascetta-a-diametro-fisso\/#primaryimage","url":"https:\/\/borserini.com\/wp-content\/uploads\/fotoprodotti\/Clamps_Damesa\/AB-DIAM-FIJO_0.jpg","contentUrl":"https:\/\/borserini.com\/wp-content\/uploads\/fotoprodotti\/Clamps_Damesa\/AB-DIAM-FIJO_0.jpg","width":555,"height":572},{"@type":"BreadcrumbList","@id":"https:\/\/borserini.com\/it\/prodotto\/s-clamp-fascetta-a-diametro-fisso\/#breadcrumb","itemListElement":[{"@type":"ListItem","position":1,"name":"Home","item":"https:\/\/borserini.com\/it\/"},{"@type":"ListItem","position":2,"name":"Cataloghi","item":"https:\/\/borserini.com\/it\/cataloghi\/"},{"@type":"ListItem","position":3,"name":"S-Clamp Fascetta a Diametro Fisso"}]},{"@type":"WebSite","@id":"https:\/\/borserini.com\/it\/#website","url":"https:\/\/borserini.com\/it\/","name":"Borserini","description":"Technical and Filtration Solution","publisher":{"@id":"https:\/\/borserini.com\/it\/#organization"},"potentialAction":[{"@type":"SearchAction","target":{"@type":"EntryPoint","urlTemplate":"https:\/\/borserini.com\/it\/?s={search_term_string}"},"query-input":{"@type":"PropertyValueSpecification","valueRequired":true,"valueName":"search_term_string"}}],"inLanguage":"it-IT"},{"@type":"Organization","@id":"https:\/\/borserini.com\/it\/#organization","name":"BORSERINI SRL","url":"https:\/\/borserini.com\/it\/","logo":{"@type":"ImageObject","inLanguage":"it-IT","@id":"https:\/\/borserini.com\/it\/#\/schema\/logo\/image\/","url":"https:\/\/borserini.com\/wp-content\/uploads\/logo-anim-h60-v2.gif","contentUrl":"https:\/\/borserini.com\/wp-content\/uploads\/logo-anim-h60-v2.gif","width":300,"height":60,"caption":"BORSERINI SRL"},"image":{"@id":"https:\/\/borserini.com\/it\/#\/schema\/logo\/image\/"}}]}},"_links":{"self":[{"href":"https:\/\/borserini.com\/it\/wp-json\/wp\/v2\/product\/7671","targetHints":{"allow":["GET"]}}],"collection":[{"href":"https:\/\/borserini.com\/it\/wp-json\/wp\/v2\/product"}],"about":[{"href":"https:\/\/borserini.com\/it\/wp-json\/wp\/v2\/types\/product"}],"version-history":[{"count":8,"href":"https:\/\/borserini.com\/it\/wp-json\/wp\/v2\/product\/7671\/revisions"}],"predecessor-version":[{"id":13613,"href":"https:\/\/borserini.com\/it\/wp-json\/wp\/v2\/product\/7671\/revisions\/13613"}],"wp:featuredmedia":[{"embeddable":true,"href":"https:\/\/borserini.com\/it\/wp-json\/wp\/v2\/media\/4840"}],"wp:attachment":[{"href":"https:\/\/borserini.com\/it\/wp-json\/wp\/v2\/media?parent=7671"}],"wp:term":[{"taxonomy":"product_brand","embeddable":true,"href":"https:\/\/borserini.com\/it\/wp-json\/wp\/v2\/product_brand?post=7671"},{"taxonomy":"product_cat","embeddable":true,"href":"https:\/\/borserini.com\/it\/wp-json\/wp\/v2\/product_cat?post=7671"},{"taxonomy":"product_tag","embeddable":true,"href":"https:\/\/borserini.com\/it\/wp-json\/wp\/v2\/product_tag?post=7671"}],"curies":[{"name":"wp","href":"https:\/\/api.w.org\/{rel}","templated":true}]}}