{"id":7664,"date":"2020-10-05T23:12:48","date_gmt":"2020-10-05T21:12:48","guid":{"rendered":"https:\/\/borserini.com\/product\/asfa-ti-titanium-worm-drive-clip\/"},"modified":"2025-08-07T18:20:21","modified_gmt":"2025-08-07T16:20:21","slug":"fascetta-stringitubo-a-vite-titanio-asfa-ti","status":"publish","type":"product","link":"https:\/\/borserini.com\/it\/prodotto\/fascetta-stringitubo-a-vite-titanio-asfa-ti\/","title":{"rendered":"Fascette stringitubo a vite TITANIO &#8211; Asfa Ti"},"content":{"rendered":"","protected":false},"excerpt":{"rendered":"<p><a href=\"https:\/\/borserini.com\/wp-content\/uploads\/fotoprodotti\/Clamps_Damesa\/AB-TITANIO.jpg\"><img fetchpriority=\"high\" decoding=\"async\" class=\"alignleft wp-image-698 size-medium\" src=\"https:\/\/borserini.com\/wp-content\/uploads\/fotoprodotti\/Clamps_Damesa\/AB-TITANIO-291x300.jpg\" alt=\"\" width=\"291\" height=\"300\" srcset=\"https:\/\/borserini.com\/wp-content\/uploads\/fotoprodotti\/Clamps_Damesa\/AB-TITANIO-291x300.jpg 291w, https:\/\/borserini.com\/wp-content\/uploads\/fotoprodotti\/Clamps_Damesa\/AB-TITANIO.jpg 555w\" sizes=\"(max-width: 291px) 100vw, 291px\" \/><\/a><\/p>\n<h3 data-sourcepos=\"5:1-5:41\">Un Morsetto Rivoluzionario in Titanio<\/h3>\n<p data-sourcepos=\"7:1-7:362\"><span class=\"citation-2\">Il fatto che questo morsetto sia <\/span><strong><span class=\"citation-2\">interamente realizzato in titanio<\/span><\/strong><span class=\"citation-2\">, unito al design innovativo del suo alloggiamento e alla banda larga di <\/span><strong><span class=\"citation-2\">12 mm<\/span><\/strong><span class=\"citation-2\">, gli conferisce il <\/span><strong><span class=\"citation-2\">miglior rapporto comparativo tra peso, prestazioni e resistenza alla corrosione<\/span><\/strong><span class=\"citation-2 citation-end-2\"> rispetto a qualsiasi altra fascetta a vite (&#8220;worm-drive clip&#8221;) presente sul mercato mondiale.<\/span><\/p>\n<div class=\"source-inline-chip-container ng-star-inserted\"><\/div>\n<p data-sourcepos=\"9:1-9:129\"><span class=\"citation-1\">Utilizziamo processi produttivi rivoluzionari per fabbricare dimensioni che vanno da <\/span><strong><span class=\"citation-1\">16-27 mm fino a 220-240 mm<\/span><\/strong><span class=\"citation-1 citation-end-1\">.<\/span><\/p>\n<div class=\"source-inline-chip-container ng-star-inserted\"><\/div>\n<p data-sourcepos=\"11:1-11:275\">Grazie alle sue eccezionali caratteristiche, questo morsetto \u00e8 ideale per applicazioni ad alte prestazioni nel settore <strong>automobilistico<\/strong>, <strong>offshore<\/strong>, in <strong>aeronautica<\/strong> e nell&#8217;<strong>industria chimica<\/strong>, in particolare per utilizzi che prevedono il contatto con gli <strong>acidi<\/strong>.<\/p>\n<p data-sourcepos=\"13:1-13:183\">Ogni morsetto \u00e8 sottoposto a un <strong>controllo qualit\u00e0 individuale<\/strong> prima dell&#8217;imballaggio, garantendo la massima affidabilit\u00e0. Conforme a tutte le <strong>direttive e normative EU vigenti<\/strong>.<\/p>\n<p data-sourcepos=\"13:1-13:183\"><br style=\"box-sizing: border-box;\" \/>* La pressione massima di applicazione pu\u00f2 variare in funzione del tipo di tubo utilizzato e della geometria del raccordo. Brevettato in tutto il mondo.<\/p>\n","protected":false},"featured_media":4827,"template":"","meta":[],"product_brand":[],"product_cat":[867,879,819],"product_tag":[],"class_list":{"0":"post-7664","1":"product","2":"type-product","3":"status-publish","4":"has-post-thumbnail","6":"product_cat-industria-automobilistica","7":"product_cat-processi-industriali","8":"product_cat-versioni-speciali-per-settore-auto-e-industria","10":"first","11":"instock","12":"shipping-taxable","13":"product-type-simple"},"yoast_head":"<!-- This site is optimized with the Yoast SEO plugin v27.3 - https:\/\/yoast.com\/product\/yoast-seo-wordpress\/ -->\n<title>Fascette stringitubo a vite TITANIO - Asfa Ti - Borserini<\/title>\n<meta name=\"robots\" content=\"index, follow, max-snippet:-1, max-image-preview:large, max-video-preview:-1\" \/>\n<link rel=\"canonical\" href=\"https:\/\/borserini.com\/it\/prodotto\/fascetta-stringitubo-a-vite-titanio-asfa-ti\/\" \/>\n<meta property=\"og:locale\" content=\"it_IT\" \/>\n<meta property=\"og:type\" content=\"article\" \/>\n<meta property=\"og:title\" content=\"Fascette stringitubo a vite TITANIO - Asfa Ti - Borserini\" \/>\n<meta property=\"og:description\" content=\"Un Morsetto Rivoluzionario in Titanio Il fatto che questo morsetto sia interamente realizzato in titanio, unito al design innovativo del suo alloggiamento e alla banda larga di 12 mm, gli conferisce il miglior rapporto comparativo tra peso, prestazioni e resistenza alla corrosione rispetto a qualsiasi altra fascetta a vite (&quot;worm-drive clip&quot;) presente sul mercato mondiale.   Utilizziamo processi produttivi rivoluzionari per fabbricare dimensioni che vanno da 16-27 mm fino a 220-240 mm.   Grazie alle sue eccezionali caratteristiche, questo morsetto \u00e8 ideale per applicazioni ad alte prestazioni nel settore automobilistico, offshore, in aeronautica e nell&#039;industria chimica, in particolare per utilizzi che prevedono il contatto con gli acidi. Ogni morsetto \u00e8 sottoposto a un controllo qualit\u00e0 individuale prima dell&#039;imballaggio, garantendo la massima affidabilit\u00e0. Conforme a tutte le direttive e normative EU vigenti. * La pressione massima di applicazione pu\u00f2 variare in funzione del tipo di tubo utilizzato e della geometria del raccordo. Brevettato in tutto il mondo.\" \/>\n<meta property=\"og:url\" content=\"https:\/\/borserini.com\/it\/prodotto\/fascetta-stringitubo-a-vite-titanio-asfa-ti\/\" \/>\n<meta property=\"og:site_name\" content=\"Borserini\" \/>\n<meta property=\"article:modified_time\" content=\"2025-08-07T16:20:21+00:00\" \/>\n<meta property=\"og:image\" content=\"https:\/\/borserini.com\/wp-content\/uploads\/fotoprodotti\/Clamps_Damesa\/AB-TITANIO.jpg\" \/>\n\t<meta property=\"og:image:width\" content=\"555\" \/>\n\t<meta property=\"og:image:height\" content=\"572\" \/>\n\t<meta property=\"og:image:type\" content=\"image\/jpeg\" \/>\n<meta name=\"twitter:card\" content=\"summary_large_image\" \/>\n<script type=\"application\/ld+json\" class=\"yoast-schema-graph\">{\"@context\":\"https:\\\/\\\/schema.org\",\"@graph\":[{\"@type\":\"WebPage\",\"@id\":\"https:\\\/\\\/borserini.com\\\/it\\\/prodotto\\\/fascetta-stringitubo-a-vite-titanio-asfa-ti\\\/\",\"url\":\"https:\\\/\\\/borserini.com\\\/it\\\/prodotto\\\/fascetta-stringitubo-a-vite-titanio-asfa-ti\\\/\",\"name\":\"Fascette stringitubo a vite TITANIO - Asfa Ti - Borserini\",\"isPartOf\":{\"@id\":\"https:\\\/\\\/borserini.com\\\/it\\\/#website\"},\"primaryImageOfPage\":{\"@id\":\"https:\\\/\\\/borserini.com\\\/it\\\/prodotto\\\/fascetta-stringitubo-a-vite-titanio-asfa-ti\\\/#primaryimage\"},\"image\":{\"@id\":\"https:\\\/\\\/borserini.com\\\/it\\\/prodotto\\\/fascetta-stringitubo-a-vite-titanio-asfa-ti\\\/#primaryimage\"},\"thumbnailUrl\":\"https:\\\/\\\/borserini.com\\\/wp-content\\\/uploads\\\/fotoprodotti\\\/Clamps_Damesa\\\/AB-TITANIO.jpg\",\"datePublished\":\"2020-10-05T21:12:48+00:00\",\"dateModified\":\"2025-08-07T16:20:21+00:00\",\"breadcrumb\":{\"@id\":\"https:\\\/\\\/borserini.com\\\/it\\\/prodotto\\\/fascetta-stringitubo-a-vite-titanio-asfa-ti\\\/#breadcrumb\"},\"inLanguage\":\"it-IT\",\"potentialAction\":[{\"@type\":\"ReadAction\",\"target\":[\"https:\\\/\\\/borserini.com\\\/it\\\/prodotto\\\/fascetta-stringitubo-a-vite-titanio-asfa-ti\\\/\"]}]},{\"@type\":\"ImageObject\",\"inLanguage\":\"it-IT\",\"@id\":\"https:\\\/\\\/borserini.com\\\/it\\\/prodotto\\\/fascetta-stringitubo-a-vite-titanio-asfa-ti\\\/#primaryimage\",\"url\":\"https:\\\/\\\/borserini.com\\\/wp-content\\\/uploads\\\/fotoprodotti\\\/Clamps_Damesa\\\/AB-TITANIO.jpg\",\"contentUrl\":\"https:\\\/\\\/borserini.com\\\/wp-content\\\/uploads\\\/fotoprodotti\\\/Clamps_Damesa\\\/AB-TITANIO.jpg\",\"width\":555,\"height\":572},{\"@type\":\"BreadcrumbList\",\"@id\":\"https:\\\/\\\/borserini.com\\\/it\\\/prodotto\\\/fascetta-stringitubo-a-vite-titanio-asfa-ti\\\/#breadcrumb\",\"itemListElement\":[{\"@type\":\"ListItem\",\"position\":1,\"name\":\"Home\",\"item\":\"https:\\\/\\\/borserini.com\\\/it\\\/\"},{\"@type\":\"ListItem\",\"position\":2,\"name\":\"Cataloghi\",\"item\":\"https:\\\/\\\/borserini.com\\\/it\\\/cataloghi\\\/\"},{\"@type\":\"ListItem\",\"position\":3,\"name\":\"Fascette stringitubo a vite TITANIO &#8211; Asfa Ti\"}]},{\"@type\":\"WebSite\",\"@id\":\"https:\\\/\\\/borserini.com\\\/it\\\/#website\",\"url\":\"https:\\\/\\\/borserini.com\\\/it\\\/\",\"name\":\"Borserini\",\"description\":\"Technical and Filtration Solution\",\"publisher\":{\"@id\":\"https:\\\/\\\/borserini.com\\\/it\\\/#organization\"},\"potentialAction\":[{\"@type\":\"SearchAction\",\"target\":{\"@type\":\"EntryPoint\",\"urlTemplate\":\"https:\\\/\\\/borserini.com\\\/it\\\/?s={search_term_string}\"},\"query-input\":{\"@type\":\"PropertyValueSpecification\",\"valueRequired\":true,\"valueName\":\"search_term_string\"}}],\"inLanguage\":\"it-IT\"},{\"@type\":\"Organization\",\"@id\":\"https:\\\/\\\/borserini.com\\\/it\\\/#organization\",\"name\":\"BORSERINI SRL\",\"url\":\"https:\\\/\\\/borserini.com\\\/it\\\/\",\"logo\":{\"@type\":\"ImageObject\",\"inLanguage\":\"it-IT\",\"@id\":\"https:\\\/\\\/borserini.com\\\/it\\\/#\\\/schema\\\/logo\\\/image\\\/\",\"url\":\"https:\\\/\\\/borserini.com\\\/wp-content\\\/uploads\\\/logo-anim-h60-v2.gif\",\"contentUrl\":\"https:\\\/\\\/borserini.com\\\/wp-content\\\/uploads\\\/logo-anim-h60-v2.gif\",\"width\":300,\"height\":60,\"caption\":\"BORSERINI SRL\"},\"image\":{\"@id\":\"https:\\\/\\\/borserini.com\\\/it\\\/#\\\/schema\\\/logo\\\/image\\\/\"}}]}<\/script>\n<!-- \/ Yoast SEO plugin. -->","yoast_head_json":{"title":"Fascette stringitubo a vite TITANIO - Asfa Ti - Borserini","robots":{"index":"index","follow":"follow","max-snippet":"max-snippet:-1","max-image-preview":"max-image-preview:large","max-video-preview":"max-video-preview:-1"},"canonical":"https:\/\/borserini.com\/it\/prodotto\/fascetta-stringitubo-a-vite-titanio-asfa-ti\/","og_locale":"it_IT","og_type":"article","og_title":"Fascette stringitubo a vite TITANIO - Asfa Ti - Borserini","og_description":"Un Morsetto Rivoluzionario in Titanio Il fatto che questo morsetto sia interamente realizzato in titanio, unito al design innovativo del suo alloggiamento e alla banda larga di 12 mm, gli conferisce il miglior rapporto comparativo tra peso, prestazioni e resistenza alla corrosione rispetto a qualsiasi altra fascetta a vite (\"worm-drive clip\") presente sul mercato mondiale.   Utilizziamo processi produttivi rivoluzionari per fabbricare dimensioni che vanno da 16-27 mm fino a 220-240 mm.   Grazie alle sue eccezionali caratteristiche, questo morsetto \u00e8 ideale per applicazioni ad alte prestazioni nel settore automobilistico, offshore, in aeronautica e nell'industria chimica, in particolare per utilizzi che prevedono il contatto con gli acidi. Ogni morsetto \u00e8 sottoposto a un controllo qualit\u00e0 individuale prima dell'imballaggio, garantendo la massima affidabilit\u00e0. Conforme a tutte le direttive e normative EU vigenti. * La pressione massima di applicazione pu\u00f2 variare in funzione del tipo di tubo utilizzato e della geometria del raccordo. Brevettato in tutto il mondo.","og_url":"https:\/\/borserini.com\/it\/prodotto\/fascetta-stringitubo-a-vite-titanio-asfa-ti\/","og_site_name":"Borserini","article_modified_time":"2025-08-07T16:20:21+00:00","og_image":[{"width":555,"height":572,"url":"https:\/\/borserini.com\/wp-content\/uploads\/fotoprodotti\/Clamps_Damesa\/AB-TITANIO.jpg","type":"image\/jpeg"}],"twitter_card":"summary_large_image","schema":{"@context":"https:\/\/schema.org","@graph":[{"@type":"WebPage","@id":"https:\/\/borserini.com\/it\/prodotto\/fascetta-stringitubo-a-vite-titanio-asfa-ti\/","url":"https:\/\/borserini.com\/it\/prodotto\/fascetta-stringitubo-a-vite-titanio-asfa-ti\/","name":"Fascette stringitubo a vite TITANIO - Asfa Ti - Borserini","isPartOf":{"@id":"https:\/\/borserini.com\/it\/#website"},"primaryImageOfPage":{"@id":"https:\/\/borserini.com\/it\/prodotto\/fascetta-stringitubo-a-vite-titanio-asfa-ti\/#primaryimage"},"image":{"@id":"https:\/\/borserini.com\/it\/prodotto\/fascetta-stringitubo-a-vite-titanio-asfa-ti\/#primaryimage"},"thumbnailUrl":"https:\/\/borserini.com\/wp-content\/uploads\/fotoprodotti\/Clamps_Damesa\/AB-TITANIO.jpg","datePublished":"2020-10-05T21:12:48+00:00","dateModified":"2025-08-07T16:20:21+00:00","breadcrumb":{"@id":"https:\/\/borserini.com\/it\/prodotto\/fascetta-stringitubo-a-vite-titanio-asfa-ti\/#breadcrumb"},"inLanguage":"it-IT","potentialAction":[{"@type":"ReadAction","target":["https:\/\/borserini.com\/it\/prodotto\/fascetta-stringitubo-a-vite-titanio-asfa-ti\/"]}]},{"@type":"ImageObject","inLanguage":"it-IT","@id":"https:\/\/borserini.com\/it\/prodotto\/fascetta-stringitubo-a-vite-titanio-asfa-ti\/#primaryimage","url":"https:\/\/borserini.com\/wp-content\/uploads\/fotoprodotti\/Clamps_Damesa\/AB-TITANIO.jpg","contentUrl":"https:\/\/borserini.com\/wp-content\/uploads\/fotoprodotti\/Clamps_Damesa\/AB-TITANIO.jpg","width":555,"height":572},{"@type":"BreadcrumbList","@id":"https:\/\/borserini.com\/it\/prodotto\/fascetta-stringitubo-a-vite-titanio-asfa-ti\/#breadcrumb","itemListElement":[{"@type":"ListItem","position":1,"name":"Home","item":"https:\/\/borserini.com\/it\/"},{"@type":"ListItem","position":2,"name":"Cataloghi","item":"https:\/\/borserini.com\/it\/cataloghi\/"},{"@type":"ListItem","position":3,"name":"Fascette stringitubo a vite TITANIO &#8211; Asfa Ti"}]},{"@type":"WebSite","@id":"https:\/\/borserini.com\/it\/#website","url":"https:\/\/borserini.com\/it\/","name":"Borserini","description":"Technical and Filtration Solution","publisher":{"@id":"https:\/\/borserini.com\/it\/#organization"},"potentialAction":[{"@type":"SearchAction","target":{"@type":"EntryPoint","urlTemplate":"https:\/\/borserini.com\/it\/?s={search_term_string}"},"query-input":{"@type":"PropertyValueSpecification","valueRequired":true,"valueName":"search_term_string"}}],"inLanguage":"it-IT"},{"@type":"Organization","@id":"https:\/\/borserini.com\/it\/#organization","name":"BORSERINI SRL","url":"https:\/\/borserini.com\/it\/","logo":{"@type":"ImageObject","inLanguage":"it-IT","@id":"https:\/\/borserini.com\/it\/#\/schema\/logo\/image\/","url":"https:\/\/borserini.com\/wp-content\/uploads\/logo-anim-h60-v2.gif","contentUrl":"https:\/\/borserini.com\/wp-content\/uploads\/logo-anim-h60-v2.gif","width":300,"height":60,"caption":"BORSERINI SRL"},"image":{"@id":"https:\/\/borserini.com\/it\/#\/schema\/logo\/image\/"}}]}},"_links":{"self":[{"href":"https:\/\/borserini.com\/it\/wp-json\/wp\/v2\/product\/7664","targetHints":{"allow":["GET"]}}],"collection":[{"href":"https:\/\/borserini.com\/it\/wp-json\/wp\/v2\/product"}],"about":[{"href":"https:\/\/borserini.com\/it\/wp-json\/wp\/v2\/types\/product"}],"version-history":[{"count":5,"href":"https:\/\/borserini.com\/it\/wp-json\/wp\/v2\/product\/7664\/revisions"}],"predecessor-version":[{"id":13622,"href":"https:\/\/borserini.com\/it\/wp-json\/wp\/v2\/product\/7664\/revisions\/13622"}],"wp:featuredmedia":[{"embeddable":true,"href":"https:\/\/borserini.com\/it\/wp-json\/wp\/v2\/media\/4827"}],"wp:attachment":[{"href":"https:\/\/borserini.com\/it\/wp-json\/wp\/v2\/media?parent=7664"}],"wp:term":[{"taxonomy":"product_brand","embeddable":true,"href":"https:\/\/borserini.com\/it\/wp-json\/wp\/v2\/product_brand?post=7664"},{"taxonomy":"product_cat","embeddable":true,"href":"https:\/\/borserini.com\/it\/wp-json\/wp\/v2\/product_cat?post=7664"},{"taxonomy":"product_tag","embeddable":true,"href":"https:\/\/borserini.com\/it\/wp-json\/wp\/v2\/product_tag?post=7664"}],"curies":[{"name":"wp","href":"https:\/\/api.w.org\/{rel}","templated":true}]}}