{"id":7659,"date":"2020-10-05T23:12:49","date_gmt":"2020-10-05T21:12:49","guid":{"rendered":"https:\/\/borserini.com\/product\/7659\/"},"modified":"2025-08-07T18:18:10","modified_gmt":"2025-08-07T16:18:10","slug":"asfa-s-fascetta-stringitubo-a-vite","status":"publish","type":"product","link":"https:\/\/borserini.com\/it\/prodotto\/asfa-s-fascetta-stringitubo-a-vite\/","title":{"rendered":"ASFA-S Fascetta stringitubo a vite"},"content":{"rendered":"","protected":false},"excerpt":{"rendered":"<p><a href=\"https:\/\/borserini.com\/wp-content\/uploads\/Abraz-ASFA-S-W5-INOX.jpg\"><img fetchpriority=\"high\" decoding=\"async\" class=\"alignleft wp-image-3464 size-medium\" src=\"https:\/\/borserini.com\/wp-content\/uploads\/\/Abraz-ASFA-S-W5-INOX-300x300.jpg\" alt=\"\" width=\"300\" height=\"300\" srcset=\"https:\/\/borserini.com\/wp-content\/uploads\/Abraz-ASFA-S-W5-INOX-300x300.jpg 300w, https:\/\/borserini.com\/wp-content\/uploads\/Abraz-ASFA-S-W5-INOX-1024x1024.jpg 1024w, https:\/\/borserini.com\/wp-content\/uploads\/Abraz-ASFA-S-W5-INOX-150x150.jpg 150w, https:\/\/borserini.com\/wp-content\/uploads\/Abraz-ASFA-S-W5-INOX-768x768.jpg 768w, https:\/\/borserini.com\/wp-content\/uploads\/Abraz-ASFA-S-W5-INOX-1536x1536.jpg 1536w, https:\/\/borserini.com\/wp-content\/uploads\/Abraz-ASFA-S-W5-INOX-600x600.jpg 600w, https:\/\/borserini.com\/wp-content\/uploads\/Abraz-ASFA-S-W5-INOX-100x100.jpg 100w, https:\/\/borserini.com\/wp-content\/uploads\/Abraz-ASFA-S-W5-INOX.jpg 1546w\" sizes=\"(max-width: 300px) 100vw, 300px\" \/><\/a>La fascetta ASFA &#8220;S&#8221; combina un alloggiamento innovativo progettato per sopportare una torsione molto elevata e un robusto nastro da 12 mm che insieme la rendono una fascetta dalle prestazioni elevate.<\/p>\n<p>La filettatura della fascia stampata a freddo, levigata sul lato inferiore, unita ai bordi smussati del nastro protegge il tubo da eventuali danni.<\/p>\n<p>La fascetta ASFA \u201cS\u201d \u00e8 pienamente conforme alla norma DIN 3017 e anche alla direttiva RoHs UE 20032\/95\/CE del 1\u00b0 luglio 2006.<\/p>\n<p>Questa clip \u00e8 ideale per l&#8217;uso in applicazioni industriali generali in cui \u00e8 richiesta una clip robusta e dal prezzo competitivo. L&#8217;ASFA &#8220;S&#8221; \u00e8 particolarmente raccomandato per l&#8217;uso in agricoltura e applicazioni di trasferimento di fluidi.<\/p>\n<p>* La pressione massima di applicazione pu\u00f2 variare in funzione del tipo di tubo utilizzato e della geometria del raccordo. Brevettato in tutto il mondo.<\/p>\n","protected":false},"featured_media":5599,"template":"","meta":[],"product_brand":[],"product_cat":[824,879],"product_tag":[],"class_list":{"0":"post-7659","1":"product","2":"type-product","3":"status-publish","4":"has-post-thumbnail","6":"product_cat-media-pressione","7":"product_cat-processi-industriali","9":"first","10":"instock","11":"shipping-taxable","12":"product-type-simple"},"yoast_head":"<!-- This site is optimized with the Yoast SEO plugin v27.3 - https:\/\/yoast.com\/product\/yoast-seo-wordpress\/ -->\n<title>ASFA-S Fascetta stringitubo a vite - Borserini<\/title>\n<meta name=\"robots\" content=\"index, follow, max-snippet:-1, max-image-preview:large, max-video-preview:-1\" \/>\n<link rel=\"canonical\" href=\"https:\/\/borserini.com\/it\/prodotto\/asfa-s-fascetta-stringitubo-a-vite\/\" \/>\n<meta property=\"og:locale\" content=\"it_IT\" \/>\n<meta property=\"og:type\" content=\"article\" \/>\n<meta property=\"og:title\" content=\"ASFA-S Fascetta stringitubo a vite - Borserini\" \/>\n<meta property=\"og:description\" content=\"La fascetta ASFA &quot;S&quot; combina un alloggiamento innovativo progettato per sopportare una torsione molto elevata e un robusto nastro da 12 mm che insieme la rendono una fascetta dalle prestazioni elevate.  La filettatura della fascia stampata a freddo, levigata sul lato inferiore, unita ai bordi smussati del nastro protegge il tubo da eventuali danni.  La fascetta ASFA \u201cS\u201d \u00e8 pienamente conforme alla norma DIN 3017 e anche alla direttiva RoHs UE 20032\/95\/CE del 1\u00b0 luglio 2006.  Questa clip \u00e8 ideale per l&#039;uso in applicazioni industriali generali in cui \u00e8 richiesta una clip robusta e dal prezzo competitivo. L&#039;ASFA &quot;S&quot; \u00e8 particolarmente raccomandato per l&#039;uso in agricoltura e applicazioni di trasferimento di fluidi.  * La pressione massima di applicazione pu\u00f2 variare in funzione del tipo di tubo utilizzato e della geometria del raccordo. Brevettato in tutto il mondo.\" \/>\n<meta property=\"og:url\" content=\"https:\/\/borserini.com\/it\/prodotto\/asfa-s-fascetta-stringitubo-a-vite\/\" \/>\n<meta property=\"og:site_name\" content=\"Borserini\" \/>\n<meta property=\"article:modified_time\" content=\"2025-08-07T16:18:10+00:00\" \/>\n<meta property=\"og:image\" content=\"https:\/\/borserini.com\/wp-content\/uploads\/Abraz-ASFA-S-W5-INOX.jpg\" \/>\n\t<meta property=\"og:image:width\" content=\"1546\" \/>\n\t<meta property=\"og:image:height\" content=\"1546\" \/>\n\t<meta property=\"og:image:type\" content=\"image\/jpeg\" \/>\n<meta name=\"twitter:card\" content=\"summary_large_image\" \/>\n<script type=\"application\/ld+json\" class=\"yoast-schema-graph\">{\"@context\":\"https:\\\/\\\/schema.org\",\"@graph\":[{\"@type\":\"WebPage\",\"@id\":\"https:\\\/\\\/borserini.com\\\/it\\\/prodotto\\\/asfa-s-fascetta-stringitubo-a-vite\\\/\",\"url\":\"https:\\\/\\\/borserini.com\\\/it\\\/prodotto\\\/asfa-s-fascetta-stringitubo-a-vite\\\/\",\"name\":\"ASFA-S Fascetta stringitubo a vite - Borserini\",\"isPartOf\":{\"@id\":\"https:\\\/\\\/borserini.com\\\/it\\\/#website\"},\"primaryImageOfPage\":{\"@id\":\"https:\\\/\\\/borserini.com\\\/it\\\/prodotto\\\/asfa-s-fascetta-stringitubo-a-vite\\\/#primaryimage\"},\"image\":{\"@id\":\"https:\\\/\\\/borserini.com\\\/it\\\/prodotto\\\/asfa-s-fascetta-stringitubo-a-vite\\\/#primaryimage\"},\"thumbnailUrl\":\"https:\\\/\\\/borserini.com\\\/wp-content\\\/uploads\\\/Abraz-ASFA-S-W5-INOX.jpg\",\"datePublished\":\"2020-10-05T21:12:49+00:00\",\"dateModified\":\"2025-08-07T16:18:10+00:00\",\"breadcrumb\":{\"@id\":\"https:\\\/\\\/borserini.com\\\/it\\\/prodotto\\\/asfa-s-fascetta-stringitubo-a-vite\\\/#breadcrumb\"},\"inLanguage\":\"it-IT\",\"potentialAction\":[{\"@type\":\"ReadAction\",\"target\":[\"https:\\\/\\\/borserini.com\\\/it\\\/prodotto\\\/asfa-s-fascetta-stringitubo-a-vite\\\/\"]}]},{\"@type\":\"ImageObject\",\"inLanguage\":\"it-IT\",\"@id\":\"https:\\\/\\\/borserini.com\\\/it\\\/prodotto\\\/asfa-s-fascetta-stringitubo-a-vite\\\/#primaryimage\",\"url\":\"https:\\\/\\\/borserini.com\\\/wp-content\\\/uploads\\\/Abraz-ASFA-S-W5-INOX.jpg\",\"contentUrl\":\"https:\\\/\\\/borserini.com\\\/wp-content\\\/uploads\\\/Abraz-ASFA-S-W5-INOX.jpg\",\"width\":1546,\"height\":1546},{\"@type\":\"BreadcrumbList\",\"@id\":\"https:\\\/\\\/borserini.com\\\/it\\\/prodotto\\\/asfa-s-fascetta-stringitubo-a-vite\\\/#breadcrumb\",\"itemListElement\":[{\"@type\":\"ListItem\",\"position\":1,\"name\":\"Home\",\"item\":\"https:\\\/\\\/borserini.com\\\/it\\\/\"},{\"@type\":\"ListItem\",\"position\":2,\"name\":\"Cataloghi\",\"item\":\"https:\\\/\\\/borserini.com\\\/it\\\/cataloghi\\\/\"},{\"@type\":\"ListItem\",\"position\":3,\"name\":\"ASFA-S Fascetta stringitubo a vite\"}]},{\"@type\":\"WebSite\",\"@id\":\"https:\\\/\\\/borserini.com\\\/it\\\/#website\",\"url\":\"https:\\\/\\\/borserini.com\\\/it\\\/\",\"name\":\"Borserini\",\"description\":\"Technical and Filtration Solution\",\"publisher\":{\"@id\":\"https:\\\/\\\/borserini.com\\\/it\\\/#organization\"},\"potentialAction\":[{\"@type\":\"SearchAction\",\"target\":{\"@type\":\"EntryPoint\",\"urlTemplate\":\"https:\\\/\\\/borserini.com\\\/it\\\/?s={search_term_string}\"},\"query-input\":{\"@type\":\"PropertyValueSpecification\",\"valueRequired\":true,\"valueName\":\"search_term_string\"}}],\"inLanguage\":\"it-IT\"},{\"@type\":\"Organization\",\"@id\":\"https:\\\/\\\/borserini.com\\\/it\\\/#organization\",\"name\":\"BORSERINI SRL\",\"url\":\"https:\\\/\\\/borserini.com\\\/it\\\/\",\"logo\":{\"@type\":\"ImageObject\",\"inLanguage\":\"it-IT\",\"@id\":\"https:\\\/\\\/borserini.com\\\/it\\\/#\\\/schema\\\/logo\\\/image\\\/\",\"url\":\"https:\\\/\\\/borserini.com\\\/wp-content\\\/uploads\\\/logo-anim-h60-v2.gif\",\"contentUrl\":\"https:\\\/\\\/borserini.com\\\/wp-content\\\/uploads\\\/logo-anim-h60-v2.gif\",\"width\":300,\"height\":60,\"caption\":\"BORSERINI SRL\"},\"image\":{\"@id\":\"https:\\\/\\\/borserini.com\\\/it\\\/#\\\/schema\\\/logo\\\/image\\\/\"}}]}<\/script>\n<!-- \/ Yoast SEO plugin. -->","yoast_head_json":{"title":"ASFA-S Fascetta stringitubo a vite - Borserini","robots":{"index":"index","follow":"follow","max-snippet":"max-snippet:-1","max-image-preview":"max-image-preview:large","max-video-preview":"max-video-preview:-1"},"canonical":"https:\/\/borserini.com\/it\/prodotto\/asfa-s-fascetta-stringitubo-a-vite\/","og_locale":"it_IT","og_type":"article","og_title":"ASFA-S Fascetta stringitubo a vite - Borserini","og_description":"La fascetta ASFA \"S\" combina un alloggiamento innovativo progettato per sopportare una torsione molto elevata e un robusto nastro da 12 mm che insieme la rendono una fascetta dalle prestazioni elevate.  La filettatura della fascia stampata a freddo, levigata sul lato inferiore, unita ai bordi smussati del nastro protegge il tubo da eventuali danni.  La fascetta ASFA \u201cS\u201d \u00e8 pienamente conforme alla norma DIN 3017 e anche alla direttiva RoHs UE 20032\/95\/CE del 1\u00b0 luglio 2006.  Questa clip \u00e8 ideale per l'uso in applicazioni industriali generali in cui \u00e8 richiesta una clip robusta e dal prezzo competitivo. L'ASFA \"S\" \u00e8 particolarmente raccomandato per l'uso in agricoltura e applicazioni di trasferimento di fluidi.  * La pressione massima di applicazione pu\u00f2 variare in funzione del tipo di tubo utilizzato e della geometria del raccordo. Brevettato in tutto il mondo.","og_url":"https:\/\/borserini.com\/it\/prodotto\/asfa-s-fascetta-stringitubo-a-vite\/","og_site_name":"Borserini","article_modified_time":"2025-08-07T16:18:10+00:00","og_image":[{"width":1546,"height":1546,"url":"https:\/\/borserini.com\/wp-content\/uploads\/Abraz-ASFA-S-W5-INOX.jpg","type":"image\/jpeg"}],"twitter_card":"summary_large_image","schema":{"@context":"https:\/\/schema.org","@graph":[{"@type":"WebPage","@id":"https:\/\/borserini.com\/it\/prodotto\/asfa-s-fascetta-stringitubo-a-vite\/","url":"https:\/\/borserini.com\/it\/prodotto\/asfa-s-fascetta-stringitubo-a-vite\/","name":"ASFA-S Fascetta stringitubo a vite - Borserini","isPartOf":{"@id":"https:\/\/borserini.com\/it\/#website"},"primaryImageOfPage":{"@id":"https:\/\/borserini.com\/it\/prodotto\/asfa-s-fascetta-stringitubo-a-vite\/#primaryimage"},"image":{"@id":"https:\/\/borserini.com\/it\/prodotto\/asfa-s-fascetta-stringitubo-a-vite\/#primaryimage"},"thumbnailUrl":"https:\/\/borserini.com\/wp-content\/uploads\/Abraz-ASFA-S-W5-INOX.jpg","datePublished":"2020-10-05T21:12:49+00:00","dateModified":"2025-08-07T16:18:10+00:00","breadcrumb":{"@id":"https:\/\/borserini.com\/it\/prodotto\/asfa-s-fascetta-stringitubo-a-vite\/#breadcrumb"},"inLanguage":"it-IT","potentialAction":[{"@type":"ReadAction","target":["https:\/\/borserini.com\/it\/prodotto\/asfa-s-fascetta-stringitubo-a-vite\/"]}]},{"@type":"ImageObject","inLanguage":"it-IT","@id":"https:\/\/borserini.com\/it\/prodotto\/asfa-s-fascetta-stringitubo-a-vite\/#primaryimage","url":"https:\/\/borserini.com\/wp-content\/uploads\/Abraz-ASFA-S-W5-INOX.jpg","contentUrl":"https:\/\/borserini.com\/wp-content\/uploads\/Abraz-ASFA-S-W5-INOX.jpg","width":1546,"height":1546},{"@type":"BreadcrumbList","@id":"https:\/\/borserini.com\/it\/prodotto\/asfa-s-fascetta-stringitubo-a-vite\/#breadcrumb","itemListElement":[{"@type":"ListItem","position":1,"name":"Home","item":"https:\/\/borserini.com\/it\/"},{"@type":"ListItem","position":2,"name":"Cataloghi","item":"https:\/\/borserini.com\/it\/cataloghi\/"},{"@type":"ListItem","position":3,"name":"ASFA-S Fascetta stringitubo a vite"}]},{"@type":"WebSite","@id":"https:\/\/borserini.com\/it\/#website","url":"https:\/\/borserini.com\/it\/","name":"Borserini","description":"Technical and Filtration Solution","publisher":{"@id":"https:\/\/borserini.com\/it\/#organization"},"potentialAction":[{"@type":"SearchAction","target":{"@type":"EntryPoint","urlTemplate":"https:\/\/borserini.com\/it\/?s={search_term_string}"},"query-input":{"@type":"PropertyValueSpecification","valueRequired":true,"valueName":"search_term_string"}}],"inLanguage":"it-IT"},{"@type":"Organization","@id":"https:\/\/borserini.com\/it\/#organization","name":"BORSERINI SRL","url":"https:\/\/borserini.com\/it\/","logo":{"@type":"ImageObject","inLanguage":"it-IT","@id":"https:\/\/borserini.com\/it\/#\/schema\/logo\/image\/","url":"https:\/\/borserini.com\/wp-content\/uploads\/logo-anim-h60-v2.gif","contentUrl":"https:\/\/borserini.com\/wp-content\/uploads\/logo-anim-h60-v2.gif","width":300,"height":60,"caption":"BORSERINI SRL"},"image":{"@id":"https:\/\/borserini.com\/it\/#\/schema\/logo\/image\/"}}]}},"_links":{"self":[{"href":"https:\/\/borserini.com\/it\/wp-json\/wp\/v2\/product\/7659","targetHints":{"allow":["GET"]}}],"collection":[{"href":"https:\/\/borserini.com\/it\/wp-json\/wp\/v2\/product"}],"about":[{"href":"https:\/\/borserini.com\/it\/wp-json\/wp\/v2\/types\/product"}],"version-history":[{"count":5,"href":"https:\/\/borserini.com\/it\/wp-json\/wp\/v2\/product\/7659\/revisions"}],"predecessor-version":[{"id":13610,"href":"https:\/\/borserini.com\/it\/wp-json\/wp\/v2\/product\/7659\/revisions\/13610"}],"wp:featuredmedia":[{"embeddable":true,"href":"https:\/\/borserini.com\/it\/wp-json\/wp\/v2\/media\/5599"}],"wp:attachment":[{"href":"https:\/\/borserini.com\/it\/wp-json\/wp\/v2\/media?parent=7659"}],"wp:term":[{"taxonomy":"product_brand","embeddable":true,"href":"https:\/\/borserini.com\/it\/wp-json\/wp\/v2\/product_brand?post=7659"},{"taxonomy":"product_cat","embeddable":true,"href":"https:\/\/borserini.com\/it\/wp-json\/wp\/v2\/product_cat?post=7659"},{"taxonomy":"product_tag","embeddable":true,"href":"https:\/\/borserini.com\/it\/wp-json\/wp\/v2\/product_tag?post=7659"}],"curies":[{"name":"wp","href":"https:\/\/api.w.org\/{rel}","templated":true}]}}