{"id":7646,"date":"2020-10-05T23:12:49","date_gmt":"2020-10-05T21:12:49","guid":{"rendered":"https:\/\/borserini.com\/product\/7646\/"},"modified":"2025-08-07T15:34:53","modified_gmt":"2025-08-07T13:34:53","slug":"adapflex-fascetta-per-applicazioni-con-diametro-variabili","status":"publish","type":"product","link":"https:\/\/borserini.com\/it\/prodotto\/adapflex-fascetta-per-applicazioni-con-diametro-variabili\/","title":{"rendered":"ADAPFLEX &#8211; Fascetta per Applicazioni con Diametri Variabili"},"content":{"rendered":"","protected":false},"excerpt":{"rendered":"<p><a href=\"https:\/\/borserini.com\/wp-content\/uploads\/ADAPLEX.jpg\"><img fetchpriority=\"high\" decoding=\"async\" class=\"alignleft wp-image-3304 size-medium\" src=\"https:\/\/borserini.com\/wp-content\/uploads\/\/ADAPLEX-291x300.jpg\" alt=\"\" width=\"291\" height=\"300\" srcset=\"https:\/\/borserini.com\/wp-content\/uploads\/ADAPLEX-291x300.jpg 291w, https:\/\/borserini.com\/wp-content\/uploads\/ADAPLEX.jpg 555w\" sizes=\"(max-width: 291px) 100vw, 291px\" \/><\/a><\/p>\n<p style=\"box-sizing: border-box; margin: 15px 0px; color: #555555; font-family: Raleway, sans-serif; font-size: 14px; background-color: #ffffff;\"><strong>ADAPFLEX la fascetta regolabile a nastro forato<\/strong> con gabbia separata, \u00e8 consigliata per l&#8217;uso occasionale in applicazioni con diametri variabili.<br style=\"box-sizing: border-box;\" \/>Il fatto che questa fascetta sia disponibile in rotoli da 3m e 25m significa che \u00e8 possibile bloccare diametri che le fascette standard non possono coprire. Non \u00e8 necessario conoscere in anticipo il diametro dell&#8217;applicazione in quanto \u00e8 possibile adattare la fascetta al diametro richiesto di volta in volta. <br style=\"box-sizing: border-box;\" \/>Il montaggio di questo collare \u00e8 rapido, pulito e facile. Tutto ci\u00f2 di cui hai bisogno \u00e8 un utensile da taglio e un cacciavite a testa piatta convenzionale. <br style=\"box-sizing: border-box;\" \/>Adaptflex \u00e8 disponibile in diverse qualit\u00e0 di materiale, spessori e larghezze di banda in una variet\u00e0 di presentazioni diverse. E&#8217; stato studiato un pratico ed intuitivo kit in blister che contiene 3m di bandella e 6 o 8 gabbie a seconda della qualit\u00e0 del materiale. Per lavori pi\u00f9 impegnativi sono disponibili rotoli da 25m e robuste scatole contenenti ciascuna 50 gabbie.<\/p>\n<p>&nbsp;<\/p>\n","protected":false},"featured_media":4835,"template":"","meta":[],"product_brand":[],"product_cat":[823],"product_tag":[961],"class_list":{"0":"post-7646","1":"product","2":"type-product","3":"status-publish","4":"has-post-thumbnail","6":"product_cat-bassa-pressione","7":"product_tag-pdf-it","9":"first","10":"instock","11":"shipping-taxable","12":"product-type-simple"},"yoast_head":"<!-- This site is optimized with the Yoast SEO plugin v27.3 - https:\/\/yoast.com\/product\/yoast-seo-wordpress\/ -->\n<title>ADAPFLEX - Fascetta per Applicazioni con Diametri Variabili - Borserini<\/title>\n<meta name=\"robots\" content=\"index, follow, max-snippet:-1, max-image-preview:large, max-video-preview:-1\" \/>\n<link rel=\"canonical\" href=\"https:\/\/borserini.com\/it\/prodotto\/adapflex-fascetta-per-applicazioni-con-diametro-variabili\/\" \/>\n<meta property=\"og:locale\" content=\"it_IT\" \/>\n<meta property=\"og:type\" content=\"article\" \/>\n<meta property=\"og:title\" content=\"ADAPFLEX - Fascetta per Applicazioni con Diametri Variabili - Borserini\" \/>\n<meta property=\"og:description\" content=\"ADAPFLEX la fascetta regolabile a nastro forato con gabbia separata, \u00e8 consigliata per l&#039;uso occasionale in applicazioni con diametri variabili.Il fatto che questa fascetta sia disponibile in rotoli da 3m e 25m significa che \u00e8 possibile bloccare diametri che le fascette standard non possono coprire. Non \u00e8 necessario conoscere in anticipo il diametro dell&#039;applicazione in quanto \u00e8 possibile adattare la fascetta al diametro richiesto di volta in volta. Il montaggio di questo collare \u00e8 rapido, pulito e facile. Tutto ci\u00f2 di cui hai bisogno \u00e8 un utensile da taglio e un cacciavite a testa piatta convenzionale. Adaptflex \u00e8 disponibile in diverse qualit\u00e0 di materiale, spessori e larghezze di banda in una variet\u00e0 di presentazioni diverse. E&#039; stato studiato un pratico ed intuitivo kit in blister che contiene 3m di bandella e 6 o 8 gabbie a seconda della qualit\u00e0 del materiale. Per lavori pi\u00f9 impegnativi sono disponibili rotoli da 25m e robuste scatole contenenti ciascuna 50 gabbie. &nbsp;\" \/>\n<meta property=\"og:url\" content=\"https:\/\/borserini.com\/it\/prodotto\/adapflex-fascetta-per-applicazioni-con-diametro-variabili\/\" \/>\n<meta property=\"og:site_name\" content=\"Borserini\" \/>\n<meta property=\"article:modified_time\" content=\"2025-08-07T13:34:53+00:00\" \/>\n<meta property=\"og:image\" content=\"https:\/\/borserini.com\/wp-content\/uploads\/fotoprodotti\/Clamps_Damesa\/Abraz-Cinta-Sin-FA\u00adn-en-rollo-cabezal.jpg\" \/>\n\t<meta property=\"og:image:width\" content=\"833\" \/>\n\t<meta property=\"og:image:height\" content=\"949\" \/>\n\t<meta property=\"og:image:type\" content=\"image\/jpeg\" \/>\n<meta name=\"twitter:card\" content=\"summary_large_image\" \/>\n<script type=\"application\/ld+json\" class=\"yoast-schema-graph\">{\"@context\":\"https:\\\/\\\/schema.org\",\"@graph\":[{\"@type\":\"WebPage\",\"@id\":\"https:\\\/\\\/borserini.com\\\/it\\\/prodotto\\\/adapflex-fascetta-per-applicazioni-con-diametro-variabili\\\/\",\"url\":\"https:\\\/\\\/borserini.com\\\/it\\\/prodotto\\\/adapflex-fascetta-per-applicazioni-con-diametro-variabili\\\/\",\"name\":\"ADAPFLEX - Fascetta per Applicazioni con Diametri Variabili - Borserini\",\"isPartOf\":{\"@id\":\"https:\\\/\\\/borserini.com\\\/it\\\/#website\"},\"primaryImageOfPage\":{\"@id\":\"https:\\\/\\\/borserini.com\\\/it\\\/prodotto\\\/adapflex-fascetta-per-applicazioni-con-diametro-variabili\\\/#primaryimage\"},\"image\":{\"@id\":\"https:\\\/\\\/borserini.com\\\/it\\\/prodotto\\\/adapflex-fascetta-per-applicazioni-con-diametro-variabili\\\/#primaryimage\"},\"thumbnailUrl\":\"https:\\\/\\\/borserini.com\\\/wp-content\\\/uploads\\\/fotoprodotti\\\/Clamps_Damesa\\\/Abraz-Cinta-Sin-FA\u00adn-en-rollo-cabezal.jpg\",\"datePublished\":\"2020-10-05T21:12:49+00:00\",\"dateModified\":\"2025-08-07T13:34:53+00:00\",\"breadcrumb\":{\"@id\":\"https:\\\/\\\/borserini.com\\\/it\\\/prodotto\\\/adapflex-fascetta-per-applicazioni-con-diametro-variabili\\\/#breadcrumb\"},\"inLanguage\":\"it-IT\",\"potentialAction\":[{\"@type\":\"ReadAction\",\"target\":[\"https:\\\/\\\/borserini.com\\\/it\\\/prodotto\\\/adapflex-fascetta-per-applicazioni-con-diametro-variabili\\\/\"]}]},{\"@type\":\"ImageObject\",\"inLanguage\":\"it-IT\",\"@id\":\"https:\\\/\\\/borserini.com\\\/it\\\/prodotto\\\/adapflex-fascetta-per-applicazioni-con-diametro-variabili\\\/#primaryimage\",\"url\":\"https:\\\/\\\/borserini.com\\\/wp-content\\\/uploads\\\/fotoprodotti\\\/Clamps_Damesa\\\/Abraz-Cinta-Sin-FA\u00adn-en-rollo-cabezal.jpg\",\"contentUrl\":\"https:\\\/\\\/borserini.com\\\/wp-content\\\/uploads\\\/fotoprodotti\\\/Clamps_Damesa\\\/Abraz-Cinta-Sin-FA\u00adn-en-rollo-cabezal.jpg\",\"width\":833,\"height\":949},{\"@type\":\"BreadcrumbList\",\"@id\":\"https:\\\/\\\/borserini.com\\\/it\\\/prodotto\\\/adapflex-fascetta-per-applicazioni-con-diametro-variabili\\\/#breadcrumb\",\"itemListElement\":[{\"@type\":\"ListItem\",\"position\":1,\"name\":\"Home\",\"item\":\"https:\\\/\\\/borserini.com\\\/it\\\/\"},{\"@type\":\"ListItem\",\"position\":2,\"name\":\"Cataloghi\",\"item\":\"https:\\\/\\\/borserini.com\\\/it\\\/cataloghi\\\/\"},{\"@type\":\"ListItem\",\"position\":3,\"name\":\"ADAPFLEX &#8211; Fascetta per Applicazioni con Diametri Variabili\"}]},{\"@type\":\"WebSite\",\"@id\":\"https:\\\/\\\/borserini.com\\\/it\\\/#website\",\"url\":\"https:\\\/\\\/borserini.com\\\/it\\\/\",\"name\":\"Borserini\",\"description\":\"Technical and Filtration Solution\",\"publisher\":{\"@id\":\"https:\\\/\\\/borserini.com\\\/it\\\/#organization\"},\"potentialAction\":[{\"@type\":\"SearchAction\",\"target\":{\"@type\":\"EntryPoint\",\"urlTemplate\":\"https:\\\/\\\/borserini.com\\\/it\\\/?s={search_term_string}\"},\"query-input\":{\"@type\":\"PropertyValueSpecification\",\"valueRequired\":true,\"valueName\":\"search_term_string\"}}],\"inLanguage\":\"it-IT\"},{\"@type\":\"Organization\",\"@id\":\"https:\\\/\\\/borserini.com\\\/it\\\/#organization\",\"name\":\"BORSERINI SRL\",\"url\":\"https:\\\/\\\/borserini.com\\\/it\\\/\",\"logo\":{\"@type\":\"ImageObject\",\"inLanguage\":\"it-IT\",\"@id\":\"https:\\\/\\\/borserini.com\\\/it\\\/#\\\/schema\\\/logo\\\/image\\\/\",\"url\":\"https:\\\/\\\/borserini.com\\\/wp-content\\\/uploads\\\/logo-anim-h60-v2.gif\",\"contentUrl\":\"https:\\\/\\\/borserini.com\\\/wp-content\\\/uploads\\\/logo-anim-h60-v2.gif\",\"width\":300,\"height\":60,\"caption\":\"BORSERINI SRL\"},\"image\":{\"@id\":\"https:\\\/\\\/borserini.com\\\/it\\\/#\\\/schema\\\/logo\\\/image\\\/\"}}]}<\/script>\n<!-- \/ Yoast SEO plugin. -->","yoast_head_json":{"title":"ADAPFLEX - Fascetta per Applicazioni con Diametri Variabili - Borserini","robots":{"index":"index","follow":"follow","max-snippet":"max-snippet:-1","max-image-preview":"max-image-preview:large","max-video-preview":"max-video-preview:-1"},"canonical":"https:\/\/borserini.com\/it\/prodotto\/adapflex-fascetta-per-applicazioni-con-diametro-variabili\/","og_locale":"it_IT","og_type":"article","og_title":"ADAPFLEX - Fascetta per Applicazioni con Diametri Variabili - Borserini","og_description":"ADAPFLEX la fascetta regolabile a nastro forato con gabbia separata, \u00e8 consigliata per l'uso occasionale in applicazioni con diametri variabili.Il fatto che questa fascetta sia disponibile in rotoli da 3m e 25m significa che \u00e8 possibile bloccare diametri che le fascette standard non possono coprire. Non \u00e8 necessario conoscere in anticipo il diametro dell'applicazione in quanto \u00e8 possibile adattare la fascetta al diametro richiesto di volta in volta. Il montaggio di questo collare \u00e8 rapido, pulito e facile. Tutto ci\u00f2 di cui hai bisogno \u00e8 un utensile da taglio e un cacciavite a testa piatta convenzionale. Adaptflex \u00e8 disponibile in diverse qualit\u00e0 di materiale, spessori e larghezze di banda in una variet\u00e0 di presentazioni diverse. E' stato studiato un pratico ed intuitivo kit in blister che contiene 3m di bandella e 6 o 8 gabbie a seconda della qualit\u00e0 del materiale. Per lavori pi\u00f9 impegnativi sono disponibili rotoli da 25m e robuste scatole contenenti ciascuna 50 gabbie. &nbsp;","og_url":"https:\/\/borserini.com\/it\/prodotto\/adapflex-fascetta-per-applicazioni-con-diametro-variabili\/","og_site_name":"Borserini","article_modified_time":"2025-08-07T13:34:53+00:00","og_image":[{"width":833,"height":949,"url":"https:\/\/borserini.com\/wp-content\/uploads\/fotoprodotti\/Clamps_Damesa\/Abraz-Cinta-Sin-FA\u00adn-en-rollo-cabezal.jpg","type":"image\/jpeg"}],"twitter_card":"summary_large_image","schema":{"@context":"https:\/\/schema.org","@graph":[{"@type":"WebPage","@id":"https:\/\/borserini.com\/it\/prodotto\/adapflex-fascetta-per-applicazioni-con-diametro-variabili\/","url":"https:\/\/borserini.com\/it\/prodotto\/adapflex-fascetta-per-applicazioni-con-diametro-variabili\/","name":"ADAPFLEX - Fascetta per Applicazioni con Diametri Variabili - Borserini","isPartOf":{"@id":"https:\/\/borserini.com\/it\/#website"},"primaryImageOfPage":{"@id":"https:\/\/borserini.com\/it\/prodotto\/adapflex-fascetta-per-applicazioni-con-diametro-variabili\/#primaryimage"},"image":{"@id":"https:\/\/borserini.com\/it\/prodotto\/adapflex-fascetta-per-applicazioni-con-diametro-variabili\/#primaryimage"},"thumbnailUrl":"https:\/\/borserini.com\/wp-content\/uploads\/fotoprodotti\/Clamps_Damesa\/Abraz-Cinta-Sin-FA\u00adn-en-rollo-cabezal.jpg","datePublished":"2020-10-05T21:12:49+00:00","dateModified":"2025-08-07T13:34:53+00:00","breadcrumb":{"@id":"https:\/\/borserini.com\/it\/prodotto\/adapflex-fascetta-per-applicazioni-con-diametro-variabili\/#breadcrumb"},"inLanguage":"it-IT","potentialAction":[{"@type":"ReadAction","target":["https:\/\/borserini.com\/it\/prodotto\/adapflex-fascetta-per-applicazioni-con-diametro-variabili\/"]}]},{"@type":"ImageObject","inLanguage":"it-IT","@id":"https:\/\/borserini.com\/it\/prodotto\/adapflex-fascetta-per-applicazioni-con-diametro-variabili\/#primaryimage","url":"https:\/\/borserini.com\/wp-content\/uploads\/fotoprodotti\/Clamps_Damesa\/Abraz-Cinta-Sin-FA\u00adn-en-rollo-cabezal.jpg","contentUrl":"https:\/\/borserini.com\/wp-content\/uploads\/fotoprodotti\/Clamps_Damesa\/Abraz-Cinta-Sin-FA\u00adn-en-rollo-cabezal.jpg","width":833,"height":949},{"@type":"BreadcrumbList","@id":"https:\/\/borserini.com\/it\/prodotto\/adapflex-fascetta-per-applicazioni-con-diametro-variabili\/#breadcrumb","itemListElement":[{"@type":"ListItem","position":1,"name":"Home","item":"https:\/\/borserini.com\/it\/"},{"@type":"ListItem","position":2,"name":"Cataloghi","item":"https:\/\/borserini.com\/it\/cataloghi\/"},{"@type":"ListItem","position":3,"name":"ADAPFLEX &#8211; Fascetta per Applicazioni con Diametri Variabili"}]},{"@type":"WebSite","@id":"https:\/\/borserini.com\/it\/#website","url":"https:\/\/borserini.com\/it\/","name":"Borserini","description":"Technical and Filtration Solution","publisher":{"@id":"https:\/\/borserini.com\/it\/#organization"},"potentialAction":[{"@type":"SearchAction","target":{"@type":"EntryPoint","urlTemplate":"https:\/\/borserini.com\/it\/?s={search_term_string}"},"query-input":{"@type":"PropertyValueSpecification","valueRequired":true,"valueName":"search_term_string"}}],"inLanguage":"it-IT"},{"@type":"Organization","@id":"https:\/\/borserini.com\/it\/#organization","name":"BORSERINI SRL","url":"https:\/\/borserini.com\/it\/","logo":{"@type":"ImageObject","inLanguage":"it-IT","@id":"https:\/\/borserini.com\/it\/#\/schema\/logo\/image\/","url":"https:\/\/borserini.com\/wp-content\/uploads\/logo-anim-h60-v2.gif","contentUrl":"https:\/\/borserini.com\/wp-content\/uploads\/logo-anim-h60-v2.gif","width":300,"height":60,"caption":"BORSERINI SRL"},"image":{"@id":"https:\/\/borserini.com\/it\/#\/schema\/logo\/image\/"}}]}},"_links":{"self":[{"href":"https:\/\/borserini.com\/it\/wp-json\/wp\/v2\/product\/7646","targetHints":{"allow":["GET"]}}],"collection":[{"href":"https:\/\/borserini.com\/it\/wp-json\/wp\/v2\/product"}],"about":[{"href":"https:\/\/borserini.com\/it\/wp-json\/wp\/v2\/types\/product"}],"version-history":[{"count":16,"href":"https:\/\/borserini.com\/it\/wp-json\/wp\/v2\/product\/7646\/revisions"}],"predecessor-version":[{"id":13897,"href":"https:\/\/borserini.com\/it\/wp-json\/wp\/v2\/product\/7646\/revisions\/13897"}],"wp:featuredmedia":[{"embeddable":true,"href":"https:\/\/borserini.com\/it\/wp-json\/wp\/v2\/media\/4835"}],"wp:attachment":[{"href":"https:\/\/borserini.com\/it\/wp-json\/wp\/v2\/media?parent=7646"}],"wp:term":[{"taxonomy":"product_brand","embeddable":true,"href":"https:\/\/borserini.com\/it\/wp-json\/wp\/v2\/product_brand?post=7646"},{"taxonomy":"product_cat","embeddable":true,"href":"https:\/\/borserini.com\/it\/wp-json\/wp\/v2\/product_cat?post=7646"},{"taxonomy":"product_tag","embeddable":true,"href":"https:\/\/borserini.com\/it\/wp-json\/wp\/v2\/product_tag?post=7646"}],"curies":[{"name":"wp","href":"https:\/\/api.w.org\/{rel}","templated":true}]}}