{"id":6692,"date":"2021-04-05T19:25:28","date_gmt":"2021-04-05T17:25:28","guid":{"rendered":"https:\/\/borserini.com\/product\/filtration-group-purificatori-daria-silentcare\/"},"modified":"2025-08-06T15:37:16","modified_gmt":"2025-08-06T13:37:16","slug":"silentcare-di-filtration-group-purificatori-daria","status":"publish","type":"product","link":"https:\/\/borserini.com\/it\/prodotto\/silentcare-di-filtration-group-purificatori-daria\/","title":{"rendered":"SilentCare di Filtration Group &#8211; Purificatori d&#8217;Aria"},"content":{"rendered":"","protected":false},"excerpt":{"rendered":"<h2>SILENZIOSO ED EFFICACE<\/h2>\n<p>EFFICIENTE FILTRAZIONE DELL&#8217;ARIA AMBIENTE DA VIRUS, BATTERI, INQUINANTI E\u00a0 POLVERI FINI<\/p>\n[caption id=\"attachment_6655\" align=\"alignleft\" width=\"350\"]<a href=\"https:\/\/borserini.com\/wp-content\/uploads\/SilentCare_Varianten-946x1024-1.png\"><img fetchpriority=\"high\" decoding=\"async\" class=\"wp-image-6655\" src=\"https:\/\/borserini.com\/wp-content\/uploads\/SilentCare_Varianten-946x1024-1.png\" alt=\"\" width=\"350\" height=\"379\" srcset=\"https:\/\/borserini.com\/wp-content\/uploads\/SilentCare_Varianten-946x1024-1.png 946w, https:\/\/borserini.com\/wp-content\/uploads\/SilentCare_Varianten-946x1024-1-277x300.png 277w, https:\/\/borserini.com\/wp-content\/uploads\/SilentCare_Varianten-946x1024-1-768x831.png 768w, https:\/\/borserini.com\/wp-content\/uploads\/SilentCare_Varianten-946x1024-1-600x649.png 600w\" sizes=\"(max-width: 350px) 100vw, 350px\" \/><\/a> SilentCare[\/caption]\n<p>&nbsp;<\/p>\n<p><strong><span style=\"font-size: 21px; font-style: normal;\">VA<\/span><span style=\"font-size: 21px; font-style: normal;\">NTAGGI<\/span><span style=\"font-size: 21px; font-style: normal;\"> PER ILCLIENTE<\/span><\/strong><\/p>\n<p>\u25a0 Estremamente silenzioso (43 db(A))<br \/>\n\u25a0 Bassi consumi energetici (45 W a 600 m\u00b3\/h)<br \/>\n\u25a0 Rimozione veloce ed efficace degli inquinanti atmosferici&#8217;come virus, batteri e pollini.<br \/>\n\u25a0 Classe di filtrazione H14 HEPA in accordo con EN1822 H14 (Filtrazione fino 99.995 % delle particelle inquinanti nel range 0.1 \u03bcm &#8211; 0.3 \u03bcm)<br \/>\n\u25a0 Design Compatto<br \/>\n\u25a0 Diversi livelli di funzionamento per permettere una personalizzazione in funzione delle condizioni ambientali<\/p>\n<p>&nbsp;<\/p>\n<p><strong><span style=\"font-size: 21px; font-style: normal;\">AREE DI APPLICAZIONE<\/span><\/strong><\/p>\n<p>\u25a0 Ambienti con alto numero di persone<br \/>\n\u25a0 Uffici<br \/>\n\u25a0 Sale riunioni<br \/>\n\u25a0 Edifici residenziali<br \/>\n\u25a0 Scuole, Universit\u00e0, centri diurni<\/p>\n<p>&nbsp;<\/p>\n<p>&nbsp;<\/p>\n<p>&nbsp;<\/p>\n<h2><strong>E<\/strong><strong>LIMINA ALMENO IL 99.995 % DEGLI INQUINANTI PRESENTI NELL&#8217; ARIA<\/strong><\/h2>\n[caption id=\"attachment_6657\" align=\"alignright\" width=\"461\"]<a href=\"https:\/\/borserini.com\/wp-content\/uploads\/Flyer_SilentCare_EN.jpg\"><img decoding=\"async\" class=\"wp-image-6657\" src=\"https:\/\/borserini.com\/wp-content\/uploads\/Flyer_SilentCare_EN.jpg\" alt=\"\" width=\"461\" height=\"350\" srcset=\"https:\/\/borserini.com\/wp-content\/uploads\/Flyer_SilentCare_EN.jpg 1037w, https:\/\/borserini.com\/wp-content\/uploads\/Flyer_SilentCare_EN-300x228.jpg 300w, https:\/\/borserini.com\/wp-content\/uploads\/Flyer_SilentCare_EN-1024x777.jpg 1024w, https:\/\/borserini.com\/wp-content\/uploads\/Flyer_SilentCare_EN-768x583.jpg 768w, https:\/\/borserini.com\/wp-content\/uploads\/Flyer_SilentCare_EN-600x455.jpg 600w\" sizes=\"(max-width: 461px) 100vw, 461px\" \/><\/a> Livello di rumore Silent Care <span style=\"font-size: 1.3em; font-weight: bold;\">Aria pulita per tutti<\/span>[\/caption]\n<p>Aria pulita libera da virus, batteri ed altri inquinanti atmosferici, migliora significativamente la tua salute. In ambienti con un alto numero di persone, il livello di inquinanti atmosferici pu\u00f2 crescere rapidamente facendo aumentare in modo significativo il rischo di infezioni. Poich\u00e8 il quantitativo di aria fresca non pu\u00f2 essere garantito al livello ottimale, SilentCare \u00e8 la soluzione. Filtra l\u2018 aria in maniera efficace, riciclando pi\u00f9 volte all\u2018 ora il volume dell\u2018 aria dell\u2018ambiente. Con un efficenza estremamente elevata assicura che i livelli di inquinanti ambientali siano ridotti al minimo. Soprattutto funziona in modo estremamente silenzioso. Il livelo di rumore di Silent care \u00e8 ben al di sotto del livello di rumore medio di un ufficio (50 &#8211; 60 dB(A)) e garantisce un funzionamanto senza problemi.<\/p>\n<h2 class=\"has-blue-color has-text-color\">Efficiente filtrazione dell&#8217;aria ambiente da virus, batteri, inquinanti e polveri fini<\/h2>\n[table id=22 \/]\n<h2 class=\"has-blue-color has-text-color\">Aria pulita sulla bocca di tutti<\/h2>\n<p>L&#8217;aria pulita-priva di virus, batteri e altri inquinanti, migliora significamente la nostra salute. Sopratutto negli ambienti ad alta frequentazione umana, il numero di sostanze inquinanti presenti nell&#8217;aria aumenta rapidamente, aumentano cosi notevolmente il rischio di infezione di agenti patogeni.<\/p>\n<p>Tuttavia, non sempre e&#8217;possibile garantire la fornitura di aria fresca negli ambienti interni, sopratutto negli uffici. Il nostro sistema di filtraggio dell&#8217;aria interna <strong>SilentCare <\/strong>fornisce una soluzione ideale! Filtra l&#8217;aria regolarmente e, sopratutto, in modo molto silenzioso. Il livello sonoro di <strong>SilentCare<\/strong> e&#8217; ben al di sotto del livello rumore medio di un ufficio (50-60db (A)), garantendo il flusso di lavoro indisturbato .<\/p>\n<h2>Caratteristiche SilentCare<\/h2>\n<p>\u25a0 Alta efficenza con bassi consumi di energia<br \/>\n\u25a0 Design compatto con ruote per spostarlo facilmente<br \/>\n\u25a0 Bassa caduta di pressione e funzionamento silenzioso (43 db(A) con circolazione d\u2018 aria ottimale)<br \/>\n\u25a0 Circolazione e pulizia dell\u2018 aria a 360 gradi<br \/>\n\u25a0 Adatto per ambienti fino a 45 m2 (max. 70 m2 (1)) con 5-ricambi d\u2018aria (2)<br \/>\n\u25a0 Portata d\u2018aria di 600 m3\/h +\/- 50 m3\/h (max. 900 m3\/h +\/- 50 m3\/h (1))<br \/>\n\u25a0 Vita utile degli elementi filtranti fino a 24 mesi ad 8 ore di funzionamento al giorno (3)<br \/>\n\u25a0 Voltaggio 230 V \/ Potenza 45 W a 600 m\u00b3\/h, 100 W a 900 m\u00b3\/h<br \/>\n\u25a0 Struttura in lamiera d\u2018acciaio verniciata a polvere, grigio<br \/>\n\u25a0 Dimensioni: Altezza circa. 1100 mm, \u00d8 500 mm<br \/>\n\u25a0 Peso circa 40 kg<\/p>\n<p>&nbsp;<\/p>\n<p><span class=\"has-inline-color has-dark-gray-color\">\u201cMentre 5 minuti di ventilazione della finestra mostrano solo un piccolo effetto nel test di nebbia, la combinazione di SilentCare e ventilazione \u00e8 il garante per una purificazione dell&#8217;aria costante e ottimale\u201d<\/span><\/p>\n<p><cite>Test di nebbia , Gruppo filtrazione industriale\u00a0<\/cite><\/p>\n<p>https:\/\/youtu.be\/soXxN6SpOpk<\/p>\n","protected":false},"featured_media":6687,"template":"","meta":[],"product_brand":[],"product_cat":[891,877,875,900,874,887,895],"product_tag":[],"class_list":{"0":"post-6692","1":"product","2":"type-product","3":"status-publish","4":"has-post-thumbnail","6":"product_cat-farmaceutica","7":"product_cat-filtrazione-aria-industriale","8":"product_cat-hvac-it","9":"product_cat-hvac-e-aria-ambiente","10":"product_cat-industria-generale","11":"product_cat-industria-medicale","12":"product_cat-industria-sanitaria","14":"first","15":"instock","16":"shipping-taxable","17":"product-type-simple"},"yoast_head":"<!-- This site is optimized with the Yoast SEO plugin v27.3 - https:\/\/yoast.com\/product\/yoast-seo-wordpress\/ -->\n<title>SilentCare di Filtration Group - Purificatori d&#039;Aria - Borserini<\/title>\n<meta name=\"robots\" content=\"index, follow, max-snippet:-1, max-image-preview:large, max-video-preview:-1\" \/>\n<link rel=\"canonical\" href=\"https:\/\/borserini.com\/it\/prodotto\/silentcare-di-filtration-group-purificatori-daria\/\" \/>\n<meta property=\"og:locale\" content=\"it_IT\" \/>\n<meta property=\"og:type\" content=\"article\" \/>\n<meta property=\"og:title\" content=\"SilentCare di Filtration Group - Purificatori d&#039;Aria - Borserini\" \/>\n<meta property=\"og:description\" content=\"SILENZIOSO ED EFFICACE EFFICIENTE FILTRAZIONE DELL&#039;ARIA AMBIENTE DA VIRUS, BATTERI, INQUINANTI E\u00a0 POLVERI FINI    &nbsp;  VANTAGGI PER ILCLIENTE  \u25a0 Estremamente silenzioso (43 db(A)) \u25a0 Bassi consumi energetici (45 W a 600 m\u00b3\/h) \u25a0 Rimozione veloce ed efficace degli inquinanti atmosferici&#039;come virus, batteri e pollini. \u25a0 Classe di filtrazione H14 HEPA in accordo con EN1822 H14 (Filtrazione fino 99.995 % delle particelle inquinanti nel range 0.1 \u03bcm - 0.3 \u03bcm) \u25a0 Design Compatto \u25a0 Diversi livelli di funzionamento per permettere una personalizzazione in funzione delle condizioni ambientali  &nbsp;  AREE DI APPLICAZIONE  \u25a0 Ambienti con alto numero di persone \u25a0 Uffici \u25a0 Sale riunioni \u25a0 Edifici residenziali \u25a0 Scuole, Universit\u00e0, centri diurni  &nbsp;  &nbsp;  &nbsp; ELIMINA ALMENO IL 99.995 % DEGLI INQUINANTI PRESENTI NELL&#039; ARIA   Aria pulita libera da virus, batteri ed altri inquinanti atmosferici, migliora significativamente la tua salute. In ambienti con un alto numero di persone, il livello di inquinanti atmosferici pu\u00f2 crescere rapidamente facendo aumentare in modo significativo il rischo di infezioni. Poich\u00e8 il quantitativo di aria fresca non pu\u00f2 essere garantito al livello ottimale, SilentCare \u00e8 la soluzione. Filtra l\u2018 aria in maniera efficace, riciclando pi\u00f9 volte all\u2018 ora il volume dell\u2018 aria dell\u2018ambiente. Con un efficenza estremamente elevata assicura che i livelli di inquinanti ambientali siano ridotti al minimo. Soprattutto funziona in modo estremamente silenzioso. Il livelo di rumore di Silent care \u00e8 ben al di sotto del livello di rumore medio di un ufficio (50 - 60 dB(A)) e garantisce un funzionamanto senza problemi. Efficiente filtrazione dell&#039;aria ambiente da virus, batteri, inquinanti e polveri fini  Aria pulita sulla bocca di tutti L&#039;aria pulita-priva di virus, batteri e altri inquinanti, migliora significamente la nostra salute. Sopratutto negli ambienti ad alta frequentazione umana, il numero di sostanze inquinanti presenti nell&#039;aria aumenta rapidamente, aumentano cosi notevolmente il rischio di infezione di agenti patogeni.  Tuttavia, non sempre e&#039;possibile garantire la fornitura di aria fresca negli ambienti interni, sopratutto negli uffici. Il nostro sistema di filtraggio dell&#039;aria interna SilentCare fornisce una soluzione ideale! Filtra l&#039;aria regolarmente e, sopratutto, in modo molto silenzioso. Il livello sonoro di SilentCare e&#039; ben al di sotto del livello rumore medio di un ufficio (50-60db (A)), garantendo il flusso di lavoro indisturbato . Caratteristiche SilentCare \u25a0 Alta efficenza con bassi consumi di energia \u25a0 Design compatto con ruote per spostarlo facilmente \u25a0 Bassa caduta di pressione e funzionamento silenzioso (43 db(A) con circolazione d\u2018 aria ottimale) \u25a0 Circolazione e pulizia dell\u2018 aria a 360 gradi \u25a0 Adatto per ambienti fino a 45 m2 (max. 70 m2 (1)) con 5-ricambi d\u2018aria (2) \u25a0 Portata d\u2018aria di 600 m3\/h +\/- 50 m3\/h (max. 900 m3\/h +\/- 50 m3\/h (1)) \u25a0 Vita utile degli elementi filtranti fino a 24 mesi ad 8 ore di funzionamento al giorno (3) \u25a0 Voltaggio 230 V \/ Potenza 45 W a 600 m\u00b3\/h, 100 W a 900 m\u00b3\/h \u25a0 Struttura in lamiera d\u2018acciaio verniciata a polvere, grigio \u25a0 Dimensioni: Altezza circa. 1100 mm, \u00d8 500 mm \u25a0 Peso circa 40 kg  &nbsp;  \u201cMentre 5 minuti di ventilazione della finestra mostrano solo un piccolo effetto nel test di nebbia, la combinazione di SilentCare e ventilazione \u00e8 il garante per una purificazione dell&#039;aria costante e ottimale\u201d  Test di nebbia , Gruppo filtrazione industriale\u00a0  https:\/\/youtu.be\/soXxN6SpOpk\" \/>\n<meta property=\"og:url\" content=\"https:\/\/borserini.com\/it\/prodotto\/silentcare-di-filtration-group-purificatori-daria\/\" \/>\n<meta property=\"og:site_name\" content=\"Borserini\" \/>\n<meta property=\"article:modified_time\" content=\"2025-08-06T13:37:16+00:00\" \/>\n<meta property=\"og:image\" content=\"https:\/\/borserini.com\/wp-content\/uploads\/SilentCare_Varianten-514x514-1.png\" \/>\n\t<meta property=\"og:image:width\" content=\"514\" \/>\n\t<meta property=\"og:image:height\" content=\"514\" \/>\n\t<meta property=\"og:image:type\" content=\"image\/png\" \/>\n<meta name=\"twitter:card\" content=\"summary_large_image\" \/>\n<script type=\"application\/ld+json\" class=\"yoast-schema-graph\">{\"@context\":\"https:\\\/\\\/schema.org\",\"@graph\":[{\"@type\":\"WebPage\",\"@id\":\"https:\\\/\\\/borserini.com\\\/it\\\/prodotto\\\/silentcare-di-filtration-group-purificatori-daria\\\/\",\"url\":\"https:\\\/\\\/borserini.com\\\/it\\\/prodotto\\\/silentcare-di-filtration-group-purificatori-daria\\\/\",\"name\":\"SilentCare di Filtration Group - Purificatori d'Aria - Borserini\",\"isPartOf\":{\"@id\":\"https:\\\/\\\/borserini.com\\\/it\\\/#website\"},\"primaryImageOfPage\":{\"@id\":\"https:\\\/\\\/borserini.com\\\/it\\\/prodotto\\\/silentcare-di-filtration-group-purificatori-daria\\\/#primaryimage\"},\"image\":{\"@id\":\"https:\\\/\\\/borserini.com\\\/it\\\/prodotto\\\/silentcare-di-filtration-group-purificatori-daria\\\/#primaryimage\"},\"thumbnailUrl\":\"https:\\\/\\\/borserini.com\\\/wp-content\\\/uploads\\\/SilentCare_Varianten-514x514-1.png\",\"datePublished\":\"2021-04-05T17:25:28+00:00\",\"dateModified\":\"2025-08-06T13:37:16+00:00\",\"breadcrumb\":{\"@id\":\"https:\\\/\\\/borserini.com\\\/it\\\/prodotto\\\/silentcare-di-filtration-group-purificatori-daria\\\/#breadcrumb\"},\"inLanguage\":\"it-IT\",\"potentialAction\":[{\"@type\":\"ReadAction\",\"target\":[\"https:\\\/\\\/borserini.com\\\/it\\\/prodotto\\\/silentcare-di-filtration-group-purificatori-daria\\\/\"]}]},{\"@type\":\"ImageObject\",\"inLanguage\":\"it-IT\",\"@id\":\"https:\\\/\\\/borserini.com\\\/it\\\/prodotto\\\/silentcare-di-filtration-group-purificatori-daria\\\/#primaryimage\",\"url\":\"https:\\\/\\\/borserini.com\\\/wp-content\\\/uploads\\\/SilentCare_Varianten-514x514-1.png\",\"contentUrl\":\"https:\\\/\\\/borserini.com\\\/wp-content\\\/uploads\\\/SilentCare_Varianten-514x514-1.png\",\"width\":514,\"height\":514},{\"@type\":\"BreadcrumbList\",\"@id\":\"https:\\\/\\\/borserini.com\\\/it\\\/prodotto\\\/silentcare-di-filtration-group-purificatori-daria\\\/#breadcrumb\",\"itemListElement\":[{\"@type\":\"ListItem\",\"position\":1,\"name\":\"Home\",\"item\":\"https:\\\/\\\/borserini.com\\\/it\\\/\"},{\"@type\":\"ListItem\",\"position\":2,\"name\":\"Cataloghi\",\"item\":\"https:\\\/\\\/borserini.com\\\/it\\\/cataloghi\\\/\"},{\"@type\":\"ListItem\",\"position\":3,\"name\":\"SilentCare di Filtration Group &#8211; Purificatori d&#8217;Aria\"}]},{\"@type\":\"WebSite\",\"@id\":\"https:\\\/\\\/borserini.com\\\/it\\\/#website\",\"url\":\"https:\\\/\\\/borserini.com\\\/it\\\/\",\"name\":\"Borserini\",\"description\":\"Technical and Filtration Solution\",\"publisher\":{\"@id\":\"https:\\\/\\\/borserini.com\\\/it\\\/#organization\"},\"potentialAction\":[{\"@type\":\"SearchAction\",\"target\":{\"@type\":\"EntryPoint\",\"urlTemplate\":\"https:\\\/\\\/borserini.com\\\/it\\\/?s={search_term_string}\"},\"query-input\":{\"@type\":\"PropertyValueSpecification\",\"valueRequired\":true,\"valueName\":\"search_term_string\"}}],\"inLanguage\":\"it-IT\"},{\"@type\":\"Organization\",\"@id\":\"https:\\\/\\\/borserini.com\\\/it\\\/#organization\",\"name\":\"BORSERINI SRL\",\"url\":\"https:\\\/\\\/borserini.com\\\/it\\\/\",\"logo\":{\"@type\":\"ImageObject\",\"inLanguage\":\"it-IT\",\"@id\":\"https:\\\/\\\/borserini.com\\\/it\\\/#\\\/schema\\\/logo\\\/image\\\/\",\"url\":\"https:\\\/\\\/borserini.com\\\/wp-content\\\/uploads\\\/logo-anim-h60-v2.gif\",\"contentUrl\":\"https:\\\/\\\/borserini.com\\\/wp-content\\\/uploads\\\/logo-anim-h60-v2.gif\",\"width\":300,\"height\":60,\"caption\":\"BORSERINI SRL\"},\"image\":{\"@id\":\"https:\\\/\\\/borserini.com\\\/it\\\/#\\\/schema\\\/logo\\\/image\\\/\"}}]}<\/script>\n<!-- \/ Yoast SEO plugin. -->","yoast_head_json":{"title":"SilentCare di Filtration Group - Purificatori d'Aria - Borserini","robots":{"index":"index","follow":"follow","max-snippet":"max-snippet:-1","max-image-preview":"max-image-preview:large","max-video-preview":"max-video-preview:-1"},"canonical":"https:\/\/borserini.com\/it\/prodotto\/silentcare-di-filtration-group-purificatori-daria\/","og_locale":"it_IT","og_type":"article","og_title":"SilentCare di Filtration Group - Purificatori d'Aria - Borserini","og_description":"SILENZIOSO ED EFFICACE EFFICIENTE FILTRAZIONE DELL'ARIA AMBIENTE DA VIRUS, BATTERI, INQUINANTI E\u00a0 POLVERI FINI    &nbsp;  VANTAGGI PER ILCLIENTE  \u25a0 Estremamente silenzioso (43 db(A)) \u25a0 Bassi consumi energetici (45 W a 600 m\u00b3\/h) \u25a0 Rimozione veloce ed efficace degli inquinanti atmosferici'come virus, batteri e pollini. \u25a0 Classe di filtrazione H14 HEPA in accordo con EN1822 H14 (Filtrazione fino 99.995 % delle particelle inquinanti nel range 0.1 \u03bcm - 0.3 \u03bcm) \u25a0 Design Compatto \u25a0 Diversi livelli di funzionamento per permettere una personalizzazione in funzione delle condizioni ambientali  &nbsp;  AREE DI APPLICAZIONE  \u25a0 Ambienti con alto numero di persone \u25a0 Uffici \u25a0 Sale riunioni \u25a0 Edifici residenziali \u25a0 Scuole, Universit\u00e0, centri diurni  &nbsp;  &nbsp;  &nbsp; ELIMINA ALMENO IL 99.995 % DEGLI INQUINANTI PRESENTI NELL' ARIA   Aria pulita libera da virus, batteri ed altri inquinanti atmosferici, migliora significativamente la tua salute. In ambienti con un alto numero di persone, il livello di inquinanti atmosferici pu\u00f2 crescere rapidamente facendo aumentare in modo significativo il rischo di infezioni. Poich\u00e8 il quantitativo di aria fresca non pu\u00f2 essere garantito al livello ottimale, SilentCare \u00e8 la soluzione. Filtra l\u2018 aria in maniera efficace, riciclando pi\u00f9 volte all\u2018 ora il volume dell\u2018 aria dell\u2018ambiente. Con un efficenza estremamente elevata assicura che i livelli di inquinanti ambientali siano ridotti al minimo. Soprattutto funziona in modo estremamente silenzioso. Il livelo di rumore di Silent care \u00e8 ben al di sotto del livello di rumore medio di un ufficio (50 - 60 dB(A)) e garantisce un funzionamanto senza problemi. Efficiente filtrazione dell'aria ambiente da virus, batteri, inquinanti e polveri fini  Aria pulita sulla bocca di tutti L'aria pulita-priva di virus, batteri e altri inquinanti, migliora significamente la nostra salute. Sopratutto negli ambienti ad alta frequentazione umana, il numero di sostanze inquinanti presenti nell'aria aumenta rapidamente, aumentano cosi notevolmente il rischio di infezione di agenti patogeni.  Tuttavia, non sempre e'possibile garantire la fornitura di aria fresca negli ambienti interni, sopratutto negli uffici. Il nostro sistema di filtraggio dell'aria interna SilentCare fornisce una soluzione ideale! Filtra l'aria regolarmente e, sopratutto, in modo molto silenzioso. Il livello sonoro di SilentCare e' ben al di sotto del livello rumore medio di un ufficio (50-60db (A)), garantendo il flusso di lavoro indisturbato . Caratteristiche SilentCare \u25a0 Alta efficenza con bassi consumi di energia \u25a0 Design compatto con ruote per spostarlo facilmente \u25a0 Bassa caduta di pressione e funzionamento silenzioso (43 db(A) con circolazione d\u2018 aria ottimale) \u25a0 Circolazione e pulizia dell\u2018 aria a 360 gradi \u25a0 Adatto per ambienti fino a 45 m2 (max. 70 m2 (1)) con 5-ricambi d\u2018aria (2) \u25a0 Portata d\u2018aria di 600 m3\/h +\/- 50 m3\/h (max. 900 m3\/h +\/- 50 m3\/h (1)) \u25a0 Vita utile degli elementi filtranti fino a 24 mesi ad 8 ore di funzionamento al giorno (3) \u25a0 Voltaggio 230 V \/ Potenza 45 W a 600 m\u00b3\/h, 100 W a 900 m\u00b3\/h \u25a0 Struttura in lamiera d\u2018acciaio verniciata a polvere, grigio \u25a0 Dimensioni: Altezza circa. 1100 mm, \u00d8 500 mm \u25a0 Peso circa 40 kg  &nbsp;  \u201cMentre 5 minuti di ventilazione della finestra mostrano solo un piccolo effetto nel test di nebbia, la combinazione di SilentCare e ventilazione \u00e8 il garante per una purificazione dell'aria costante e ottimale\u201d  Test di nebbia , Gruppo filtrazione industriale\u00a0  https:\/\/youtu.be\/soXxN6SpOpk","og_url":"https:\/\/borserini.com\/it\/prodotto\/silentcare-di-filtration-group-purificatori-daria\/","og_site_name":"Borserini","article_modified_time":"2025-08-06T13:37:16+00:00","og_image":[{"width":514,"height":514,"url":"https:\/\/borserini.com\/wp-content\/uploads\/SilentCare_Varianten-514x514-1.png","type":"image\/png"}],"twitter_card":"summary_large_image","schema":{"@context":"https:\/\/schema.org","@graph":[{"@type":"WebPage","@id":"https:\/\/borserini.com\/it\/prodotto\/silentcare-di-filtration-group-purificatori-daria\/","url":"https:\/\/borserini.com\/it\/prodotto\/silentcare-di-filtration-group-purificatori-daria\/","name":"SilentCare di Filtration Group - Purificatori d'Aria - Borserini","isPartOf":{"@id":"https:\/\/borserini.com\/it\/#website"},"primaryImageOfPage":{"@id":"https:\/\/borserini.com\/it\/prodotto\/silentcare-di-filtration-group-purificatori-daria\/#primaryimage"},"image":{"@id":"https:\/\/borserini.com\/it\/prodotto\/silentcare-di-filtration-group-purificatori-daria\/#primaryimage"},"thumbnailUrl":"https:\/\/borserini.com\/wp-content\/uploads\/SilentCare_Varianten-514x514-1.png","datePublished":"2021-04-05T17:25:28+00:00","dateModified":"2025-08-06T13:37:16+00:00","breadcrumb":{"@id":"https:\/\/borserini.com\/it\/prodotto\/silentcare-di-filtration-group-purificatori-daria\/#breadcrumb"},"inLanguage":"it-IT","potentialAction":[{"@type":"ReadAction","target":["https:\/\/borserini.com\/it\/prodotto\/silentcare-di-filtration-group-purificatori-daria\/"]}]},{"@type":"ImageObject","inLanguage":"it-IT","@id":"https:\/\/borserini.com\/it\/prodotto\/silentcare-di-filtration-group-purificatori-daria\/#primaryimage","url":"https:\/\/borserini.com\/wp-content\/uploads\/SilentCare_Varianten-514x514-1.png","contentUrl":"https:\/\/borserini.com\/wp-content\/uploads\/SilentCare_Varianten-514x514-1.png","width":514,"height":514},{"@type":"BreadcrumbList","@id":"https:\/\/borserini.com\/it\/prodotto\/silentcare-di-filtration-group-purificatori-daria\/#breadcrumb","itemListElement":[{"@type":"ListItem","position":1,"name":"Home","item":"https:\/\/borserini.com\/it\/"},{"@type":"ListItem","position":2,"name":"Cataloghi","item":"https:\/\/borserini.com\/it\/cataloghi\/"},{"@type":"ListItem","position":3,"name":"SilentCare di Filtration Group &#8211; Purificatori d&#8217;Aria"}]},{"@type":"WebSite","@id":"https:\/\/borserini.com\/it\/#website","url":"https:\/\/borserini.com\/it\/","name":"Borserini","description":"Technical and Filtration Solution","publisher":{"@id":"https:\/\/borserini.com\/it\/#organization"},"potentialAction":[{"@type":"SearchAction","target":{"@type":"EntryPoint","urlTemplate":"https:\/\/borserini.com\/it\/?s={search_term_string}"},"query-input":{"@type":"PropertyValueSpecification","valueRequired":true,"valueName":"search_term_string"}}],"inLanguage":"it-IT"},{"@type":"Organization","@id":"https:\/\/borserini.com\/it\/#organization","name":"BORSERINI SRL","url":"https:\/\/borserini.com\/it\/","logo":{"@type":"ImageObject","inLanguage":"it-IT","@id":"https:\/\/borserini.com\/it\/#\/schema\/logo\/image\/","url":"https:\/\/borserini.com\/wp-content\/uploads\/logo-anim-h60-v2.gif","contentUrl":"https:\/\/borserini.com\/wp-content\/uploads\/logo-anim-h60-v2.gif","width":300,"height":60,"caption":"BORSERINI SRL"},"image":{"@id":"https:\/\/borserini.com\/it\/#\/schema\/logo\/image\/"}}]}},"_links":{"self":[{"href":"https:\/\/borserini.com\/it\/wp-json\/wp\/v2\/product\/6692","targetHints":{"allow":["GET"]}}],"collection":[{"href":"https:\/\/borserini.com\/it\/wp-json\/wp\/v2\/product"}],"about":[{"href":"https:\/\/borserini.com\/it\/wp-json\/wp\/v2\/types\/product"}],"version-history":[{"count":17,"href":"https:\/\/borserini.com\/it\/wp-json\/wp\/v2\/product\/6692\/revisions"}],"predecessor-version":[{"id":14275,"href":"https:\/\/borserini.com\/it\/wp-json\/wp\/v2\/product\/6692\/revisions\/14275"}],"wp:featuredmedia":[{"embeddable":true,"href":"https:\/\/borserini.com\/it\/wp-json\/wp\/v2\/media\/6687"}],"wp:attachment":[{"href":"https:\/\/borserini.com\/it\/wp-json\/wp\/v2\/media?parent=6692"}],"wp:term":[{"taxonomy":"product_brand","embeddable":true,"href":"https:\/\/borserini.com\/it\/wp-json\/wp\/v2\/product_brand?post=6692"},{"taxonomy":"product_cat","embeddable":true,"href":"https:\/\/borserini.com\/it\/wp-json\/wp\/v2\/product_cat?post=6692"},{"taxonomy":"product_tag","embeddable":true,"href":"https:\/\/borserini.com\/it\/wp-json\/wp\/v2\/product_tag?post=6692"}],"curies":[{"name":"wp","href":"https:\/\/api.w.org\/{rel}","templated":true}]}}