{"id":6834,"date":"2021-04-18T19:55:36","date_gmt":"2021-04-18T17:55:36","guid":{"rendered":"https:\/\/borserini.com\/partners-nimr\/"},"modified":"2025-04-08T12:26:43","modified_gmt":"2025-04-08T10:26:43","slug":"partners-nimr","status":"publish","type":"page","link":"https:\/\/borserini.com\/it\/partners-nimr\/","title":{"rendered":"Partners | NIMR"},"content":{"rendered":"\t\t<div data-elementor-type=\"wp-page\" data-elementor-id=\"6834\" class=\"elementor elementor-6834 elementor-4202\" data-elementor-post-type=\"page\">\n\t\t\t\t\t\t<section class=\"elementor-section elementor-top-section elementor-element elementor-element-7eef8a4 elementor-section-height-min-height elementor-section-content-middle elementor-section-boxed elementor-section-height-default elementor-section-items-middle\" data-id=\"7eef8a4\" data-element_type=\"section\" data-e-type=\"section\" data-settings=\"{&quot;background_background&quot;:&quot;gradient&quot;}\">\n\t\t\t\t\t\t<div class=\"elementor-container elementor-column-gap-default\">\n\t\t\t\t\t<div class=\"elementor-column elementor-col-66 elementor-top-column elementor-element elementor-element-7a180b4\" data-id=\"7a180b4\" data-element_type=\"column\" data-e-type=\"column\">\n\t\t\t<div class=\"elementor-widget-wrap elementor-element-populated\">\n\t\t\t\t\t\t<div class=\"elementor-element elementor-element-819f354 elementor-widget-divider--view-line elementor-widget elementor-widget-divider\" data-id=\"819f354\" data-element_type=\"widget\" data-e-type=\"widget\" data-widget_type=\"divider.default\">\n\t\t\t\t<div class=\"elementor-widget-container\">\n\t\t\t\t\t\t\t<div class=\"elementor-divider\">\n\t\t\t<span class=\"elementor-divider-separator\">\n\t\t\t\t\t\t<\/span>\n\t\t<\/div>\n\t\t\t\t\t\t<\/div>\n\t\t\t\t<\/div>\n\t\t\t\t<div class=\"elementor-element elementor-element-ee22276 elementor-widget elementor-widget-text-editor\" data-id=\"ee22276\" data-element_type=\"widget\" data-e-type=\"widget\" data-widget_type=\"text-editor.default\">\n\t\t\t\t<div class=\"elementor-widget-container\">\n\t\t\t\t\t\t\t\t\t<h2>CONQUISTA GLI ELEMENTI.<br \/>\nOTTIENI IL VANTAGGIO.<\/h2>\n\t\t\t\t\t\t\t\t<\/div>\n\t\t\t\t<\/div>\n\t\t\t\t\t<\/div>\n\t\t<\/div>\n\t\t\t\t<div class=\"elementor-column elementor-col-33 elementor-top-column elementor-element elementor-element-77be90e\" data-id=\"77be90e\" data-element_type=\"column\" data-e-type=\"column\">\n\t\t\t<div class=\"elementor-widget-wrap elementor-element-populated\">\n\t\t\t\t\t\t<div class=\"elementor-element elementor-element-80e325a elementor-widget elementor-widget-image\" data-id=\"80e325a\" data-element_type=\"widget\" data-e-type=\"widget\" data-widget_type=\"image.default\">\n\t\t\t\t<div class=\"elementor-widget-container\">\n\t\t\t\t\t\t\t\t\t\t\t\t\t\t\t<img fetchpriority=\"high\" decoding=\"async\" width=\"800\" height=\"276\" src=\"https:\/\/borserini.com\/wp-content\/uploads\/NIMR-English-Colour4x-1024x353.png\" class=\"attachment-large size-large wp-image-5900\" alt=\"\" srcset=\"https:\/\/borserini.com\/wp-content\/uploads\/NIMR-English-Colour4x-1024x353.png 1024w, https:\/\/borserini.com\/wp-content\/uploads\/NIMR-English-Colour4x-300x103.png 300w, https:\/\/borserini.com\/wp-content\/uploads\/NIMR-English-Colour4x-768x265.png 768w, https:\/\/borserini.com\/wp-content\/uploads\/NIMR-English-Colour4x-600x207.png 600w, https:\/\/borserini.com\/wp-content\/uploads\/NIMR-English-Colour4x.png 1509w\" sizes=\"(max-width: 800px) 100vw, 800px\" \/>\t\t\t\t\t\t\t\t\t\t\t\t\t\t\t<\/div>\n\t\t\t\t<\/div>\n\t\t\t\t\t<\/div>\n\t\t<\/div>\n\t\t\t\t\t<\/div>\n\t\t<\/section>\n\t\t\t\t<section class=\"elementor-section elementor-top-section elementor-element elementor-element-94dcfb4 elementor-section-boxed elementor-section-height-default elementor-section-height-default\" data-id=\"94dcfb4\" data-element_type=\"section\" data-e-type=\"section\">\n\t\t\t\t\t\t<div class=\"elementor-container elementor-column-gap-default\">\n\t\t\t\t\t<div class=\"elementor-column elementor-col-50 elementor-top-column elementor-element elementor-element-0e101ef\" data-id=\"0e101ef\" data-element_type=\"column\" data-e-type=\"column\">\n\t\t\t<div class=\"elementor-widget-wrap elementor-element-populated\">\n\t\t\t\t\t\t<div class=\"elementor-element elementor-element-2a3a050 elementor-widget elementor-widget-text-editor\" data-id=\"2a3a050\" data-element_type=\"widget\" data-e-type=\"widget\" data-widget_type=\"text-editor.default\">\n\t\t\t\t<div class=\"elementor-widget-container\">\n\t\t\t\t\t\t\t\t\t<p>L&#8217;AZIENDA<\/p>\n<p>NIMR \u00e8 produttore leader di veicoli militari ruotati medi e leggeri collaudati in combattimento completamente progettati internamente e con capacit\u00e0 produttive per una variet\u00e0 di piattaforme atte a soddisfare ampiamente i requisiti dei clienti. NIMR offre soluzioni end-to-end complete, inclusa l&#8217;integrazione di vari sistemi di missione e supporto vitale per piattaforme di veicoli blindati e non.<\/p>\n<p>Riconosciuti per la versatilit\u00e0, la robustezza e le prestazioni testate sul campo, i veicoli NIMR sono prodotti in strutture all&#8217;avanguardia in conformit\u00e0 con gli standard militari e di qualit\u00e0 internazionali. Gli estesi test dell&#8217;azienda garantiscono ai clienti l&#8217;affidabilit\u00e0 di cui hanno bisogno anche durante le missioni pi\u00f9 estenuanti e gli ambienti pi\u00f9 impegnativi.<\/p>\n<h3 class=\"two-columns-module-element-text-title\"><a href=\"https:\/\/youtu.be\/qvkg0xMJUz0\" target=\"_blank\" rel=\"noopener\"><img decoding=\"async\" class=\"alignleft wp-image-5910 size-full\" src=\"https:\/\/borserini.com\/wp-content\/uploads\/maxresdefault.jpg\" alt=\"\" width=\"1280\" height=\"720\" srcset=\"https:\/\/borserini.com\/wp-content\/uploads\/maxresdefault.jpg 1280w, https:\/\/borserini.com\/wp-content\/uploads\/maxresdefault-300x169.jpg 300w, https:\/\/borserini.com\/wp-content\/uploads\/maxresdefault-1024x576.jpg 1024w, https:\/\/borserini.com\/wp-content\/uploads\/maxresdefault-768x432.jpg 768w, https:\/\/borserini.com\/wp-content\/uploads\/maxresdefault-600x338.jpg 600w\" sizes=\"(max-width: 1280px) 100vw, 1280px\" \/><\/a><\/h3>\n\t\t\t\t\t\t\t\t<\/div>\n\t\t\t\t<\/div>\n\t\t\t\t\t<\/div>\n\t\t<\/div>\n\t\t\t\t<div class=\"elementor-column elementor-col-50 elementor-top-column elementor-element elementor-element-a7a6607\" data-id=\"a7a6607\" data-element_type=\"column\" data-e-type=\"column\">\n\t\t\t<div class=\"elementor-widget-wrap elementor-element-populated\">\n\t\t\t\t\t\t<div class=\"elementor-element elementor-element-c7db6a9 elementor-skin-carousel elementor-arrows-yes elementor-pagination-type-bullets elementor-pagination-position-outside elementor-widget elementor-widget-media-carousel\" data-id=\"c7db6a9\" data-element_type=\"widget\" data-e-type=\"widget\" data-settings=\"{&quot;effect&quot;:&quot;cube&quot;,&quot;speed&quot;:650,&quot;skin&quot;:&quot;carousel&quot;,&quot;show_arrows&quot;:&quot;yes&quot;,&quot;pagination&quot;:&quot;bullets&quot;,&quot;autoplay&quot;:&quot;yes&quot;,&quot;autoplay_speed&quot;:5000,&quot;loop&quot;:&quot;yes&quot;,&quot;pause_on_hover&quot;:&quot;yes&quot;,&quot;pause_on_interaction&quot;:&quot;yes&quot;,&quot;space_between&quot;:{&quot;unit&quot;:&quot;px&quot;,&quot;size&quot;:10,&quot;sizes&quot;:[]},&quot;space_between_tablet&quot;:{&quot;unit&quot;:&quot;px&quot;,&quot;size&quot;:10,&quot;sizes&quot;:[]},&quot;space_between_mobile&quot;:{&quot;unit&quot;:&quot;px&quot;,&quot;size&quot;:10,&quot;sizes&quot;:[]}}\" data-widget_type=\"media-carousel.default\">\n\t\t\t\t<div class=\"elementor-widget-container\">\n\t\t\t\t\t\t\t\t\t<div class=\"elementor-swiper\">\n\t\t\t\t\t<div class=\"elementor-main-swiper swiper\" role=\"region\" aria-roledescription=\"carousel\" aria-label=\"Slides\">\n\t\t\t\t<div class=\"swiper-wrapper\">\n\t\t\t\t\t\t\t\t\t\t\t<div class=\"swiper-slide\" role=\"group\" aria-roledescription=\"slide\">\n\t\t\t\t\t\t\t<a href=\"https:\/\/borserini.com\/wp-content\/uploads\/AJBAN-447A_1379x2067.jpg\" data-elementor-open-lightbox=\"yes\" data-elementor-lightbox-slideshow=\"c7db6a9\" data-elementor-lightbox-title=\"AJBAN 447A_1379x2067\" data-e-action-hash=\"#elementor-action%3Aaction%3Dlightbox%26settings%3DeyJpZCI6NTkwMiwidXJsIjoiaHR0cHM6XC9cL2JvcnNlcmluaS5jb21cL3dwLWNvbnRlbnRcL3VwbG9hZHNcL0FKQkFOLTQ0N0FfMTM3OXgyMDY3LmpwZyIsInNsaWRlc2hvdyI6ImM3ZGI2YTkifQ%3D%3D\">\t\t<div class=\"elementor-carousel-image\" role=\"img\" aria-label=\"AJBAN 447A_1379x2067\" style=\"background-image: url(&#039;https:\/\/borserini.com\/wp-content\/uploads\/AJBAN-447A_1379x2067.jpg&#039;)\">\n\n\t\t\t\n\t\t\t\t\t<\/div>\n\t\t<\/a>\t\t\t\t\t\t<\/div>\n\t\t\t\t\t\t\t\t\t\t\t<div class=\"swiper-slide\" role=\"group\" aria-roledescription=\"slide\">\n\t\t\t\t\t\t\t<a href=\"https:\/\/borserini.com\/wp-content\/uploads\/Ambulance-2_1573x1180.jpg\" data-elementor-open-lightbox=\"yes\" data-elementor-lightbox-slideshow=\"c7db6a9\" data-elementor-lightbox-title=\"Ambulance 2_1573x1180\" data-e-action-hash=\"#elementor-action%3Aaction%3Dlightbox%26settings%3DeyJpZCI6NTkwNCwidXJsIjoiaHR0cHM6XC9cL2JvcnNlcmluaS5jb21cL3dwLWNvbnRlbnRcL3VwbG9hZHNcL0FtYnVsYW5jZS0yXzE1NzN4MTE4MC5qcGciLCJzbGlkZXNob3ciOiJjN2RiNmE5In0%3D\">\t\t<div class=\"elementor-carousel-image\" role=\"img\" aria-label=\"Ambulance 2_1573x1180\" style=\"background-image: url(&#039;https:\/\/borserini.com\/wp-content\/uploads\/Ambulance-2_1573x1180.jpg&#039;)\">\n\n\t\t\t\n\t\t\t\t\t<\/div>\n\t\t<\/a>\t\t\t\t\t\t<\/div>\n\t\t\t\t\t\t\t\t\t\t\t<div class=\"swiper-slide\" role=\"group\" aria-roledescription=\"slide\">\n\t\t\t\t\t\t\t<a href=\"https:\/\/borserini.com\/wp-content\/uploads\/hafeet-630a.jpg\" data-elementor-open-lightbox=\"yes\" data-elementor-lightbox-slideshow=\"c7db6a9\" data-elementor-lightbox-title=\"hafeet-630a\" data-e-action-hash=\"#elementor-action%3Aaction%3Dlightbox%26settings%3DeyJpZCI6NTkwNiwidXJsIjoiaHR0cHM6XC9cL2JvcnNlcmluaS5jb21cL3dwLWNvbnRlbnRcL3VwbG9hZHNcL2hhZmVldC02MzBhLmpwZyIsInNsaWRlc2hvdyI6ImM3ZGI2YTkifQ%3D%3D\">\t\t<div class=\"elementor-carousel-image\" role=\"img\" aria-label=\"hafeet-630a\" style=\"background-image: url(&#039;https:\/\/borserini.com\/wp-content\/uploads\/hafeet-630a.jpg&#039;)\">\n\n\t\t\t\n\t\t\t\t\t<\/div>\n\t\t<\/a>\t\t\t\t\t\t<\/div>\n\t\t\t\t\t\t\t\t\t\t\t<div class=\"swiper-slide\" role=\"group\" aria-roledescription=\"slide\">\n\t\t\t\t\t\t\t<a href=\"https:\/\/borserini.com\/wp-content\/uploads\/jais-6X6.jpg\" data-elementor-open-lightbox=\"yes\" data-elementor-lightbox-slideshow=\"c7db6a9\" data-elementor-lightbox-title=\"jais-6X6\" data-e-action-hash=\"#elementor-action%3Aaction%3Dlightbox%26settings%3DeyJpZCI6NTkwOSwidXJsIjoiaHR0cHM6XC9cL2JvcnNlcmluaS5jb21cL3dwLWNvbnRlbnRcL3VwbG9hZHNcL2phaXMtNlg2LmpwZyIsInNsaWRlc2hvdyI6ImM3ZGI2YTkifQ%3D%3D\">\t\t<div class=\"elementor-carousel-image\" role=\"img\" aria-label=\"jais-6X6\" style=\"background-image: url(&#039;https:\/\/borserini.com\/wp-content\/uploads\/jais-6X6.jpg&#039;)\">\n\n\t\t\t\n\t\t\t\t\t<\/div>\n\t\t<\/a>\t\t\t\t\t\t<\/div>\n\t\t\t\t\t\t\t\t\t<\/div>\n\t\t\t\t\t\t\t\t\t\t\t\t\t\t\t<div class=\"elementor-swiper-button elementor-swiper-button-prev\" role=\"button\" tabindex=\"0\" aria-label=\"Precedente\">\n\t\t\t\t\t\t\t<svg aria-hidden=\"true\" class=\"e-font-icon-svg e-eicon-chevron-left\" viewBox=\"0 0 1000 1000\" xmlns=\"http:\/\/www.w3.org\/2000\/svg\"><path d=\"M646 125C629 125 613 133 604 142L308 442C296 454 292 471 292 487 292 504 296 521 308 533L604 854C617 867 629 875 646 875 663 875 679 871 692 858 704 846 713 829 713 812 713 796 708 779 692 767L438 487 692 225C700 217 708 204 708 187 708 171 704 154 692 142 675 129 663 125 646 125Z\"><\/path><\/svg>\t\t\t\t\t\t<\/div>\n\t\t\t\t\t\t<div class=\"elementor-swiper-button elementor-swiper-button-next\" role=\"button\" tabindex=\"0\" aria-label=\"Successivo\">\n\t\t\t\t\t\t\t<svg aria-hidden=\"true\" class=\"e-font-icon-svg e-eicon-chevron-right\" viewBox=\"0 0 1000 1000\" xmlns=\"http:\/\/www.w3.org\/2000\/svg\"><path d=\"M696 533C708 521 713 504 713 487 713 471 708 454 696 446L400 146C388 133 375 125 354 125 338 125 325 129 313 142 300 154 292 171 292 187 292 204 296 221 308 233L563 492 304 771C292 783 288 800 288 817 288 833 296 850 308 863 321 871 338 875 354 875 371 875 388 867 400 854L696 533Z\"><\/path><\/svg>\t\t\t\t\t\t<\/div>\n\t\t\t\t\t\t\t\t\t\t\t\t\t\t\t\t<div class=\"swiper-pagination\"><\/div>\n\t\t\t\t\t\t\t\t\t\t\t\t<\/div>\n\t\t\t\t<\/div>\n\t\t\t\t\t\t\t\t<\/div>\n\t\t\t\t<\/div>\n\t\t\t\t<div class=\"elementor-element elementor-element-de08bd3 elementor-widget-divider--view-line elementor-widget elementor-widget-divider\" data-id=\"de08bd3\" data-element_type=\"widget\" data-e-type=\"widget\" data-widget_type=\"divider.default\">\n\t\t\t\t<div class=\"elementor-widget-container\">\n\t\t\t\t\t\t\t<div class=\"elementor-divider\">\n\t\t\t<span class=\"elementor-divider-separator\">\n\t\t\t\t\t\t<\/span>\n\t\t<\/div>\n\t\t\t\t\t\t<\/div>\n\t\t\t\t<\/div>\n\t\t\t\t<div class=\"elementor-element elementor-element-4500035 elementor-align-center elementor-widget__width-initial elementor-widget elementor-widget-button\" data-id=\"4500035\" data-element_type=\"widget\" data-e-type=\"widget\" data-widget_type=\"button.default\">\n\t\t\t\t<div class=\"elementor-widget-container\">\n\t\t\t\t\t\t\t\t\t<div class=\"elementor-button-wrapper\">\n\t\t\t\t\t<a class=\"elementor-button elementor-button-link elementor-size-md\" href=\"https:\/\/nimr.ae\/\" target=\"_blank\">\n\t\t\t\t\t\t<span class=\"elementor-button-content-wrapper\">\n\t\t\t\t\t\t\t\t\t<span class=\"elementor-button-text\">Visita il sito web del nostro partner<\/span>\n\t\t\t\t\t<\/span>\n\t\t\t\t\t<\/a>\n\t\t\t\t<\/div>\n\t\t\t\t\t\t\t\t<\/div>\n\t\t\t\t<\/div>\n\t\t\t\t\t<\/div>\n\t\t<\/div>\n\t\t\t\t\t<\/div>\n\t\t<\/section>\n\t\t\t\t<\/div>\n\t\t","protected":false},"excerpt":{"rendered":"<p>CONQUISTA GLI ELEMENTI. OTTIENI IL VANTAGGIO. L&#8217;AZIENDA NIMR \u00e8 produttore leader di veicoli militari ruotati medi e leggeri collaudati in combattimento completamente progettati internamente e con capacit\u00e0 produttive per una variet\u00e0 di piattaforme atte a soddisfare ampiamente i requisiti dei clienti. NIMR offre soluzioni end-to-end complete, inclusa l&#8217;integrazione di vari sistemi di missione e supporto [&hellip;]<\/p>\n","protected":false},"author":1,"featured_media":0,"parent":0,"menu_order":0,"comment_status":"closed","ping_status":"closed","template":"elementor_header_footer","meta":{"footnotes":""},"class_list":["post-6834","page","type-page","status-publish","hentry"],"yoast_head":"<!-- This site is optimized with the Yoast SEO plugin v27.3 - https:\/\/yoast.com\/product\/yoast-seo-wordpress\/ -->\n<title>Partners | NIMR - Borserini<\/title>\n<meta name=\"robots\" content=\"index, follow, max-snippet:-1, max-image-preview:large, max-video-preview:-1\" \/>\n<link rel=\"canonical\" href=\"https:\/\/borserini.com\/it\/partners-nimr\/\" \/>\n<meta property=\"og:locale\" content=\"it_IT\" \/>\n<meta property=\"og:type\" content=\"article\" \/>\n<meta property=\"og:title\" content=\"Partners | NIMR - Borserini\" \/>\n<meta property=\"og:description\" content=\"CONQUISTA GLI ELEMENTI. OTTIENI IL VANTAGGIO. L&#8217;AZIENDA NIMR \u00e8 produttore leader di veicoli militari ruotati medi e leggeri collaudati in combattimento completamente progettati internamente e con capacit\u00e0 produttive per una variet\u00e0 di piattaforme atte a soddisfare ampiamente i requisiti dei clienti. NIMR offre soluzioni end-to-end complete, inclusa l&#8217;integrazione di vari sistemi di missione e supporto [&hellip;]\" \/>\n<meta property=\"og:url\" content=\"https:\/\/borserini.com\/it\/partners-nimr\/\" \/>\n<meta property=\"og:site_name\" content=\"Borserini\" \/>\n<meta property=\"article:modified_time\" content=\"2025-04-08T10:26:43+00:00\" \/>\n<meta property=\"og:image\" content=\"https:\/\/borserini.com\/wp-content\/uploads\/NIMR-English-Colour4x.png\" \/>\n\t<meta property=\"og:image:width\" content=\"1509\" \/>\n\t<meta property=\"og:image:height\" content=\"520\" \/>\n\t<meta property=\"og:image:type\" content=\"image\/png\" \/>\n<meta name=\"twitter:card\" content=\"summary_large_image\" \/>\n<meta name=\"twitter:label1\" content=\"Tempo di lettura stimato\" \/>\n\t<meta name=\"twitter:data1\" content=\"1 minuto\" \/>\n<script type=\"application\/ld+json\" class=\"yoast-schema-graph\">{\"@context\":\"https:\\\/\\\/schema.org\",\"@graph\":[{\"@type\":\"WebPage\",\"@id\":\"https:\\\/\\\/borserini.com\\\/it\\\/partners-nimr\\\/\",\"url\":\"https:\\\/\\\/borserini.com\\\/it\\\/partners-nimr\\\/\",\"name\":\"Partners | NIMR - Borserini\",\"isPartOf\":{\"@id\":\"https:\\\/\\\/borserini.com\\\/it\\\/#website\"},\"primaryImageOfPage\":{\"@id\":\"https:\\\/\\\/borserini.com\\\/it\\\/partners-nimr\\\/#primaryimage\"},\"image\":{\"@id\":\"https:\\\/\\\/borserini.com\\\/it\\\/partners-nimr\\\/#primaryimage\"},\"thumbnailUrl\":\"https:\\\/\\\/borserini.com\\\/wp-content\\\/uploads\\\/NIMR-English-Colour4x-1024x353.png\",\"datePublished\":\"2021-04-18T17:55:36+00:00\",\"dateModified\":\"2025-04-08T10:26:43+00:00\",\"breadcrumb\":{\"@id\":\"https:\\\/\\\/borserini.com\\\/it\\\/partners-nimr\\\/#breadcrumb\"},\"inLanguage\":\"it-IT\",\"potentialAction\":[{\"@type\":\"ReadAction\",\"target\":[\"https:\\\/\\\/borserini.com\\\/it\\\/partners-nimr\\\/\"]}]},{\"@type\":\"ImageObject\",\"inLanguage\":\"it-IT\",\"@id\":\"https:\\\/\\\/borserini.com\\\/it\\\/partners-nimr\\\/#primaryimage\",\"url\":\"https:\\\/\\\/borserini.com\\\/wp-content\\\/uploads\\\/NIMR-English-Colour4x-1024x353.png\",\"contentUrl\":\"https:\\\/\\\/borserini.com\\\/wp-content\\\/uploads\\\/NIMR-English-Colour4x-1024x353.png\"},{\"@type\":\"BreadcrumbList\",\"@id\":\"https:\\\/\\\/borserini.com\\\/it\\\/partners-nimr\\\/#breadcrumb\",\"itemListElement\":[{\"@type\":\"ListItem\",\"position\":1,\"name\":\"Home\",\"item\":\"https:\\\/\\\/borserini.com\\\/it\\\/\"},{\"@type\":\"ListItem\",\"position\":2,\"name\":\"Partners | NIMR\"}]},{\"@type\":\"WebSite\",\"@id\":\"https:\\\/\\\/borserini.com\\\/it\\\/#website\",\"url\":\"https:\\\/\\\/borserini.com\\\/it\\\/\",\"name\":\"Borserini\",\"description\":\"Technical and Filtration Solution\",\"publisher\":{\"@id\":\"https:\\\/\\\/borserini.com\\\/it\\\/#organization\"},\"potentialAction\":[{\"@type\":\"SearchAction\",\"target\":{\"@type\":\"EntryPoint\",\"urlTemplate\":\"https:\\\/\\\/borserini.com\\\/it\\\/?s={search_term_string}\"},\"query-input\":{\"@type\":\"PropertyValueSpecification\",\"valueRequired\":true,\"valueName\":\"search_term_string\"}}],\"inLanguage\":\"it-IT\"},{\"@type\":\"Organization\",\"@id\":\"https:\\\/\\\/borserini.com\\\/it\\\/#organization\",\"name\":\"BORSERINI SRL\",\"url\":\"https:\\\/\\\/borserini.com\\\/it\\\/\",\"logo\":{\"@type\":\"ImageObject\",\"inLanguage\":\"it-IT\",\"@id\":\"https:\\\/\\\/borserini.com\\\/it\\\/#\\\/schema\\\/logo\\\/image\\\/\",\"url\":\"https:\\\/\\\/borserini.com\\\/wp-content\\\/uploads\\\/logo-anim-h60-v2.gif\",\"contentUrl\":\"https:\\\/\\\/borserini.com\\\/wp-content\\\/uploads\\\/logo-anim-h60-v2.gif\",\"width\":300,\"height\":60,\"caption\":\"BORSERINI SRL\"},\"image\":{\"@id\":\"https:\\\/\\\/borserini.com\\\/it\\\/#\\\/schema\\\/logo\\\/image\\\/\"}}]}<\/script>\n<!-- \/ Yoast SEO plugin. -->","yoast_head_json":{"title":"Partners | NIMR - Borserini","robots":{"index":"index","follow":"follow","max-snippet":"max-snippet:-1","max-image-preview":"max-image-preview:large","max-video-preview":"max-video-preview:-1"},"canonical":"https:\/\/borserini.com\/it\/partners-nimr\/","og_locale":"it_IT","og_type":"article","og_title":"Partners | NIMR - Borserini","og_description":"CONQUISTA GLI ELEMENTI. OTTIENI IL VANTAGGIO. L&#8217;AZIENDA NIMR \u00e8 produttore leader di veicoli militari ruotati medi e leggeri collaudati in combattimento completamente progettati internamente e con capacit\u00e0 produttive per una variet\u00e0 di piattaforme atte a soddisfare ampiamente i requisiti dei clienti. NIMR offre soluzioni end-to-end complete, inclusa l&#8217;integrazione di vari sistemi di missione e supporto [&hellip;]","og_url":"https:\/\/borserini.com\/it\/partners-nimr\/","og_site_name":"Borserini","article_modified_time":"2025-04-08T10:26:43+00:00","og_image":[{"width":1509,"height":520,"url":"https:\/\/borserini.com\/wp-content\/uploads\/NIMR-English-Colour4x.png","type":"image\/png"}],"twitter_card":"summary_large_image","twitter_misc":{"Tempo di lettura stimato":"1 minuto"},"schema":{"@context":"https:\/\/schema.org","@graph":[{"@type":"WebPage","@id":"https:\/\/borserini.com\/it\/partners-nimr\/","url":"https:\/\/borserini.com\/it\/partners-nimr\/","name":"Partners | NIMR - Borserini","isPartOf":{"@id":"https:\/\/borserini.com\/it\/#website"},"primaryImageOfPage":{"@id":"https:\/\/borserini.com\/it\/partners-nimr\/#primaryimage"},"image":{"@id":"https:\/\/borserini.com\/it\/partners-nimr\/#primaryimage"},"thumbnailUrl":"https:\/\/borserini.com\/wp-content\/uploads\/NIMR-English-Colour4x-1024x353.png","datePublished":"2021-04-18T17:55:36+00:00","dateModified":"2025-04-08T10:26:43+00:00","breadcrumb":{"@id":"https:\/\/borserini.com\/it\/partners-nimr\/#breadcrumb"},"inLanguage":"it-IT","potentialAction":[{"@type":"ReadAction","target":["https:\/\/borserini.com\/it\/partners-nimr\/"]}]},{"@type":"ImageObject","inLanguage":"it-IT","@id":"https:\/\/borserini.com\/it\/partners-nimr\/#primaryimage","url":"https:\/\/borserini.com\/wp-content\/uploads\/NIMR-English-Colour4x-1024x353.png","contentUrl":"https:\/\/borserini.com\/wp-content\/uploads\/NIMR-English-Colour4x-1024x353.png"},{"@type":"BreadcrumbList","@id":"https:\/\/borserini.com\/it\/partners-nimr\/#breadcrumb","itemListElement":[{"@type":"ListItem","position":1,"name":"Home","item":"https:\/\/borserini.com\/it\/"},{"@type":"ListItem","position":2,"name":"Partners | NIMR"}]},{"@type":"WebSite","@id":"https:\/\/borserini.com\/it\/#website","url":"https:\/\/borserini.com\/it\/","name":"Borserini","description":"Technical and Filtration Solution","publisher":{"@id":"https:\/\/borserini.com\/it\/#organization"},"potentialAction":[{"@type":"SearchAction","target":{"@type":"EntryPoint","urlTemplate":"https:\/\/borserini.com\/it\/?s={search_term_string}"},"query-input":{"@type":"PropertyValueSpecification","valueRequired":true,"valueName":"search_term_string"}}],"inLanguage":"it-IT"},{"@type":"Organization","@id":"https:\/\/borserini.com\/it\/#organization","name":"BORSERINI SRL","url":"https:\/\/borserini.com\/it\/","logo":{"@type":"ImageObject","inLanguage":"it-IT","@id":"https:\/\/borserini.com\/it\/#\/schema\/logo\/image\/","url":"https:\/\/borserini.com\/wp-content\/uploads\/logo-anim-h60-v2.gif","contentUrl":"https:\/\/borserini.com\/wp-content\/uploads\/logo-anim-h60-v2.gif","width":300,"height":60,"caption":"BORSERINI SRL"},"image":{"@id":"https:\/\/borserini.com\/it\/#\/schema\/logo\/image\/"}}]}},"_links":{"self":[{"href":"https:\/\/borserini.com\/it\/wp-json\/wp\/v2\/pages\/6834","targetHints":{"allow":["GET"]}}],"collection":[{"href":"https:\/\/borserini.com\/it\/wp-json\/wp\/v2\/pages"}],"about":[{"href":"https:\/\/borserini.com\/it\/wp-json\/wp\/v2\/types\/page"}],"author":[{"embeddable":true,"href":"https:\/\/borserini.com\/it\/wp-json\/wp\/v2\/users\/1"}],"replies":[{"embeddable":true,"href":"https:\/\/borserini.com\/it\/wp-json\/wp\/v2\/comments?post=6834"}],"version-history":[{"count":7,"href":"https:\/\/borserini.com\/it\/wp-json\/wp\/v2\/pages\/6834\/revisions"}],"predecessor-version":[{"id":11727,"href":"https:\/\/borserini.com\/it\/wp-json\/wp\/v2\/pages\/6834\/revisions\/11727"}],"wp:attachment":[{"href":"https:\/\/borserini.com\/it\/wp-json\/wp\/v2\/media?parent=6834"}],"curies":[{"name":"wp","href":"https:\/\/api.w.org\/{rel}","templated":true}]}}