{"id":6609,"date":"2021-04-18T19:40:14","date_gmt":"2021-04-18T17:40:14","guid":{"rendered":"https:\/\/borserini.com\/?page_id=6609"},"modified":"2025-04-08T12:18:04","modified_gmt":"2025-04-08T10:18:04","slug":"partners-avr","status":"publish","type":"page","link":"https:\/\/borserini.com\/it\/partners-avr\/","title":{"rendered":"Partners | AVR"},"content":{"rendered":"\t\t<div data-elementor-type=\"wp-page\" data-elementor-id=\"6609\" class=\"elementor elementor-6609 elementor-6608\" data-elementor-post-type=\"page\">\n\t\t\t\t<div class=\"elementor-element elementor-element-48096f4 e-flex e-con-boxed e-con e-parent\" data-id=\"48096f4\" data-element_type=\"container\" data-e-type=\"container\" data-settings=\"{&quot;background_background&quot;:&quot;gradient&quot;}\">\n\t\t\t\t\t<div class=\"e-con-inner\">\n\t\t<div class=\"elementor-element elementor-element-aef2d09 e-con-full e-flex e-con e-child\" data-id=\"aef2d09\" data-element_type=\"container\" data-e-type=\"container\">\n\t\t\t\t<div class=\"elementor-element elementor-element-ad0eace elementor-widget-divider--view-line elementor-widget elementor-widget-divider\" data-id=\"ad0eace\" data-element_type=\"widget\" data-e-type=\"widget\" data-widget_type=\"divider.default\">\n\t\t\t\t<div class=\"elementor-widget-container\">\n\t\t\t\t\t\t\t<div class=\"elementor-divider\">\n\t\t\t<span class=\"elementor-divider-separator\">\n\t\t\t\t\t\t<\/span>\n\t\t<\/div>\n\t\t\t\t\t\t<\/div>\n\t\t\t\t<\/div>\n\t\t\t\t<div class=\"elementor-element elementor-element-9e22748 elementor-widget elementor-widget-text-editor\" data-id=\"9e22748\" data-element_type=\"widget\" data-e-type=\"widget\" data-widget_type=\"text-editor.default\">\n\t\t\t\t<div class=\"elementor-widget-container\">\n\t\t\t\t\t\t\t\t\t<h2 class=\"block-title\">Passion. Power. Potatoes<\/h2>\n\t\t\t\t\t\t\t\t<\/div>\n\t\t\t\t<\/div>\n\t\t\t\t<\/div>\n\t\t<div class=\"elementor-element elementor-element-74f79e8 e-con-full e-flex e-con e-child\" data-id=\"74f79e8\" data-element_type=\"container\" data-e-type=\"container\">\n\t\t\t\t<div class=\"elementor-element elementor-element-2154ad9 elementor-widget elementor-widget-image\" data-id=\"2154ad9\" data-element_type=\"widget\" data-e-type=\"widget\" data-widget_type=\"image.default\">\n\t\t\t\t<div class=\"elementor-widget-container\">\n\t\t\t\t\t\t\t\t\t\t\t\t\t\t\t<img fetchpriority=\"high\" decoding=\"async\" width=\"800\" height=\"427\" src=\"https:\/\/borserini.com\/wp-content\/uploads\/AVR-Logo-op-groene-achtergrond-1-1024x546.png\" class=\"attachment-large size-large wp-image-11401\" alt=\"\" srcset=\"https:\/\/borserini.com\/wp-content\/uploads\/AVR-Logo-op-groene-achtergrond-1-1024x546.png 1024w, https:\/\/borserini.com\/wp-content\/uploads\/AVR-Logo-op-groene-achtergrond-1-300x160.png 300w, https:\/\/borserini.com\/wp-content\/uploads\/AVR-Logo-op-groene-achtergrond-1-768x410.png 768w, https:\/\/borserini.com\/wp-content\/uploads\/AVR-Logo-op-groene-achtergrond-1-1536x819.png 1536w, https:\/\/borserini.com\/wp-content\/uploads\/AVR-Logo-op-groene-achtergrond-1-2048x1092.png 2048w, https:\/\/borserini.com\/wp-content\/uploads\/AVR-Logo-op-groene-achtergrond-1-600x320.png 600w\" sizes=\"(max-width: 800px) 100vw, 800px\" \/>\t\t\t\t\t\t\t\t\t\t\t\t\t\t\t<\/div>\n\t\t\t\t<\/div>\n\t\t\t\t<\/div>\n\t\t\t\t\t<\/div>\n\t\t\t\t<\/div>\n\t\t\t\t<section class=\"elementor-section elementor-top-section elementor-element elementor-element-94dcfb4 elementor-section-boxed elementor-section-height-default elementor-section-height-default\" data-id=\"94dcfb4\" data-element_type=\"section\" data-e-type=\"section\">\n\t\t\t\t\t\t<div class=\"elementor-container elementor-column-gap-default\">\n\t\t\t\t\t<div class=\"elementor-column elementor-col-50 elementor-top-column elementor-element elementor-element-0e101ef\" data-id=\"0e101ef\" data-element_type=\"column\" data-e-type=\"column\">\n\t\t\t<div class=\"elementor-widget-wrap elementor-element-populated\">\n\t\t\t\t\t\t<div class=\"elementor-element elementor-element-2a3a050 elementor-widget elementor-widget-text-editor\" data-id=\"2a3a050\" data-element_type=\"widget\" data-e-type=\"widget\" data-widget_type=\"text-editor.default\">\n\t\t\t\t<div class=\"elementor-widget-container\">\n\t\t\t\t\t\t\t\t\t<h2>Informazioni su AVR<\/h2>\n<p>AVR produce una gamma completa di macchinari per la coltivazione delle patate, coprendo ogni fase dalla preparazione del letto di semina, alla semina e alla formazione dei solchi, fino alla cimatura delle piante, alla raccolta e allo stoccaggio. La nostra missione \u00e8 chiara: progettiamo, commercializziamo e assistiamo macchine per coltivatori di patate che mirano a lavorare in modo pi\u00f9 sostenibile ed efficiente. Offriamo tecnologie e prodotti innovativi che permettono di conservare pi\u00f9 patate vendibili con meno sforzo, in meno tempo, utilizzando meno carburante e con una minore compattazione del suolo.<\/p>\n<p>In tutto ci\u00f2 che facciamo\u2014dalla concezione e sviluppo delle nostre macchine alla collaborazione sostenibile con clienti e rivenditori\u2014rispettiamo i nostri valori fondamentali di rispetto, affidabilit\u00e0, ingegno e impegno. A livello internazionale, AVR impiega 275 collaboratori dedicati e vanta una rete di oltre 100 rivenditori in 50 paesi. Nel 2024, AVR ha realizzato un fatturato di \u20ac109 milioni.<\/p>\n<p>AVR \u00e8 un&#8217;azienda familiare belga con 175 anni di esperienza, con sede a Roeselare e filiali nei Paesi Bassi e in Germania.<\/p>\n\t\t\t\t\t\t\t\t<\/div>\n\t\t\t\t<\/div>\n\t\t\t\t<div class=\"elementor-element elementor-element-2d77434 elementor-widget elementor-widget-video\" data-id=\"2d77434\" data-element_type=\"widget\" data-e-type=\"widget\" data-settings=\"{&quot;youtube_url&quot;:&quot;https:\\\/\\\/youtu.be\\\/xJiQ96caHZE?si=BJwMd-hH5U_3lErH&quot;,&quot;autoplay&quot;:&quot;yes&quot;,&quot;mute&quot;:&quot;yes&quot;,&quot;video_type&quot;:&quot;youtube&quot;,&quot;controls&quot;:&quot;yes&quot;}\" data-widget_type=\"video.default\">\n\t\t\t\t<div class=\"elementor-widget-container\">\n\t\t\t\t\t\t\t<div class=\"elementor-wrapper elementor-open-inline\">\n\t\t\t<div class=\"elementor-video\"><\/div>\t\t<\/div>\n\t\t\t\t\t\t<\/div>\n\t\t\t\t<\/div>\n\t\t\t\t\t<\/div>\n\t\t<\/div>\n\t\t\t\t<div class=\"elementor-column elementor-col-50 elementor-top-column elementor-element elementor-element-a7a6607\" data-id=\"a7a6607\" data-element_type=\"column\" data-e-type=\"column\">\n\t\t\t<div class=\"elementor-widget-wrap elementor-element-populated\">\n\t\t\t\t\t\t<div class=\"elementor-element elementor-element-c7db6a9 elementor-skin-carousel elementor-arrows-yes elementor-pagination-type-bullets elementor-pagination-position-outside elementor-widget elementor-widget-media-carousel\" data-id=\"c7db6a9\" data-element_type=\"widget\" data-e-type=\"widget\" data-settings=\"{&quot;effect&quot;:&quot;cube&quot;,&quot;skin&quot;:&quot;carousel&quot;,&quot;show_arrows&quot;:&quot;yes&quot;,&quot;pagination&quot;:&quot;bullets&quot;,&quot;speed&quot;:500,&quot;autoplay&quot;:&quot;yes&quot;,&quot;autoplay_speed&quot;:5000,&quot;loop&quot;:&quot;yes&quot;,&quot;pause_on_hover&quot;:&quot;yes&quot;,&quot;pause_on_interaction&quot;:&quot;yes&quot;,&quot;space_between&quot;:{&quot;unit&quot;:&quot;px&quot;,&quot;size&quot;:10,&quot;sizes&quot;:[]},&quot;space_between_tablet&quot;:{&quot;unit&quot;:&quot;px&quot;,&quot;size&quot;:10,&quot;sizes&quot;:[]},&quot;space_between_mobile&quot;:{&quot;unit&quot;:&quot;px&quot;,&quot;size&quot;:10,&quot;sizes&quot;:[]}}\" data-widget_type=\"media-carousel.default\">\n\t\t\t\t<div class=\"elementor-widget-container\">\n\t\t\t\t\t\t\t\t\t<div class=\"elementor-swiper\">\n\t\t\t\t\t<div class=\"elementor-main-swiper swiper\" role=\"region\" aria-roledescription=\"carousel\" aria-label=\"Slides\">\n\t\t\t\t<div class=\"swiper-wrapper\">\n\t\t\t\t\t\t\t\t\t\t\t<div class=\"swiper-slide\" role=\"group\" aria-roledescription=\"slide\">\n\t\t\t\t\t\t\t<a href=\"https:\/\/borserini.com\/wp-content\/uploads\/Schermafbeelding-2024-03-15-142256_screenshot.jpg\" data-elementor-open-lightbox=\"yes\" data-elementor-lightbox-slideshow=\"c7db6a9\" data-elementor-lightbox-title=\"Schermafbeelding 2024-03-15 142256_screenshot\" data-e-action-hash=\"#elementor-action%3Aaction%3Dlightbox%26settings%3DeyJpZCI6MTE0MzMsInVybCI6Imh0dHBzOlwvXC9ib3JzZXJpbmkuY29tXC93cC1jb250ZW50XC91cGxvYWRzXC9TY2hlcm1hZmJlZWxkaW5nLTIwMjQtMDMtMTUtMTQyMjU2X3NjcmVlbnNob3QuanBnIiwic2xpZGVzaG93IjoiYzdkYjZhOSJ9\">\t\t<div class=\"elementor-carousel-image\" role=\"img\" aria-label=\"Schermafbeelding 2024-03-15 142256_screenshot\" style=\"background-image: url(&#039;https:\/\/borserini.com\/wp-content\/uploads\/Schermafbeelding-2024-03-15-142256_screenshot.jpg&#039;)\">\n\n\t\t\t\n\t\t\t\t\t<\/div>\n\t\t<\/a>\t\t\t\t\t\t<\/div>\n\t\t\t\t\t\t\t\t\t<\/div>\n\t\t\t\t\t\t\t<\/div>\n\t\t\t\t<\/div>\n\t\t\t\t\t\t\t\t<\/div>\n\t\t\t\t<\/div>\n\t\t\t\t<div class=\"elementor-element elementor-element-de08bd3 elementor-widget-divider--view-line elementor-widget elementor-widget-divider\" data-id=\"de08bd3\" data-element_type=\"widget\" data-e-type=\"widget\" data-widget_type=\"divider.default\">\n\t\t\t\t<div class=\"elementor-widget-container\">\n\t\t\t\t\t\t\t<div class=\"elementor-divider\">\n\t\t\t<span class=\"elementor-divider-separator\">\n\t\t\t\t\t\t<\/span>\n\t\t<\/div>\n\t\t\t\t\t\t<\/div>\n\t\t\t\t<\/div>\n\t\t\t\t<div class=\"elementor-element elementor-element-4500035 elementor-align-center elementor-widget elementor-widget-button\" data-id=\"4500035\" data-element_type=\"widget\" data-e-type=\"widget\" data-widget_type=\"button.default\">\n\t\t\t\t<div class=\"elementor-widget-container\">\n\t\t\t\t\t\t\t\t\t<div class=\"elementor-button-wrapper\">\n\t\t\t\t\t<a class=\"elementor-button elementor-button-link elementor-size-md\" href=\"https:\/\/avr.be\/en\" target=\"_blank\">\n\t\t\t\t\t\t<span class=\"elementor-button-content-wrapper\">\n\t\t\t\t\t\t\t\t\t<span class=\"elementor-button-text\">Visita il sito web del nostro partner<\/span>\n\t\t\t\t\t<\/span>\n\t\t\t\t\t<\/a>\n\t\t\t\t<\/div>\n\t\t\t\t\t\t\t\t<\/div>\n\t\t\t\t<\/div>\n\t\t\t\t\t<\/div>\n\t\t<\/div>\n\t\t\t\t\t<\/div>\n\t\t<\/section>\n\t\t\t\t<section class=\"elementor-section elementor-top-section elementor-element elementor-element-521bfb1 elementor-section-boxed elementor-section-height-default elementor-section-height-default\" data-id=\"521bfb1\" data-element_type=\"section\" data-e-type=\"section\">\n\t\t\t\t\t\t<div class=\"elementor-container elementor-column-gap-default\">\n\t\t\t\t\t\t<\/div>\n\t\t<\/section>\n\t\t\t\t<\/div>\n\t\t","protected":false},"excerpt":{"rendered":"<p>Passion. Power. Potatoes Informazioni su AVR AVR produce una gamma completa di macchinari per la coltivazione delle patate, coprendo ogni fase dalla preparazione del letto di semina, alla semina e alla formazione dei solchi, fino alla cimatura delle piante, alla raccolta e allo stoccaggio. La nostra missione \u00e8 chiara: progettiamo, commercializziamo e assistiamo macchine per [&hellip;]<\/p>\n","protected":false},"author":1,"featured_media":11401,"parent":0,"menu_order":0,"comment_status":"closed","ping_status":"closed","template":"elementor_header_footer","meta":{"footnotes":""},"class_list":["post-6609","page","type-page","status-publish","has-post-thumbnail","hentry"],"yoast_head":"<!-- This site is optimized with the Yoast SEO plugin v27.3 - https:\/\/yoast.com\/product\/yoast-seo-wordpress\/ -->\n<title>Partners | AVR - Borserini<\/title>\n<meta name=\"robots\" content=\"index, follow, max-snippet:-1, max-image-preview:large, max-video-preview:-1\" \/>\n<link rel=\"canonical\" href=\"https:\/\/borserini.com\/it\/partners-avr\/\" \/>\n<meta property=\"og:locale\" content=\"it_IT\" \/>\n<meta property=\"og:type\" content=\"article\" \/>\n<meta property=\"og:title\" content=\"Partners | AVR - Borserini\" \/>\n<meta property=\"og:description\" content=\"Passion. Power. Potatoes Informazioni su AVR AVR produce una gamma completa di macchinari per la coltivazione delle patate, coprendo ogni fase dalla preparazione del letto di semina, alla semina e alla formazione dei solchi, fino alla cimatura delle piante, alla raccolta e allo stoccaggio. La nostra missione \u00e8 chiara: progettiamo, commercializziamo e assistiamo macchine per [&hellip;]\" \/>\n<meta property=\"og:url\" content=\"https:\/\/borserini.com\/it\/partners-avr\/\" \/>\n<meta property=\"og:site_name\" content=\"Borserini\" \/>\n<meta property=\"article:modified_time\" content=\"2025-04-08T10:18:04+00:00\" \/>\n<meta property=\"og:image\" content=\"https:\/\/borserini.com\/wp-content\/uploads\/AVR-Logo-op-groene-achtergrond-1.png\" \/>\n\t<meta property=\"og:image:width\" content=\"3543\" \/>\n\t<meta property=\"og:image:height\" content=\"1890\" \/>\n\t<meta property=\"og:image:type\" content=\"image\/png\" \/>\n<meta name=\"twitter:card\" content=\"summary_large_image\" \/>\n<meta name=\"twitter:label1\" content=\"Tempo di lettura stimato\" \/>\n\t<meta name=\"twitter:data1\" content=\"1 minuto\" \/>\n<script type=\"application\/ld+json\" class=\"yoast-schema-graph\">{\"@context\":\"https:\\\/\\\/schema.org\",\"@graph\":[{\"@type\":\"WebPage\",\"@id\":\"https:\\\/\\\/borserini.com\\\/it\\\/partners-avr\\\/\",\"url\":\"https:\\\/\\\/borserini.com\\\/it\\\/partners-avr\\\/\",\"name\":\"Partners | AVR - Borserini\",\"isPartOf\":{\"@id\":\"https:\\\/\\\/borserini.com\\\/it\\\/#website\"},\"primaryImageOfPage\":{\"@id\":\"https:\\\/\\\/borserini.com\\\/it\\\/partners-avr\\\/#primaryimage\"},\"image\":{\"@id\":\"https:\\\/\\\/borserini.com\\\/it\\\/partners-avr\\\/#primaryimage\"},\"thumbnailUrl\":\"https:\\\/\\\/borserini.com\\\/wp-content\\\/uploads\\\/AVR-Logo-op-groene-achtergrond-1.png\",\"datePublished\":\"2021-04-18T17:40:14+00:00\",\"dateModified\":\"2025-04-08T10:18:04+00:00\",\"breadcrumb\":{\"@id\":\"https:\\\/\\\/borserini.com\\\/it\\\/partners-avr\\\/#breadcrumb\"},\"inLanguage\":\"it-IT\",\"potentialAction\":[{\"@type\":\"ReadAction\",\"target\":[\"https:\\\/\\\/borserini.com\\\/it\\\/partners-avr\\\/\"]}]},{\"@type\":\"ImageObject\",\"inLanguage\":\"it-IT\",\"@id\":\"https:\\\/\\\/borserini.com\\\/it\\\/partners-avr\\\/#primaryimage\",\"url\":\"https:\\\/\\\/borserini.com\\\/wp-content\\\/uploads\\\/AVR-Logo-op-groene-achtergrond-1.png\",\"contentUrl\":\"https:\\\/\\\/borserini.com\\\/wp-content\\\/uploads\\\/AVR-Logo-op-groene-achtergrond-1.png\",\"width\":3543,\"height\":1890},{\"@type\":\"BreadcrumbList\",\"@id\":\"https:\\\/\\\/borserini.com\\\/it\\\/partners-avr\\\/#breadcrumb\",\"itemListElement\":[{\"@type\":\"ListItem\",\"position\":1,\"name\":\"Home\",\"item\":\"https:\\\/\\\/borserini.com\\\/it\\\/\"},{\"@type\":\"ListItem\",\"position\":2,\"name\":\"Partners | AVR\"}]},{\"@type\":\"WebSite\",\"@id\":\"https:\\\/\\\/borserini.com\\\/it\\\/#website\",\"url\":\"https:\\\/\\\/borserini.com\\\/it\\\/\",\"name\":\"Borserini\",\"description\":\"Technical and Filtration Solution\",\"publisher\":{\"@id\":\"https:\\\/\\\/borserini.com\\\/it\\\/#organization\"},\"potentialAction\":[{\"@type\":\"SearchAction\",\"target\":{\"@type\":\"EntryPoint\",\"urlTemplate\":\"https:\\\/\\\/borserini.com\\\/it\\\/?s={search_term_string}\"},\"query-input\":{\"@type\":\"PropertyValueSpecification\",\"valueRequired\":true,\"valueName\":\"search_term_string\"}}],\"inLanguage\":\"it-IT\"},{\"@type\":\"Organization\",\"@id\":\"https:\\\/\\\/borserini.com\\\/it\\\/#organization\",\"name\":\"BORSERINI SRL\",\"url\":\"https:\\\/\\\/borserini.com\\\/it\\\/\",\"logo\":{\"@type\":\"ImageObject\",\"inLanguage\":\"it-IT\",\"@id\":\"https:\\\/\\\/borserini.com\\\/it\\\/#\\\/schema\\\/logo\\\/image\\\/\",\"url\":\"https:\\\/\\\/borserini.com\\\/wp-content\\\/uploads\\\/logo-anim-h60-v2.gif\",\"contentUrl\":\"https:\\\/\\\/borserini.com\\\/wp-content\\\/uploads\\\/logo-anim-h60-v2.gif\",\"width\":300,\"height\":60,\"caption\":\"BORSERINI SRL\"},\"image\":{\"@id\":\"https:\\\/\\\/borserini.com\\\/it\\\/#\\\/schema\\\/logo\\\/image\\\/\"}}]}<\/script>\n<!-- \/ Yoast SEO plugin. -->","yoast_head_json":{"title":"Partners | AVR - Borserini","robots":{"index":"index","follow":"follow","max-snippet":"max-snippet:-1","max-image-preview":"max-image-preview:large","max-video-preview":"max-video-preview:-1"},"canonical":"https:\/\/borserini.com\/it\/partners-avr\/","og_locale":"it_IT","og_type":"article","og_title":"Partners | AVR - Borserini","og_description":"Passion. Power. Potatoes Informazioni su AVR AVR produce una gamma completa di macchinari per la coltivazione delle patate, coprendo ogni fase dalla preparazione del letto di semina, alla semina e alla formazione dei solchi, fino alla cimatura delle piante, alla raccolta e allo stoccaggio. La nostra missione \u00e8 chiara: progettiamo, commercializziamo e assistiamo macchine per [&hellip;]","og_url":"https:\/\/borserini.com\/it\/partners-avr\/","og_site_name":"Borserini","article_modified_time":"2025-04-08T10:18:04+00:00","og_image":[{"width":3543,"height":1890,"url":"https:\/\/borserini.com\/wp-content\/uploads\/AVR-Logo-op-groene-achtergrond-1.png","type":"image\/png"}],"twitter_card":"summary_large_image","twitter_misc":{"Tempo di lettura stimato":"1 minuto"},"schema":{"@context":"https:\/\/schema.org","@graph":[{"@type":"WebPage","@id":"https:\/\/borserini.com\/it\/partners-avr\/","url":"https:\/\/borserini.com\/it\/partners-avr\/","name":"Partners | AVR - Borserini","isPartOf":{"@id":"https:\/\/borserini.com\/it\/#website"},"primaryImageOfPage":{"@id":"https:\/\/borserini.com\/it\/partners-avr\/#primaryimage"},"image":{"@id":"https:\/\/borserini.com\/it\/partners-avr\/#primaryimage"},"thumbnailUrl":"https:\/\/borserini.com\/wp-content\/uploads\/AVR-Logo-op-groene-achtergrond-1.png","datePublished":"2021-04-18T17:40:14+00:00","dateModified":"2025-04-08T10:18:04+00:00","breadcrumb":{"@id":"https:\/\/borserini.com\/it\/partners-avr\/#breadcrumb"},"inLanguage":"it-IT","potentialAction":[{"@type":"ReadAction","target":["https:\/\/borserini.com\/it\/partners-avr\/"]}]},{"@type":"ImageObject","inLanguage":"it-IT","@id":"https:\/\/borserini.com\/it\/partners-avr\/#primaryimage","url":"https:\/\/borserini.com\/wp-content\/uploads\/AVR-Logo-op-groene-achtergrond-1.png","contentUrl":"https:\/\/borserini.com\/wp-content\/uploads\/AVR-Logo-op-groene-achtergrond-1.png","width":3543,"height":1890},{"@type":"BreadcrumbList","@id":"https:\/\/borserini.com\/it\/partners-avr\/#breadcrumb","itemListElement":[{"@type":"ListItem","position":1,"name":"Home","item":"https:\/\/borserini.com\/it\/"},{"@type":"ListItem","position":2,"name":"Partners | AVR"}]},{"@type":"WebSite","@id":"https:\/\/borserini.com\/it\/#website","url":"https:\/\/borserini.com\/it\/","name":"Borserini","description":"Technical and Filtration Solution","publisher":{"@id":"https:\/\/borserini.com\/it\/#organization"},"potentialAction":[{"@type":"SearchAction","target":{"@type":"EntryPoint","urlTemplate":"https:\/\/borserini.com\/it\/?s={search_term_string}"},"query-input":{"@type":"PropertyValueSpecification","valueRequired":true,"valueName":"search_term_string"}}],"inLanguage":"it-IT"},{"@type":"Organization","@id":"https:\/\/borserini.com\/it\/#organization","name":"BORSERINI SRL","url":"https:\/\/borserini.com\/it\/","logo":{"@type":"ImageObject","inLanguage":"it-IT","@id":"https:\/\/borserini.com\/it\/#\/schema\/logo\/image\/","url":"https:\/\/borserini.com\/wp-content\/uploads\/logo-anim-h60-v2.gif","contentUrl":"https:\/\/borserini.com\/wp-content\/uploads\/logo-anim-h60-v2.gif","width":300,"height":60,"caption":"BORSERINI SRL"},"image":{"@id":"https:\/\/borserini.com\/it\/#\/schema\/logo\/image\/"}}]}},"_links":{"self":[{"href":"https:\/\/borserini.com\/it\/wp-json\/wp\/v2\/pages\/6609","targetHints":{"allow":["GET"]}}],"collection":[{"href":"https:\/\/borserini.com\/it\/wp-json\/wp\/v2\/pages"}],"about":[{"href":"https:\/\/borserini.com\/it\/wp-json\/wp\/v2\/types\/page"}],"author":[{"embeddable":true,"href":"https:\/\/borserini.com\/it\/wp-json\/wp\/v2\/users\/1"}],"replies":[{"embeddable":true,"href":"https:\/\/borserini.com\/it\/wp-json\/wp\/v2\/comments?post=6609"}],"version-history":[{"count":22,"href":"https:\/\/borserini.com\/it\/wp-json\/wp\/v2\/pages\/6609\/revisions"}],"predecessor-version":[{"id":11699,"href":"https:\/\/borserini.com\/it\/wp-json\/wp\/v2\/pages\/6609\/revisions\/11699"}],"wp:featuredmedia":[{"embeddable":true,"href":"https:\/\/borserini.com\/it\/wp-json\/wp\/v2\/media\/11401"}],"wp:attachment":[{"href":"https:\/\/borserini.com\/it\/wp-json\/wp\/v2\/media?parent=6609"}],"curies":[{"name":"wp","href":"https:\/\/api.w.org\/{rel}","templated":true}]}}