{"id":6489,"date":"2021-03-30T11:50:29","date_gmt":"2021-03-30T09:50:29","guid":{"rendered":"https:\/\/borserini.com\/partners-genie-un-marchio-terex\/"},"modified":"2025-04-08T12:16:18","modified_gmt":"2025-04-08T10:16:18","slug":"partners-genie-un-marchio-terex","status":"publish","type":"page","link":"https:\/\/borserini.com\/it\/partners-genie-un-marchio-terex\/","title":{"rendered":"Partners | Genie un marchio Terex"},"content":{"rendered":"\t\t<div data-elementor-type=\"wp-page\" data-elementor-id=\"6489\" class=\"elementor elementor-6489 elementor-4222\" data-elementor-post-type=\"page\">\n\t\t\t\t\t\t<section class=\"elementor-section elementor-top-section elementor-element elementor-element-7eef8a4 elementor-section-height-min-height elementor-section-content-middle elementor-section-boxed elementor-section-height-default elementor-section-items-middle\" data-id=\"7eef8a4\" data-element_type=\"section\" data-e-type=\"section\" data-settings=\"{&quot;background_background&quot;:&quot;gradient&quot;}\">\n\t\t\t\t\t\t<div class=\"elementor-container elementor-column-gap-default\">\n\t\t\t\t\t<div class=\"elementor-column elementor-col-66 elementor-top-column elementor-element elementor-element-7a180b4\" data-id=\"7a180b4\" data-element_type=\"column\" data-e-type=\"column\">\n\t\t\t<div class=\"elementor-widget-wrap elementor-element-populated\">\n\t\t\t\t\t\t<div class=\"elementor-element elementor-element-819f354 elementor-widget-divider--view-line elementor-widget elementor-widget-divider\" data-id=\"819f354\" data-element_type=\"widget\" data-e-type=\"widget\" data-widget_type=\"divider.default\">\n\t\t\t\t<div class=\"elementor-widget-container\">\n\t\t\t\t\t\t\t<div class=\"elementor-divider\">\n\t\t\t<span class=\"elementor-divider-separator\">\n\t\t\t\t\t\t<\/span>\n\t\t<\/div>\n\t\t\t\t\t\t<\/div>\n\t\t\t\t<\/div>\n\t\t\t\t<div class=\"elementor-element elementor-element-ee22276 elementor-widget elementor-widget-text-editor\" data-id=\"ee22276\" data-element_type=\"widget\" data-e-type=\"widget\" data-widget_type=\"text-editor.default\">\n\t\t\t\t<div class=\"elementor-widget-container\">\n\t\t\t\t\t\t\t\t\t<h2>Piattaforme Aeree &amp; Movimentazione Materiali<\/h2>\n\t\t\t\t\t\t\t\t<\/div>\n\t\t\t\t<\/div>\n\t\t\t\t\t<\/div>\n\t\t<\/div>\n\t\t\t\t<div class=\"elementor-column elementor-col-33 elementor-top-column elementor-element elementor-element-77be90e\" data-id=\"77be90e\" data-element_type=\"column\" data-e-type=\"column\">\n\t\t\t<div class=\"elementor-widget-wrap elementor-element-populated\">\n\t\t\t\t\t\t<div class=\"elementor-element elementor-element-80e325a elementor-widget elementor-widget-image\" data-id=\"80e325a\" data-element_type=\"widget\" data-e-type=\"widget\" data-widget_type=\"image.default\">\n\t\t\t\t<div class=\"elementor-widget-container\">\n\t\t\t\t\t\t\t\t\t\t\t\t\t\t\t<img fetchpriority=\"high\" decoding=\"async\" width=\"800\" height=\"388\" src=\"https:\/\/borserini.com\/wp-content\/uploads\/Genie_BluBlk-1024x496.png\" class=\"attachment-large size-large wp-image-5773\" alt=\"Genie\" srcset=\"https:\/\/borserini.com\/wp-content\/uploads\/Genie_BluBlk-1024x496.png 1024w, https:\/\/borserini.com\/wp-content\/uploads\/Genie_BluBlk-300x145.png 300w, https:\/\/borserini.com\/wp-content\/uploads\/Genie_BluBlk-768x372.png 768w, https:\/\/borserini.com\/wp-content\/uploads\/Genie_BluBlk-600x290.png 600w, https:\/\/borserini.com\/wp-content\/uploads\/Genie_BluBlk.png 1370w\" sizes=\"(max-width: 800px) 100vw, 800px\" \/>\t\t\t\t\t\t\t\t\t\t\t\t\t\t\t<\/div>\n\t\t\t\t<\/div>\n\t\t\t\t\t<\/div>\n\t\t<\/div>\n\t\t\t\t\t<\/div>\n\t\t<\/section>\n\t\t\t\t<section class=\"elementor-section elementor-top-section elementor-element elementor-element-94dcfb4 elementor-section-boxed elementor-section-height-default elementor-section-height-default\" data-id=\"94dcfb4\" data-element_type=\"section\" data-e-type=\"section\">\n\t\t\t\t\t\t<div class=\"elementor-container elementor-column-gap-default\">\n\t\t\t\t\t<div class=\"elementor-column elementor-col-50 elementor-top-column elementor-element elementor-element-0e101ef\" data-id=\"0e101ef\" data-element_type=\"column\" data-e-type=\"column\">\n\t\t\t<div class=\"elementor-widget-wrap elementor-element-populated\">\n\t\t\t\t\t\t<div class=\"elementor-element elementor-element-2a3a050 elementor-widget elementor-widget-text-editor\" data-id=\"2a3a050\" data-element_type=\"widget\" data-e-type=\"widget\" data-widget_type=\"text-editor.default\">\n\t\t\t\t<div class=\"elementor-widget-container\">\n\t\t\t\t\t\t\t\t\t<p>Genie Industries venne fondata nel 1966 quando Bud Bushnell acquist\u00f2 i diritti di produzione di un sollevatore di materiali azionato da aria compressa. I clienti sembrarono particolarmente colpiti da quel \u201cgenio della lampada\u201d utilizzato per sollevare e abbassare l\u2019argano: da qui il nome \u201cGenie\u201d. Con l\u2019aumento della domanda di sollevatori di materiali e piattaforme aeree, la linea Genie\u00ae \u00e8 stata arricchita con prodotti come sollevatori di persone, piattaforme a braccio telescopico, piattaforme a braccio articolato e sollevatori telescopici.<\/p>\n<p>A causa della crisi economica che ha caratterizzato i primi anni 2000, l\u2019azienda ha deciso di cercare un partner che condividesse gli stessi valori. Terex Corporation, con alle spalle una lunga esperienza nell\u2019acquisizione di produttori di macchinari in tutto il mondo, si \u00e8 dimostrata una buona scelta, in linea con l\u2019attivit\u00e0 di Genie. Nel 2002, Genie Industries \u00e8 stata acquisita da Terex ed \u00e8 diventata il segmento Terex Aerial Work Platforms (AWP) del gruppo. La credibilit\u00e0 e la reputazione di cui il marchio Genie gode sul mercato hanno fatto s\u00ec che le macchine continuino a essere commercializzate in tutto il mondo con questo brand.<\/p>\n<p>\u201cSin dagli inizi, Genie si \u00e8 impegnata nello sviluppo di prodotti capaci di affrontare con successo le sfide che si presentano ai nostri clienti in cantiere &#8211; e si tratta di un processo che non conosce fine,\u201d dichiara Matt Fearon, Presidente di Genie, Terex AWP. \u201cIl nostro team di manager di prodotto e di ingegneri parte dagli input dei clienti per progettare nuovi prodotti, incorporando le pi\u00f9 recenti tecnologie per soddisfare esigenze in continua evoluzione. Costruiamo i nostri prodotti secondo gli standard pi\u00f9 severi per migliorare la qualit\u00e0 e ridurre i costi, ma anche per offrire elevati rendimenti del capitale investito nell&#8217;attivit\u00e0 di noleggio.\u201d<\/p>\n<p>Oggi le macchine Genie vengono usate in svariati settori e applicazioni di tutto il mondo, come noleggio, aviazione, edilizia, intrattenimento, settore militare e governativo, produzione industriale, nonch\u00e9 magazzini ed esercizi commerciali.<\/p>\n<p>In qualit\u00e0 di produttore leader a livello globale di macchine per il sollevamento, Genie \u00e8 impegnata a ridurre al minimo gli sprechi, a migliorare la qualit\u00e0, ad ascoltare i clienti e ad assicurare livelli di assistenza post-vendita di prim\u2019ordine. Questa strategia ha reso di Genie un marchio di fiducia per decenni, grazie all\u2019impegno costante per portare l\u2019attivit\u00e0 dei clienti ad un livello pi\u00f9 elevato.<\/p>\n<p>Dal garage di Bud Bushnell degli inizi ai 4.500 impiegati di oggi al servizio dei clienti in tutto il mondo, Genie \u00e8 la storia di un lavoro di squadra. I nostri clienti hanno avuto fiducia in noi e ci hanno aiutato a costruire e definire il settore delle piattaforme aeree, nonch\u00e9 a creare soluzioni per consentire agli operatori di lavorare in quota in sicurezza. Sar\u00e0 proprio il lavoro di squadra a permetterci di trovare nuove soluzioni e opportunit\u00e0 per portare i nostri clienti sempre pi\u00f9 in alto\u201d, spiega Fearon. \u201cPer noi, cinquant\u2019anni sono solo l\u2019inizio: il meglio deve ancora arrivare\u201d.<\/p>\n\t\t\t\t\t\t\t\t<\/div>\n\t\t\t\t<\/div>\n\t\t\t\t\t<\/div>\n\t\t<\/div>\n\t\t\t\t<div class=\"elementor-column elementor-col-50 elementor-top-column elementor-element elementor-element-a7a6607\" data-id=\"a7a6607\" data-element_type=\"column\" data-e-type=\"column\">\n\t\t\t<div class=\"elementor-widget-wrap elementor-element-populated\">\n\t\t\t\t\t\t<div class=\"elementor-element elementor-element-c7db6a9 elementor-skin-carousel elementor-arrows-yes elementor-pagination-type-bullets elementor-pagination-position-outside elementor-widget elementor-widget-media-carousel\" data-id=\"c7db6a9\" data-element_type=\"widget\" data-e-type=\"widget\" data-settings=\"{&quot;effect&quot;:&quot;cube&quot;,&quot;skin&quot;:&quot;carousel&quot;,&quot;show_arrows&quot;:&quot;yes&quot;,&quot;pagination&quot;:&quot;bullets&quot;,&quot;speed&quot;:500,&quot;autoplay&quot;:&quot;yes&quot;,&quot;autoplay_speed&quot;:5000,&quot;loop&quot;:&quot;yes&quot;,&quot;pause_on_hover&quot;:&quot;yes&quot;,&quot;pause_on_interaction&quot;:&quot;yes&quot;,&quot;space_between&quot;:{&quot;unit&quot;:&quot;px&quot;,&quot;size&quot;:10,&quot;sizes&quot;:[]},&quot;space_between_tablet&quot;:{&quot;unit&quot;:&quot;px&quot;,&quot;size&quot;:10,&quot;sizes&quot;:[]},&quot;space_between_mobile&quot;:{&quot;unit&quot;:&quot;px&quot;,&quot;size&quot;:10,&quot;sizes&quot;:[]}}\" data-widget_type=\"media-carousel.default\">\n\t\t\t\t<div class=\"elementor-widget-container\">\n\t\t\t\t\t\t\t\t\t<div class=\"elementor-swiper\">\n\t\t\t\t\t<div class=\"elementor-main-swiper swiper\" role=\"region\" aria-roledescription=\"carousel\" aria-label=\"Slides\">\n\t\t\t\t<div class=\"swiper-wrapper\">\n\t\t\t\t\t\t\t\t\t\t\t<div class=\"swiper-slide\" role=\"group\" aria-roledescription=\"slide\">\n\t\t\t\t\t\t\t<a href=\"https:\/\/borserini.com\/wp-content\/uploads\/GTH-2506_1.jpg\" data-elementor-open-lightbox=\"yes\" data-elementor-lightbox-slideshow=\"c7db6a9\" data-elementor-lightbox-title=\"GTH-2506_1\" data-e-action-hash=\"#elementor-action%3Aaction%3Dlightbox%26settings%3DeyJpZCI6NTgyNiwidXJsIjoiaHR0cHM6XC9cL2JvcnNlcmluaS5jb21cL3dwLWNvbnRlbnRcL3VwbG9hZHNcL0dUSC0yNTA2XzEuanBnIiwic2xpZGVzaG93IjoiYzdkYjZhOSJ9\">\t\t<div class=\"elementor-carousel-image\" role=\"img\" aria-label=\"GTH-2506_1\" style=\"background-image: url(&#039;https:\/\/borserini.com\/wp-content\/uploads\/GTH-2506_1.jpg&#039;)\">\n\n\t\t\t\n\t\t\t\t\t<\/div>\n\t\t<\/a>\t\t\t\t\t\t<\/div>\n\t\t\t\t\t\t\t\t\t\t\t<div class=\"swiper-slide\" role=\"group\" aria-roledescription=\"slide\">\n\t\t\t\t\t\t\t<a href=\"https:\/\/borserini.com\/wp-content\/uploads\/Z60-FE_13.jpg\" data-elementor-open-lightbox=\"yes\" data-elementor-lightbox-slideshow=\"c7db6a9\" data-elementor-lightbox-title=\"Z60-FE_13\" data-e-action-hash=\"#elementor-action%3Aaction%3Dlightbox%26settings%3DeyJpZCI6NTgzMSwidXJsIjoiaHR0cHM6XC9cL2JvcnNlcmluaS5jb21cL3dwLWNvbnRlbnRcL3VwbG9hZHNcL1o2MC1GRV8xMy5qcGciLCJzbGlkZXNob3ciOiJjN2RiNmE5In0%3D\">\t\t<div class=\"elementor-carousel-image\" role=\"img\" aria-label=\"Z60-FE_13\" style=\"background-image: url(&#039;https:\/\/borserini.com\/wp-content\/uploads\/Z60-FE_13.jpg&#039;)\">\n\n\t\t\t\n\t\t\t\t\t<\/div>\n\t\t<\/a>\t\t\t\t\t\t<\/div>\n\t\t\t\t\t\t\t\t\t\t\t<div class=\"swiper-slide\" role=\"group\" aria-roledescription=\"slide\">\n\t\t\t\t\t\t\t<a href=\"https:\/\/borserini.com\/wp-content\/uploads\/Z-45FE-city-scaled.jpg\" data-elementor-open-lightbox=\"yes\" data-elementor-lightbox-slideshow=\"c7db6a9\" data-elementor-lightbox-title=\"Z-45FE-city\" data-e-action-hash=\"#elementor-action%3Aaction%3Dlightbox%26settings%3DeyJpZCI6NTgzMCwidXJsIjoiaHR0cHM6XC9cL2JvcnNlcmluaS5jb21cL3dwLWNvbnRlbnRcL3VwbG9hZHNcL1otNDVGRS1jaXR5LXNjYWxlZC5qcGciLCJzbGlkZXNob3ciOiJjN2RiNmE5In0%3D\">\t\t<div class=\"elementor-carousel-image\" role=\"img\" aria-label=\"Z-45FE-city\" style=\"background-image: url(&#039;https:\/\/borserini.com\/wp-content\/uploads\/Z-45FE-city-scaled.jpg&#039;)\">\n\n\t\t\t\n\t\t\t\t\t<\/div>\n\t\t<\/a>\t\t\t\t\t\t<\/div>\n\t\t\t\t\t\t\t\t\t\t\t<div class=\"swiper-slide\" role=\"group\" aria-roledescription=\"slide\">\n\t\t\t\t\t\t\t\t\t<div class=\"elementor-carousel-image\" role=\"img\" aria-label=\"Z-45_FE_16\" style=\"background-image: url(&#039;https:\/\/borserini.com\/wp-content\/uploads\/Z-45_FE_16.jpg&#039;)\">\n\n\t\t\t\n\t\t\t\t\t<\/div>\n\t\t\t\t\t\t\t\t<\/div>\n\t\t\t\t\t\t\t\t\t\t\t<div class=\"swiper-slide\" role=\"group\" aria-roledescription=\"slide\">\n\t\t\t\t\t\t\t\t\t<div class=\"elementor-carousel-image\" role=\"img\" aria-label=\"Z-33_oldtown_WEB_44\" style=\"background-image: url(&#039;https:\/\/borserini.com\/wp-content\/uploads\/Z-33_oldtown_WEB_44-scaled.jpg&#039;)\">\n\n\t\t\t\n\t\t\t\t\t<\/div>\n\t\t\t\t\t\t\t\t<\/div>\n\t\t\t\t\t\t\t\t\t<\/div>\n\t\t\t\t\t\t\t\t\t\t\t\t\t\t\t<div class=\"elementor-swiper-button elementor-swiper-button-prev\" role=\"button\" tabindex=\"0\" aria-label=\"Precedente\">\n\t\t\t\t\t\t\t<svg aria-hidden=\"true\" class=\"e-font-icon-svg e-eicon-chevron-left\" viewBox=\"0 0 1000 1000\" xmlns=\"http:\/\/www.w3.org\/2000\/svg\"><path d=\"M646 125C629 125 613 133 604 142L308 442C296 454 292 471 292 487 292 504 296 521 308 533L604 854C617 867 629 875 646 875 663 875 679 871 692 858 704 846 713 829 713 812 713 796 708 779 692 767L438 487 692 225C700 217 708 204 708 187 708 171 704 154 692 142 675 129 663 125 646 125Z\"><\/path><\/svg>\t\t\t\t\t\t<\/div>\n\t\t\t\t\t\t<div class=\"elementor-swiper-button elementor-swiper-button-next\" role=\"button\" tabindex=\"0\" aria-label=\"Successivo\">\n\t\t\t\t\t\t\t<svg aria-hidden=\"true\" class=\"e-font-icon-svg e-eicon-chevron-right\" viewBox=\"0 0 1000 1000\" xmlns=\"http:\/\/www.w3.org\/2000\/svg\"><path d=\"M696 533C708 521 713 504 713 487 713 471 708 454 696 446L400 146C388 133 375 125 354 125 338 125 325 129 313 142 300 154 292 171 292 187 292 204 296 221 308 233L563 492 304 771C292 783 288 800 288 817 288 833 296 850 308 863 321 871 338 875 354 875 371 875 388 867 400 854L696 533Z\"><\/path><\/svg>\t\t\t\t\t\t<\/div>\n\t\t\t\t\t\t\t\t\t\t\t\t\t\t\t\t<div class=\"swiper-pagination\"><\/div>\n\t\t\t\t\t\t\t\t\t\t\t\t<\/div>\n\t\t\t\t<\/div>\n\t\t\t\t\t\t\t\t<\/div>\n\t\t\t\t<\/div>\n\t\t\t\t<div class=\"elementor-element elementor-element-de08bd3 elementor-widget-divider--view-line elementor-widget elementor-widget-divider\" data-id=\"de08bd3\" data-element_type=\"widget\" data-e-type=\"widget\" data-widget_type=\"divider.default\">\n\t\t\t\t<div class=\"elementor-widget-container\">\n\t\t\t\t\t\t\t<div class=\"elementor-divider\">\n\t\t\t<span class=\"elementor-divider-separator\">\n\t\t\t\t\t\t<\/span>\n\t\t<\/div>\n\t\t\t\t\t\t<\/div>\n\t\t\t\t<\/div>\n\t\t\t\t<div class=\"elementor-element elementor-element-4500035 elementor-align-center elementor-widget elementor-widget-button\" data-id=\"4500035\" data-element_type=\"widget\" data-e-type=\"widget\" data-widget_type=\"button.default\">\n\t\t\t\t<div class=\"elementor-widget-container\">\n\t\t\t\t\t\t\t\t\t<div class=\"elementor-button-wrapper\">\n\t\t\t\t\t<a class=\"elementor-button elementor-button-link elementor-size-md\" href=\"https:\/\/www.genielift.com\/it\/\" target=\"_blank\">\n\t\t\t\t\t\t<span class=\"elementor-button-content-wrapper\">\n\t\t\t\t\t\t\t\t\t<span class=\"elementor-button-text\">Visita il sito del nostro partner <\/span>\n\t\t\t\t\t<\/span>\n\t\t\t\t\t<\/a>\n\t\t\t\t<\/div>\n\t\t\t\t\t\t\t\t<\/div>\n\t\t\t\t<\/div>\n\t\t\t\t\t<\/div>\n\t\t<\/div>\n\t\t\t\t\t<\/div>\n\t\t<\/section>\n\t\t\t\t<\/div>\n\t\t","protected":false},"excerpt":{"rendered":"<p>Piattaforme Aeree &amp; Movimentazione Materiali Genie Industries venne fondata nel 1966 quando Bud Bushnell acquist\u00f2 i diritti di produzione di un sollevatore di materiali azionato da aria compressa. I clienti sembrarono particolarmente colpiti da quel \u201cgenio della lampada\u201d utilizzato per sollevare e abbassare l\u2019argano: da qui il nome \u201cGenie\u201d. Con l\u2019aumento della domanda di sollevatori [&hellip;]<\/p>\n","protected":false},"author":1,"featured_media":0,"parent":0,"menu_order":0,"comment_status":"closed","ping_status":"closed","template":"elementor_header_footer","meta":{"footnotes":""},"class_list":["post-6489","page","type-page","status-publish","hentry"],"yoast_head":"<!-- This site is optimized with the Yoast SEO plugin v27.3 - https:\/\/yoast.com\/product\/yoast-seo-wordpress\/ -->\n<title>Partners | Genie un marchio Terex - Borserini<\/title>\n<meta name=\"robots\" content=\"index, follow, max-snippet:-1, max-image-preview:large, max-video-preview:-1\" \/>\n<link rel=\"canonical\" href=\"https:\/\/borserini.com\/it\/partners-genie-un-marchio-terex\/\" \/>\n<meta property=\"og:locale\" content=\"it_IT\" \/>\n<meta property=\"og:type\" content=\"article\" \/>\n<meta property=\"og:title\" content=\"Partners | Genie un marchio Terex - Borserini\" \/>\n<meta property=\"og:description\" content=\"Piattaforme Aeree &amp; Movimentazione Materiali Genie Industries venne fondata nel 1966 quando Bud Bushnell acquist\u00f2 i diritti di produzione di un sollevatore di materiali azionato da aria compressa. I clienti sembrarono particolarmente colpiti da quel \u201cgenio della lampada\u201d utilizzato per sollevare e abbassare l\u2019argano: da qui il nome \u201cGenie\u201d. Con l\u2019aumento della domanda di sollevatori [&hellip;]\" \/>\n<meta property=\"og:url\" content=\"https:\/\/borserini.com\/it\/partners-genie-un-marchio-terex\/\" \/>\n<meta property=\"og:site_name\" content=\"Borserini\" \/>\n<meta property=\"article:modified_time\" content=\"2025-04-08T10:16:18+00:00\" \/>\n<meta property=\"og:image\" content=\"https:\/\/borserini.com\/wp-content\/uploads\/Genie_BluBlk.png\" \/>\n\t<meta property=\"og:image:width\" content=\"1370\" \/>\n\t<meta property=\"og:image:height\" content=\"663\" \/>\n\t<meta property=\"og:image:type\" content=\"image\/png\" \/>\n<meta name=\"twitter:card\" content=\"summary_large_image\" \/>\n<meta name=\"twitter:label1\" content=\"Tempo di lettura stimato\" \/>\n\t<meta name=\"twitter:data1\" content=\"2 minuti\" \/>\n<script type=\"application\/ld+json\" class=\"yoast-schema-graph\">{\"@context\":\"https:\\\/\\\/schema.org\",\"@graph\":[{\"@type\":\"WebPage\",\"@id\":\"https:\\\/\\\/borserini.com\\\/it\\\/partners-genie-un-marchio-terex\\\/\",\"url\":\"https:\\\/\\\/borserini.com\\\/it\\\/partners-genie-un-marchio-terex\\\/\",\"name\":\"Partners | Genie un marchio Terex - Borserini\",\"isPartOf\":{\"@id\":\"https:\\\/\\\/borserini.com\\\/it\\\/#website\"},\"primaryImageOfPage\":{\"@id\":\"https:\\\/\\\/borserini.com\\\/it\\\/partners-genie-un-marchio-terex\\\/#primaryimage\"},\"image\":{\"@id\":\"https:\\\/\\\/borserini.com\\\/it\\\/partners-genie-un-marchio-terex\\\/#primaryimage\"},\"thumbnailUrl\":\"https:\\\/\\\/borserini.com\\\/wp-content\\\/uploads\\\/Genie_BluBlk-1024x496.png\",\"datePublished\":\"2021-03-30T09:50:29+00:00\",\"dateModified\":\"2025-04-08T10:16:18+00:00\",\"breadcrumb\":{\"@id\":\"https:\\\/\\\/borserini.com\\\/it\\\/partners-genie-un-marchio-terex\\\/#breadcrumb\"},\"inLanguage\":\"it-IT\",\"potentialAction\":[{\"@type\":\"ReadAction\",\"target\":[\"https:\\\/\\\/borserini.com\\\/it\\\/partners-genie-un-marchio-terex\\\/\"]}]},{\"@type\":\"ImageObject\",\"inLanguage\":\"it-IT\",\"@id\":\"https:\\\/\\\/borserini.com\\\/it\\\/partners-genie-un-marchio-terex\\\/#primaryimage\",\"url\":\"https:\\\/\\\/borserini.com\\\/wp-content\\\/uploads\\\/Genie_BluBlk-1024x496.png\",\"contentUrl\":\"https:\\\/\\\/borserini.com\\\/wp-content\\\/uploads\\\/Genie_BluBlk-1024x496.png\"},{\"@type\":\"BreadcrumbList\",\"@id\":\"https:\\\/\\\/borserini.com\\\/it\\\/partners-genie-un-marchio-terex\\\/#breadcrumb\",\"itemListElement\":[{\"@type\":\"ListItem\",\"position\":1,\"name\":\"Home\",\"item\":\"https:\\\/\\\/borserini.com\\\/it\\\/\"},{\"@type\":\"ListItem\",\"position\":2,\"name\":\"Partners | Genie un marchio Terex\"}]},{\"@type\":\"WebSite\",\"@id\":\"https:\\\/\\\/borserini.com\\\/it\\\/#website\",\"url\":\"https:\\\/\\\/borserini.com\\\/it\\\/\",\"name\":\"Borserini\",\"description\":\"Technical and Filtration Solution\",\"publisher\":{\"@id\":\"https:\\\/\\\/borserini.com\\\/it\\\/#organization\"},\"potentialAction\":[{\"@type\":\"SearchAction\",\"target\":{\"@type\":\"EntryPoint\",\"urlTemplate\":\"https:\\\/\\\/borserini.com\\\/it\\\/?s={search_term_string}\"},\"query-input\":{\"@type\":\"PropertyValueSpecification\",\"valueRequired\":true,\"valueName\":\"search_term_string\"}}],\"inLanguage\":\"it-IT\"},{\"@type\":\"Organization\",\"@id\":\"https:\\\/\\\/borserini.com\\\/it\\\/#organization\",\"name\":\"BORSERINI SRL\",\"url\":\"https:\\\/\\\/borserini.com\\\/it\\\/\",\"logo\":{\"@type\":\"ImageObject\",\"inLanguage\":\"it-IT\",\"@id\":\"https:\\\/\\\/borserini.com\\\/it\\\/#\\\/schema\\\/logo\\\/image\\\/\",\"url\":\"https:\\\/\\\/borserini.com\\\/wp-content\\\/uploads\\\/logo-anim-h60-v2.gif\",\"contentUrl\":\"https:\\\/\\\/borserini.com\\\/wp-content\\\/uploads\\\/logo-anim-h60-v2.gif\",\"width\":300,\"height\":60,\"caption\":\"BORSERINI SRL\"},\"image\":{\"@id\":\"https:\\\/\\\/borserini.com\\\/it\\\/#\\\/schema\\\/logo\\\/image\\\/\"}}]}<\/script>\n<!-- \/ Yoast SEO plugin. -->","yoast_head_json":{"title":"Partners | Genie un marchio Terex - Borserini","robots":{"index":"index","follow":"follow","max-snippet":"max-snippet:-1","max-image-preview":"max-image-preview:large","max-video-preview":"max-video-preview:-1"},"canonical":"https:\/\/borserini.com\/it\/partners-genie-un-marchio-terex\/","og_locale":"it_IT","og_type":"article","og_title":"Partners | Genie un marchio Terex - Borserini","og_description":"Piattaforme Aeree &amp; Movimentazione Materiali Genie Industries venne fondata nel 1966 quando Bud Bushnell acquist\u00f2 i diritti di produzione di un sollevatore di materiali azionato da aria compressa. I clienti sembrarono particolarmente colpiti da quel \u201cgenio della lampada\u201d utilizzato per sollevare e abbassare l\u2019argano: da qui il nome \u201cGenie\u201d. Con l\u2019aumento della domanda di sollevatori [&hellip;]","og_url":"https:\/\/borserini.com\/it\/partners-genie-un-marchio-terex\/","og_site_name":"Borserini","article_modified_time":"2025-04-08T10:16:18+00:00","og_image":[{"width":1370,"height":663,"url":"https:\/\/borserini.com\/wp-content\/uploads\/Genie_BluBlk.png","type":"image\/png"}],"twitter_card":"summary_large_image","twitter_misc":{"Tempo di lettura stimato":"2 minuti"},"schema":{"@context":"https:\/\/schema.org","@graph":[{"@type":"WebPage","@id":"https:\/\/borserini.com\/it\/partners-genie-un-marchio-terex\/","url":"https:\/\/borserini.com\/it\/partners-genie-un-marchio-terex\/","name":"Partners | Genie un marchio Terex - Borserini","isPartOf":{"@id":"https:\/\/borserini.com\/it\/#website"},"primaryImageOfPage":{"@id":"https:\/\/borserini.com\/it\/partners-genie-un-marchio-terex\/#primaryimage"},"image":{"@id":"https:\/\/borserini.com\/it\/partners-genie-un-marchio-terex\/#primaryimage"},"thumbnailUrl":"https:\/\/borserini.com\/wp-content\/uploads\/Genie_BluBlk-1024x496.png","datePublished":"2021-03-30T09:50:29+00:00","dateModified":"2025-04-08T10:16:18+00:00","breadcrumb":{"@id":"https:\/\/borserini.com\/it\/partners-genie-un-marchio-terex\/#breadcrumb"},"inLanguage":"it-IT","potentialAction":[{"@type":"ReadAction","target":["https:\/\/borserini.com\/it\/partners-genie-un-marchio-terex\/"]}]},{"@type":"ImageObject","inLanguage":"it-IT","@id":"https:\/\/borserini.com\/it\/partners-genie-un-marchio-terex\/#primaryimage","url":"https:\/\/borserini.com\/wp-content\/uploads\/Genie_BluBlk-1024x496.png","contentUrl":"https:\/\/borserini.com\/wp-content\/uploads\/Genie_BluBlk-1024x496.png"},{"@type":"BreadcrumbList","@id":"https:\/\/borserini.com\/it\/partners-genie-un-marchio-terex\/#breadcrumb","itemListElement":[{"@type":"ListItem","position":1,"name":"Home","item":"https:\/\/borserini.com\/it\/"},{"@type":"ListItem","position":2,"name":"Partners | Genie un marchio Terex"}]},{"@type":"WebSite","@id":"https:\/\/borserini.com\/it\/#website","url":"https:\/\/borserini.com\/it\/","name":"Borserini","description":"Technical and Filtration Solution","publisher":{"@id":"https:\/\/borserini.com\/it\/#organization"},"potentialAction":[{"@type":"SearchAction","target":{"@type":"EntryPoint","urlTemplate":"https:\/\/borserini.com\/it\/?s={search_term_string}"},"query-input":{"@type":"PropertyValueSpecification","valueRequired":true,"valueName":"search_term_string"}}],"inLanguage":"it-IT"},{"@type":"Organization","@id":"https:\/\/borserini.com\/it\/#organization","name":"BORSERINI SRL","url":"https:\/\/borserini.com\/it\/","logo":{"@type":"ImageObject","inLanguage":"it-IT","@id":"https:\/\/borserini.com\/it\/#\/schema\/logo\/image\/","url":"https:\/\/borserini.com\/wp-content\/uploads\/logo-anim-h60-v2.gif","contentUrl":"https:\/\/borserini.com\/wp-content\/uploads\/logo-anim-h60-v2.gif","width":300,"height":60,"caption":"BORSERINI SRL"},"image":{"@id":"https:\/\/borserini.com\/it\/#\/schema\/logo\/image\/"}}]}},"_links":{"self":[{"href":"https:\/\/borserini.com\/it\/wp-json\/wp\/v2\/pages\/6489","targetHints":{"allow":["GET"]}}],"collection":[{"href":"https:\/\/borserini.com\/it\/wp-json\/wp\/v2\/pages"}],"about":[{"href":"https:\/\/borserini.com\/it\/wp-json\/wp\/v2\/types\/page"}],"author":[{"embeddable":true,"href":"https:\/\/borserini.com\/it\/wp-json\/wp\/v2\/users\/1"}],"replies":[{"embeddable":true,"href":"https:\/\/borserini.com\/it\/wp-json\/wp\/v2\/comments?post=6489"}],"version-history":[{"count":5,"href":"https:\/\/borserini.com\/it\/wp-json\/wp\/v2\/pages\/6489\/revisions"}],"predecessor-version":[{"id":11693,"href":"https:\/\/borserini.com\/it\/wp-json\/wp\/v2\/pages\/6489\/revisions\/11693"}],"wp:attachment":[{"href":"https:\/\/borserini.com\/it\/wp-json\/wp\/v2\/media?parent=6489"}],"curies":[{"name":"wp","href":"https:\/\/api.w.org\/{rel}","templated":true}]}}