{"id":15070,"date":"2025-12-12T11:19:03","date_gmt":"2025-12-12T10:19:03","guid":{"rendered":"https:\/\/borserini.com\/?page_id=15070"},"modified":"2025-12-16T08:33:41","modified_gmt":"2025-12-16T07:33:41","slug":"partners-hiab","status":"publish","type":"page","link":"https:\/\/borserini.com\/it\/partners-hiab\/","title":{"rendered":"Partners | HIAB"},"content":{"rendered":"\t\t<div data-elementor-type=\"wp-page\" data-elementor-id=\"15070\" class=\"elementor elementor-15070 elementor-15069\" data-elementor-post-type=\"page\">\n\t\t\t\t\t\t<section class=\"elementor-section elementor-top-section elementor-element elementor-element-7eef8a4 elementor-section-height-min-height elementor-section-content-middle elementor-section-boxed elementor-section-height-default elementor-section-items-middle\" data-id=\"7eef8a4\" data-element_type=\"section\" data-e-type=\"section\" data-settings=\"{&quot;background_background&quot;:&quot;gradient&quot;}\">\n\t\t\t\t\t\t<div class=\"elementor-container elementor-column-gap-default\">\n\t\t\t\t\t<div class=\"elementor-column elementor-col-66 elementor-top-column elementor-element elementor-element-7a180b4\" data-id=\"7a180b4\" data-element_type=\"column\" data-e-type=\"column\">\n\t\t\t<div class=\"elementor-widget-wrap elementor-element-populated\">\n\t\t\t\t\t\t<div class=\"elementor-element elementor-element-819f354 elementor-widget-divider--view-line elementor-widget elementor-widget-divider\" data-id=\"819f354\" data-element_type=\"widget\" data-e-type=\"widget\" data-widget_type=\"divider.default\">\n\t\t\t\t<div class=\"elementor-widget-container\">\n\t\t\t\t\t\t\t<div class=\"elementor-divider\">\n\t\t\t<span class=\"elementor-divider-separator\">\n\t\t\t\t\t\t<\/span>\n\t\t<\/div>\n\t\t\t\t\t\t<\/div>\n\t\t\t\t<\/div>\n\t\t\t\t<div class=\"elementor-element elementor-element-ee22276 elementor-widget elementor-widget-text-editor\" data-id=\"ee22276\" data-element_type=\"widget\" data-e-type=\"widget\" data-widget_type=\"text-editor.default\">\n\t\t\t\t<div class=\"elementor-widget-container\">\n\t\t\t\t\t\t\t\t\t<h2><strong>Hiab: Da leader globale, plasma l&#8217;eccellenza nella movimentazione dei carichi.<\/strong><\/h2>\n\t\t\t\t\t\t\t\t<\/div>\n\t\t\t\t<\/div>\n\t\t\t\t\t<\/div>\n\t\t<\/div>\n\t\t\t\t<div class=\"elementor-column elementor-col-33 elementor-top-column elementor-element elementor-element-77be90e\" data-id=\"77be90e\" data-element_type=\"column\" data-e-type=\"column\">\n\t\t\t<div class=\"elementor-widget-wrap elementor-element-populated\">\n\t\t\t\t\t\t<div class=\"elementor-element elementor-element-80e325a elementor-widget__width-initial elementor-widget elementor-widget-image\" data-id=\"80e325a\" data-element_type=\"widget\" data-e-type=\"widget\" data-widget_type=\"image.default\">\n\t\t\t\t<div class=\"elementor-widget-container\">\n\t\t\t\t\t\t\t\t\t\t\t\t\t\t\t<img decoding=\"async\" width=\"300\" height=\"141\" src=\"https:\/\/borserini.com\/wp-content\/uploads\/hiab_logo_sfonfo-nero_1-3-300x141.jpg\" class=\"attachment-medium size-medium wp-image-15229\" alt=\"\" srcset=\"https:\/\/borserini.com\/wp-content\/uploads\/hiab_logo_sfonfo-nero_1-3-300x141.jpg 300w, https:\/\/borserini.com\/wp-content\/uploads\/hiab_logo_sfonfo-nero_1-3-768x360.jpg 768w, https:\/\/borserini.com\/wp-content\/uploads\/hiab_logo_sfonfo-nero_1-3-600x281.jpg 600w, https:\/\/borserini.com\/wp-content\/uploads\/hiab_logo_sfonfo-nero_1-3.jpg 800w\" sizes=\"(max-width: 300px) 100vw, 300px\" \/>\t\t\t\t\t\t\t\t\t\t\t\t\t\t\t<\/div>\n\t\t\t\t<\/div>\n\t\t\t\t\t<\/div>\n\t\t<\/div>\n\t\t\t\t\t<\/div>\n\t\t<\/section>\n\t\t\t\t<section class=\"elementor-section elementor-top-section elementor-element elementor-element-94dcfb4 elementor-section-boxed elementor-section-height-default elementor-section-height-default\" data-id=\"94dcfb4\" data-element_type=\"section\" data-e-type=\"section\">\n\t\t\t\t\t\t<div class=\"elementor-container elementor-column-gap-default\">\n\t\t\t\t\t<div class=\"elementor-column elementor-col-50 elementor-top-column elementor-element elementor-element-0e101ef\" data-id=\"0e101ef\" data-element_type=\"column\" data-e-type=\"column\">\n\t\t\t<div class=\"elementor-widget-wrap elementor-element-populated\">\n\t\t\t\t\t\t<div class=\"elementor-element elementor-element-2a3a050 elementor-widget elementor-widget-text-editor\" data-id=\"2a3a050\" data-element_type=\"widget\" data-e-type=\"widget\" data-widget_type=\"text-editor.default\">\n\t\t\t\t<div class=\"elementor-widget-container\">\n\t\t\t\t\t\t\t\t\t<h3><strong>HIAB: Soluzioni Intelligenti E Sostenibili Per La Movimentazione Dei Carichi.<\/strong><\/h3>\n<p>Hiab \u00e8 il pioniere globale nelle soluzioni di movimentazione carichi su strada, focalizzato su innovazione, sostenibilit\u00e0 e affidabilit\u00e0, con una lunga storia di primati nel settore.<\/p>\n<p>Le sue gamme di attrezzature premium includono un <em>portfolio<\/em> specializzato e di alta qualit\u00e0:<\/p>\n<ul>\n<li>Gru da Carico (HIAB, EFFER e ARGOS)<\/li>\n<li>Gru Specializzate (LOGLIFT-forestali &amp; JONSERED-riciclo)<\/li>\n<li>Sistemi Scarrabili (MULTILIFT-demontabili\/hooklifts &amp; GALFAB &#8211; argani a cavo roll-off)<\/li>\n<li>Sponde Idrauliche (ZEPRO, DEL &amp; WALTCO)<\/li>\n<li>Soluzioni Smart (HIPERFORM &#8211; soluzioni intelligenti per la produttivit\u00e0)<\/li>\n<li><strong>Carrelli Elevatori Trasportabili <\/strong>(<strong>MOFFETT <\/strong>e PRINCETON)<strong>\u00a0<\/strong><\/li>\n<\/ul>\n<p><strong>L&#8217;Importanza Strategica dei Carrelli Elevatori. \u00a0<\/strong>I carrelli elevatori sono un asset strategico che connette produzione, stoccaggio e distribuzione. Essi massimizzano l&#8217;efficienza logistica e migliorano la sicurezza rispetto al lavoro manuale. Rappresentano un investimento cruciale che trasforma il magazzino in un centro di profitto organizzato e sicuro.<\/p>\n<p>La filosofia Hiab si basa sulla comprensione profonda delle esigenze dei clienti. Questo si traduce in:<\/p>\n<ul>\n<li>Soluzioni Specializzate (attrezzature specifiche).<\/li>\n<li>Servizi Superiori (assistenza post-vendita avanzata).<\/li>\n<li>Passione e Competenza di un team globale di oltre 4.000 esperti dedicati.<\/li>\n<\/ul>\n\t\t\t\t\t\t\t\t<\/div>\n\t\t\t\t<\/div>\n\t\t<div class=\"elementor-element elementor-element-b835d0c e-flex e-con-boxed e-con e-parent\" data-id=\"b835d0c\" data-element_type=\"container\" data-e-type=\"container\">\n\t\t\t\t\t<div class=\"e-con-inner\">\n\t\t\t\t<div class=\"elementor-element elementor-element-e59f636 elementor-widget elementor-widget-video\" data-id=\"e59f636\" data-element_type=\"widget\" data-e-type=\"widget\" data-settings=\"{&quot;youtube_url&quot;:&quot;https:\\\/\\\/www.youtube.com\\\/watch?v=hklKTm8byaA&amp;t=6s&quot;,&quot;autoplay&quot;:&quot;yes&quot;,&quot;video_type&quot;:&quot;youtube&quot;,&quot;controls&quot;:&quot;yes&quot;}\" data-widget_type=\"video.default\">\n\t\t\t\t<div class=\"elementor-widget-container\">\n\t\t\t\t\t\t\t<div class=\"elementor-wrapper elementor-open-inline\">\n\t\t\t<div class=\"elementor-video\"><\/div>\t\t<\/div>\n\t\t\t\t\t\t<\/div>\n\t\t\t\t<\/div>\n\t\t\t\t\t<\/div>\n\t\t\t\t<\/div>\n\t\t\t\t\t<\/div>\n\t\t<\/div>\n\t\t\t\t<div class=\"elementor-column elementor-col-50 elementor-top-column elementor-element elementor-element-a7a6607\" data-id=\"a7a6607\" data-element_type=\"column\" data-e-type=\"column\">\n\t\t\t<div class=\"elementor-widget-wrap elementor-element-populated\">\n\t\t\t\t\t\t<div class=\"elementor-element elementor-element-c7db6a9 elementor-skin-carousel elementor-arrows-yes elementor-pagination-type-bullets elementor-pagination-position-outside elementor-widget elementor-widget-media-carousel\" data-id=\"c7db6a9\" data-element_type=\"widget\" data-e-type=\"widget\" data-settings=\"{&quot;effect&quot;:&quot;cube&quot;,&quot;speed&quot;:650,&quot;skin&quot;:&quot;carousel&quot;,&quot;show_arrows&quot;:&quot;yes&quot;,&quot;pagination&quot;:&quot;bullets&quot;,&quot;autoplay&quot;:&quot;yes&quot;,&quot;autoplay_speed&quot;:5000,&quot;loop&quot;:&quot;yes&quot;,&quot;pause_on_hover&quot;:&quot;yes&quot;,&quot;pause_on_interaction&quot;:&quot;yes&quot;,&quot;space_between&quot;:{&quot;unit&quot;:&quot;px&quot;,&quot;size&quot;:10,&quot;sizes&quot;:[]},&quot;space_between_tablet&quot;:{&quot;unit&quot;:&quot;px&quot;,&quot;size&quot;:10,&quot;sizes&quot;:[]},&quot;space_between_mobile&quot;:{&quot;unit&quot;:&quot;px&quot;,&quot;size&quot;:10,&quot;sizes&quot;:[]}}\" data-widget_type=\"media-carousel.default\">\n\t\t\t\t<div class=\"elementor-widget-container\">\n\t\t\t\t\t\t\t\t\t<div class=\"elementor-swiper\">\n\t\t\t\t\t<div class=\"elementor-main-swiper swiper\" role=\"region\" aria-roledescription=\"carousel\" aria-label=\"Slides\">\n\t\t\t\t<div class=\"swiper-wrapper\">\n\t\t\t\t\t\t\t\t\t\t\t<div class=\"swiper-slide\" role=\"group\" aria-roledescription=\"slide\">\n\t\t\t\t\t\t\t<a href=\"https:\/\/borserini.com\/wp-content\/uploads\/moffett-1.webp\" data-elementor-open-lightbox=\"yes\" data-elementor-lightbox-slideshow=\"c7db6a9\" data-elementor-lightbox-title=\"moffett-1\" data-e-action-hash=\"#elementor-action%3Aaction%3Dlightbox%26settings%3DeyJpZCI6MTUwOTIsInVybCI6Imh0dHBzOlwvXC9ib3JzZXJpbmkuY29tXC93cC1jb250ZW50XC91cGxvYWRzXC9tb2ZmZXR0LTEud2VicCIsInNsaWRlc2hvdyI6ImM3ZGI2YTkifQ%3D%3D\">\t\t<div class=\"elementor-carousel-image\" role=\"img\" aria-label=\"moffett-1\" style=\"background-image: url(&#039;https:\/\/borserini.com\/wp-content\/uploads\/moffett-1.webp&#039;)\">\n\n\t\t\t\n\t\t\t\t\t<\/div>\n\t\t<\/a>\t\t\t\t\t\t<\/div>\n\t\t\t\t\t\t\t\t\t\t\t<div class=\"swiper-slide\" role=\"group\" aria-roledescription=\"slide\">\n\t\t\t\t\t\t\t<a href=\"https:\/\/borserini.com\/wp-content\/uploads\/Moffett-2.webp\" data-elementor-open-lightbox=\"yes\" data-elementor-lightbox-slideshow=\"c7db6a9\" data-elementor-lightbox-title=\"Moffett-2\" data-e-action-hash=\"#elementor-action%3Aaction%3Dlightbox%26settings%3DeyJpZCI6MTUwOTQsInVybCI6Imh0dHBzOlwvXC9ib3JzZXJpbmkuY29tXC93cC1jb250ZW50XC91cGxvYWRzXC9Nb2ZmZXR0LTIud2VicCIsInNsaWRlc2hvdyI6ImM3ZGI2YTkifQ%3D%3D\">\t\t<div class=\"elementor-carousel-image\" role=\"img\" aria-label=\"Moffett-2\" style=\"background-image: url(&#039;https:\/\/borserini.com\/wp-content\/uploads\/Moffett-2.webp&#039;)\">\n\n\t\t\t\n\t\t\t\t\t<\/div>\n\t\t<\/a>\t\t\t\t\t\t<\/div>\n\t\t\t\t\t\t\t\t\t\t\t<div class=\"swiper-slide\" role=\"group\" aria-roledescription=\"slide\">\n\t\t\t\t\t\t\t<a href=\"https:\/\/borserini.com\/wp-content\/uploads\/Moffett-3.webp\" data-elementor-open-lightbox=\"yes\" data-elementor-lightbox-slideshow=\"c7db6a9\" data-elementor-lightbox-title=\"Moffett-3\" data-e-action-hash=\"#elementor-action%3Aaction%3Dlightbox%26settings%3DeyJpZCI6MTUwOTYsInVybCI6Imh0dHBzOlwvXC9ib3JzZXJpbmkuY29tXC93cC1jb250ZW50XC91cGxvYWRzXC9Nb2ZmZXR0LTMud2VicCIsInNsaWRlc2hvdyI6ImM3ZGI2YTkifQ%3D%3D\">\t\t<div class=\"elementor-carousel-image\" role=\"img\" aria-label=\"Moffett-3\" style=\"background-image: url(&#039;https:\/\/borserini.com\/wp-content\/uploads\/Moffett-3.webp&#039;)\">\n\n\t\t\t\n\t\t\t\t\t<\/div>\n\t\t<\/a>\t\t\t\t\t\t<\/div>\n\t\t\t\t\t\t\t\t\t\t\t<div class=\"swiper-slide\" role=\"group\" aria-roledescription=\"slide\">\n\t\t\t\t\t\t\t<a href=\"https:\/\/borserini.com\/wp-content\/uploads\/Moffett-4.webp\" data-elementor-open-lightbox=\"yes\" data-elementor-lightbox-slideshow=\"c7db6a9\" data-elementor-lightbox-title=\"Moffett-4\" data-e-action-hash=\"#elementor-action%3Aaction%3Dlightbox%26settings%3DeyJpZCI6MTUwOTgsInVybCI6Imh0dHBzOlwvXC9ib3JzZXJpbmkuY29tXC93cC1jb250ZW50XC91cGxvYWRzXC9Nb2ZmZXR0LTQud2VicCIsInNsaWRlc2hvdyI6ImM3ZGI2YTkifQ%3D%3D\">\t\t<div class=\"elementor-carousel-image\" role=\"img\" aria-label=\"Moffett-4\" style=\"background-image: url(&#039;https:\/\/borserini.com\/wp-content\/uploads\/Moffett-4.webp&#039;)\">\n\n\t\t\t\n\t\t\t\t\t<\/div>\n\t\t<\/a>\t\t\t\t\t\t<\/div>\n\t\t\t\t\t\t\t\t\t\t\t<div class=\"swiper-slide\" role=\"group\" aria-roledescription=\"slide\">\n\t\t\t\t\t\t\t\t\t<div class=\"elementor-carousel-image\" role=\"img\" aria-label=\"Moffett-5\" style=\"background-image: url(&#039;https:\/\/borserini.com\/wp-content\/uploads\/Moffett-5.webp&#039;)\">\n\n\t\t\t\n\t\t\t\t\t<\/div>\n\t\t\t\t\t\t\t\t<\/div>\n\t\t\t\t\t\t\t\t\t<\/div>\n\t\t\t\t\t\t\t\t\t\t\t\t\t\t\t<div class=\"elementor-swiper-button elementor-swiper-button-prev\" role=\"button\" tabindex=\"0\" aria-label=\"Precedente\">\n\t\t\t\t\t\t\t<svg aria-hidden=\"true\" class=\"e-font-icon-svg e-eicon-chevron-left\" viewBox=\"0 0 1000 1000\" xmlns=\"http:\/\/www.w3.org\/2000\/svg\"><path d=\"M646 125C629 125 613 133 604 142L308 442C296 454 292 471 292 487 292 504 296 521 308 533L604 854C617 867 629 875 646 875 663 875 679 871 692 858 704 846 713 829 713 812 713 796 708 779 692 767L438 487 692 225C700 217 708 204 708 187 708 171 704 154 692 142 675 129 663 125 646 125Z\"><\/path><\/svg>\t\t\t\t\t\t<\/div>\n\t\t\t\t\t\t<div class=\"elementor-swiper-button elementor-swiper-button-next\" role=\"button\" tabindex=\"0\" aria-label=\"Successivo\">\n\t\t\t\t\t\t\t<svg aria-hidden=\"true\" class=\"e-font-icon-svg e-eicon-chevron-right\" viewBox=\"0 0 1000 1000\" xmlns=\"http:\/\/www.w3.org\/2000\/svg\"><path d=\"M696 533C708 521 713 504 713 487 713 471 708 454 696 446L400 146C388 133 375 125 354 125 338 125 325 129 313 142 300 154 292 171 292 187 292 204 296 221 308 233L563 492 304 771C292 783 288 800 288 817 288 833 296 850 308 863 321 871 338 875 354 875 371 875 388 867 400 854L696 533Z\"><\/path><\/svg>\t\t\t\t\t\t<\/div>\n\t\t\t\t\t\t\t\t\t\t\t\t\t\t\t\t<div class=\"swiper-pagination\"><\/div>\n\t\t\t\t\t\t\t\t\t\t\t\t<\/div>\n\t\t\t\t<\/div>\n\t\t\t\t\t\t\t\t<\/div>\n\t\t\t\t<\/div>\n\t\t\t\t<div class=\"elementor-element elementor-element-de08bd3 elementor-widget-divider--view-line elementor-widget elementor-widget-divider\" data-id=\"de08bd3\" data-element_type=\"widget\" data-e-type=\"widget\" data-widget_type=\"divider.default\">\n\t\t\t\t<div class=\"elementor-widget-container\">\n\t\t\t\t\t\t\t<div class=\"elementor-divider\">\n\t\t\t<span class=\"elementor-divider-separator\">\n\t\t\t\t\t\t<\/span>\n\t\t<\/div>\n\t\t\t\t\t\t<\/div>\n\t\t\t\t<\/div>\n\t\t\t\t<div class=\"elementor-element elementor-element-4500035 elementor-align-center elementor-widget__width-initial elementor-widget elementor-widget-button\" data-id=\"4500035\" data-element_type=\"widget\" data-e-type=\"widget\" data-widget_type=\"button.default\">\n\t\t\t\t<div class=\"elementor-widget-container\">\n\t\t\t\t\t\t\t\t\t<div class=\"elementor-button-wrapper\">\n\t\t\t\t\t<a class=\"elementor-button elementor-button-link elementor-size-md\" href=\"https:\/\/www.hiab.com\/en-us\" target=\"_blank\">\n\t\t\t\t\t\t<span class=\"elementor-button-content-wrapper\">\n\t\t\t\t\t\t\t\t\t<span class=\"elementor-button-text\">Visita il sito web del nostro partner<\/span>\n\t\t\t\t\t<\/span>\n\t\t\t\t\t<\/a>\n\t\t\t\t<\/div>\n\t\t\t\t\t\t\t\t<\/div>\n\t\t\t\t<\/div>\n\t\t<div class=\"elementor-element elementor-element-e280c00 e-flex e-con-boxed e-con e-parent\" data-id=\"e280c00\" data-element_type=\"container\" data-e-type=\"container\">\n\t\t\t\t\t<div class=\"e-con-inner\">\n\t\t\t\t<div class=\"elementor-element elementor-element-a8d9fa9 elementor-widget elementor-widget-spacer\" data-id=\"a8d9fa9\" data-element_type=\"widget\" data-e-type=\"widget\" data-widget_type=\"spacer.default\">\n\t\t\t\t<div class=\"elementor-widget-container\">\n\t\t\t\t\t\t\t<div class=\"elementor-spacer\">\n\t\t\t<div class=\"elementor-spacer-inner\"><\/div>\n\t\t<\/div>\n\t\t\t\t\t\t<\/div>\n\t\t\t\t<\/div>\n\t\t\t\t<div class=\"elementor-element elementor-element-2a5e8dd elementor-widget elementor-widget-image\" data-id=\"2a5e8dd\" data-element_type=\"widget\" data-e-type=\"widget\" data-widget_type=\"image.default\">\n\t\t\t\t<div class=\"elementor-widget-container\">\n\t\t\t\t\t\t\t\t\t\t\t\t\t\t\t<img fetchpriority=\"high\" decoding=\"async\" width=\"285\" height=\"300\" src=\"https:\/\/borserini.com\/wp-content\/uploads\/moffett-quadrato_1-285x300.png\" class=\"attachment-medium size-medium wp-image-15234\" alt=\"\" srcset=\"https:\/\/borserini.com\/wp-content\/uploads\/moffett-quadrato_1-285x300.png 285w, https:\/\/borserini.com\/wp-content\/uploads\/moffett-quadrato_1-768x810.png 768w, https:\/\/borserini.com\/wp-content\/uploads\/moffett-quadrato_1-600x633.png 600w, https:\/\/borserini.com\/wp-content\/uploads\/moffett-quadrato_1.png 827w\" sizes=\"(max-width: 285px) 100vw, 285px\" \/>\t\t\t\t\t\t\t\t\t\t\t\t\t\t\t<\/div>\n\t\t\t\t<\/div>\n\t\t\t\t\t<\/div>\n\t\t\t\t<\/div>\n\t\t\t\t\t<\/div>\n\t\t<\/div>\n\t\t\t\t\t<\/div>\n\t\t<\/section>\n\t\t\t\t<\/div>\n\t\t","protected":false},"excerpt":{"rendered":"<p>Hiab: Da leader globale, plasma l&#8217;eccellenza nella movimentazione dei carichi. HIAB: Soluzioni Intelligenti E Sostenibili Per La Movimentazione Dei Carichi. Hiab \u00e8 il pioniere globale nelle soluzioni di movimentazione carichi su strada, focalizzato su innovazione, sostenibilit\u00e0 e affidabilit\u00e0, con una lunga storia di primati nel settore. Le sue gamme di attrezzature premium includono un portfolio [&hellip;]<\/p>\n","protected":false},"author":1,"featured_media":0,"parent":0,"menu_order":0,"comment_status":"closed","ping_status":"closed","template":"elementor_header_footer","meta":{"footnotes":""},"class_list":["post-15070","page","type-page","status-publish","hentry"],"yoast_head":"<!-- This site is optimized with the Yoast SEO plugin v27.3 - https:\/\/yoast.com\/product\/yoast-seo-wordpress\/ -->\n<title>Partners | HIAB - Borserini<\/title>\n<meta name=\"robots\" content=\"index, follow, max-snippet:-1, max-image-preview:large, max-video-preview:-1\" \/>\n<link rel=\"canonical\" href=\"https:\/\/borserini.com\/it\/partners-hiab\/\" \/>\n<meta property=\"og:locale\" content=\"it_IT\" \/>\n<meta property=\"og:type\" content=\"article\" \/>\n<meta property=\"og:title\" content=\"Partners | HIAB - Borserini\" \/>\n<meta property=\"og:description\" content=\"Hiab: Da leader globale, plasma l&#8217;eccellenza nella movimentazione dei carichi. HIAB: Soluzioni Intelligenti E Sostenibili Per La Movimentazione Dei Carichi. Hiab \u00e8 il pioniere globale nelle soluzioni di movimentazione carichi su strada, focalizzato su innovazione, sostenibilit\u00e0 e affidabilit\u00e0, con una lunga storia di primati nel settore. Le sue gamme di attrezzature premium includono un portfolio [&hellip;]\" \/>\n<meta property=\"og:url\" content=\"https:\/\/borserini.com\/it\/partners-hiab\/\" \/>\n<meta property=\"og:site_name\" content=\"Borserini\" \/>\n<meta property=\"article:modified_time\" content=\"2025-12-16T07:33:41+00:00\" \/>\n<meta property=\"og:image\" content=\"https:\/\/borserini.com\/wp-content\/uploads\/hiab_logo_sfonfo-nero_1-3.jpg\" \/>\n\t<meta property=\"og:image:width\" content=\"800\" \/>\n\t<meta property=\"og:image:height\" content=\"375\" \/>\n\t<meta property=\"og:image:type\" content=\"image\/jpeg\" \/>\n<meta name=\"twitter:card\" content=\"summary_large_image\" \/>\n<meta name=\"twitter:label1\" content=\"Tempo di lettura stimato\" \/>\n\t<meta name=\"twitter:data1\" content=\"1 minuto\" \/>\n<script type=\"application\/ld+json\" class=\"yoast-schema-graph\">{\"@context\":\"https:\\\/\\\/schema.org\",\"@graph\":[{\"@type\":\"WebPage\",\"@id\":\"https:\\\/\\\/borserini.com\\\/it\\\/partners-hiab\\\/\",\"url\":\"https:\\\/\\\/borserini.com\\\/it\\\/partners-hiab\\\/\",\"name\":\"Partners | HIAB - Borserini\",\"isPartOf\":{\"@id\":\"https:\\\/\\\/borserini.com\\\/it\\\/#website\"},\"primaryImageOfPage\":{\"@id\":\"https:\\\/\\\/borserini.com\\\/it\\\/partners-hiab\\\/#primaryimage\"},\"image\":{\"@id\":\"https:\\\/\\\/borserini.com\\\/it\\\/partners-hiab\\\/#primaryimage\"},\"thumbnailUrl\":\"https:\\\/\\\/borserini.com\\\/wp-content\\\/uploads\\\/hiab_logo_sfonfo-nero_1-3-300x141.jpg\",\"datePublished\":\"2025-12-12T10:19:03+00:00\",\"dateModified\":\"2025-12-16T07:33:41+00:00\",\"breadcrumb\":{\"@id\":\"https:\\\/\\\/borserini.com\\\/it\\\/partners-hiab\\\/#breadcrumb\"},\"inLanguage\":\"it-IT\",\"potentialAction\":[{\"@type\":\"ReadAction\",\"target\":[\"https:\\\/\\\/borserini.com\\\/it\\\/partners-hiab\\\/\"]}]},{\"@type\":\"ImageObject\",\"inLanguage\":\"it-IT\",\"@id\":\"https:\\\/\\\/borserini.com\\\/it\\\/partners-hiab\\\/#primaryimage\",\"url\":\"https:\\\/\\\/borserini.com\\\/wp-content\\\/uploads\\\/hiab_logo_sfonfo-nero_1-3-300x141.jpg\",\"contentUrl\":\"https:\\\/\\\/borserini.com\\\/wp-content\\\/uploads\\\/hiab_logo_sfonfo-nero_1-3-300x141.jpg\"},{\"@type\":\"BreadcrumbList\",\"@id\":\"https:\\\/\\\/borserini.com\\\/it\\\/partners-hiab\\\/#breadcrumb\",\"itemListElement\":[{\"@type\":\"ListItem\",\"position\":1,\"name\":\"Home\",\"item\":\"https:\\\/\\\/borserini.com\\\/it\\\/\"},{\"@type\":\"ListItem\",\"position\":2,\"name\":\"Partners | HIAB\"}]},{\"@type\":\"WebSite\",\"@id\":\"https:\\\/\\\/borserini.com\\\/it\\\/#website\",\"url\":\"https:\\\/\\\/borserini.com\\\/it\\\/\",\"name\":\"Borserini\",\"description\":\"Technical and Filtration Solution\",\"publisher\":{\"@id\":\"https:\\\/\\\/borserini.com\\\/it\\\/#organization\"},\"potentialAction\":[{\"@type\":\"SearchAction\",\"target\":{\"@type\":\"EntryPoint\",\"urlTemplate\":\"https:\\\/\\\/borserini.com\\\/it\\\/?s={search_term_string}\"},\"query-input\":{\"@type\":\"PropertyValueSpecification\",\"valueRequired\":true,\"valueName\":\"search_term_string\"}}],\"inLanguage\":\"it-IT\"},{\"@type\":\"Organization\",\"@id\":\"https:\\\/\\\/borserini.com\\\/it\\\/#organization\",\"name\":\"BORSERINI SRL\",\"url\":\"https:\\\/\\\/borserini.com\\\/it\\\/\",\"logo\":{\"@type\":\"ImageObject\",\"inLanguage\":\"it-IT\",\"@id\":\"https:\\\/\\\/borserini.com\\\/it\\\/#\\\/schema\\\/logo\\\/image\\\/\",\"url\":\"https:\\\/\\\/borserini.com\\\/wp-content\\\/uploads\\\/logo-anim-h60-v2.gif\",\"contentUrl\":\"https:\\\/\\\/borserini.com\\\/wp-content\\\/uploads\\\/logo-anim-h60-v2.gif\",\"width\":300,\"height\":60,\"caption\":\"BORSERINI SRL\"},\"image\":{\"@id\":\"https:\\\/\\\/borserini.com\\\/it\\\/#\\\/schema\\\/logo\\\/image\\\/\"}}]}<\/script>\n<!-- \/ Yoast SEO plugin. -->","yoast_head_json":{"title":"Partners | HIAB - Borserini","robots":{"index":"index","follow":"follow","max-snippet":"max-snippet:-1","max-image-preview":"max-image-preview:large","max-video-preview":"max-video-preview:-1"},"canonical":"https:\/\/borserini.com\/it\/partners-hiab\/","og_locale":"it_IT","og_type":"article","og_title":"Partners | HIAB - Borserini","og_description":"Hiab: Da leader globale, plasma l&#8217;eccellenza nella movimentazione dei carichi. HIAB: Soluzioni Intelligenti E Sostenibili Per La Movimentazione Dei Carichi. Hiab \u00e8 il pioniere globale nelle soluzioni di movimentazione carichi su strada, focalizzato su innovazione, sostenibilit\u00e0 e affidabilit\u00e0, con una lunga storia di primati nel settore. Le sue gamme di attrezzature premium includono un portfolio [&hellip;]","og_url":"https:\/\/borserini.com\/it\/partners-hiab\/","og_site_name":"Borserini","article_modified_time":"2025-12-16T07:33:41+00:00","og_image":[{"width":800,"height":375,"url":"https:\/\/borserini.com\/wp-content\/uploads\/hiab_logo_sfonfo-nero_1-3.jpg","type":"image\/jpeg"}],"twitter_card":"summary_large_image","twitter_misc":{"Tempo di lettura stimato":"1 minuto"},"schema":{"@context":"https:\/\/schema.org","@graph":[{"@type":"WebPage","@id":"https:\/\/borserini.com\/it\/partners-hiab\/","url":"https:\/\/borserini.com\/it\/partners-hiab\/","name":"Partners | HIAB - Borserini","isPartOf":{"@id":"https:\/\/borserini.com\/it\/#website"},"primaryImageOfPage":{"@id":"https:\/\/borserini.com\/it\/partners-hiab\/#primaryimage"},"image":{"@id":"https:\/\/borserini.com\/it\/partners-hiab\/#primaryimage"},"thumbnailUrl":"https:\/\/borserini.com\/wp-content\/uploads\/hiab_logo_sfonfo-nero_1-3-300x141.jpg","datePublished":"2025-12-12T10:19:03+00:00","dateModified":"2025-12-16T07:33:41+00:00","breadcrumb":{"@id":"https:\/\/borserini.com\/it\/partners-hiab\/#breadcrumb"},"inLanguage":"it-IT","potentialAction":[{"@type":"ReadAction","target":["https:\/\/borserini.com\/it\/partners-hiab\/"]}]},{"@type":"ImageObject","inLanguage":"it-IT","@id":"https:\/\/borserini.com\/it\/partners-hiab\/#primaryimage","url":"https:\/\/borserini.com\/wp-content\/uploads\/hiab_logo_sfonfo-nero_1-3-300x141.jpg","contentUrl":"https:\/\/borserini.com\/wp-content\/uploads\/hiab_logo_sfonfo-nero_1-3-300x141.jpg"},{"@type":"BreadcrumbList","@id":"https:\/\/borserini.com\/it\/partners-hiab\/#breadcrumb","itemListElement":[{"@type":"ListItem","position":1,"name":"Home","item":"https:\/\/borserini.com\/it\/"},{"@type":"ListItem","position":2,"name":"Partners | HIAB"}]},{"@type":"WebSite","@id":"https:\/\/borserini.com\/it\/#website","url":"https:\/\/borserini.com\/it\/","name":"Borserini","description":"Technical and Filtration Solution","publisher":{"@id":"https:\/\/borserini.com\/it\/#organization"},"potentialAction":[{"@type":"SearchAction","target":{"@type":"EntryPoint","urlTemplate":"https:\/\/borserini.com\/it\/?s={search_term_string}"},"query-input":{"@type":"PropertyValueSpecification","valueRequired":true,"valueName":"search_term_string"}}],"inLanguage":"it-IT"},{"@type":"Organization","@id":"https:\/\/borserini.com\/it\/#organization","name":"BORSERINI SRL","url":"https:\/\/borserini.com\/it\/","logo":{"@type":"ImageObject","inLanguage":"it-IT","@id":"https:\/\/borserini.com\/it\/#\/schema\/logo\/image\/","url":"https:\/\/borserini.com\/wp-content\/uploads\/logo-anim-h60-v2.gif","contentUrl":"https:\/\/borserini.com\/wp-content\/uploads\/logo-anim-h60-v2.gif","width":300,"height":60,"caption":"BORSERINI SRL"},"image":{"@id":"https:\/\/borserini.com\/it\/#\/schema\/logo\/image\/"}}]}},"_links":{"self":[{"href":"https:\/\/borserini.com\/it\/wp-json\/wp\/v2\/pages\/15070","targetHints":{"allow":["GET"]}}],"collection":[{"href":"https:\/\/borserini.com\/it\/wp-json\/wp\/v2\/pages"}],"about":[{"href":"https:\/\/borserini.com\/it\/wp-json\/wp\/v2\/types\/page"}],"author":[{"embeddable":true,"href":"https:\/\/borserini.com\/it\/wp-json\/wp\/v2\/users\/1"}],"replies":[{"embeddable":true,"href":"https:\/\/borserini.com\/it\/wp-json\/wp\/v2\/comments?post=15070"}],"version-history":[{"count":34,"href":"https:\/\/borserini.com\/it\/wp-json\/wp\/v2\/pages\/15070\/revisions"}],"predecessor-version":[{"id":15282,"href":"https:\/\/borserini.com\/it\/wp-json\/wp\/v2\/pages\/15070\/revisions\/15282"}],"wp:attachment":[{"href":"https:\/\/borserini.com\/it\/wp-json\/wp\/v2\/media?parent=15070"}],"curies":[{"name":"wp","href":"https:\/\/api.w.org\/{rel}","templated":true}]}}